{"id":6555,"date":"2018-03-12T17:45:12","date_gmt":"2018-03-12T16:45:12","guid":{"rendered":"https:\/\/tuchundstoff.de\/actuel\/vente-de-stock\/"},"modified":"2026-04-23T18:11:24","modified_gmt":"2026-04-23T16:11:24","slug":"vente-de-stock","status":"publish","type":"page","link":"https:\/\/tuchundstoff.shop\/fr\/vente-de-stock\/","title":{"rendered":"Vente d&rsquo;entrep\u00f4t"},"content":{"rendered":"\n<p>Notre camp est heureux d&rsquo;accueillir des visiteurs !<\/p>\n\n<p>En plus des produits de la boutique en ligne <strong>, de nouveaux tissus, des articles sp\u00e9ciaux et des fins de s\u00e9rie \u00e0 prix r\u00e9duits<\/strong> attendent d&rsquo;\u00eatre d\u00e9couverts ! Des rafra\u00eechissements sont toujours fournis. L&rsquo;acc\u00e8s est sans obstacle.<\/p>\n\n<h3 class=\"wp-block-heading\"><mark style=\"background-color:rgba(0, 0, 0, 0)\" class=\"has-inline-color has-accent-color\"><em>Nous publions ici les jours actuels de soldes d\u2019entrep\u00f4t.<\/em><\/mark><\/h3>\n\n<p><span style=\"color: #993300;\">Pour les rendez-vous individuels de vente en entrep\u00f4t, veuillez prendre rendez-vous par t\u00e9l\u00e9phone au 06105-21466.<\/span><\/p>\n\n<p><strong>Notre adresse :<\/strong> <br\/>Lucia Hohl Tuchundstoff, Am Hegbach 22, 64546 M\u00f6rfelden-Walldorf (La Maison Jaune)<\/p>\n\n<p><strong>Arriv\u00e9e en voiture :<\/strong> <br\/>\u00c0 quelques minutes de l\u2019a\u00e9roport de Francfort, via les autoroutes A3, A5 ou A67, sortie M\u00f6rfelden-Walldorf.<br\/>Le stationnement peut se faire dans la cour ou dans les ruelles secondaires.<\/p>\n\n<p><strong>Arriv\u00e9e en transports en commun :<br\/><\/strong>Train\/S-Bahn jusqu\u2019\u00e0 la gare de M\u00f6rfelden (S7 depuis Ffm-Hbf), puis le bus 751 jusqu\u2019\u00e0 Dieselstra\u00dfe ou marchez 10 minutes.<br\/>Depuis Darmstadt, le bus Mathildenplatz 751 jusqu\u2019\u00e0 M\u00f6rfelden Dieselstra\u00dfe, puis marchez 2 minutes.<\/p>\n<div class=\"wp-block-image\">\n<figure class=\"alignleft\"><a href=\"https:\/\/tuchundstoff.shop\/wp-content\/downloadable\/TuchundStoff-Lager.vcf\"><img loading=\"lazy\" decoding=\"async\" width=\"150\" height=\"150\" src=\"https:\/\/tuchundstoff.shop\/wp-content\/uploads\/2021\/05\/qrcode-lager.png\" alt=\"Vente d'entrep&#xF4;t\" class=\"wp-image-9075\" srcset=\"https:\/\/tuchundstoff.shop\/wp-content\/uploads\/2021\/05\/qrcode-lager.png 150w, https:\/\/tuchundstoff.shop\/wp-content\/uploads\/2021\/05\/qrcode-lager-100x100.png 100w\" sizes=\"auto, (max-width: 150px) 100vw, 150px\" \/><\/a><figcaption class=\"wp-element-caption\">Ajouter le contact<\/figcaption><\/figure>\n<\/div>\n<p>\u00a0<\/p>\n","protected":false},"excerpt":{"rendered":"<p>Notre camp est heureux d&rsquo;accueillir des visiteurs ! En plus des produits de la boutique en ligne , de nouveaux tissus, des articles sp\u00e9ciaux et des fins de s\u00e9rie \u00e0 prix r\u00e9duits attendent d&rsquo;\u00eatre d\u00e9couverts ! Des rafra\u00eechissements sont toujours fournis. L&rsquo;acc\u00e8s est sans obstacle. Nous publions ici les jours actuels de soldes d\u2019entrep\u00f4t. Pour les rendez-vous individuels de vente en entrep\u00f4t, veuillez prendre rendez-vous par t\u00e9l\u00e9phone au 06105-21466. Notre &#8230; <\/p>\n<p class=\"read-more-container\"><a title=\"Vente d&rsquo;entrep\u00f4t\" class=\"read-more button\" href=\"https:\/\/tuchundstoff.shop\/fr\/vente-de-stock\/#more-6555\" aria-label=\"En savoir plus sur Vente d&rsquo;entrep\u00f4t\">Weiterlesen<\/a><\/p>\n","protected":false},"author":1,"featured_media":12265,"parent":0,"menu_order":0,"comment_status":"closed","ping_status":"closed","template":"","meta":{"_seopress_robots_primary_cat":"0","_seopress_titles_title":"Vente d\u2019entrep\u00f4t de tissus | Tissu et tissu","_seopress_titles_desc":"Visitez notre vente exclusive en entrep\u00f4t ! Ressentez et d\u00e9couvrez nos tissus 100 % naturels directement sur place. Dates actuelles et informations pour y arriver ici.","_seopress_robots_index":"","ngg_post_thumbnail":0,"footnotes":""},"class_list":{"0":"post-6555","1":"page","2":"type-page","3":"status-publish","4":"has-post-thumbnail","6":"resize-featured-image"},"_links":{"self":[{"href":"https:\/\/tuchundstoff.shop\/fr\/wp-json\/wp\/v2\/pages\/6555","targetHints":{"allow":["GET"]}}],"collection":[{"href":"https:\/\/tuchundstoff.shop\/fr\/wp-json\/wp\/v2\/pages"}],"about":[{"href":"https:\/\/tuchundstoff.shop\/fr\/wp-json\/wp\/v2\/types\/page"}],"author":[{"embeddable":true,"href":"https:\/\/tuchundstoff.shop\/fr\/wp-json\/wp\/v2\/users\/1"}],"replies":[{"embeddable":true,"href":"https:\/\/tuchundstoff.shop\/fr\/wp-json\/wp\/v2\/comments?post=6555"}],"version-history":[{"count":3,"href":"https:\/\/tuchundstoff.shop\/fr\/wp-json\/wp\/v2\/pages\/6555\/revisions"}],"predecessor-version":[{"id":19328,"href":"https:\/\/tuchundstoff.shop\/fr\/wp-json\/wp\/v2\/pages\/6555\/revisions\/19328"}],"wp:featuredmedia":[{"embeddable":true,"href":"https:\/\/tuchundstoff.shop\/fr\/wp-json\/wp\/v2\/media\/12265"}],"wp:attachment":[{"href":"https:\/\/tuchundstoff.shop\/fr\/wp-json\/wp\/v2\/media?parent=6555"}],"curies":[{"name":"wp","href":"https:\/\/api.w.org\/{rel}","templated":true}]}}