{"id":6538,"date":"2019-03-03T23:56:38","date_gmt":"2019-03-03T22:56:38","guid":{"rendered":"https:\/\/tuchundstoff.de\/informations\/a-propos-de-nous\/"},"modified":"2025-03-23T21:45:48","modified_gmt":"2025-03-23T20:45:48","slug":"a-propos-de-nous","status":"publish","type":"page","link":"https:\/\/tuchundstoff.shop\/fr\/a-propos-de-nous\/","title":{"rendered":"\u00c0 propos de nous"},"content":{"rendered":"<div class=\"wp-block-image wp-image-6539 size-full\">\n<figure class=\"alignleft\"><img loading=\"lazy\" decoding=\"async\" width=\"150\" height=\"150\" src=\"https:\/\/tuchundstoff.de\/wp-content\/uploads\/2018\/03\/LuciaHarald-e1584919266453.jpg\" alt=\"\" class=\"wp-image-1983\" srcset=\"https:\/\/tuchundstoff.shop\/wp-content\/uploads\/2018\/03\/LuciaHarald-e1584919266453.jpg 150w, https:\/\/tuchundstoff.shop\/wp-content\/uploads\/2018\/03\/LuciaHarald-e1584919266453-100x100.jpg 100w\" sizes=\"auto, (max-width: 150px) 100vw, 150px\" \/><figcaption class=\"wp-element-caption\">Lucia et Harald<\/figcaption><\/figure>\n<\/div>\n\n\n<h2 class=\"wp-block-heading\">Qualit\u00e9 pour les personnes actives &#8211; 100% nature<\/h2>\n\n\n\n<p><strong>Donnez-vous vie \u00e0 des \u00e9poques pass\u00e9es ou \u00e0 des mondes imaginaires? <\/strong>Alors la bonne robe, costume ou uniforme fait partie de l&rsquo;\u00e9quipement de base essentiel! Une fois que vous avez d\u00e9cid\u00e9 de l&rsquo;\u00e9poque, de la zone et du statut, vous trouverez du tissu et du tissu pour la repr\u00e9sentation authentique de votre figure et de votre r\u00f4le.<\/p>\n\n\n\n<p><strong>Nos tissus<\/strong> proviennent exclusivement d&rsquo;usines de tissage que nous connaissons personnellement et dont nous garantissons la qualit\u00e9. Nous produisons principalement en Allemagne, mais aussi dans les pays europ\u00e9ens voisins comme la Belgique, les Pays-Bas, l&rsquo;Italie et la Pologne.&nbsp; Nos produits n&rsquo;ont que des voies de transport courtes et respectueuses de l&rsquo;environnement. Tous nos tissus sont fabriqu\u00e9s \u00e0 partir de fibres 100% naturelles.<\/p>\n\n\n\n<p><strong>Qu&rsquo;il s&rsquo;agisse de reconstitution, de carnaval, de GN, de couture classique ou de haute couture<\/strong> , Nous sommes heureux lorsque nous pouvons aider nos clients avec le bon mat\u00e9riau et des conseils d&rsquo;experts, \u00e9l\u00e9gants et adapt\u00e9s au type!<\/p>\n\n\n\n<p><strong>TuchundStoff est synonyme du plus haut niveau de professionnalisme, de qualit\u00e9 et de service \u00e0 un prix \u00e9quitable.<\/strong><\/p>\n\n\n\n<h2 class=\"wp-block-heading\">Notre histoire d\u2019entreprise \u2013 \u00c0 la m\u00e9moire de Hans Widmann<\/h2>\n\n\n<div class=\"wp-block-image wp-image-6546\">\n<figure class=\"alignleft\"><img loading=\"lazy\" decoding=\"async\" width=\"237\" height=\"240\" src=\"https:\/\/tuchundstoff.shop\/wp-content\/uploads\/2020\/06\/Hansfb-237x240.jpg\" alt=\"\" class=\"wp-image-5086\" srcset=\"https:\/\/tuchundstoff.shop\/wp-content\/uploads\/2020\/06\/Hansfb-237x240.jpg 237w, https:\/\/tuchundstoff.shop\/wp-content\/uploads\/2020\/06\/Hansfb-100x100.jpg 100w, https:\/\/tuchundstoff.shop\/wp-content\/uploads\/2020\/06\/Hansfb-416x421.jpg 416w, https:\/\/tuchundstoff.shop\/wp-content\/uploads\/2020\/06\/Hansfb.jpg 578w\" sizes=\"auto, (max-width: 237px) 100vw, 237px\" \/><figcaption class=\"wp-element-caption\">Hans Widmann<\/figcaption><\/figure>\n<\/div>\n\n\n<p><strong>Johannes Widmann<\/strong> (* 1939 \u2020 2018) \u00e9tait un fileur, un tisserand et un designer. Jusqu&rsquo;\u00e0 sa retraite, il \u00e9tait designer textile en chef chez Hoechst AG \u00e0 Francfort-sur-le-Main. Son expertise et ses contacts sont \u00e0 la base de l&rsquo;ind\u00e9pendance qu&rsquo;il a acquise apr\u00e8s sa vie professionnelle r\u00e9guli\u00e8re. En tant que \u00ab\u00a0Kreativstudio Widmann\u00a0\u00bb, Hans, un artiste dans l&rsquo;\u00e2me, a organis\u00e9 de nombreux \u00e9v\u00e9nements artistiques, d\u00e9cor\u00e9 des foires commerciales et con\u00e7u des expositions dans le monde entier. Dans sa propre maison \u00e0 Eddersheim, pr\u00e8s de Francfort, il dirigeait une usine de tissage, une \u00e9cole de tissage et un commerce de textile. La fille Lucia, qui a aid\u00e9 son p\u00e8re \u00e0 tisser \u00e0 un jeune \u00e2ge, a accept\u00e9 avec joie quand il lui a demand\u00e9 si elle souhaitait aider \u00e0 la vente. Votre partenaire Harald a \u00e9galement rapidement apport\u00e9 sa passion pour le bon tissu et Hans \u00e9tait heureux de pouvoir transmettre son vaste savoir-faire. Pendant de nombreuses ann\u00e9es, ils ont install\u00e9 leurs stands sur les march\u00e9s m\u00e9di\u00e9vaux et ont gagn\u00e9 de nombreux clients fid\u00e8les et r\u00e9guliers. Apr\u00e8s la mort de Hans Widmann en septembre 2018, Lucia et Harald ont exauc\u00e9 son souhait de continuer le commerce du textile. La m\u00eame ann\u00e9e, ils ont fond\u00e9 l&rsquo;entreprise de mani\u00e8re ind\u00e9pendante<strong> TuchundStoff<\/strong> en tant que GbR bas\u00e9 \u00e0 Francfort-sur-le-Main et a commenc\u00e9 ses activit\u00e9s \u00e0 plein temps en 2019 avec une nouvelle installation de stockage \u00e0 proximit\u00e9 de M\u00f6rfelden-Walldorf.<\/p>\n\n\n\n<p>&nbsp;<\/p>\n","protected":false},"excerpt":{"rendered":"<p>Qualit\u00e9 pour les personnes actives &#8211; 100% nature Donnez-vous vie \u00e0 des \u00e9poques pass\u00e9es ou \u00e0 des mondes imaginaires? Alors la bonne robe, costume ou uniforme fait partie de l&rsquo;\u00e9quipement de base essentiel! Une fois que vous avez d\u00e9cid\u00e9 de l&rsquo;\u00e9poque, de la zone et du statut, vous trouverez du tissu et du tissu pour la repr\u00e9sentation authentique de votre figure et de votre r\u00f4le. Nos tissus proviennent exclusivement d&rsquo;usines &#8230; <\/p>\n<p class=\"read-more-container\"><a title=\"\u00c0 propos de nous\" class=\"read-more button\" href=\"https:\/\/tuchundstoff.shop\/fr\/a-propos-de-nous\/#more-6538\" aria-label=\"En savoir plus sur \u00c0 propos de nous\">Weiterlesen<\/a><\/p>\n","protected":false},"author":1,"featured_media":0,"parent":0,"menu_order":2,"comment_status":"closed","ping_status":"closed","template":"","meta":{"ngg_post_thumbnail":0,"footnotes":""},"class_list":["post-6538","page","type-page","status-publish"],"yoast_head":"<!-- This site is optimized with the Yoast SEO plugin v27.2 - https:\/\/yoast.com\/product\/yoast-seo-wordpress\/ -->\n<title>\u00c0 propos de nous - TuchundStoff<\/title>\n<meta name=\"robots\" content=\"index, follow, max-snippet:-1, max-image-preview:large, max-video-preview:-1\" \/>\n<link rel=\"canonical\" href=\"https:\/\/tuchundstoff.shop\/fr\/a-propos-de-nous\/\" \/>\n<meta property=\"og:locale\" content=\"fr_FR\" \/>\n<meta property=\"og:type\" content=\"article\" \/>\n<meta property=\"og:title\" content=\"\u00c0 propos de nous - TuchundStoff\" \/>\n<meta property=\"og:description\" content=\"Qualit\u00e9 pour les personnes actives &#8211; 100% nature Donnez-vous vie \u00e0 des \u00e9poques pass\u00e9es ou \u00e0 des mondes imaginaires? Alors la bonne robe, costume ou uniforme fait partie de l&rsquo;\u00e9quipement de base essentiel! Une fois que vous avez d\u00e9cid\u00e9 de l&rsquo;\u00e9poque, de la zone et du statut, vous trouverez du tissu et du tissu pour la repr\u00e9sentation authentique de votre figure et de votre r\u00f4le. Nos tissus proviennent exclusivement d&rsquo;usines ... Weiterlesen\" \/>\n<meta property=\"og:url\" content=\"https:\/\/tuchundstoff.shop\/fr\/a-propos-de-nous\/\" \/>\n<meta property=\"og:site_name\" content=\"TuchundStoff\" \/>\n<meta property=\"article:modified_time\" content=\"2025-03-23T20:45:48+00:00\" \/>\n<meta property=\"og:image\" content=\"https:\/\/tuchundstoff.shop\/wp-content\/uploads\/2018\/03\/LuciaHarald-e1584919266453.jpg\" \/>\n\t<meta property=\"og:image:width\" content=\"150\" \/>\n\t<meta property=\"og:image:height\" content=\"150\" \/>\n\t<meta property=\"og:image:type\" content=\"image\/jpeg\" \/>\n<script type=\"application\/ld+json\" class=\"yoast-schema-graph\">{\"@context\":\"https:\/\/schema.org\",\"@graph\":[{\"@type\":\"WebPage\",\"@id\":\"https:\/\/tuchundstoff.shop\/fr\/a-propos-de-nous\/\",\"url\":\"https:\/\/tuchundstoff.shop\/fr\/a-propos-de-nous\/\",\"name\":\"\u00c0 propos de nous - TuchundStoff\",\"isPartOf\":{\"@id\":\"https:\/\/tuchundstoff.shop\/#website\"},\"primaryImageOfPage\":{\"@id\":\"https:\/\/tuchundstoff.shop\/fr\/a-propos-de-nous\/#primaryimage\"},\"image\":{\"@id\":\"https:\/\/tuchundstoff.shop\/fr\/a-propos-de-nous\/#primaryimage\"},\"thumbnailUrl\":\"https:\/\/tuchundstoff.de\/wp-content\/uploads\/2018\/03\/LuciaHarald-e1584919266453.jpg\",\"datePublished\":\"2019-03-03T22:56:38+00:00\",\"dateModified\":\"2025-03-23T20:45:48+00:00\",\"breadcrumb\":{\"@id\":\"https:\/\/tuchundstoff.shop\/fr\/a-propos-de-nous\/#breadcrumb\"},\"inLanguage\":\"fr-FR\",\"potentialAction\":[{\"@type\":\"ReadAction\",\"target\":[\"https:\/\/tuchundstoff.shop\/fr\/a-propos-de-nous\/\"]}]},{\"@type\":\"ImageObject\",\"inLanguage\":\"fr-FR\",\"@id\":\"https:\/\/tuchundstoff.shop\/fr\/a-propos-de-nous\/#primaryimage\",\"url\":\"https:\/\/tuchundstoff.de\/wp-content\/uploads\/2018\/03\/LuciaHarald-e1584919266453.jpg\",\"contentUrl\":\"https:\/\/tuchundstoff.de\/wp-content\/uploads\/2018\/03\/LuciaHarald-e1584919266453.jpg\"},{\"@type\":\"BreadcrumbList\",\"@id\":\"https:\/\/tuchundstoff.shop\/fr\/a-propos-de-nous\/#breadcrumb\",\"itemListElement\":[{\"@type\":\"ListItem\",\"position\":1,\"name\":\"Startseite\",\"item\":\"https:\/\/tuchundstoff.shop\/fr\/des-tissus-de-qualite-pour-une-mode-contemporaine-et-une-histoire-vecue-100-naturel\/\"},{\"@type\":\"ListItem\",\"position\":2,\"name\":\"\u00c0 propos de nous\"}]},{\"@type\":\"WebSite\",\"@id\":\"https:\/\/tuchundstoff.shop\/#website\",\"url\":\"https:\/\/tuchundstoff.shop\/\",\"name\":\"TuchundStoff\",\"description\":\"Qualit\u00e4tsstoffe f\u00fcr zeitgen\u00f6ssische Mode und gelebte Geschichte \u2013 100% Natur\",\"publisher\":{\"@id\":\"https:\/\/tuchundstoff.shop\/#organization\"},\"potentialAction\":[{\"@type\":\"SearchAction\",\"target\":{\"@type\":\"EntryPoint\",\"urlTemplate\":\"https:\/\/tuchundstoff.shop\/?s={search_term_string}\"},\"query-input\":{\"@type\":\"PropertyValueSpecification\",\"valueRequired\":true,\"valueName\":\"search_term_string\"}}],\"inLanguage\":\"fr-FR\"},{\"@type\":\"Organization\",\"@id\":\"https:\/\/tuchundstoff.shop\/#organization\",\"name\":\"TuchundStoff\",\"url\":\"https:\/\/tuchundstoff.shop\/\",\"logo\":{\"@type\":\"ImageObject\",\"inLanguage\":\"fr-FR\",\"@id\":\"https:\/\/tuchundstoff.shop\/#\/schema\/logo\/image\/\",\"url\":\"https:\/\/tuchundstoff.shop\/wp-content\/uploads\/2021\/11\/Tus-Logo22-QfA-shop-V2-1.png\",\"contentUrl\":\"https:\/\/tuchundstoff.shop\/wp-content\/uploads\/2021\/11\/Tus-Logo22-QfA-shop-V2-1.png\",\"width\":485,\"height\":110,\"caption\":\"TuchundStoff\"},\"image\":{\"@id\":\"https:\/\/tuchundstoff.shop\/#\/schema\/logo\/image\/\"}}]}<\/script>\n<!-- \/ Yoast SEO plugin. -->","yoast_head_json":{"title":"\u00c0 propos de nous - TuchundStoff","robots":{"index":"index","follow":"follow","max-snippet":"max-snippet:-1","max-image-preview":"max-image-preview:large","max-video-preview":"max-video-preview:-1"},"canonical":"https:\/\/tuchundstoff.shop\/fr\/a-propos-de-nous\/","og_locale":"fr_FR","og_type":"article","og_title":"\u00c0 propos de nous - TuchundStoff","og_description":"Qualit\u00e9 pour les personnes actives &#8211; 100% nature Donnez-vous vie \u00e0 des \u00e9poques pass\u00e9es ou \u00e0 des mondes imaginaires? Alors la bonne robe, costume ou uniforme fait partie de l&rsquo;\u00e9quipement de base essentiel! Une fois que vous avez d\u00e9cid\u00e9 de l&rsquo;\u00e9poque, de la zone et du statut, vous trouverez du tissu et du tissu pour la repr\u00e9sentation authentique de votre figure et de votre r\u00f4le. Nos tissus proviennent exclusivement d&rsquo;usines ... Weiterlesen","og_url":"https:\/\/tuchundstoff.shop\/fr\/a-propos-de-nous\/","og_site_name":"TuchundStoff","article_modified_time":"2025-03-23T20:45:48+00:00","og_image":[{"width":150,"height":150,"url":"https:\/\/tuchundstoff.shop\/wp-content\/uploads\/2018\/03\/LuciaHarald-e1584919266453.jpg","type":"image\/jpeg"}],"schema":{"@context":"https:\/\/schema.org","@graph":[{"@type":"WebPage","@id":"https:\/\/tuchundstoff.shop\/fr\/a-propos-de-nous\/","url":"https:\/\/tuchundstoff.shop\/fr\/a-propos-de-nous\/","name":"\u00c0 propos de nous - TuchundStoff","isPartOf":{"@id":"https:\/\/tuchundstoff.shop\/#website"},"primaryImageOfPage":{"@id":"https:\/\/tuchundstoff.shop\/fr\/a-propos-de-nous\/#primaryimage"},"image":{"@id":"https:\/\/tuchundstoff.shop\/fr\/a-propos-de-nous\/#primaryimage"},"thumbnailUrl":"https:\/\/tuchundstoff.de\/wp-content\/uploads\/2018\/03\/LuciaHarald-e1584919266453.jpg","datePublished":"2019-03-03T22:56:38+00:00","dateModified":"2025-03-23T20:45:48+00:00","breadcrumb":{"@id":"https:\/\/tuchundstoff.shop\/fr\/a-propos-de-nous\/#breadcrumb"},"inLanguage":"fr-FR","potentialAction":[{"@type":"ReadAction","target":["https:\/\/tuchundstoff.shop\/fr\/a-propos-de-nous\/"]}]},{"@type":"ImageObject","inLanguage":"fr-FR","@id":"https:\/\/tuchundstoff.shop\/fr\/a-propos-de-nous\/#primaryimage","url":"https:\/\/tuchundstoff.de\/wp-content\/uploads\/2018\/03\/LuciaHarald-e1584919266453.jpg","contentUrl":"https:\/\/tuchundstoff.de\/wp-content\/uploads\/2018\/03\/LuciaHarald-e1584919266453.jpg"},{"@type":"BreadcrumbList","@id":"https:\/\/tuchundstoff.shop\/fr\/a-propos-de-nous\/#breadcrumb","itemListElement":[{"@type":"ListItem","position":1,"name":"Startseite","item":"https:\/\/tuchundstoff.shop\/fr\/des-tissus-de-qualite-pour-une-mode-contemporaine-et-une-histoire-vecue-100-naturel\/"},{"@type":"ListItem","position":2,"name":"\u00c0 propos de nous"}]},{"@type":"WebSite","@id":"https:\/\/tuchundstoff.shop\/#website","url":"https:\/\/tuchundstoff.shop\/","name":"TuchundStoff","description":"Qualit\u00e4tsstoffe f\u00fcr zeitgen\u00f6ssische Mode und gelebte Geschichte \u2013 100% Natur","publisher":{"@id":"https:\/\/tuchundstoff.shop\/#organization"},"potentialAction":[{"@type":"SearchAction","target":{"@type":"EntryPoint","urlTemplate":"https:\/\/tuchundstoff.shop\/?s={search_term_string}"},"query-input":{"@type":"PropertyValueSpecification","valueRequired":true,"valueName":"search_term_string"}}],"inLanguage":"fr-FR"},{"@type":"Organization","@id":"https:\/\/tuchundstoff.shop\/#organization","name":"TuchundStoff","url":"https:\/\/tuchundstoff.shop\/","logo":{"@type":"ImageObject","inLanguage":"fr-FR","@id":"https:\/\/tuchundstoff.shop\/#\/schema\/logo\/image\/","url":"https:\/\/tuchundstoff.shop\/wp-content\/uploads\/2021\/11\/Tus-Logo22-QfA-shop-V2-1.png","contentUrl":"https:\/\/tuchundstoff.shop\/wp-content\/uploads\/2021\/11\/Tus-Logo22-QfA-shop-V2-1.png","width":485,"height":110,"caption":"TuchundStoff"},"image":{"@id":"https:\/\/tuchundstoff.shop\/#\/schema\/logo\/image\/"}}]}},"_links":{"self":[{"href":"https:\/\/tuchundstoff.shop\/fr\/wp-json\/wp\/v2\/pages\/6538","targetHints":{"allow":["GET"]}}],"collection":[{"href":"https:\/\/tuchundstoff.shop\/fr\/wp-json\/wp\/v2\/pages"}],"about":[{"href":"https:\/\/tuchundstoff.shop\/fr\/wp-json\/wp\/v2\/types\/page"}],"author":[{"embeddable":true,"href":"https:\/\/tuchundstoff.shop\/fr\/wp-json\/wp\/v2\/users\/1"}],"replies":[{"embeddable":true,"href":"https:\/\/tuchundstoff.shop\/fr\/wp-json\/wp\/v2\/comments?post=6538"}],"version-history":[{"count":0,"href":"https:\/\/tuchundstoff.shop\/fr\/wp-json\/wp\/v2\/pages\/6538\/revisions"}],"wp:attachment":[{"href":"https:\/\/tuchundstoff.shop\/fr\/wp-json\/wp\/v2\/media?parent=6538"}],"curies":[{"name":"wp","href":"https:\/\/api.w.org\/{rel}","templated":true}]}}