{"id":6536,"date":"2020-05-13T15:45:27","date_gmt":"2020-05-13T13:45:27","guid":{"rendered":"https:\/\/tuchundstoff.de\/informations\/ce-que-disent-les-clients\/"},"modified":"2025-03-23T21:48:53","modified_gmt":"2025-03-23T20:48:53","slug":"ce-que-disent-les-clients","status":"publish","type":"page","link":"https:\/\/tuchundstoff.shop\/fr\/ce-que-disent-les-clients\/","title":{"rendered":"Ce que disent les clients"},"content":{"rendered":"\n<p>Vos commentaires, critiques et suggestions sont les bienvenus : <a href=\"#respond\">Pour saisir sur cette page<\/a><\/p>\n\n\n\n<p><a href=\"https:\/\/g.page\/r\/CZvPzFTvjkrhEB0\/review\" target=\"_blank\" rel=\"noopener\">\u00c9valuer sur Google Maps<\/a><\/p>\n\n\n\n<p>A tous ceux qui ont d\u00e9j\u00e0 laiss\u00e9 un commentaire, un grand merci!<\/p>\n","protected":false},"excerpt":{"rendered":"<p>Vos commentaires, critiques et suggestions sont les bienvenus : Pour saisir sur cette page \u00c9valuer sur Google Maps A tous ceux qui ont d\u00e9j\u00e0 laiss\u00e9 un commentaire, un grand merci!<\/p>\n","protected":false},"author":1,"featured_media":0,"parent":0,"menu_order":2,"comment_status":"open","ping_status":"closed","template":"","meta":{"ngg_post_thumbnail":0,"footnotes":""},"class_list":["post-6536","page","type-page","status-publish"],"yoast_head":"<!-- This site is optimized with the Yoast SEO plugin v27.2 - https:\/\/yoast.com\/product\/yoast-seo-wordpress\/ -->\n<title>Ce que disent les clients - TuchundStoff<\/title>\n<meta name=\"robots\" content=\"index, follow, max-snippet:-1, max-image-preview:large, max-video-preview:-1\" \/>\n<link rel=\"canonical\" href=\"https:\/\/tuchundstoff.shop\/fr\/ce-que-disent-les-clients\/\" \/>\n<meta property=\"og:locale\" content=\"fr_FR\" \/>\n<meta property=\"og:type\" content=\"article\" \/>\n<meta property=\"og:title\" content=\"Ce que disent les clients - TuchundStoff\" \/>\n<meta property=\"og:description\" content=\"Vos commentaires, critiques et suggestions sont les bienvenus : Pour saisir sur cette page \u00c9valuer sur Google Maps A tous ceux qui ont d\u00e9j\u00e0 laiss\u00e9 un commentaire, un grand merci!\" \/>\n<meta property=\"og:url\" content=\"https:\/\/tuchundstoff.shop\/fr\/ce-que-disent-les-clients\/\" \/>\n<meta property=\"og:site_name\" content=\"TuchundStoff\" \/>\n<meta property=\"article:modified_time\" content=\"2025-03-23T20:48:53+00:00\" \/>\n<script type=\"application\/ld+json\" class=\"yoast-schema-graph\">{\"@context\":\"https:\/\/schema.org\",\"@graph\":[{\"@type\":\"WebPage\",\"@id\":\"https:\/\/tuchundstoff.shop\/fr\/ce-que-disent-les-clients\/\",\"url\":\"https:\/\/tuchundstoff.shop\/fr\/ce-que-disent-les-clients\/\",\"name\":\"Ce que disent les clients - TuchundStoff\",\"isPartOf\":{\"@id\":\"https:\/\/tuchundstoff.shop\/#website\"},\"datePublished\":\"2020-05-13T13:45:27+00:00\",\"dateModified\":\"2025-03-23T20:48:53+00:00\",\"breadcrumb\":{\"@id\":\"https:\/\/tuchundstoff.shop\/fr\/ce-que-disent-les-clients\/#breadcrumb\"},\"inLanguage\":\"fr-FR\",\"potentialAction\":[{\"@type\":\"ReadAction\",\"target\":[\"https:\/\/tuchundstoff.shop\/fr\/ce-que-disent-les-clients\/\"]}]},{\"@type\":\"BreadcrumbList\",\"@id\":\"https:\/\/tuchundstoff.shop\/fr\/ce-que-disent-les-clients\/#breadcrumb\",\"itemListElement\":[{\"@type\":\"ListItem\",\"position\":1,\"name\":\"Startseite\",\"item\":\"https:\/\/tuchundstoff.shop\/fr\/des-tissus-de-qualite-pour-une-mode-contemporaine-et-une-histoire-vecue-100-naturel\/\"},{\"@type\":\"ListItem\",\"position\":2,\"name\":\"Ce que disent les clients\"}]},{\"@type\":\"WebSite\",\"@id\":\"https:\/\/tuchundstoff.shop\/#website\",\"url\":\"https:\/\/tuchundstoff.shop\/\",\"name\":\"TuchundStoff\",\"description\":\"Qualit\u00e4tsstoffe f\u00fcr zeitgen\u00f6ssische Mode und gelebte Geschichte \u2013 100% Natur\",\"publisher\":{\"@id\":\"https:\/\/tuchundstoff.shop\/#organization\"},\"potentialAction\":[{\"@type\":\"SearchAction\",\"target\":{\"@type\":\"EntryPoint\",\"urlTemplate\":\"https:\/\/tuchundstoff.shop\/?s={search_term_string}\"},\"query-input\":{\"@type\":\"PropertyValueSpecification\",\"valueRequired\":true,\"valueName\":\"search_term_string\"}}],\"inLanguage\":\"fr-FR\"},{\"@type\":\"Organization\",\"@id\":\"https:\/\/tuchundstoff.shop\/#organization\",\"name\":\"TuchundStoff\",\"url\":\"https:\/\/tuchundstoff.shop\/\",\"logo\":{\"@type\":\"ImageObject\",\"inLanguage\":\"fr-FR\",\"@id\":\"https:\/\/tuchundstoff.shop\/#\/schema\/logo\/image\/\",\"url\":\"https:\/\/tuchundstoff.shop\/wp-content\/uploads\/2021\/11\/Tus-Logo22-QfA-shop-V2-1.png\",\"contentUrl\":\"https:\/\/tuchundstoff.shop\/wp-content\/uploads\/2021\/11\/Tus-Logo22-QfA-shop-V2-1.png\",\"width\":485,\"height\":110,\"caption\":\"TuchundStoff\"},\"image\":{\"@id\":\"https:\/\/tuchundstoff.shop\/#\/schema\/logo\/image\/\"}}]}<\/script>\n<!-- \/ Yoast SEO plugin. -->","yoast_head_json":{"title":"Ce que disent les clients - TuchundStoff","robots":{"index":"index","follow":"follow","max-snippet":"max-snippet:-1","max-image-preview":"max-image-preview:large","max-video-preview":"max-video-preview:-1"},"canonical":"https:\/\/tuchundstoff.shop\/fr\/ce-que-disent-les-clients\/","og_locale":"fr_FR","og_type":"article","og_title":"Ce que disent les clients - TuchundStoff","og_description":"Vos commentaires, critiques et suggestions sont les bienvenus : Pour saisir sur cette page \u00c9valuer sur Google Maps A tous ceux qui ont d\u00e9j\u00e0 laiss\u00e9 un commentaire, un grand merci!","og_url":"https:\/\/tuchundstoff.shop\/fr\/ce-que-disent-les-clients\/","og_site_name":"TuchundStoff","article_modified_time":"2025-03-23T20:48:53+00:00","schema":{"@context":"https:\/\/schema.org","@graph":[{"@type":"WebPage","@id":"https:\/\/tuchundstoff.shop\/fr\/ce-que-disent-les-clients\/","url":"https:\/\/tuchundstoff.shop\/fr\/ce-que-disent-les-clients\/","name":"Ce que disent les clients - TuchundStoff","isPartOf":{"@id":"https:\/\/tuchundstoff.shop\/#website"},"datePublished":"2020-05-13T13:45:27+00:00","dateModified":"2025-03-23T20:48:53+00:00","breadcrumb":{"@id":"https:\/\/tuchundstoff.shop\/fr\/ce-que-disent-les-clients\/#breadcrumb"},"inLanguage":"fr-FR","potentialAction":[{"@type":"ReadAction","target":["https:\/\/tuchundstoff.shop\/fr\/ce-que-disent-les-clients\/"]}]},{"@type":"BreadcrumbList","@id":"https:\/\/tuchundstoff.shop\/fr\/ce-que-disent-les-clients\/#breadcrumb","itemListElement":[{"@type":"ListItem","position":1,"name":"Startseite","item":"https:\/\/tuchundstoff.shop\/fr\/des-tissus-de-qualite-pour-une-mode-contemporaine-et-une-histoire-vecue-100-naturel\/"},{"@type":"ListItem","position":2,"name":"Ce que disent les clients"}]},{"@type":"WebSite","@id":"https:\/\/tuchundstoff.shop\/#website","url":"https:\/\/tuchundstoff.shop\/","name":"TuchundStoff","description":"Qualit\u00e4tsstoffe f\u00fcr zeitgen\u00f6ssische Mode und gelebte Geschichte \u2013 100% Natur","publisher":{"@id":"https:\/\/tuchundstoff.shop\/#organization"},"potentialAction":[{"@type":"SearchAction","target":{"@type":"EntryPoint","urlTemplate":"https:\/\/tuchundstoff.shop\/?s={search_term_string}"},"query-input":{"@type":"PropertyValueSpecification","valueRequired":true,"valueName":"search_term_string"}}],"inLanguage":"fr-FR"},{"@type":"Organization","@id":"https:\/\/tuchundstoff.shop\/#organization","name":"TuchundStoff","url":"https:\/\/tuchundstoff.shop\/","logo":{"@type":"ImageObject","inLanguage":"fr-FR","@id":"https:\/\/tuchundstoff.shop\/#\/schema\/logo\/image\/","url":"https:\/\/tuchundstoff.shop\/wp-content\/uploads\/2021\/11\/Tus-Logo22-QfA-shop-V2-1.png","contentUrl":"https:\/\/tuchundstoff.shop\/wp-content\/uploads\/2021\/11\/Tus-Logo22-QfA-shop-V2-1.png","width":485,"height":110,"caption":"TuchundStoff"},"image":{"@id":"https:\/\/tuchundstoff.shop\/#\/schema\/logo\/image\/"}}]}},"_links":{"self":[{"href":"https:\/\/tuchundstoff.shop\/fr\/wp-json\/wp\/v2\/pages\/6536","targetHints":{"allow":["GET"]}}],"collection":[{"href":"https:\/\/tuchundstoff.shop\/fr\/wp-json\/wp\/v2\/pages"}],"about":[{"href":"https:\/\/tuchundstoff.shop\/fr\/wp-json\/wp\/v2\/types\/page"}],"author":[{"embeddable":true,"href":"https:\/\/tuchundstoff.shop\/fr\/wp-json\/wp\/v2\/users\/1"}],"replies":[{"embeddable":true,"href":"https:\/\/tuchundstoff.shop\/fr\/wp-json\/wp\/v2\/comments?post=6536"}],"version-history":[{"count":0,"href":"https:\/\/tuchundstoff.shop\/fr\/wp-json\/wp\/v2\/pages\/6536\/revisions"}],"wp:attachment":[{"href":"https:\/\/tuchundstoff.shop\/fr\/wp-json\/wp\/v2\/media?parent=6536"}],"curies":[{"name":"wp","href":"https:\/\/api.w.org\/{rel}","templated":true}]}}