{"id":6410,"date":"2018-04-23T17:52:59","date_gmt":"2018-04-23T15:52:59","guid":{"rendered":"https:\/\/tuchundstoff.de\/informations\/galerie\/"},"modified":"2026-03-25T13:32:41","modified_gmt":"2026-03-25T12:32:41","slug":"galerie","status":"publish","type":"page","link":"https:\/\/tuchundstoff.shop\/fr\/galerie\/","title":{"rendered":"Galerie"},"content":{"rendered":"\n<p>C&rsquo;est ici que les clients et les amis de notre entreprise se pr\u00e9sentent. Il est toujours agr\u00e9able de voir les superbes robes, costumes et uniformes r\u00e9alis\u00e9s \u00e0 partir de nos tissus ! Si vous souhaitez \u00e9galement pr\u00e9senter votre travail ici, vous pouvez en t\u00e9l\u00e9charger une photo ici :<\/p>\n\n<p>Format jpg ou png, nous l&rsquo;ajouterons ensuite \u00e0 la galerie. Vous acceptez que nous puissions utiliser votre photo sur notre site web et nos pages de m\u00e9dias sociaux sans restriction et gratuitement. Si votre image doit \u00eatre supprim\u00e9e, un court <a href=\"https:\/\/tuchundstoff.shop\/fr\/contact\/\">message<\/a> suffit !  <\/p>\n\n<div class=\"wpcf7 no-js\" id=\"wpcf7-f18930-o1\" lang=\"fr-FR\" dir=\"ltr\" data-wpcf7-id=\"18930\">\n<div class=\"screen-reader-response\"><p role=\"status\" aria-live=\"polite\" aria-atomic=\"true\"><\/p> <ul><\/ul><\/div>\n<form action=\"\/fr\/wp-json\/wp\/v2\/pages\/6410#wpcf7-f18930-o1\" method=\"post\" class=\"wpcf7-form init\" aria-label=\"Formulaire de contact\" enctype=\"multipart\/form-data\" novalidate=\"novalidate\" data-status=\"init\">\n<fieldset class=\"hidden-fields-container\"><input type=\"hidden\" name=\"_wpcf7\" value=\"18930\" \/><input type=\"hidden\" name=\"_wpcf7_version\" value=\"6.1.5\" \/><input type=\"hidden\" name=\"_wpcf7_locale\" value=\"fr_FR\" \/><input type=\"hidden\" name=\"_wpcf7_unit_tag\" value=\"wpcf7-f18930-o1\" \/><input type=\"hidden\" name=\"_wpcf7_container_post\" value=\"0\" \/><input type=\"hidden\" name=\"_wpcf7_posted_data_hash\" value=\"\" \/>\n<\/fieldset>\n<p><label> Votre message pour nous<br \/>\n<span class=\"wpcf7-form-control-wrap\" data-name=\"your-message\"><textarea cols=\"40\" rows=\"4\" maxlength=\"2000\" class=\"wpcf7-form-control wpcf7-textarea\" aria-invalid=\"false\" name=\"your-message\">Bonjour \u00e0 toute l&#039;\u00e9quipe de Tuch &amp; Stoff ! Regardez ce que j&#039;ai cousu avec vos superbes tissus. N&#039;h\u00e9sitez pas \u00e0 montrer ma photo dans votre galerie de clients !<\/textarea><\/span> <\/label>\n<\/p>\n<p><label> S\u00e9lectionnez votre photo (JPG ou PNG)<br \/>\n<span class=\"wpcf7-form-control-wrap\" data-name=\"your-picture\"><input size=\"40\" class=\"wpcf7-form-control wpcf7-file wpcf7-validates-as-required\" accept=\".jpg,.jpeg,.png\" aria-required=\"true\" aria-invalid=\"false\" type=\"file\" name=\"your-picture\" \/><\/span> <\/label>\n<\/p>\n<p><input class=\"wpcf7-form-control wpcf7-submit has-spinner\" type=\"submit\" value=\"Envoyer une photo et un message\" \/>\n<\/p><input type='hidden' class='wpcf7-pum' value='{\"closepopup\":false,\"closedelay\":0,\"openpopup\":false,\"openpopup_id\":0}' \/><div class=\"wpcf7-response-output\" aria-hidden=\"true\"><\/div>\n<\/form>\n<\/div>\n\nngg_shortcode_0_placeholder\n\n<p>\u00a0<\/p>\n\n<h6 class=\"wp-block-heading\">Nous tenons \u00e0 remercier nos clients tr\u00e8s estim\u00e9s et <a href=\"http:\/\/michaelfrank-photography.com\/\" target=\"_blank\" rel=\"noopener noreferrer\">Michael Frank Fotografie Frankfurt,<\/a> <a href=\"http:\/\/www.mittelalter-paparazzi.de\" target=\"_blank\" rel=\"noopener noreferrer\">Mittelalter-Paparazzi<\/a> et <a href=\"https:\/\/www.silverdragon-pictures.com\/\" target=\"_blank\" rel=\"noopener noreferrer\">Silverdragon Pictures<\/a>.<\/h6>\n\n<p>\u00a0<\/p>\n","protected":false},"excerpt":{"rendered":"<p>C&rsquo;est ici que les clients et les amis de notre entreprise se pr\u00e9sentent. Il est toujours agr\u00e9able de voir les superbes robes, costumes et uniformes r\u00e9alis\u00e9s \u00e0 partir de nos tissus ! Si vous souhaitez \u00e9galement pr\u00e9senter votre travail ici, vous pouvez en t\u00e9l\u00e9charger une photo ici : Format jpg ou png, nous l&rsquo;ajouterons ensuite \u00e0 la galerie. Vous acceptez que nous puissions utiliser votre photo sur notre site web &#8230; <\/p>\n<p class=\"read-more-container\"><a title=\"Galerie\" class=\"read-more button\" href=\"https:\/\/tuchundstoff.shop\/fr\/galerie\/#more-6410\" aria-label=\"En savoir plus sur Galerie\">Weiterlesen<\/a><\/p>\n","protected":false},"author":1,"featured_media":0,"parent":0,"menu_order":3,"comment_status":"closed","ping_status":"closed","template":"","meta":{"ngg_post_thumbnail":0,"footnotes":""},"class_list":["post-6410","page","type-page","status-publish"],"yoast_head":"<!-- This site is optimized with the Yoast SEO plugin v27.2 - https:\/\/yoast.com\/product\/yoast-seo-wordpress\/ -->\n<title>Galerie - TuchundStoff<\/title>\n<meta name=\"robots\" content=\"index, follow, max-snippet:-1, max-image-preview:large, max-video-preview:-1\" \/>\n<link rel=\"canonical\" href=\"https:\/\/tuchundstoff.shop\/fr\/galerie\/\" \/>\n<meta property=\"og:locale\" content=\"fr_FR\" \/>\n<meta property=\"og:type\" content=\"article\" \/>\n<meta property=\"og:title\" content=\"Galerie - TuchundStoff\" \/>\n<meta property=\"og:description\" content=\"C&rsquo;est ici que les clients et les amis de notre entreprise se pr\u00e9sentent. Il est toujours agr\u00e9able de voir les superbes robes, costumes et uniformes r\u00e9alis\u00e9s \u00e0 partir de nos tissus ! Si vous souhaitez \u00e9galement pr\u00e9senter votre travail ici, vous pouvez en t\u00e9l\u00e9charger une photo ici : Format jpg ou png, nous l&rsquo;ajouterons ensuite \u00e0 la galerie. Vous acceptez que nous puissions utiliser votre photo sur notre site web ... Weiterlesen\" \/>\n<meta property=\"og:url\" content=\"https:\/\/tuchundstoff.shop\/fr\/galerie\/\" \/>\n<meta property=\"og:site_name\" content=\"TuchundStoff\" \/>\n<meta property=\"article:modified_time\" content=\"2026-03-25T12:32:41+00:00\" \/>\n<script type=\"application\/ld+json\" class=\"yoast-schema-graph\">{\"@context\":\"https:\/\/schema.org\",\"@graph\":[{\"@type\":\"WebPage\",\"@id\":\"https:\/\/tuchundstoff.shop\/fr\/galerie\/\",\"url\":\"https:\/\/tuchundstoff.shop\/fr\/galerie\/\",\"name\":\"Galerie - TuchundStoff\",\"isPartOf\":{\"@id\":\"https:\/\/tuchundstoff.shop\/#website\"},\"datePublished\":\"2018-04-23T15:52:59+00:00\",\"dateModified\":\"2026-03-25T12:32:41+00:00\",\"breadcrumb\":{\"@id\":\"https:\/\/tuchundstoff.shop\/fr\/galerie\/#breadcrumb\"},\"inLanguage\":\"fr-FR\",\"potentialAction\":[{\"@type\":\"ReadAction\",\"target\":[\"https:\/\/tuchundstoff.shop\/fr\/galerie\/\"]}]},{\"@type\":\"BreadcrumbList\",\"@id\":\"https:\/\/tuchundstoff.shop\/fr\/galerie\/#breadcrumb\",\"itemListElement\":[{\"@type\":\"ListItem\",\"position\":1,\"name\":\"Startseite\",\"item\":\"https:\/\/tuchundstoff.shop\/fr\/des-tissus-de-qualite-pour-une-mode-contemporaine-et-une-histoire-vecue-100-naturel\/\"},{\"@type\":\"ListItem\",\"position\":2,\"name\":\"Galerie\"}]},{\"@type\":\"WebSite\",\"@id\":\"https:\/\/tuchundstoff.shop\/#website\",\"url\":\"https:\/\/tuchundstoff.shop\/\",\"name\":\"TuchundStoff\",\"description\":\"Qualit\u00e4tsstoffe f\u00fcr zeitgen\u00f6ssische Mode und gelebte Geschichte \u2013 100% Natur\",\"publisher\":{\"@id\":\"https:\/\/tuchundstoff.shop\/#organization\"},\"potentialAction\":[{\"@type\":\"SearchAction\",\"target\":{\"@type\":\"EntryPoint\",\"urlTemplate\":\"https:\/\/tuchundstoff.shop\/?s={search_term_string}\"},\"query-input\":{\"@type\":\"PropertyValueSpecification\",\"valueRequired\":true,\"valueName\":\"search_term_string\"}}],\"inLanguage\":\"fr-FR\"},{\"@type\":\"Organization\",\"@id\":\"https:\/\/tuchundstoff.shop\/#organization\",\"name\":\"TuchundStoff\",\"url\":\"https:\/\/tuchundstoff.shop\/\",\"logo\":{\"@type\":\"ImageObject\",\"inLanguage\":\"fr-FR\",\"@id\":\"https:\/\/tuchundstoff.shop\/#\/schema\/logo\/image\/\",\"url\":\"https:\/\/tuchundstoff.shop\/wp-content\/uploads\/2021\/11\/Tus-Logo22-QfA-shop-V2-1.png\",\"contentUrl\":\"https:\/\/tuchundstoff.shop\/wp-content\/uploads\/2021\/11\/Tus-Logo22-QfA-shop-V2-1.png\",\"width\":485,\"height\":110,\"caption\":\"TuchundStoff\"},\"image\":{\"@id\":\"https:\/\/tuchundstoff.shop\/#\/schema\/logo\/image\/\"}}]}<\/script>\n<!-- \/ Yoast SEO plugin. -->","yoast_head_json":{"title":"Galerie - TuchundStoff","robots":{"index":"index","follow":"follow","max-snippet":"max-snippet:-1","max-image-preview":"max-image-preview:large","max-video-preview":"max-video-preview:-1"},"canonical":"https:\/\/tuchundstoff.shop\/fr\/galerie\/","og_locale":"fr_FR","og_type":"article","og_title":"Galerie - TuchundStoff","og_description":"C&rsquo;est ici que les clients et les amis de notre entreprise se pr\u00e9sentent. Il est toujours agr\u00e9able de voir les superbes robes, costumes et uniformes r\u00e9alis\u00e9s \u00e0 partir de nos tissus ! Si vous souhaitez \u00e9galement pr\u00e9senter votre travail ici, vous pouvez en t\u00e9l\u00e9charger une photo ici : Format jpg ou png, nous l&rsquo;ajouterons ensuite \u00e0 la galerie. Vous acceptez que nous puissions utiliser votre photo sur notre site web ... Weiterlesen","og_url":"https:\/\/tuchundstoff.shop\/fr\/galerie\/","og_site_name":"TuchundStoff","article_modified_time":"2026-03-25T12:32:41+00:00","schema":{"@context":"https:\/\/schema.org","@graph":[{"@type":"WebPage","@id":"https:\/\/tuchundstoff.shop\/fr\/galerie\/","url":"https:\/\/tuchundstoff.shop\/fr\/galerie\/","name":"Galerie - TuchundStoff","isPartOf":{"@id":"https:\/\/tuchundstoff.shop\/#website"},"datePublished":"2018-04-23T15:52:59+00:00","dateModified":"2026-03-25T12:32:41+00:00","breadcrumb":{"@id":"https:\/\/tuchundstoff.shop\/fr\/galerie\/#breadcrumb"},"inLanguage":"fr-FR","potentialAction":[{"@type":"ReadAction","target":["https:\/\/tuchundstoff.shop\/fr\/galerie\/"]}]},{"@type":"BreadcrumbList","@id":"https:\/\/tuchundstoff.shop\/fr\/galerie\/#breadcrumb","itemListElement":[{"@type":"ListItem","position":1,"name":"Startseite","item":"https:\/\/tuchundstoff.shop\/fr\/des-tissus-de-qualite-pour-une-mode-contemporaine-et-une-histoire-vecue-100-naturel\/"},{"@type":"ListItem","position":2,"name":"Galerie"}]},{"@type":"WebSite","@id":"https:\/\/tuchundstoff.shop\/#website","url":"https:\/\/tuchundstoff.shop\/","name":"TuchundStoff","description":"Qualit\u00e4tsstoffe f\u00fcr zeitgen\u00f6ssische Mode und gelebte Geschichte \u2013 100% Natur","publisher":{"@id":"https:\/\/tuchundstoff.shop\/#organization"},"potentialAction":[{"@type":"SearchAction","target":{"@type":"EntryPoint","urlTemplate":"https:\/\/tuchundstoff.shop\/?s={search_term_string}"},"query-input":{"@type":"PropertyValueSpecification","valueRequired":true,"valueName":"search_term_string"}}],"inLanguage":"fr-FR"},{"@type":"Organization","@id":"https:\/\/tuchundstoff.shop\/#organization","name":"TuchundStoff","url":"https:\/\/tuchundstoff.shop\/","logo":{"@type":"ImageObject","inLanguage":"fr-FR","@id":"https:\/\/tuchundstoff.shop\/#\/schema\/logo\/image\/","url":"https:\/\/tuchundstoff.shop\/wp-content\/uploads\/2021\/11\/Tus-Logo22-QfA-shop-V2-1.png","contentUrl":"https:\/\/tuchundstoff.shop\/wp-content\/uploads\/2021\/11\/Tus-Logo22-QfA-shop-V2-1.png","width":485,"height":110,"caption":"TuchundStoff"},"image":{"@id":"https:\/\/tuchundstoff.shop\/#\/schema\/logo\/image\/"}}]}},"_links":{"self":[{"href":"https:\/\/tuchundstoff.shop\/fr\/wp-json\/wp\/v2\/pages\/6410","targetHints":{"allow":["GET"]}}],"collection":[{"href":"https:\/\/tuchundstoff.shop\/fr\/wp-json\/wp\/v2\/pages"}],"about":[{"href":"https:\/\/tuchundstoff.shop\/fr\/wp-json\/wp\/v2\/types\/page"}],"author":[{"embeddable":true,"href":"https:\/\/tuchundstoff.shop\/fr\/wp-json\/wp\/v2\/users\/1"}],"replies":[{"embeddable":true,"href":"https:\/\/tuchundstoff.shop\/fr\/wp-json\/wp\/v2\/comments?post=6410"}],"version-history":[{"count":5,"href":"https:\/\/tuchundstoff.shop\/fr\/wp-json\/wp\/v2\/pages\/6410\/revisions"}],"predecessor-version":[{"id":18966,"href":"https:\/\/tuchundstoff.shop\/fr\/wp-json\/wp\/v2\/pages\/6410\/revisions\/18966"}],"wp:attachment":[{"href":"https:\/\/tuchundstoff.shop\/fr\/wp-json\/wp\/v2\/media?parent=6410"}],"curies":[{"name":"wp","href":"https:\/\/api.w.org\/{rel}","templated":true}]}}