{"id":15883,"date":"2023-09-23T15:05:38","date_gmt":"2023-09-23T13:05:38","guid":{"rendered":"https:\/\/tuchundstoff.shop\/evenements-avec-tuchundstoff-2024\/"},"modified":"2026-02-25T19:34:47","modified_gmt":"2026-02-25T18:34:47","slug":"evenements-avec-tuchundstoff-2024","status":"publish","type":"page","link":"https:\/\/tuchundstoff.shop\/fr\/evenements-avec-tuchundstoff-2024\/","title":{"rendered":"\u00c9v\u00e9nements avec TuchundStoff 2026"},"content":{"rendered":"\n<table id=\"tablepress-2\" class=\"tablepress tablepress-id-2 mtr-table mtr-thead-th\">\n<thead>\n<tr class=\"row-1\">\n\t<th class=\"column-1 mtr-th-tag\" data-mtr-content=\"Beginn\"><div class=\"mtr-cell-content\">Beginn<\/div><\/th><th class=\"column-2 mtr-th-tag\" data-mtr-content=\"Ende\"><div class=\"mtr-cell-content\">Ende<\/div><\/th><th class=\"column-3 mtr-th-tag\" data-mtr-content=\"Land PLZ\"><div class=\"mtr-cell-content\">Land PLZ<\/div><\/th><th class=\"column-4 mtr-th-tag\" data-mtr-content=\"Ort\"><div class=\"mtr-cell-content\">Ort<\/div><\/th><th class=\"column-5 mtr-th-tag\" data-mtr-content=\"Veranstaltung\"><div class=\"mtr-cell-content\">Veranstaltung<\/div><\/th><th class=\"column-6 mtr-th-tag\" data-mtr-content=\"Link\"><div class=\"mtr-cell-content\">Link<\/div><\/th>\n<\/tr>\n<\/thead>\n<tbody class=\"row-striping row-hover\">\n<tr class=\"row-2\">\n\t<td class=\"column-1 mtr-td-tag\" data-mtr-content=\"Beginn\"><div class=\"mtr-cell-content\">14.03.26<\/div><\/td><td class=\"column-2 mtr-td-tag\" data-mtr-content=\"Ende\"><div class=\"mtr-cell-content\">14.03.26<\/div><\/td><td class=\"column-3 mtr-td-tag\" data-mtr-content=\"Land PLZ\"><div class=\"mtr-cell-content\">D-34121<\/div><\/td><td class=\"column-4 mtr-td-tag\" data-mtr-content=\"Ort\"><div class=\"mtr-cell-content\">Kassel<\/div><\/td><td class=\"column-5 mtr-td-tag\" data-mtr-content=\"Veranstaltung\"><div class=\"mtr-cell-content\">LarpCon<\/div><\/td><td class=\"column-6 mtr-td-tag\" data-mtr-content=\"Link\"><div class=\"mtr-cell-content\"><a href=\"https:\/\/larp-con.de\/\" target=\"_blank\">larp-con.de<\/a><\/div><\/td>\n<\/tr>\n<tr class=\"row-3\">\n\t<td class=\"column-1 mtr-td-tag\" data-mtr-content=\"Beginn\"><div class=\"mtr-cell-content\">28.03.26<\/div><\/td><td class=\"column-2 mtr-td-tag\" data-mtr-content=\"Ende\"><div class=\"mtr-cell-content\">29.03.26<\/div><\/td><td class=\"column-3 mtr-td-tag\" data-mtr-content=\"Land PLZ\"><div class=\"mtr-cell-content\">F-84100<\/div><\/td><td class=\"column-4 mtr-td-tag\" data-mtr-content=\"Ort\"><div class=\"mtr-cell-content\">Orange<\/div><\/td><td class=\"column-5 mtr-td-tag\" data-mtr-content=\"Veranstaltung\"><div class=\"mtr-cell-content\">March\u00e9 de l\u2019Histoire<\/div><\/td><td class=\"column-6 mtr-td-tag\" data-mtr-content=\"Link\"><div class=\"mtr-cell-content\"><a href=\"http:\/\/www.history-markets.com\" target=\"_blank\">www.history-markets.com<\/a><\/div><\/td>\n<\/tr>\n<tr class=\"row-4\">\n\t<td class=\"column-1 mtr-td-tag\" data-mtr-content=\"Beginn\"><div class=\"mtr-cell-content\">03.04.26<\/div><\/td><td class=\"column-2 mtr-td-tag\" data-mtr-content=\"Ende\"><div class=\"mtr-cell-content\">06.04.26<\/div><\/td><td class=\"column-3 mtr-td-tag\" data-mtr-content=\"Land PLZ\"><div class=\"mtr-cell-content\">D-47574<\/div><\/td><td class=\"column-4 mtr-td-tag\" data-mtr-content=\"Ort\"><div class=\"mtr-cell-content\">Groch<\/div><\/td><td class=\"column-5 mtr-td-tag\" data-mtr-content=\"Veranstaltung\"><div class=\"mtr-cell-content\">Gr\u00e4frath<\/div><\/td><td class=\"column-6 mtr-td-tag\" data-mtr-content=\"Link\"><div class=\"mtr-cell-content\"><a href=\"https:\/\/kloster-graefenthal.de\/events\/\" target=\"_blank\">kloster-graefenthal.de\/events<\/a><\/div><\/td>\n<\/tr>\n<tr class=\"row-5\">\n\t<td class=\"column-1 mtr-td-tag\" data-mtr-content=\"Beginn\"><div class=\"mtr-cell-content\">18.04.26<\/div><\/td><td class=\"column-2 mtr-td-tag\" data-mtr-content=\"Ende\"><div class=\"mtr-cell-content\">19.04.26<\/div><\/td><td class=\"column-3 mtr-td-tag\" data-mtr-content=\"Land PLZ\"><div class=\"mtr-cell-content\">F-60200<\/div><\/td><td class=\"column-4 mtr-td-tag\" data-mtr-content=\"Ort\"><div class=\"mtr-cell-content\">Compiegne<\/div><\/td><td class=\"column-5 mtr-td-tag\" data-mtr-content=\"Veranstaltung\"><div class=\"mtr-cell-content\">March\u00e9 de l\u2019Histoire<\/div><\/td><td class=\"column-6 mtr-td-tag\" data-mtr-content=\"Link\"><div class=\"mtr-cell-content\"><a href=\"https:\/\/www.histoire-vivante.org\" target=\"_blank\">www.histoire-vivante.org<\/a><\/div><\/td>\n<\/tr>\n<tr class=\"row-6\">\n\t<td class=\"column-1 mtr-td-tag\" data-mtr-content=\"Beginn\"><div class=\"mtr-cell-content\">14.05.26<\/div><\/td><td class=\"column-2 mtr-td-tag\" data-mtr-content=\"Ende\"><div class=\"mtr-cell-content\">17.05.26<\/div><\/td><td class=\"column-3 mtr-td-tag\" data-mtr-content=\"Land PLZ\"><div class=\"mtr-cell-content\">D-35796<\/div><\/td><td class=\"column-4 mtr-td-tag\" data-mtr-content=\"Ort\"><div class=\"mtr-cell-content\">Weinbach \/ Freienfels<\/div><\/td><td class=\"column-5 mtr-td-tag\" data-mtr-content=\"Veranstaltung\"><div class=\"mtr-cell-content\">Freienfelser Ritterspiele<\/div><\/td><td class=\"column-6 mtr-td-tag\" data-mtr-content=\"Link\"><div class=\"mtr-cell-content\"><a href=\"https:\/\/freienfelser-ritterspiele.de\" target=\"_blank\">freienfelser-ritterspiele.de<\/a><\/div><\/td>\n<\/tr>\n<tr class=\"row-7\">\n\t<td class=\"column-1 mtr-td-tag\" data-mtr-content=\"Beginn\"><div class=\"mtr-cell-content\">15.05.26<\/div><\/td><td class=\"column-2 mtr-td-tag\" data-mtr-content=\"Ende\"><div class=\"mtr-cell-content\">17.05.26<\/div><\/td><td class=\"column-3 mtr-td-tag\" data-mtr-content=\"Land PLZ\"><div class=\"mtr-cell-content\">D-67549<\/div><\/td><td class=\"column-4 mtr-td-tag\" data-mtr-content=\"Ort\"><div class=\"mtr-cell-content\">Worms<\/div><\/td><td class=\"column-5 mtr-td-tag\" data-mtr-content=\"Veranstaltung\"><div class=\"mtr-cell-content\">Spectaculum<\/div><\/td><td class=\"column-6 mtr-td-tag\" data-mtr-content=\"Link\"><div class=\"mtr-cell-content\"><a href=\"https:\/\/www.spectaculum-worms.de\/\" target=\"_blank\">www.spectaculum-worms.de<\/a><\/div><\/td>\n<\/tr>\n<tr class=\"row-8\">\n\t<td class=\"column-1 mtr-td-tag\" data-mtr-content=\"Beginn\"><div class=\"mtr-cell-content\">23.05.26<\/div><\/td><td class=\"column-2 mtr-td-tag\" data-mtr-content=\"Ende\"><div class=\"mtr-cell-content\">25.05.26<\/div><\/td><td class=\"column-3 mtr-td-tag\" data-mtr-content=\"Land PLZ\"><div class=\"mtr-cell-content\">D-52428<\/div><\/td><td class=\"column-4 mtr-td-tag\" data-mtr-content=\"Ort\"><div class=\"mtr-cell-content\">J\u00fclich<\/div><\/td><td class=\"column-5 mtr-td-tag\" data-mtr-content=\"Veranstaltung\"><div class=\"mtr-cell-content\">Epochenfest<\/div><\/td><td class=\"column-6 mtr-td-tag\" data-mtr-content=\"Link\"><div class=\"mtr-cell-content\"><a href=\"http:\/\/www.brueckenkopf-park.de\" target=\"_blank\">www.brueckenkopf-park.de<\/a><\/div><\/td>\n<\/tr>\n<tr class=\"row-9\">\n\t<td class=\"column-1 mtr-td-tag\" data-mtr-content=\"Beginn\"><div class=\"mtr-cell-content\">29.05.26<\/div><\/td><td class=\"column-2 mtr-td-tag\" data-mtr-content=\"Ende\"><div class=\"mtr-cell-content\">31.05.26<\/div><\/td><td class=\"column-3 mtr-td-tag\" data-mtr-content=\"Land PLZ\"><div class=\"mtr-cell-content\">D- 41541<\/div><\/td><td class=\"column-4 mtr-td-tag\" data-mtr-content=\"Ort\"><div class=\"mtr-cell-content\">Dormagen<\/div><\/td><td class=\"column-5 mtr-td-tag\" data-mtr-content=\"Veranstaltung\"><div class=\"mtr-cell-content\">Sturm auf Zons<\/div><\/td><td class=\"column-6 mtr-td-tag\" data-mtr-content=\"Link\"><div class=\"mtr-cell-content\"><a href=\"https:\/\/www.sturm-auf-zons.de\/\" target=\"_blank\">www.sturm-auf-zons.de<\/a><\/div><\/td>\n<\/tr>\n<tr class=\"row-10\">\n\t<td class=\"column-1 mtr-td-tag\" data-mtr-content=\"Beginn\"><div class=\"mtr-cell-content\">27.06.26<\/div><\/td><td class=\"column-2 mtr-td-tag\" data-mtr-content=\"Ende\"><div class=\"mtr-cell-content\">28.06.26<\/div><\/td><td class=\"column-3 mtr-td-tag\" data-mtr-content=\"Land PLZ\"><div class=\"mtr-cell-content\">B-1420<\/div><\/td><td class=\"column-4 mtr-td-tag\" data-mtr-content=\"Ort\"><div class=\"mtr-cell-content\">Waterloo<\/div><\/td><td class=\"column-5 mtr-td-tag\" data-mtr-content=\"Veranstaltung\"><div class=\"mtr-cell-content\">Waterloo<\/div><\/td><td class=\"column-6 mtr-td-tag\" data-mtr-content=\"Link\"><div class=\"mtr-cell-content\"><a href=\"https:\/\/www.facebook.com\/domainebataillewaterloo1815\/posts\/-save-the-date-les-27-et-28-juin-2026-plongez-au-c%C5%93ur-de-lhistoire-lors-de-la-re\/1493780762250908\/\" target=\"_blank\">www.facebook.com\/domainebataillewaterloo1815\/<\/a><\/div><\/td>\n<\/tr>\n<tr class=\"row-11\">\n\t<td class=\"column-1 mtr-td-tag\" data-mtr-content=\"Beginn\"><div class=\"mtr-cell-content\">02.07.26<\/div><\/td><td class=\"column-2 mtr-td-tag\" data-mtr-content=\"Ende\"><div class=\"mtr-cell-content\">07.07.26<\/div><\/td><td class=\"column-3 mtr-td-tag\" data-mtr-content=\"Land PLZ\"><div class=\"mtr-cell-content\">D-75015<\/div><\/td><td class=\"column-4 mtr-td-tag\" data-mtr-content=\"Ort\"><div class=\"mtr-cell-content\">Bretten<\/div><\/td><td class=\"column-5 mtr-td-tag\" data-mtr-content=\"Veranstaltung\"><div class=\"mtr-cell-content\">Peter und Paul Fest<\/div><\/td><td class=\"column-6 mtr-td-tag\" data-mtr-content=\"Link\"><div class=\"mtr-cell-content\"><a href=\"http:\/\/www.peter-und-paul.de\" target=\"_blank\">www.peter-und-paul.de<\/a><\/div><\/td>\n<\/tr>\n<tr class=\"row-12\">\n\t<td class=\"column-1 mtr-td-tag\" data-mtr-content=\"Beginn\"><div class=\"mtr-cell-content\">07.08.26<\/div><\/td><td class=\"column-2 mtr-td-tag\" data-mtr-content=\"Ende\"><div class=\"mtr-cell-content\">09.08.26<\/div><\/td><td class=\"column-3 mtr-td-tag\" data-mtr-content=\"Land PLZ\"><div class=\"mtr-cell-content\">D-36124<\/div><\/td><td class=\"column-4 mtr-td-tag\" data-mtr-content=\"Ort\"><div class=\"mtr-cell-content\">Eichenzell bei Fulda<\/div><\/td><td class=\"column-5 mtr-td-tag\" data-mtr-content=\"Veranstaltung\"><div class=\"mtr-cell-content\">Zeitreise<\/div><\/td><td class=\"column-6 mtr-td-tag\" data-mtr-content=\"Link\"><div class=\"mtr-cell-content\"><a href=\"https:\/\/zeitreise.hessen-militaer.de\/\" target=\"_blank\">zeitreise.hessen-militaer.de<\/a><\/div><\/td>\n<\/tr>\n<tr class=\"row-13\">\n\t<td class=\"column-1 mtr-td-tag\" data-mtr-content=\"Beginn\"><div class=\"mtr-cell-content\">14.08.26<\/div><\/td><td class=\"column-2 mtr-td-tag\" data-mtr-content=\"Ende\"><div class=\"mtr-cell-content\">16.08.26<\/div><\/td><td class=\"column-3 mtr-td-tag\" data-mtr-content=\"Land PLZ\"><div class=\"mtr-cell-content\">D-93437<\/div><\/td><td class=\"column-4 mtr-td-tag\" data-mtr-content=\"Ort\"><div class=\"mtr-cell-content\">Furth im Wald<\/div><\/td><td class=\"column-5 mtr-td-tag\" data-mtr-content=\"Veranstaltung\"><div class=\"mtr-cell-content\">Cave Gladium<\/div><\/td><td class=\"column-6 mtr-td-tag\" data-mtr-content=\"Link\"><div class=\"mtr-cell-content\"><a href=\"http:\/\/www.cave-gladium.de\/\" target=\"_blank\">www.cave-gladium.de<\/a><\/div><\/td>\n<\/tr>\n<tr class=\"row-14\">\n\t<td class=\"column-1 mtr-td-tag\" data-mtr-content=\"Beginn\"><div class=\"mtr-cell-content\">21.08.26<\/div><\/td><td class=\"column-2 mtr-td-tag\" data-mtr-content=\"Ende\"><div class=\"mtr-cell-content\">23.08.26<\/div><\/td><td class=\"column-3 mtr-td-tag\" data-mtr-content=\"Land PLZ\"><div class=\"mtr-cell-content\">I-39020<\/div><\/td><td class=\"column-4 mtr-td-tag\" data-mtr-content=\"Ort\"><div class=\"mtr-cell-content\">Schluderns<\/div><\/td><td class=\"column-5 mtr-td-tag\" data-mtr-content=\"Veranstaltung\"><div class=\"mtr-cell-content\">Ritterspiele Schluderns<\/div><\/td><td class=\"column-6 mtr-td-tag\" data-mtr-content=\"Link\"><div class=\"mtr-cell-content\"><a href=\"https:\/\/www.ritterspiele.it\/\">https:\/\/www.ritterspiele.it\/<\/a><\/div><\/td>\n<\/tr>\n<tr class=\"row-15\">\n\t<td class=\"column-1 mtr-td-tag\" data-mtr-content=\"Beginn\"><div class=\"mtr-cell-content\">11.09.26<\/div><\/td><td class=\"column-2 mtr-td-tag\" data-mtr-content=\"Ende\"><div class=\"mtr-cell-content\">13.09.26<\/div><\/td><td class=\"column-3 mtr-td-tag\" data-mtr-content=\"Land PLZ\"><div class=\"mtr-cell-content\">A- 3730<\/div><\/td><td class=\"column-4 mtr-td-tag\" data-mtr-content=\"Ort\"><div class=\"mtr-cell-content\">Eggenburg<\/div><\/td><td class=\"column-5 mtr-td-tag\" data-mtr-content=\"Veranstaltung\"><div class=\"mtr-cell-content\">Zeitreise ins Mittelalter<\/div><\/td><td class=\"column-6 mtr-td-tag\" data-mtr-content=\"Link\"><div class=\"mtr-cell-content\"><a href=\"https:\/\/www.zeitreise-ins-mittelalter.at\/\" target=\"_blank\">www.zeitreise-ins-mittelalter.at<\/a><\/div><\/td>\n<\/tr>\n<tr class=\"row-16\">\n\t<td class=\"column-1 mtr-td-tag\" data-mtr-content=\"Beginn\"><div class=\"mtr-cell-content\">19.09.26<\/div><\/td><td class=\"column-2 mtr-td-tag\" data-mtr-content=\"Ende\"><div class=\"mtr-cell-content\">20.09.26<\/div><\/td><td class=\"column-3 mtr-td-tag\" data-mtr-content=\"Land PLZ\"><div class=\"mtr-cell-content\">D-53894<\/div><\/td><td class=\"column-4 mtr-td-tag\" data-mtr-content=\"Ort\"><div class=\"mtr-cell-content\">Satzvey<\/div><\/td><td class=\"column-5 mtr-td-tag\" data-mtr-content=\"Veranstaltung\"><div class=\"mtr-cell-content\">Ritterspiele Satzvey 2. WE<\/div><\/td><td class=\"column-6 mtr-td-tag\" data-mtr-content=\"Link\"><div class=\"mtr-cell-content\"><a href=\"https:\/\/www.burgsatzvey.de\/veranstaltungen\/ritterfestspiele-herbst-26-2\/\" target=\"_blank\">www.burgsatzvey.de\/veranstaltungen\/ritterfestspiele-herbst-26-2<\/a><\/div><\/td>\n<\/tr>\n<tr class=\"row-17\">\n\t<td class=\"column-1 mtr-td-tag\" data-mtr-content=\"Beginn\"><div class=\"mtr-cell-content\">17.10.26<\/div><\/td><td class=\"column-2 mtr-td-tag\" data-mtr-content=\"Ende\"><div class=\"mtr-cell-content\">18.10.26<\/div><\/td><td class=\"column-3 mtr-td-tag\" data-mtr-content=\"Land PLZ\"><div class=\"mtr-cell-content\">D-34121<\/div><\/td><td class=\"column-4 mtr-td-tag\" data-mtr-content=\"Ort\"><div class=\"mtr-cell-content\">Kassel<\/div><\/td><td class=\"column-5 mtr-td-tag\" data-mtr-content=\"Veranstaltung\"><div class=\"mtr-cell-content\">Reenactor-Messe<\/div><\/td><td class=\"column-6 mtr-td-tag\" data-mtr-content=\"Link\"><div class=\"mtr-cell-content\"><a href=\"https:\/\/historica-festival.de\" target=\"_blank\">historica-festival.de<\/a><\/div><\/td>\n<\/tr>\n<tr class=\"row-18\">\n\t<td class=\"column-1 mtr-td-tag\" data-mtr-content=\"Beginn\"><div class=\"mtr-cell-content\">14.11.26<\/div><\/td><td class=\"column-2 mtr-td-tag\" data-mtr-content=\"Ende\"><div class=\"mtr-cell-content\">15.11.26<\/div><\/td><td class=\"column-3 mtr-td-tag\" data-mtr-content=\"Land PLZ\"><div class=\"mtr-cell-content\">F-60200<\/div><\/td><td class=\"column-4 mtr-td-tag\" data-mtr-content=\"Ort\"><div class=\"mtr-cell-content\">Compiegne<\/div><\/td><td class=\"column-5 mtr-td-tag\" data-mtr-content=\"Veranstaltung\"><div class=\"mtr-cell-content\">March\u00e9 de l\u2019Histoire<\/div><\/td><td class=\"column-6 mtr-td-tag\" data-mtr-content=\"Link\"><div class=\"mtr-cell-content\"><a href=\"https:\/\/www.histoire-vivante.org\" target=\"_blank\">www.histoire-vivante.org<\/a><\/div><\/td>\n<\/tr>\n<\/tbody>\n<\/table>\n<!-- #tablepress-2 from cache -->","protected":false},"excerpt":{"rendered":"","protected":false},"author":1,"featured_media":0,"parent":0,"menu_order":0,"comment_status":"open","ping_status":"closed","template":"","meta":{"ngg_post_thumbnail":0,"footnotes":""},"class_list":["post-15883","page","type-page","status-publish"],"yoast_head":"<!-- This site is optimized with the Yoast SEO plugin v27.2 - https:\/\/yoast.com\/product\/yoast-seo-wordpress\/ -->\n<title>\u00c9v\u00e9nements avec TuchundStoff 2026 - TuchundStoff<\/title>\n<meta name=\"robots\" content=\"index, follow, max-snippet:-1, max-image-preview:large, max-video-preview:-1\" \/>\n<link rel=\"canonical\" href=\"https:\/\/tuchundstoff.shop\/fr\/evenements-avec-tuchundstoff-2024\/\" \/>\n<meta property=\"og:locale\" content=\"fr_FR\" \/>\n<meta property=\"og:type\" content=\"article\" \/>\n<meta property=\"og:title\" content=\"\u00c9v\u00e9nements avec TuchundStoff 2026 - TuchundStoff\" \/>\n<meta property=\"og:url\" content=\"https:\/\/tuchundstoff.shop\/fr\/evenements-avec-tuchundstoff-2024\/\" \/>\n<meta property=\"og:site_name\" content=\"TuchundStoff\" \/>\n<meta property=\"article:modified_time\" content=\"2026-02-25T18:34:47+00:00\" \/>\n<script type=\"application\/ld+json\" class=\"yoast-schema-graph\">{\"@context\":\"https:\/\/schema.org\",\"@graph\":[{\"@type\":\"WebPage\",\"@id\":\"https:\/\/tuchundstoff.shop\/fr\/evenements-avec-tuchundstoff-2024\/\",\"url\":\"https:\/\/tuchundstoff.shop\/fr\/evenements-avec-tuchundstoff-2024\/\",\"name\":\"\u00c9v\u00e9nements avec TuchundStoff 2026 - TuchundStoff\",\"isPartOf\":{\"@id\":\"https:\/\/tuchundstoff.shop\/#website\"},\"datePublished\":\"2023-09-23T13:05:38+00:00\",\"dateModified\":\"2026-02-25T18:34:47+00:00\",\"breadcrumb\":{\"@id\":\"https:\/\/tuchundstoff.shop\/fr\/evenements-avec-tuchundstoff-2024\/#breadcrumb\"},\"inLanguage\":\"fr-FR\",\"potentialAction\":[{\"@type\":\"ReadAction\",\"target\":[\"https:\/\/tuchundstoff.shop\/fr\/evenements-avec-tuchundstoff-2024\/\"]}]},{\"@type\":\"BreadcrumbList\",\"@id\":\"https:\/\/tuchundstoff.shop\/fr\/evenements-avec-tuchundstoff-2024\/#breadcrumb\",\"itemListElement\":[{\"@type\":\"ListItem\",\"position\":1,\"name\":\"Startseite\",\"item\":\"https:\/\/tuchundstoff.shop\/fr\/des-tissus-de-qualite-pour-une-mode-contemporaine-et-une-histoire-vecue-100-naturel\/\"},{\"@type\":\"ListItem\",\"position\":2,\"name\":\"\u00c9v\u00e9nements avec TuchundStoff 2026\"}]},{\"@type\":\"WebSite\",\"@id\":\"https:\/\/tuchundstoff.shop\/#website\",\"url\":\"https:\/\/tuchundstoff.shop\/\",\"name\":\"TuchundStoff\",\"description\":\"Qualit\u00e4tsstoffe f\u00fcr zeitgen\u00f6ssische Mode und gelebte Geschichte \u2013 100% Natur\",\"publisher\":{\"@id\":\"https:\/\/tuchundstoff.shop\/#organization\"},\"potentialAction\":[{\"@type\":\"SearchAction\",\"target\":{\"@type\":\"EntryPoint\",\"urlTemplate\":\"https:\/\/tuchundstoff.shop\/?s={search_term_string}\"},\"query-input\":{\"@type\":\"PropertyValueSpecification\",\"valueRequired\":true,\"valueName\":\"search_term_string\"}}],\"inLanguage\":\"fr-FR\"},{\"@type\":\"Organization\",\"@id\":\"https:\/\/tuchundstoff.shop\/#organization\",\"name\":\"TuchundStoff\",\"url\":\"https:\/\/tuchundstoff.shop\/\",\"logo\":{\"@type\":\"ImageObject\",\"inLanguage\":\"fr-FR\",\"@id\":\"https:\/\/tuchundstoff.shop\/#\/schema\/logo\/image\/\",\"url\":\"https:\/\/tuchundstoff.shop\/wp-content\/uploads\/2021\/11\/Tus-Logo22-QfA-shop-V2-1.png\",\"contentUrl\":\"https:\/\/tuchundstoff.shop\/wp-content\/uploads\/2021\/11\/Tus-Logo22-QfA-shop-V2-1.png\",\"width\":485,\"height\":110,\"caption\":\"TuchundStoff\"},\"image\":{\"@id\":\"https:\/\/tuchundstoff.shop\/#\/schema\/logo\/image\/\"}}]}<\/script>\n<!-- \/ Yoast SEO plugin. -->","yoast_head_json":{"title":"\u00c9v\u00e9nements avec TuchundStoff 2026 - TuchundStoff","robots":{"index":"index","follow":"follow","max-snippet":"max-snippet:-1","max-image-preview":"max-image-preview:large","max-video-preview":"max-video-preview:-1"},"canonical":"https:\/\/tuchundstoff.shop\/fr\/evenements-avec-tuchundstoff-2024\/","og_locale":"fr_FR","og_type":"article","og_title":"\u00c9v\u00e9nements avec TuchundStoff 2026 - TuchundStoff","og_url":"https:\/\/tuchundstoff.shop\/fr\/evenements-avec-tuchundstoff-2024\/","og_site_name":"TuchundStoff","article_modified_time":"2026-02-25T18:34:47+00:00","schema":{"@context":"https:\/\/schema.org","@graph":[{"@type":"WebPage","@id":"https:\/\/tuchundstoff.shop\/fr\/evenements-avec-tuchundstoff-2024\/","url":"https:\/\/tuchundstoff.shop\/fr\/evenements-avec-tuchundstoff-2024\/","name":"\u00c9v\u00e9nements avec TuchundStoff 2026 - TuchundStoff","isPartOf":{"@id":"https:\/\/tuchundstoff.shop\/#website"},"datePublished":"2023-09-23T13:05:38+00:00","dateModified":"2026-02-25T18:34:47+00:00","breadcrumb":{"@id":"https:\/\/tuchundstoff.shop\/fr\/evenements-avec-tuchundstoff-2024\/#breadcrumb"},"inLanguage":"fr-FR","potentialAction":[{"@type":"ReadAction","target":["https:\/\/tuchundstoff.shop\/fr\/evenements-avec-tuchundstoff-2024\/"]}]},{"@type":"BreadcrumbList","@id":"https:\/\/tuchundstoff.shop\/fr\/evenements-avec-tuchundstoff-2024\/#breadcrumb","itemListElement":[{"@type":"ListItem","position":1,"name":"Startseite","item":"https:\/\/tuchundstoff.shop\/fr\/des-tissus-de-qualite-pour-une-mode-contemporaine-et-une-histoire-vecue-100-naturel\/"},{"@type":"ListItem","position":2,"name":"\u00c9v\u00e9nements avec TuchundStoff 2026"}]},{"@type":"WebSite","@id":"https:\/\/tuchundstoff.shop\/#website","url":"https:\/\/tuchundstoff.shop\/","name":"TuchundStoff","description":"Qualit\u00e4tsstoffe f\u00fcr zeitgen\u00f6ssische Mode und gelebte Geschichte \u2013 100% Natur","publisher":{"@id":"https:\/\/tuchundstoff.shop\/#organization"},"potentialAction":[{"@type":"SearchAction","target":{"@type":"EntryPoint","urlTemplate":"https:\/\/tuchundstoff.shop\/?s={search_term_string}"},"query-input":{"@type":"PropertyValueSpecification","valueRequired":true,"valueName":"search_term_string"}}],"inLanguage":"fr-FR"},{"@type":"Organization","@id":"https:\/\/tuchundstoff.shop\/#organization","name":"TuchundStoff","url":"https:\/\/tuchundstoff.shop\/","logo":{"@type":"ImageObject","inLanguage":"fr-FR","@id":"https:\/\/tuchundstoff.shop\/#\/schema\/logo\/image\/","url":"https:\/\/tuchundstoff.shop\/wp-content\/uploads\/2021\/11\/Tus-Logo22-QfA-shop-V2-1.png","contentUrl":"https:\/\/tuchundstoff.shop\/wp-content\/uploads\/2021\/11\/Tus-Logo22-QfA-shop-V2-1.png","width":485,"height":110,"caption":"TuchundStoff"},"image":{"@id":"https:\/\/tuchundstoff.shop\/#\/schema\/logo\/image\/"}}]}},"_links":{"self":[{"href":"https:\/\/tuchundstoff.shop\/fr\/wp-json\/wp\/v2\/pages\/15883","targetHints":{"allow":["GET"]}}],"collection":[{"href":"https:\/\/tuchundstoff.shop\/fr\/wp-json\/wp\/v2\/pages"}],"about":[{"href":"https:\/\/tuchundstoff.shop\/fr\/wp-json\/wp\/v2\/types\/page"}],"author":[{"embeddable":true,"href":"https:\/\/tuchundstoff.shop\/fr\/wp-json\/wp\/v2\/users\/1"}],"replies":[{"embeddable":true,"href":"https:\/\/tuchundstoff.shop\/fr\/wp-json\/wp\/v2\/comments?post=15883"}],"version-history":[{"count":2,"href":"https:\/\/tuchundstoff.shop\/fr\/wp-json\/wp\/v2\/pages\/15883\/revisions"}],"predecessor-version":[{"id":18495,"href":"https:\/\/tuchundstoff.shop\/fr\/wp-json\/wp\/v2\/pages\/15883\/revisions\/18495"}],"wp:attachment":[{"href":"https:\/\/tuchundstoff.shop\/fr\/wp-json\/wp\/v2\/media?parent=15883"}],"curies":[{"name":"wp","href":"https:\/\/api.w.org\/{rel}","templated":true}]}}