{"id":9980,"date":"2021-11-01T07:26:55","date_gmt":"2021-11-01T06:26:55","guid":{"rendered":"https:\/\/tuchundstoff.shop\/?post_type=product&#038;p=9980"},"modified":"2026-04-12T03:02:59","modified_gmt":"2026-04-12T01:02:59","slug":"tuch-330g-lfm-mittelmeer-olivgruen-528","status":"publish","type":"product","link":"https:\/\/tuchundstoff.shop\/en\/product\/tuch-330g-lfm-mittelmeer-olivgruen-528\/","title":{"rendered":"Cloth 330g\/rm Mediterranean Olive Green"},"content":{"rendered":"<p>Lightweight cloth, 100% merino wool, 330g\/m.m., width 150cm<br \/>\nBreathable, windproof, dirt and water repellent<\/p>\n<p>Great for dresses, as it falls softly and is not too warm in summer<br \/>\nWarm underdress for winter<br \/>\nIdeal for trousers, tunics, thin jackets<\/p>\n","protected":false},"excerpt":{"rendered":"<p>Price advantage from 5 linear meters!<\/p>\n<p>Lightweight cloth, 100% merino wool, 330g\/mtr, width 150cm Mediterranean Olive Green<\/p>\n","protected":false},"featured_media":6430,"comment_status":"open","ping_status":"closed","template":"","meta":{"ngg_post_thumbnail":0},"product_brand":[],"product_cat":[722,698,716],"product_tag":[1419,1420,1421,1170,1422,822,1171,826,1192,831,1414,832,1415,833,1416,834,1417,835,1418,859],"class_list":{"0":"post-9980","1":"product","2":"type-product","3":"status-publish","4":"has-post-thumbnail","6":"product_cat-lightweight","7":"product_cat-wool","8":"product_cat-cloth-loden","9":"product_tag-rus-trousers","10":"product_tag-surcot-en","11":"product_tag-thorsberg-trousers","12":"product_tag-loden-en-2","13":"product_tag-vilborg-en","14":"product_tag-dress","15":"product_tag-plain-weave","16":"product_tag-um1504-en","17":"product_tag-bliaut-en","18":"product_tag-trousers","19":"product_tag-cotehardie-en","20":"product_tag-jacket","21":"product_tag-herjolfsnes-en-2","22":"product_tag-light-tunic","23":"product_tag-hellwindow","24":"product_tag-strap-dress","25":"product_tag-houppelande-en-2","26":"product_tag-tunika-en","27":"product_tag-peplos-en","28":"product_tag-wool","29":"pa_gewicht-330g-lfm-220g-m-en","30":"resize-featured-image","31":"sales-flash-overlay","32":"woocommerce-text-align-center","33":"woocommerce-image-align-center","34":"do-quantity-buttons","36":"first","37":"instock","38":"taxable","39":"shipping-taxable","40":"purchasable","41":"product-type-simple"},"yoast_head":"<!-- This site is optimized with the Yoast SEO plugin v27.2 - https:\/\/yoast.com\/product\/yoast-seo-wordpress\/ -->\n<title>Cloth 330g\/rm Mediterranean Olive Green - TuchundStoff<\/title>\n<meta name=\"description\" content=\"Cloth 330g\/rm Mediterranean Olive Green - Price advantage from 5 linear meters! Lightweight cloth, 100% merino wool, 330g\/mtr, width 150cm Mediterranean Olive Green\" \/>\n<meta name=\"robots\" content=\"index, follow, max-snippet:-1, max-image-preview:large, max-video-preview:-1\" \/>\n<link rel=\"canonical\" href=\"https:\/\/tuchundstoff.shop\/en\/product\/tuch-330g-lfm-mittelmeer-olivgruen-528\/\" \/>\n<meta property=\"og:locale\" content=\"en_US\" \/>\n<meta property=\"og:type\" content=\"article\" \/>\n<meta property=\"og:title\" content=\"Cloth 330g\/rm Mediterranean Olive Green - TuchundStoff\" \/>\n<meta property=\"og:description\" content=\"Cloth 330g\/rm Mediterranean Olive Green - Price advantage from 5 linear meters! Lightweight cloth, 100% merino wool, 330g\/mtr, width 150cm Mediterranean Olive Green\" \/>\n<meta property=\"og:url\" content=\"https:\/\/tuchundstoff.shop\/en\/product\/tuch-330g-lfm-mittelmeer-olivgruen-528\/\" \/>\n<meta property=\"og:site_name\" content=\"TuchundStoff\" \/>\n<meta property=\"article:modified_time\" content=\"2026-04-12T01:02:59+00:00\" \/>\n<meta property=\"og:image\" content=\"https:\/\/tuchundstoff.shop\/wp-content\/uploads\/2020\/07\/DSC_1185_4142-528.jpg\" \/>\n\t<meta property=\"og:image:width\" content=\"1200\" \/>\n\t<meta property=\"og:image:height\" content=\"1200\" \/>\n\t<meta property=\"og:image:type\" content=\"image\/jpeg\" \/>\n<script type=\"application\/ld+json\" class=\"yoast-schema-graph\">{\"@context\":\"https:\/\/schema.org\",\"@graph\":[{\"@type\":\"WebPage\",\"@id\":\"https:\/\/tuchundstoff.shop\/en\/product\/tuch-330g-lfm-mittelmeer-olivgruen-528\/\",\"url\":\"https:\/\/tuchundstoff.shop\/en\/product\/tuch-330g-lfm-mittelmeer-olivgruen-528\/\",\"name\":\"Cloth 330g\/rm Mediterranean Olive Green - TuchundStoff\",\"isPartOf\":{\"@id\":\"https:\/\/tuchundstoff.shop\/#website\"},\"primaryImageOfPage\":{\"@id\":\"https:\/\/tuchundstoff.shop\/en\/product\/tuch-330g-lfm-mittelmeer-olivgruen-528\/#primaryimage\"},\"image\":{\"@id\":\"https:\/\/tuchundstoff.shop\/en\/product\/tuch-330g-lfm-mittelmeer-olivgruen-528\/#primaryimage\"},\"thumbnailUrl\":\"https:\/\/tuchundstoff.shop\/wp-content\/uploads\/2020\/07\/DSC_1185_4142-528.jpg\",\"datePublished\":\"2021-11-01T06:26:55+00:00\",\"dateModified\":\"2026-04-12T01:02:59+00:00\",\"description\":\"Cloth 330g\/rm Mediterranean Olive Green - Price advantage from 5 linear meters! Lightweight cloth, 100% merino wool, 330g\/mtr, width 150cm Mediterranean Olive Green\",\"breadcrumb\":{\"@id\":\"https:\/\/tuchundstoff.shop\/en\/product\/tuch-330g-lfm-mittelmeer-olivgruen-528\/#breadcrumb\"},\"inLanguage\":\"en-US\",\"potentialAction\":[{\"@type\":\"ReadAction\",\"target\":[\"https:\/\/tuchundstoff.shop\/en\/product\/tuch-330g-lfm-mittelmeer-olivgruen-528\/\"]}]},{\"@type\":\"ImageObject\",\"inLanguage\":\"en-US\",\"@id\":\"https:\/\/tuchundstoff.shop\/en\/product\/tuch-330g-lfm-mittelmeer-olivgruen-528\/#primaryimage\",\"url\":\"https:\/\/tuchundstoff.shop\/wp-content\/uploads\/2020\/07\/DSC_1185_4142-528.jpg\",\"contentUrl\":\"https:\/\/tuchundstoff.shop\/wp-content\/uploads\/2020\/07\/DSC_1185_4142-528.jpg\",\"width\":1200,\"height\":1200,\"caption\":\"4142\/528\"},{\"@type\":\"BreadcrumbList\",\"@id\":\"https:\/\/tuchundstoff.shop\/en\/product\/tuch-330g-lfm-mittelmeer-olivgruen-528\/#breadcrumb\",\"itemListElement\":[{\"@type\":\"ListItem\",\"position\":1,\"name\":\"Startseite\",\"item\":\"https:\/\/tuchundstoff.shop\/en\/\"},{\"@type\":\"ListItem\",\"position\":2,\"name\":\"Quality fabrics for contemporary fashion and living history &#8211; 100% natural\",\"item\":\"https:\/\/tuchundstoff.shop\/en\/shop\/\"},{\"@type\":\"ListItem\",\"position\":3,\"name\":\"Cloth 330g\/rm Mediterranean Olive Green\"}]},{\"@type\":\"WebSite\",\"@id\":\"https:\/\/tuchundstoff.shop\/#website\",\"url\":\"https:\/\/tuchundstoff.shop\/\",\"name\":\"TuchundStoff\",\"description\":\"Qualit\u00e4tsstoffe f\u00fcr zeitgen\u00f6ssische Mode und gelebte Geschichte \u2013 100% Natur\",\"publisher\":{\"@id\":\"https:\/\/tuchundstoff.shop\/#organization\"},\"potentialAction\":[{\"@type\":\"SearchAction\",\"target\":{\"@type\":\"EntryPoint\",\"urlTemplate\":\"https:\/\/tuchundstoff.shop\/?s={search_term_string}\"},\"query-input\":{\"@type\":\"PropertyValueSpecification\",\"valueRequired\":true,\"valueName\":\"search_term_string\"}}],\"inLanguage\":\"en-US\"},{\"@type\":\"Organization\",\"@id\":\"https:\/\/tuchundstoff.shop\/#organization\",\"name\":\"TuchundStoff\",\"url\":\"https:\/\/tuchundstoff.shop\/\",\"logo\":{\"@type\":\"ImageObject\",\"inLanguage\":\"en-US\",\"@id\":\"https:\/\/tuchundstoff.shop\/#\/schema\/logo\/image\/\",\"url\":\"https:\/\/tuchundstoff.shop\/wp-content\/uploads\/2021\/11\/Tus-Logo22-QfA-shop-V2-1.png\",\"contentUrl\":\"https:\/\/tuchundstoff.shop\/wp-content\/uploads\/2021\/11\/Tus-Logo22-QfA-shop-V2-1.png\",\"width\":485,\"height\":110,\"caption\":\"TuchundStoff\"},\"image\":{\"@id\":\"https:\/\/tuchundstoff.shop\/#\/schema\/logo\/image\/\"}}]}<\/script>\n<!-- \/ Yoast SEO plugin. -->","yoast_head_json":{"title":"Cloth 330g\/rm Mediterranean Olive Green - TuchundStoff","description":"Cloth 330g\/rm Mediterranean Olive Green - Price advantage from 5 linear meters! Lightweight cloth, 100% merino wool, 330g\/mtr, width 150cm Mediterranean Olive Green","robots":{"index":"index","follow":"follow","max-snippet":"max-snippet:-1","max-image-preview":"max-image-preview:large","max-video-preview":"max-video-preview:-1"},"canonical":"https:\/\/tuchundstoff.shop\/en\/product\/tuch-330g-lfm-mittelmeer-olivgruen-528\/","og_locale":"en_US","og_type":"article","og_title":"Cloth 330g\/rm Mediterranean Olive Green - TuchundStoff","og_description":"Cloth 330g\/rm Mediterranean Olive Green - Price advantage from 5 linear meters! Lightweight cloth, 100% merino wool, 330g\/mtr, width 150cm Mediterranean Olive Green","og_url":"https:\/\/tuchundstoff.shop\/en\/product\/tuch-330g-lfm-mittelmeer-olivgruen-528\/","og_site_name":"TuchundStoff","article_modified_time":"2026-04-12T01:02:59+00:00","og_image":[{"width":1200,"height":1200,"url":"https:\/\/tuchundstoff.shop\/wp-content\/uploads\/2020\/07\/DSC_1185_4142-528.jpg","type":"image\/jpeg"}],"schema":{"@context":"https:\/\/schema.org","@graph":[{"@type":"WebPage","@id":"https:\/\/tuchundstoff.shop\/en\/product\/tuch-330g-lfm-mittelmeer-olivgruen-528\/","url":"https:\/\/tuchundstoff.shop\/en\/product\/tuch-330g-lfm-mittelmeer-olivgruen-528\/","name":"Cloth 330g\/rm Mediterranean Olive Green - TuchundStoff","isPartOf":{"@id":"https:\/\/tuchundstoff.shop\/#website"},"primaryImageOfPage":{"@id":"https:\/\/tuchundstoff.shop\/en\/product\/tuch-330g-lfm-mittelmeer-olivgruen-528\/#primaryimage"},"image":{"@id":"https:\/\/tuchundstoff.shop\/en\/product\/tuch-330g-lfm-mittelmeer-olivgruen-528\/#primaryimage"},"thumbnailUrl":"https:\/\/tuchundstoff.shop\/wp-content\/uploads\/2020\/07\/DSC_1185_4142-528.jpg","datePublished":"2021-11-01T06:26:55+00:00","dateModified":"2026-04-12T01:02:59+00:00","description":"Cloth 330g\/rm Mediterranean Olive Green - Price advantage from 5 linear meters! Lightweight cloth, 100% merino wool, 330g\/mtr, width 150cm Mediterranean Olive Green","breadcrumb":{"@id":"https:\/\/tuchundstoff.shop\/en\/product\/tuch-330g-lfm-mittelmeer-olivgruen-528\/#breadcrumb"},"inLanguage":"en-US","potentialAction":[{"@type":"ReadAction","target":["https:\/\/tuchundstoff.shop\/en\/product\/tuch-330g-lfm-mittelmeer-olivgruen-528\/"]}]},{"@type":"ImageObject","inLanguage":"en-US","@id":"https:\/\/tuchundstoff.shop\/en\/product\/tuch-330g-lfm-mittelmeer-olivgruen-528\/#primaryimage","url":"https:\/\/tuchundstoff.shop\/wp-content\/uploads\/2020\/07\/DSC_1185_4142-528.jpg","contentUrl":"https:\/\/tuchundstoff.shop\/wp-content\/uploads\/2020\/07\/DSC_1185_4142-528.jpg","width":1200,"height":1200,"caption":"4142\/528"},{"@type":"BreadcrumbList","@id":"https:\/\/tuchundstoff.shop\/en\/product\/tuch-330g-lfm-mittelmeer-olivgruen-528\/#breadcrumb","itemListElement":[{"@type":"ListItem","position":1,"name":"Startseite","item":"https:\/\/tuchundstoff.shop\/en\/"},{"@type":"ListItem","position":2,"name":"Quality fabrics for contemporary fashion and living history &#8211; 100% natural","item":"https:\/\/tuchundstoff.shop\/en\/shop\/"},{"@type":"ListItem","position":3,"name":"Cloth 330g\/rm Mediterranean Olive Green"}]},{"@type":"WebSite","@id":"https:\/\/tuchundstoff.shop\/#website","url":"https:\/\/tuchundstoff.shop\/","name":"TuchundStoff","description":"Qualit\u00e4tsstoffe f\u00fcr zeitgen\u00f6ssische Mode und gelebte Geschichte \u2013 100% Natur","publisher":{"@id":"https:\/\/tuchundstoff.shop\/#organization"},"potentialAction":[{"@type":"SearchAction","target":{"@type":"EntryPoint","urlTemplate":"https:\/\/tuchundstoff.shop\/?s={search_term_string}"},"query-input":{"@type":"PropertyValueSpecification","valueRequired":true,"valueName":"search_term_string"}}],"inLanguage":"en-US"},{"@type":"Organization","@id":"https:\/\/tuchundstoff.shop\/#organization","name":"TuchundStoff","url":"https:\/\/tuchundstoff.shop\/","logo":{"@type":"ImageObject","inLanguage":"en-US","@id":"https:\/\/tuchundstoff.shop\/#\/schema\/logo\/image\/","url":"https:\/\/tuchundstoff.shop\/wp-content\/uploads\/2021\/11\/Tus-Logo22-QfA-shop-V2-1.png","contentUrl":"https:\/\/tuchundstoff.shop\/wp-content\/uploads\/2021\/11\/Tus-Logo22-QfA-shop-V2-1.png","width":485,"height":110,"caption":"TuchundStoff"},"image":{"@id":"https:\/\/tuchundstoff.shop\/#\/schema\/logo\/image\/"}}]}},"_links":{"self":[{"href":"https:\/\/tuchundstoff.shop\/en\/wp-json\/wp\/v2\/product\/9980","targetHints":{"allow":["GET"]}}],"collection":[{"href":"https:\/\/tuchundstoff.shop\/en\/wp-json\/wp\/v2\/product"}],"about":[{"href":"https:\/\/tuchundstoff.shop\/en\/wp-json\/wp\/v2\/types\/product"}],"replies":[{"embeddable":true,"href":"https:\/\/tuchundstoff.shop\/en\/wp-json\/wp\/v2\/comments?post=9980"}],"wp:featuredmedia":[{"embeddable":true,"href":"https:\/\/tuchundstoff.shop\/en\/wp-json\/wp\/v2\/media\/6430"}],"wp:attachment":[{"href":"https:\/\/tuchundstoff.shop\/en\/wp-json\/wp\/v2\/media?parent=9980"}],"wp:term":[{"taxonomy":"product_brand","embeddable":true,"href":"https:\/\/tuchundstoff.shop\/en\/wp-json\/wp\/v2\/product_brand?post=9980"},{"taxonomy":"product_cat","embeddable":true,"href":"https:\/\/tuchundstoff.shop\/en\/wp-json\/wp\/v2\/product_cat?post=9980"},{"taxonomy":"product_tag","embeddable":true,"href":"https:\/\/tuchundstoff.shop\/en\/wp-json\/wp\/v2\/product_tag?post=9980"}],"curies":[{"name":"wp","href":"https:\/\/api.w.org\/{rel}","templated":true}]}}