{"id":9778,"date":"2021-09-16T19:32:42","date_gmt":"2021-09-16T17:32:42","guid":{"rendered":"https:\/\/tuchundstoff.shop\/?post_type=product&#038;p=9778"},"modified":"2025-02-04T21:00:42","modified_gmt":"2025-02-04T20:00:42","slug":"pattern-book-cloth-loden-medium-light-part-1-2","status":"publish","type":"product","link":"https:\/\/tuchundstoff.shop\/en\/product\/pattern-book-cloth-loden-medium-light-part-1-2\/","title":{"rendered":"Sample book cloth &amp; loden middle light part 1+2"},"content":{"rendered":"<p>The sample book Cloth and Loden medium lightweight contains approx. 18&#215;14 cm large handle and colour samples of medium-lightweight (approx. 480 g\/lfm) cloth and loden fabrics from our current standard programme. Ideal for choosing which color best suits the type!<br \/>\nIf we include new fabrics in this category in our standard range, these are available as supplementary deliveries.<\/p>\n","protected":false},"excerpt":{"rendered":"<p>The sample book Cloth and Loden medium lightweight contains approx. 18&#215;14 cm large handle and colour samples of medium-lightweight (approx. 480g\/lfm) cloth and loden fabrics from our current standard programme.<\/p>\n","protected":false},"featured_media":9680,"comment_status":"open","ping_status":"closed","template":"","meta":{"ngg_post_thumbnail":0},"product_brand":[],"product_cat":[698,1585],"product_tag":[1170,1176,1461,1484,1587],"class_list":{"0":"post-9778","1":"product","2":"type-product","3":"status-publish","4":"has-post-thumbnail","6":"product_cat-wool","7":"product_cat-swatches-vouchers-more","8":"product_tag-loden-en-2","9":"product_tag-cloth","10":"product_tag-swatch","11":"product_tag-cloth-loden","12":"product_tag-sample-book","13":"resize-featured-image","14":"sales-flash-overlay","15":"woocommerce-text-align-center","16":"woocommerce-image-align-center","17":"do-quantity-buttons","18":"wc-has-gallery","20":"first","21":"outofstock","22":"sale","23":"taxable","24":"shipping-taxable","25":"purchasable","26":"product-type-simple"},"yoast_head":"<!-- This site is optimized with the Yoast SEO plugin v27.2 - https:\/\/yoast.com\/product\/yoast-seo-wordpress\/ -->\n<title>Sample book cloth &amp; loden middle light part 1+2 - TuchundStoff<\/title>\n<meta name=\"description\" content=\"Sample book cloth &amp; loden middle light part 1+2 - The sample book Cloth and Loden medium lightweight contains approx. 18x14 cm large handle and colour samples of medium-lightweight (approx. 480g\/lfm) cloth and loden fabrics from our current standard programme.\" \/>\n<meta name=\"robots\" content=\"index, follow, max-snippet:-1, max-image-preview:large, max-video-preview:-1\" \/>\n<link rel=\"canonical\" href=\"https:\/\/tuchundstoff.shop\/en\/product\/pattern-book-cloth-loden-medium-light-part-1-2\/\" \/>\n<meta property=\"og:locale\" content=\"en_US\" \/>\n<meta property=\"og:type\" content=\"article\" \/>\n<meta property=\"og:title\" content=\"Sample book cloth &amp; loden middle light part 1+2 - TuchundStoff\" \/>\n<meta property=\"og:description\" content=\"Sample book cloth &amp; loden middle light part 1+2 - The sample book Cloth and Loden medium lightweight contains approx. 18x14 cm large handle and colour samples of medium-lightweight (approx. 480g\/lfm) cloth and loden fabrics from our current standard programme.\" \/>\n<meta property=\"og:url\" content=\"https:\/\/tuchundstoff.shop\/en\/product\/pattern-book-cloth-loden-medium-light-part-1-2\/\" \/>\n<meta property=\"og:site_name\" content=\"TuchundStoff\" \/>\n<meta property=\"article:modified_time\" content=\"2025-02-04T20:00:42+00:00\" \/>\n<meta property=\"og:image\" content=\"https:\/\/tuchundstoff.shop\/wp-content\/uploads\/2021\/09\/DSC_1767_MB480.jpg\" \/>\n\t<meta property=\"og:image:width\" content=\"1200\" \/>\n\t<meta property=\"og:image:height\" content=\"1200\" \/>\n\t<meta property=\"og:image:type\" content=\"image\/jpeg\" \/>\n<script type=\"application\/ld+json\" class=\"yoast-schema-graph\">{\"@context\":\"https:\/\/schema.org\",\"@graph\":[{\"@type\":\"WebPage\",\"@id\":\"https:\/\/tuchundstoff.shop\/en\/product\/pattern-book-cloth-loden-medium-light-part-1-2\/\",\"url\":\"https:\/\/tuchundstoff.shop\/en\/product\/pattern-book-cloth-loden-medium-light-part-1-2\/\",\"name\":\"Sample book cloth &amp; loden middle light part 1+2 - TuchundStoff\",\"isPartOf\":{\"@id\":\"https:\/\/tuchundstoff.shop\/#website\"},\"primaryImageOfPage\":{\"@id\":\"https:\/\/tuchundstoff.shop\/en\/product\/pattern-book-cloth-loden-medium-light-part-1-2\/#primaryimage\"},\"image\":{\"@id\":\"https:\/\/tuchundstoff.shop\/en\/product\/pattern-book-cloth-loden-medium-light-part-1-2\/#primaryimage\"},\"thumbnailUrl\":\"https:\/\/tuchundstoff.shop\/wp-content\/uploads\/2021\/09\/DSC_1767_MB480.jpg\",\"datePublished\":\"2021-09-16T17:32:42+00:00\",\"dateModified\":\"2025-02-04T20:00:42+00:00\",\"description\":\"Sample book cloth &amp; loden middle light part 1+2 - The sample book Cloth and Loden medium lightweight contains approx. 18x14 cm large handle and colour samples of medium-lightweight (approx. 480g\/lfm) cloth and loden fabrics from our current standard programme.\",\"breadcrumb\":{\"@id\":\"https:\/\/tuchundstoff.shop\/en\/product\/pattern-book-cloth-loden-medium-light-part-1-2\/#breadcrumb\"},\"inLanguage\":\"en-US\",\"potentialAction\":[{\"@type\":\"ReadAction\",\"target\":[\"https:\/\/tuchundstoff.shop\/en\/product\/pattern-book-cloth-loden-medium-light-part-1-2\/\"]}]},{\"@type\":\"ImageObject\",\"inLanguage\":\"en-US\",\"@id\":\"https:\/\/tuchundstoff.shop\/en\/product\/pattern-book-cloth-loden-medium-light-part-1-2\/#primaryimage\",\"url\":\"https:\/\/tuchundstoff.shop\/wp-content\/uploads\/2021\/09\/DSC_1767_MB480.jpg\",\"contentUrl\":\"https:\/\/tuchundstoff.shop\/wp-content\/uploads\/2021\/09\/DSC_1767_MB480.jpg\",\"width\":1200,\"height\":1200,\"caption\":\"Sample book medium light\"},{\"@type\":\"BreadcrumbList\",\"@id\":\"https:\/\/tuchundstoff.shop\/en\/product\/pattern-book-cloth-loden-medium-light-part-1-2\/#breadcrumb\",\"itemListElement\":[{\"@type\":\"ListItem\",\"position\":1,\"name\":\"Startseite\",\"item\":\"https:\/\/tuchundstoff.shop\/en\/\"},{\"@type\":\"ListItem\",\"position\":2,\"name\":\"Quality fabrics for contemporary fashion and living history &#8211; 100% natural\",\"item\":\"https:\/\/tuchundstoff.shop\/en\/shop\/\"},{\"@type\":\"ListItem\",\"position\":3,\"name\":\"Sample book cloth &amp; loden middle light part 1+2\"}]},{\"@type\":\"WebSite\",\"@id\":\"https:\/\/tuchundstoff.shop\/#website\",\"url\":\"https:\/\/tuchundstoff.shop\/\",\"name\":\"TuchundStoff\",\"description\":\"Qualit\u00e4tsstoffe f\u00fcr zeitgen\u00f6ssische Mode und gelebte Geschichte \u2013 100% Natur\",\"publisher\":{\"@id\":\"https:\/\/tuchundstoff.shop\/#organization\"},\"potentialAction\":[{\"@type\":\"SearchAction\",\"target\":{\"@type\":\"EntryPoint\",\"urlTemplate\":\"https:\/\/tuchundstoff.shop\/?s={search_term_string}\"},\"query-input\":{\"@type\":\"PropertyValueSpecification\",\"valueRequired\":true,\"valueName\":\"search_term_string\"}}],\"inLanguage\":\"en-US\"},{\"@type\":\"Organization\",\"@id\":\"https:\/\/tuchundstoff.shop\/#organization\",\"name\":\"TuchundStoff\",\"url\":\"https:\/\/tuchundstoff.shop\/\",\"logo\":{\"@type\":\"ImageObject\",\"inLanguage\":\"en-US\",\"@id\":\"https:\/\/tuchundstoff.shop\/#\/schema\/logo\/image\/\",\"url\":\"https:\/\/tuchundstoff.shop\/wp-content\/uploads\/2021\/11\/Tus-Logo22-QfA-shop-V2-1.png\",\"contentUrl\":\"https:\/\/tuchundstoff.shop\/wp-content\/uploads\/2021\/11\/Tus-Logo22-QfA-shop-V2-1.png\",\"width\":485,\"height\":110,\"caption\":\"TuchundStoff\"},\"image\":{\"@id\":\"https:\/\/tuchundstoff.shop\/#\/schema\/logo\/image\/\"}}]}<\/script>\n<!-- \/ Yoast SEO plugin. -->","yoast_head_json":{"title":"Sample book cloth &amp; loden middle light part 1+2 - TuchundStoff","description":"Sample book cloth &amp; loden middle light part 1+2 - The sample book Cloth and Loden medium lightweight contains approx. 18x14 cm large handle and colour samples of medium-lightweight (approx. 480g\/lfm) cloth and loden fabrics from our current standard programme.","robots":{"index":"index","follow":"follow","max-snippet":"max-snippet:-1","max-image-preview":"max-image-preview:large","max-video-preview":"max-video-preview:-1"},"canonical":"https:\/\/tuchundstoff.shop\/en\/product\/pattern-book-cloth-loden-medium-light-part-1-2\/","og_locale":"en_US","og_type":"article","og_title":"Sample book cloth &amp; loden middle light part 1+2 - TuchundStoff","og_description":"Sample book cloth &amp; loden middle light part 1+2 - The sample book Cloth and Loden medium lightweight contains approx. 18x14 cm large handle and colour samples of medium-lightweight (approx. 480g\/lfm) cloth and loden fabrics from our current standard programme.","og_url":"https:\/\/tuchundstoff.shop\/en\/product\/pattern-book-cloth-loden-medium-light-part-1-2\/","og_site_name":"TuchundStoff","article_modified_time":"2025-02-04T20:00:42+00:00","og_image":[{"width":1200,"height":1200,"url":"https:\/\/tuchundstoff.shop\/wp-content\/uploads\/2021\/09\/DSC_1767_MB480.jpg","type":"image\/jpeg"}],"schema":{"@context":"https:\/\/schema.org","@graph":[{"@type":"WebPage","@id":"https:\/\/tuchundstoff.shop\/en\/product\/pattern-book-cloth-loden-medium-light-part-1-2\/","url":"https:\/\/tuchundstoff.shop\/en\/product\/pattern-book-cloth-loden-medium-light-part-1-2\/","name":"Sample book cloth &amp; loden middle light part 1+2 - TuchundStoff","isPartOf":{"@id":"https:\/\/tuchundstoff.shop\/#website"},"primaryImageOfPage":{"@id":"https:\/\/tuchundstoff.shop\/en\/product\/pattern-book-cloth-loden-medium-light-part-1-2\/#primaryimage"},"image":{"@id":"https:\/\/tuchundstoff.shop\/en\/product\/pattern-book-cloth-loden-medium-light-part-1-2\/#primaryimage"},"thumbnailUrl":"https:\/\/tuchundstoff.shop\/wp-content\/uploads\/2021\/09\/DSC_1767_MB480.jpg","datePublished":"2021-09-16T17:32:42+00:00","dateModified":"2025-02-04T20:00:42+00:00","description":"Sample book cloth &amp; loden middle light part 1+2 - The sample book Cloth and Loden medium lightweight contains approx. 18x14 cm large handle and colour samples of medium-lightweight (approx. 480g\/lfm) cloth and loden fabrics from our current standard programme.","breadcrumb":{"@id":"https:\/\/tuchundstoff.shop\/en\/product\/pattern-book-cloth-loden-medium-light-part-1-2\/#breadcrumb"},"inLanguage":"en-US","potentialAction":[{"@type":"ReadAction","target":["https:\/\/tuchundstoff.shop\/en\/product\/pattern-book-cloth-loden-medium-light-part-1-2\/"]}]},{"@type":"ImageObject","inLanguage":"en-US","@id":"https:\/\/tuchundstoff.shop\/en\/product\/pattern-book-cloth-loden-medium-light-part-1-2\/#primaryimage","url":"https:\/\/tuchundstoff.shop\/wp-content\/uploads\/2021\/09\/DSC_1767_MB480.jpg","contentUrl":"https:\/\/tuchundstoff.shop\/wp-content\/uploads\/2021\/09\/DSC_1767_MB480.jpg","width":1200,"height":1200,"caption":"Sample book medium light"},{"@type":"BreadcrumbList","@id":"https:\/\/tuchundstoff.shop\/en\/product\/pattern-book-cloth-loden-medium-light-part-1-2\/#breadcrumb","itemListElement":[{"@type":"ListItem","position":1,"name":"Startseite","item":"https:\/\/tuchundstoff.shop\/en\/"},{"@type":"ListItem","position":2,"name":"Quality fabrics for contemporary fashion and living history &#8211; 100% natural","item":"https:\/\/tuchundstoff.shop\/en\/shop\/"},{"@type":"ListItem","position":3,"name":"Sample book cloth &amp; loden middle light part 1+2"}]},{"@type":"WebSite","@id":"https:\/\/tuchundstoff.shop\/#website","url":"https:\/\/tuchundstoff.shop\/","name":"TuchundStoff","description":"Qualit\u00e4tsstoffe f\u00fcr zeitgen\u00f6ssische Mode und gelebte Geschichte \u2013 100% Natur","publisher":{"@id":"https:\/\/tuchundstoff.shop\/#organization"},"potentialAction":[{"@type":"SearchAction","target":{"@type":"EntryPoint","urlTemplate":"https:\/\/tuchundstoff.shop\/?s={search_term_string}"},"query-input":{"@type":"PropertyValueSpecification","valueRequired":true,"valueName":"search_term_string"}}],"inLanguage":"en-US"},{"@type":"Organization","@id":"https:\/\/tuchundstoff.shop\/#organization","name":"TuchundStoff","url":"https:\/\/tuchundstoff.shop\/","logo":{"@type":"ImageObject","inLanguage":"en-US","@id":"https:\/\/tuchundstoff.shop\/#\/schema\/logo\/image\/","url":"https:\/\/tuchundstoff.shop\/wp-content\/uploads\/2021\/11\/Tus-Logo22-QfA-shop-V2-1.png","contentUrl":"https:\/\/tuchundstoff.shop\/wp-content\/uploads\/2021\/11\/Tus-Logo22-QfA-shop-V2-1.png","width":485,"height":110,"caption":"TuchundStoff"},"image":{"@id":"https:\/\/tuchundstoff.shop\/#\/schema\/logo\/image\/"}}]}},"_links":{"self":[{"href":"https:\/\/tuchundstoff.shop\/en\/wp-json\/wp\/v2\/product\/9778","targetHints":{"allow":["GET"]}}],"collection":[{"href":"https:\/\/tuchundstoff.shop\/en\/wp-json\/wp\/v2\/product"}],"about":[{"href":"https:\/\/tuchundstoff.shop\/en\/wp-json\/wp\/v2\/types\/product"}],"replies":[{"embeddable":true,"href":"https:\/\/tuchundstoff.shop\/en\/wp-json\/wp\/v2\/comments?post=9778"}],"wp:featuredmedia":[{"embeddable":true,"href":"https:\/\/tuchundstoff.shop\/en\/wp-json\/wp\/v2\/media\/9680"}],"wp:attachment":[{"href":"https:\/\/tuchundstoff.shop\/en\/wp-json\/wp\/v2\/media?parent=9778"}],"wp:term":[{"taxonomy":"product_brand","embeddable":true,"href":"https:\/\/tuchundstoff.shop\/en\/wp-json\/wp\/v2\/product_brand?post=9778"},{"taxonomy":"product_cat","embeddable":true,"href":"https:\/\/tuchundstoff.shop\/en\/wp-json\/wp\/v2\/product_cat?post=9778"},{"taxonomy":"product_tag","embeddable":true,"href":"https:\/\/tuchundstoff.shop\/en\/wp-json\/wp\/v2\/product_tag?post=9778"}],"curies":[{"name":"wp","href":"https:\/\/api.w.org\/{rel}","templated":true}]}}