{"id":8774,"date":"2021-04-14T07:31:55","date_gmt":"2021-04-14T05:31:55","guid":{"rendered":"https:\/\/tuchundstoff.de\/?post_type=product&#038;p=8774"},"modified":"2025-05-06T17:51:47","modified_gmt":"2025-05-06T15:51:47","slug":"cloth-330g-lfm-roestkaffee-brown","status":"publish","type":"product","link":"https:\/\/tuchundstoff.shop\/en\/product\/cloth-330g-lfm-roestkaffee-brown\/","title":{"rendered":"Cloth 330g\/rm Roasted Coffee Brown"},"content":{"rendered":"<p>Lightweight scarf, 100% merino wool, 330g\/rm, width 150cm<br \/>\nBreathable, windproof, dirt and water repellent<\/p>\n<p>Great for dresses, as it falls softly and is not too warm in summer<br \/>\nWarm undergarment for winter<br \/>\nIdeal for trousers, tunics, thin jackets<\/p>\n","protected":false},"excerpt":{"rendered":"<p>Price advantage from 5 running meters!<\/p>\n<p>Light cloth, 100% merino wool, 330g\/lfm, width 150cm roasted coffee brown<\/p>\n","protected":false},"featured_media":8992,"comment_status":"open","ping_status":"closed","template":"","meta":{"ngg_post_thumbnail":0},"product_brand":[],"product_cat":[698,716,722],"product_tag":[822,1192,826,1414,831,1415,832,1416,833,1417,834,1418,835,1419,859,1420,1421,1170,1422,1171],"class_list":{"0":"post-8774","1":"product","2":"type-product","3":"status-publish","4":"has-post-thumbnail","6":"product_cat-wool","7":"product_cat-cloth-loden","8":"product_cat-lightweight","9":"product_tag-dress","10":"product_tag-bliaut-en","11":"product_tag-um1504-en","12":"product_tag-cotehardie-en","13":"product_tag-trousers","14":"product_tag-herjolfsnes-en-2","15":"product_tag-jacket","16":"product_tag-hellwindow","17":"product_tag-light-tunic","18":"product_tag-houppelande-en-2","19":"product_tag-strap-dress","20":"product_tag-peplos-en","21":"product_tag-tunika-en","22":"product_tag-rus-trousers","23":"product_tag-wool","24":"product_tag-surcot-en","25":"product_tag-thorsberg-trousers","26":"product_tag-loden-en-2","27":"product_tag-vilborg-en","28":"product_tag-plain-weave","29":"pa_gewicht-330g-lfm-220g-m-en","30":"resize-featured-image","31":"sales-flash-overlay","32":"woocommerce-text-align-center","33":"woocommerce-image-align-center","34":"do-quantity-buttons","35":"wc-has-gallery","37":"first","38":"instock","39":"taxable","40":"shipping-taxable","41":"purchasable","42":"product-type-simple"},"yoast_head":"<!-- This site is optimized with the Yoast SEO plugin v27.2 - https:\/\/yoast.com\/product\/yoast-seo-wordpress\/ -->\n<title>Cloth 330g\/rm Roasted Coffee Brown - TuchundStoff<\/title>\n<meta name=\"description\" content=\"Cloth 330g\/rm Roasted Coffee Brown - Price advantage from 5 running meters! Light cloth, 100% merino wool, 330g\/lfm, width 150cm roasted coffee brown\" \/>\n<meta name=\"robots\" content=\"index, follow, max-snippet:-1, max-image-preview:large, max-video-preview:-1\" \/>\n<link rel=\"canonical\" href=\"https:\/\/tuchundstoff.shop\/en\/product\/cloth-330g-lfm-roestkaffee-brown\/\" \/>\n<meta property=\"og:locale\" content=\"en_US\" \/>\n<meta property=\"og:type\" content=\"article\" \/>\n<meta property=\"og:title\" content=\"Cloth 330g\/rm Roasted Coffee Brown - TuchundStoff\" \/>\n<meta property=\"og:description\" content=\"Cloth 330g\/rm Roasted Coffee Brown - Price advantage from 5 running meters! Light cloth, 100% merino wool, 330g\/lfm, width 150cm roasted coffee brown\" \/>\n<meta property=\"og:url\" content=\"https:\/\/tuchundstoff.shop\/en\/product\/cloth-330g-lfm-roestkaffee-brown\/\" \/>\n<meta property=\"og:site_name\" content=\"TuchundStoff\" \/>\n<meta property=\"article:modified_time\" content=\"2025-05-06T15:51:47+00:00\" \/>\n<meta property=\"og:image\" content=\"https:\/\/tuchundstoff.shop\/wp-content\/uploads\/2021\/05\/DSC_1658_4156-331.jpg\" \/>\n\t<meta property=\"og:image:width\" content=\"1200\" \/>\n\t<meta property=\"og:image:height\" content=\"1200\" \/>\n\t<meta property=\"og:image:type\" content=\"image\/jpeg\" \/>\n<script type=\"application\/ld+json\" class=\"yoast-schema-graph\">{\"@context\":\"https:\/\/schema.org\",\"@graph\":[{\"@type\":\"WebPage\",\"@id\":\"https:\/\/tuchundstoff.shop\/en\/product\/cloth-330g-lfm-roestkaffee-brown\/\",\"url\":\"https:\/\/tuchundstoff.shop\/en\/product\/cloth-330g-lfm-roestkaffee-brown\/\",\"name\":\"Cloth 330g\/rm Roasted Coffee Brown - TuchundStoff\",\"isPartOf\":{\"@id\":\"https:\/\/tuchundstoff.shop\/#website\"},\"primaryImageOfPage\":{\"@id\":\"https:\/\/tuchundstoff.shop\/en\/product\/cloth-330g-lfm-roestkaffee-brown\/#primaryimage\"},\"image\":{\"@id\":\"https:\/\/tuchundstoff.shop\/en\/product\/cloth-330g-lfm-roestkaffee-brown\/#primaryimage\"},\"thumbnailUrl\":\"https:\/\/tuchundstoff.shop\/wp-content\/uploads\/2021\/05\/DSC_1658_4156-331.jpg\",\"datePublished\":\"2021-04-14T05:31:55+00:00\",\"dateModified\":\"2025-05-06T15:51:47+00:00\",\"description\":\"Cloth 330g\/rm Roasted Coffee Brown - Price advantage from 5 running meters! Light cloth, 100% merino wool, 330g\/lfm, width 150cm roasted coffee brown\",\"breadcrumb\":{\"@id\":\"https:\/\/tuchundstoff.shop\/en\/product\/cloth-330g-lfm-roestkaffee-brown\/#breadcrumb\"},\"inLanguage\":\"en-US\",\"potentialAction\":[{\"@type\":\"ReadAction\",\"target\":[\"https:\/\/tuchundstoff.shop\/en\/product\/cloth-330g-lfm-roestkaffee-brown\/\"]}]},{\"@type\":\"ImageObject\",\"inLanguage\":\"en-US\",\"@id\":\"https:\/\/tuchundstoff.shop\/en\/product\/cloth-330g-lfm-roestkaffee-brown\/#primaryimage\",\"url\":\"https:\/\/tuchundstoff.shop\/wp-content\/uploads\/2021\/05\/DSC_1658_4156-331.jpg\",\"contentUrl\":\"https:\/\/tuchundstoff.shop\/wp-content\/uploads\/2021\/05\/DSC_1658_4156-331.jpg\",\"width\":1200,\"height\":1200},{\"@type\":\"BreadcrumbList\",\"@id\":\"https:\/\/tuchundstoff.shop\/en\/product\/cloth-330g-lfm-roestkaffee-brown\/#breadcrumb\",\"itemListElement\":[{\"@type\":\"ListItem\",\"position\":1,\"name\":\"Startseite\",\"item\":\"https:\/\/tuchundstoff.shop\/en\/\"},{\"@type\":\"ListItem\",\"position\":2,\"name\":\"Quality fabrics for contemporary fashion and living history &#8211; 100% natural\",\"item\":\"https:\/\/tuchundstoff.shop\/en\/shop\/\"},{\"@type\":\"ListItem\",\"position\":3,\"name\":\"Cloth 330g\/rm Roasted Coffee Brown\"}]},{\"@type\":\"WebSite\",\"@id\":\"https:\/\/tuchundstoff.shop\/#website\",\"url\":\"https:\/\/tuchundstoff.shop\/\",\"name\":\"TuchundStoff\",\"description\":\"Qualit\u00e4tsstoffe f\u00fcr zeitgen\u00f6ssische Mode und gelebte Geschichte \u2013 100% Natur\",\"publisher\":{\"@id\":\"https:\/\/tuchundstoff.shop\/#organization\"},\"potentialAction\":[{\"@type\":\"SearchAction\",\"target\":{\"@type\":\"EntryPoint\",\"urlTemplate\":\"https:\/\/tuchundstoff.shop\/?s={search_term_string}\"},\"query-input\":{\"@type\":\"PropertyValueSpecification\",\"valueRequired\":true,\"valueName\":\"search_term_string\"}}],\"inLanguage\":\"en-US\"},{\"@type\":\"Organization\",\"@id\":\"https:\/\/tuchundstoff.shop\/#organization\",\"name\":\"TuchundStoff\",\"url\":\"https:\/\/tuchundstoff.shop\/\",\"logo\":{\"@type\":\"ImageObject\",\"inLanguage\":\"en-US\",\"@id\":\"https:\/\/tuchundstoff.shop\/#\/schema\/logo\/image\/\",\"url\":\"https:\/\/tuchundstoff.shop\/wp-content\/uploads\/2021\/11\/Tus-Logo22-QfA-shop-V2-1.png\",\"contentUrl\":\"https:\/\/tuchundstoff.shop\/wp-content\/uploads\/2021\/11\/Tus-Logo22-QfA-shop-V2-1.png\",\"width\":485,\"height\":110,\"caption\":\"TuchundStoff\"},\"image\":{\"@id\":\"https:\/\/tuchundstoff.shop\/#\/schema\/logo\/image\/\"}}]}<\/script>\n<!-- \/ Yoast SEO plugin. -->","yoast_head_json":{"title":"Cloth 330g\/rm Roasted Coffee Brown - TuchundStoff","description":"Cloth 330g\/rm Roasted Coffee Brown - Price advantage from 5 running meters! Light cloth, 100% merino wool, 330g\/lfm, width 150cm roasted coffee brown","robots":{"index":"index","follow":"follow","max-snippet":"max-snippet:-1","max-image-preview":"max-image-preview:large","max-video-preview":"max-video-preview:-1"},"canonical":"https:\/\/tuchundstoff.shop\/en\/product\/cloth-330g-lfm-roestkaffee-brown\/","og_locale":"en_US","og_type":"article","og_title":"Cloth 330g\/rm Roasted Coffee Brown - TuchundStoff","og_description":"Cloth 330g\/rm Roasted Coffee Brown - Price advantage from 5 running meters! Light cloth, 100% merino wool, 330g\/lfm, width 150cm roasted coffee brown","og_url":"https:\/\/tuchundstoff.shop\/en\/product\/cloth-330g-lfm-roestkaffee-brown\/","og_site_name":"TuchundStoff","article_modified_time":"2025-05-06T15:51:47+00:00","og_image":[{"width":1200,"height":1200,"url":"https:\/\/tuchundstoff.shop\/wp-content\/uploads\/2021\/05\/DSC_1658_4156-331.jpg","type":"image\/jpeg"}],"schema":{"@context":"https:\/\/schema.org","@graph":[{"@type":"WebPage","@id":"https:\/\/tuchundstoff.shop\/en\/product\/cloth-330g-lfm-roestkaffee-brown\/","url":"https:\/\/tuchundstoff.shop\/en\/product\/cloth-330g-lfm-roestkaffee-brown\/","name":"Cloth 330g\/rm Roasted Coffee Brown - TuchundStoff","isPartOf":{"@id":"https:\/\/tuchundstoff.shop\/#website"},"primaryImageOfPage":{"@id":"https:\/\/tuchundstoff.shop\/en\/product\/cloth-330g-lfm-roestkaffee-brown\/#primaryimage"},"image":{"@id":"https:\/\/tuchundstoff.shop\/en\/product\/cloth-330g-lfm-roestkaffee-brown\/#primaryimage"},"thumbnailUrl":"https:\/\/tuchundstoff.shop\/wp-content\/uploads\/2021\/05\/DSC_1658_4156-331.jpg","datePublished":"2021-04-14T05:31:55+00:00","dateModified":"2025-05-06T15:51:47+00:00","description":"Cloth 330g\/rm Roasted Coffee Brown - Price advantage from 5 running meters! Light cloth, 100% merino wool, 330g\/lfm, width 150cm roasted coffee brown","breadcrumb":{"@id":"https:\/\/tuchundstoff.shop\/en\/product\/cloth-330g-lfm-roestkaffee-brown\/#breadcrumb"},"inLanguage":"en-US","potentialAction":[{"@type":"ReadAction","target":["https:\/\/tuchundstoff.shop\/en\/product\/cloth-330g-lfm-roestkaffee-brown\/"]}]},{"@type":"ImageObject","inLanguage":"en-US","@id":"https:\/\/tuchundstoff.shop\/en\/product\/cloth-330g-lfm-roestkaffee-brown\/#primaryimage","url":"https:\/\/tuchundstoff.shop\/wp-content\/uploads\/2021\/05\/DSC_1658_4156-331.jpg","contentUrl":"https:\/\/tuchundstoff.shop\/wp-content\/uploads\/2021\/05\/DSC_1658_4156-331.jpg","width":1200,"height":1200},{"@type":"BreadcrumbList","@id":"https:\/\/tuchundstoff.shop\/en\/product\/cloth-330g-lfm-roestkaffee-brown\/#breadcrumb","itemListElement":[{"@type":"ListItem","position":1,"name":"Startseite","item":"https:\/\/tuchundstoff.shop\/en\/"},{"@type":"ListItem","position":2,"name":"Quality fabrics for contemporary fashion and living history &#8211; 100% natural","item":"https:\/\/tuchundstoff.shop\/en\/shop\/"},{"@type":"ListItem","position":3,"name":"Cloth 330g\/rm Roasted Coffee Brown"}]},{"@type":"WebSite","@id":"https:\/\/tuchundstoff.shop\/#website","url":"https:\/\/tuchundstoff.shop\/","name":"TuchundStoff","description":"Qualit\u00e4tsstoffe f\u00fcr zeitgen\u00f6ssische Mode und gelebte Geschichte \u2013 100% Natur","publisher":{"@id":"https:\/\/tuchundstoff.shop\/#organization"},"potentialAction":[{"@type":"SearchAction","target":{"@type":"EntryPoint","urlTemplate":"https:\/\/tuchundstoff.shop\/?s={search_term_string}"},"query-input":{"@type":"PropertyValueSpecification","valueRequired":true,"valueName":"search_term_string"}}],"inLanguage":"en-US"},{"@type":"Organization","@id":"https:\/\/tuchundstoff.shop\/#organization","name":"TuchundStoff","url":"https:\/\/tuchundstoff.shop\/","logo":{"@type":"ImageObject","inLanguage":"en-US","@id":"https:\/\/tuchundstoff.shop\/#\/schema\/logo\/image\/","url":"https:\/\/tuchundstoff.shop\/wp-content\/uploads\/2021\/11\/Tus-Logo22-QfA-shop-V2-1.png","contentUrl":"https:\/\/tuchundstoff.shop\/wp-content\/uploads\/2021\/11\/Tus-Logo22-QfA-shop-V2-1.png","width":485,"height":110,"caption":"TuchundStoff"},"image":{"@id":"https:\/\/tuchundstoff.shop\/#\/schema\/logo\/image\/"}}]}},"_links":{"self":[{"href":"https:\/\/tuchundstoff.shop\/en\/wp-json\/wp\/v2\/product\/8774","targetHints":{"allow":["GET"]}}],"collection":[{"href":"https:\/\/tuchundstoff.shop\/en\/wp-json\/wp\/v2\/product"}],"about":[{"href":"https:\/\/tuchundstoff.shop\/en\/wp-json\/wp\/v2\/types\/product"}],"replies":[{"embeddable":true,"href":"https:\/\/tuchundstoff.shop\/en\/wp-json\/wp\/v2\/comments?post=8774"}],"wp:featuredmedia":[{"embeddable":true,"href":"https:\/\/tuchundstoff.shop\/en\/wp-json\/wp\/v2\/media\/8992"}],"wp:attachment":[{"href":"https:\/\/tuchundstoff.shop\/en\/wp-json\/wp\/v2\/media?parent=8774"}],"wp:term":[{"taxonomy":"product_brand","embeddable":true,"href":"https:\/\/tuchundstoff.shop\/en\/wp-json\/wp\/v2\/product_brand?post=8774"},{"taxonomy":"product_cat","embeddable":true,"href":"https:\/\/tuchundstoff.shop\/en\/wp-json\/wp\/v2\/product_cat?post=8774"},{"taxonomy":"product_tag","embeddable":true,"href":"https:\/\/tuchundstoff.shop\/en\/wp-json\/wp\/v2\/product_tag?post=8774"}],"curies":[{"name":"wp","href":"https:\/\/api.w.org\/{rel}","templated":true}]}}