{"id":8310,"date":"2020-03-19T17:37:03","date_gmt":"2020-03-19T16:37:03","guid":{"rendered":"https:\/\/tuchundstoff.de\/produkt\/cloth-330g-rm-paprika-green\/"},"modified":"2026-04-12T02:11:37","modified_gmt":"2026-04-12T00:11:37","slug":"cloth-330g-rm-paprika-green","status":"publish","type":"product","link":"https:\/\/tuchundstoff.shop\/en\/product\/cloth-330g-rm-paprika-green\/","title":{"rendered":"Cloth 330g\/rm paprika green"},"content":{"rendered":"<p>Breathable, windproof, dirt and water repellent<br \/>\nGreat for dresses, as it falls softly and is not too warm in summer<br \/>\nWarm slip dress for winter<br \/>\nIdeal for trousers, tunics, thin jackets<\/p>\n","protected":false},"excerpt":{"rendered":"<p>Price advantage from 5 running meters!<\/p>\n<p>Lightweight cloth, 100% merino wool, panel width 150cm<\/p>\n","protected":false},"featured_media":7465,"comment_status":"open","ping_status":"closed","template":"","meta":{"ngg_post_thumbnail":0},"product_brand":[],"product_cat":[698,716,722],"product_tag":[1172,826,1192,831,1414,833,1415,834,1416,835,1417,859,1418,1419,1420,1170,1421,1171,1422],"class_list":{"0":"post-8310","1":"product","2":"type-product","3":"status-publish","4":"has-post-thumbnail","6":"product_cat-wool","7":"product_cat-cloth-loden","8":"product_cat-lightweight","9":"product_tag-uniform-en","10":"product_tag-um1504-en","11":"product_tag-bliaut-en","12":"product_tag-trousers","13":"product_tag-cotehardie-en","14":"product_tag-light-tunic","15":"product_tag-herjolfsnes-en-2","16":"product_tag-strap-dress","17":"product_tag-hellwindow","18":"product_tag-tunika-en","19":"product_tag-houppelande-en-2","20":"product_tag-wool","21":"product_tag-peplos-en","22":"product_tag-rus-trousers","23":"product_tag-surcot-en","24":"product_tag-loden-en-2","25":"product_tag-thorsberg-trousers","26":"product_tag-plain-weave","27":"product_tag-vilborg-en","28":"pa_gewicht-330g-lfm-220g-m-en","29":"resize-featured-image","30":"sales-flash-overlay","31":"woocommerce-text-align-center","32":"woocommerce-image-align-center","33":"do-quantity-buttons","35":"first","36":"instock","37":"taxable","38":"shipping-taxable","39":"purchasable","40":"product-type-simple"},"yoast_head":"<!-- This site is optimized with the Yoast SEO plugin v27.2 - https:\/\/yoast.com\/product\/yoast-seo-wordpress\/ -->\n<title>Cloth 330g\/rm paprika green - TuchundStoff<\/title>\n<meta name=\"description\" content=\"Cloth 330g\/rm paprika green - Price advantage from 5 running meters! Lightweight cloth, 100% merino wool, panel width 150cm\" \/>\n<meta name=\"robots\" content=\"index, follow, max-snippet:-1, max-image-preview:large, max-video-preview:-1\" \/>\n<link rel=\"canonical\" href=\"https:\/\/tuchundstoff.shop\/en\/product\/cloth-330g-rm-paprika-green\/\" \/>\n<meta property=\"og:locale\" content=\"en_US\" \/>\n<meta property=\"og:type\" content=\"article\" \/>\n<meta property=\"og:title\" content=\"Cloth 330g\/rm paprika green - TuchundStoff\" \/>\n<meta property=\"og:description\" content=\"Cloth 330g\/rm paprika green - Price advantage from 5 running meters! Lightweight cloth, 100% merino wool, panel width 150cm\" \/>\n<meta property=\"og:url\" content=\"https:\/\/tuchundstoff.shop\/en\/product\/cloth-330g-rm-paprika-green\/\" \/>\n<meta property=\"og:site_name\" content=\"TuchundStoff\" \/>\n<meta property=\"article:modified_time\" content=\"2026-04-12T00:11:37+00:00\" \/>\n<meta property=\"og:image\" content=\"https:\/\/tuchundstoff.shop\/wp-content\/uploads\/2020\/03\/DSC_0538_4156-57170.jpg\" \/>\n\t<meta property=\"og:image:width\" content=\"1200\" \/>\n\t<meta property=\"og:image:height\" content=\"1200\" \/>\n\t<meta property=\"og:image:type\" content=\"image\/jpeg\" \/>\n<script type=\"application\/ld+json\" class=\"yoast-schema-graph\">{\"@context\":\"https:\/\/schema.org\",\"@graph\":[{\"@type\":\"WebPage\",\"@id\":\"https:\/\/tuchundstoff.shop\/en\/product\/cloth-330g-rm-paprika-green\/\",\"url\":\"https:\/\/tuchundstoff.shop\/en\/product\/cloth-330g-rm-paprika-green\/\",\"name\":\"Cloth 330g\/rm paprika green - TuchundStoff\",\"isPartOf\":{\"@id\":\"https:\/\/tuchundstoff.shop\/#website\"},\"primaryImageOfPage\":{\"@id\":\"https:\/\/tuchundstoff.shop\/en\/product\/cloth-330g-rm-paprika-green\/#primaryimage\"},\"image\":{\"@id\":\"https:\/\/tuchundstoff.shop\/en\/product\/cloth-330g-rm-paprika-green\/#primaryimage\"},\"thumbnailUrl\":\"https:\/\/tuchundstoff.shop\/wp-content\/uploads\/2020\/03\/DSC_0538_4156-57170.jpg\",\"datePublished\":\"2020-03-19T16:37:03+00:00\",\"dateModified\":\"2026-04-12T00:11:37+00:00\",\"description\":\"Cloth 330g\/rm paprika green - Price advantage from 5 running meters! Lightweight cloth, 100% merino wool, panel width 150cm\",\"breadcrumb\":{\"@id\":\"https:\/\/tuchundstoff.shop\/en\/product\/cloth-330g-rm-paprika-green\/#breadcrumb\"},\"inLanguage\":\"en-US\",\"potentialAction\":[{\"@type\":\"ReadAction\",\"target\":[\"https:\/\/tuchundstoff.shop\/en\/product\/cloth-330g-rm-paprika-green\/\"]}]},{\"@type\":\"ImageObject\",\"inLanguage\":\"en-US\",\"@id\":\"https:\/\/tuchundstoff.shop\/en\/product\/cloth-330g-rm-paprika-green\/#primaryimage\",\"url\":\"https:\/\/tuchundstoff.shop\/wp-content\/uploads\/2020\/03\/DSC_0538_4156-57170.jpg\",\"contentUrl\":\"https:\/\/tuchundstoff.shop\/wp-content\/uploads\/2020\/03\/DSC_0538_4156-57170.jpg\",\"width\":1200,\"height\":1200,\"caption\":\"4156\/57170\"},{\"@type\":\"BreadcrumbList\",\"@id\":\"https:\/\/tuchundstoff.shop\/en\/product\/cloth-330g-rm-paprika-green\/#breadcrumb\",\"itemListElement\":[{\"@type\":\"ListItem\",\"position\":1,\"name\":\"Startseite\",\"item\":\"https:\/\/tuchundstoff.shop\/en\/\"},{\"@type\":\"ListItem\",\"position\":2,\"name\":\"Quality fabrics for contemporary fashion and living history &#8211; 100% natural\",\"item\":\"https:\/\/tuchundstoff.shop\/en\/shop\/\"},{\"@type\":\"ListItem\",\"position\":3,\"name\":\"Cloth 330g\/rm paprika green\"}]},{\"@type\":\"WebSite\",\"@id\":\"https:\/\/tuchundstoff.shop\/#website\",\"url\":\"https:\/\/tuchundstoff.shop\/\",\"name\":\"TuchundStoff\",\"description\":\"Qualit\u00e4tsstoffe f\u00fcr zeitgen\u00f6ssische Mode und gelebte Geschichte \u2013 100% Natur\",\"publisher\":{\"@id\":\"https:\/\/tuchundstoff.shop\/#organization\"},\"potentialAction\":[{\"@type\":\"SearchAction\",\"target\":{\"@type\":\"EntryPoint\",\"urlTemplate\":\"https:\/\/tuchundstoff.shop\/?s={search_term_string}\"},\"query-input\":{\"@type\":\"PropertyValueSpecification\",\"valueRequired\":true,\"valueName\":\"search_term_string\"}}],\"inLanguage\":\"en-US\"},{\"@type\":\"Organization\",\"@id\":\"https:\/\/tuchundstoff.shop\/#organization\",\"name\":\"TuchundStoff\",\"url\":\"https:\/\/tuchundstoff.shop\/\",\"logo\":{\"@type\":\"ImageObject\",\"inLanguage\":\"en-US\",\"@id\":\"https:\/\/tuchundstoff.shop\/#\/schema\/logo\/image\/\",\"url\":\"https:\/\/tuchundstoff.shop\/wp-content\/uploads\/2021\/11\/Tus-Logo22-QfA-shop-V2-1.png\",\"contentUrl\":\"https:\/\/tuchundstoff.shop\/wp-content\/uploads\/2021\/11\/Tus-Logo22-QfA-shop-V2-1.png\",\"width\":485,\"height\":110,\"caption\":\"TuchundStoff\"},\"image\":{\"@id\":\"https:\/\/tuchundstoff.shop\/#\/schema\/logo\/image\/\"}}]}<\/script>\n<!-- \/ Yoast SEO plugin. -->","yoast_head_json":{"title":"Cloth 330g\/rm paprika green - TuchundStoff","description":"Cloth 330g\/rm paprika green - Price advantage from 5 running meters! Lightweight cloth, 100% merino wool, panel width 150cm","robots":{"index":"index","follow":"follow","max-snippet":"max-snippet:-1","max-image-preview":"max-image-preview:large","max-video-preview":"max-video-preview:-1"},"canonical":"https:\/\/tuchundstoff.shop\/en\/product\/cloth-330g-rm-paprika-green\/","og_locale":"en_US","og_type":"article","og_title":"Cloth 330g\/rm paprika green - TuchundStoff","og_description":"Cloth 330g\/rm paprika green - Price advantage from 5 running meters! Lightweight cloth, 100% merino wool, panel width 150cm","og_url":"https:\/\/tuchundstoff.shop\/en\/product\/cloth-330g-rm-paprika-green\/","og_site_name":"TuchundStoff","article_modified_time":"2026-04-12T00:11:37+00:00","og_image":[{"width":1200,"height":1200,"url":"https:\/\/tuchundstoff.shop\/wp-content\/uploads\/2020\/03\/DSC_0538_4156-57170.jpg","type":"image\/jpeg"}],"schema":{"@context":"https:\/\/schema.org","@graph":[{"@type":"WebPage","@id":"https:\/\/tuchundstoff.shop\/en\/product\/cloth-330g-rm-paprika-green\/","url":"https:\/\/tuchundstoff.shop\/en\/product\/cloth-330g-rm-paprika-green\/","name":"Cloth 330g\/rm paprika green - TuchundStoff","isPartOf":{"@id":"https:\/\/tuchundstoff.shop\/#website"},"primaryImageOfPage":{"@id":"https:\/\/tuchundstoff.shop\/en\/product\/cloth-330g-rm-paprika-green\/#primaryimage"},"image":{"@id":"https:\/\/tuchundstoff.shop\/en\/product\/cloth-330g-rm-paprika-green\/#primaryimage"},"thumbnailUrl":"https:\/\/tuchundstoff.shop\/wp-content\/uploads\/2020\/03\/DSC_0538_4156-57170.jpg","datePublished":"2020-03-19T16:37:03+00:00","dateModified":"2026-04-12T00:11:37+00:00","description":"Cloth 330g\/rm paprika green - Price advantage from 5 running meters! Lightweight cloth, 100% merino wool, panel width 150cm","breadcrumb":{"@id":"https:\/\/tuchundstoff.shop\/en\/product\/cloth-330g-rm-paprika-green\/#breadcrumb"},"inLanguage":"en-US","potentialAction":[{"@type":"ReadAction","target":["https:\/\/tuchundstoff.shop\/en\/product\/cloth-330g-rm-paprika-green\/"]}]},{"@type":"ImageObject","inLanguage":"en-US","@id":"https:\/\/tuchundstoff.shop\/en\/product\/cloth-330g-rm-paprika-green\/#primaryimage","url":"https:\/\/tuchundstoff.shop\/wp-content\/uploads\/2020\/03\/DSC_0538_4156-57170.jpg","contentUrl":"https:\/\/tuchundstoff.shop\/wp-content\/uploads\/2020\/03\/DSC_0538_4156-57170.jpg","width":1200,"height":1200,"caption":"4156\/57170"},{"@type":"BreadcrumbList","@id":"https:\/\/tuchundstoff.shop\/en\/product\/cloth-330g-rm-paprika-green\/#breadcrumb","itemListElement":[{"@type":"ListItem","position":1,"name":"Startseite","item":"https:\/\/tuchundstoff.shop\/en\/"},{"@type":"ListItem","position":2,"name":"Quality fabrics for contemporary fashion and living history &#8211; 100% natural","item":"https:\/\/tuchundstoff.shop\/en\/shop\/"},{"@type":"ListItem","position":3,"name":"Cloth 330g\/rm paprika green"}]},{"@type":"WebSite","@id":"https:\/\/tuchundstoff.shop\/#website","url":"https:\/\/tuchundstoff.shop\/","name":"TuchundStoff","description":"Qualit\u00e4tsstoffe f\u00fcr zeitgen\u00f6ssische Mode und gelebte Geschichte \u2013 100% Natur","publisher":{"@id":"https:\/\/tuchundstoff.shop\/#organization"},"potentialAction":[{"@type":"SearchAction","target":{"@type":"EntryPoint","urlTemplate":"https:\/\/tuchundstoff.shop\/?s={search_term_string}"},"query-input":{"@type":"PropertyValueSpecification","valueRequired":true,"valueName":"search_term_string"}}],"inLanguage":"en-US"},{"@type":"Organization","@id":"https:\/\/tuchundstoff.shop\/#organization","name":"TuchundStoff","url":"https:\/\/tuchundstoff.shop\/","logo":{"@type":"ImageObject","inLanguage":"en-US","@id":"https:\/\/tuchundstoff.shop\/#\/schema\/logo\/image\/","url":"https:\/\/tuchundstoff.shop\/wp-content\/uploads\/2021\/11\/Tus-Logo22-QfA-shop-V2-1.png","contentUrl":"https:\/\/tuchundstoff.shop\/wp-content\/uploads\/2021\/11\/Tus-Logo22-QfA-shop-V2-1.png","width":485,"height":110,"caption":"TuchundStoff"},"image":{"@id":"https:\/\/tuchundstoff.shop\/#\/schema\/logo\/image\/"}}]}},"_links":{"self":[{"href":"https:\/\/tuchundstoff.shop\/en\/wp-json\/wp\/v2\/product\/8310","targetHints":{"allow":["GET"]}}],"collection":[{"href":"https:\/\/tuchundstoff.shop\/en\/wp-json\/wp\/v2\/product"}],"about":[{"href":"https:\/\/tuchundstoff.shop\/en\/wp-json\/wp\/v2\/types\/product"}],"replies":[{"embeddable":true,"href":"https:\/\/tuchundstoff.shop\/en\/wp-json\/wp\/v2\/comments?post=8310"}],"wp:featuredmedia":[{"embeddable":true,"href":"https:\/\/tuchundstoff.shop\/en\/wp-json\/wp\/v2\/media\/7465"}],"wp:attachment":[{"href":"https:\/\/tuchundstoff.shop\/en\/wp-json\/wp\/v2\/media?parent=8310"}],"wp:term":[{"taxonomy":"product_brand","embeddable":true,"href":"https:\/\/tuchundstoff.shop\/en\/wp-json\/wp\/v2\/product_brand?post=8310"},{"taxonomy":"product_cat","embeddable":true,"href":"https:\/\/tuchundstoff.shop\/en\/wp-json\/wp\/v2\/product_cat?post=8310"},{"taxonomy":"product_tag","embeddable":true,"href":"https:\/\/tuchundstoff.shop\/en\/wp-json\/wp\/v2\/product_tag?post=8310"}],"curies":[{"name":"wp","href":"https:\/\/api.w.org\/{rel}","templated":true}]}}