{"id":8233,"date":"2020-04-14T18:25:07","date_gmt":"2020-04-14T16:25:07","guid":{"rendered":"https:\/\/tuchundstoff.de\/produkt\/cloth-480g-rm-summer-brise-blue\/"},"modified":"2025-05-06T14:27:37","modified_gmt":"2025-05-06T12:27:37","slug":"cloth-480g-rm-summer-brisbreeze-blue","status":"publish","type":"product","link":"https:\/\/tuchundstoff.shop\/en\/product\/cloth-480g-rm-summer-brisbreeze-blue\/","title":{"rendered":"Cloth 480g\/rm summer brise blue"},"content":{"rendered":"<p>Medium-lightweight cloth, breathable, windproof, dirt and water repellent<br \/>\nFor uniforms, trousers, warm tunics, tabards and light capes<\/p>\n","protected":false},"excerpt":{"rendered":"<p>Price advantage from 5 running meters!<\/p>\n<p>100% virgin wool, medium light, web width 150cm<\/p>\n","protected":false},"featured_media":7525,"comment_status":"open","ping_status":"closed","template":"","meta":{"ngg_post_thumbnail":0},"product_brand":[],"product_cat":[698,716,723,2118],"product_tag":[1426,1170,1427,1171,1428,1172,1429,826,1176,1430,831,1179,1431,835,1197,1203,859,1423,887,1424,1425],"class_list":{"0":"post-8233","1":"product","2":"type-product","3":"status-publish","4":"has-post-thumbnail","6":"product_cat-wool","7":"product_cat-cloth-loden","8":"product_cat-medium-lightweight","9":"product_cat-uniform-en","10":"product_tag-doublet-en-3","11":"product_tag-loden-en-2","12":"product_tag-gugel-en","13":"product_tag-plain-weave","14":"product_tag-koller-en","15":"product_tag-uniform-en","16":"product_tag-pubic-briefs","17":"product_tag-um1504-en","18":"product_tag-cloth","19":"product_tag-doublet-en-2","20":"product_tag-trousers","21":"product_tag-rectangular-jacket","22":"product_tag-tabard","23":"product_tag-tunika-en","24":"product_tag-guard-corps","25":"product_tag-flap-skirt","26":"product_tag-wool","27":"product_tag-cappa-en","28":"product_tag-cape","29":"product_tag-cotte-en","30":"product_tag-cutaway-en-2","31":"pa_gewicht-480g-lfm-320g-m-en","32":"resize-featured-image","33":"sales-flash-overlay","34":"woocommerce-text-align-center","35":"woocommerce-image-align-center","36":"do-quantity-buttons","38":"first","39":"instock","40":"taxable","41":"shipping-taxable","42":"purchasable","43":"product-type-simple"},"yoast_head":"<!-- This site is optimized with the Yoast SEO plugin v27.2 - https:\/\/yoast.com\/product\/yoast-seo-wordpress\/ -->\n<title>Cloth 480g\/rm summer brise blue - TuchundStoff<\/title>\n<meta name=\"description\" content=\"Cloth 480g\/rm summer brise blue - Price advantage from 5 running meters! 100% virgin wool, medium light, web width 150cm\" \/>\n<meta name=\"robots\" content=\"index, follow, max-snippet:-1, max-image-preview:large, max-video-preview:-1\" \/>\n<link rel=\"canonical\" href=\"https:\/\/tuchundstoff.shop\/en\/product\/cloth-480g-rm-summer-brisbreeze-blue\/\" \/>\n<meta property=\"og:locale\" content=\"en_US\" \/>\n<meta property=\"og:type\" content=\"article\" \/>\n<meta property=\"og:title\" content=\"Cloth 480g\/rm summer brise blue - TuchundStoff\" \/>\n<meta property=\"og:description\" content=\"Cloth 480g\/rm summer brise blue - Price advantage from 5 running meters! 100% virgin wool, medium light, web width 150cm\" \/>\n<meta property=\"og:url\" content=\"https:\/\/tuchundstoff.shop\/en\/product\/cloth-480g-rm-summer-brisbreeze-blue\/\" \/>\n<meta property=\"og:site_name\" content=\"TuchundStoff\" \/>\n<meta property=\"article:modified_time\" content=\"2025-05-06T12:27:37+00:00\" \/>\n<meta property=\"og:image\" content=\"https:\/\/tuchundstoff.shop\/wp-content\/uploads\/2020\/03\/DSC_0432_4364-0280.jpg\" \/>\n\t<meta property=\"og:image:width\" content=\"1200\" \/>\n\t<meta property=\"og:image:height\" content=\"1200\" \/>\n\t<meta property=\"og:image:type\" content=\"image\/jpeg\" \/>\n<script type=\"application\/ld+json\" class=\"yoast-schema-graph\">{\"@context\":\"https:\/\/schema.org\",\"@graph\":[{\"@type\":\"WebPage\",\"@id\":\"https:\/\/tuchundstoff.shop\/en\/product\/cloth-480g-rm-summer-brisbreeze-blue\/\",\"url\":\"https:\/\/tuchundstoff.shop\/en\/product\/cloth-480g-rm-summer-brisbreeze-blue\/\",\"name\":\"Cloth 480g\/rm summer brise blue - TuchundStoff\",\"isPartOf\":{\"@id\":\"https:\/\/tuchundstoff.shop\/#website\"},\"primaryImageOfPage\":{\"@id\":\"https:\/\/tuchundstoff.shop\/en\/product\/cloth-480g-rm-summer-brisbreeze-blue\/#primaryimage\"},\"image\":{\"@id\":\"https:\/\/tuchundstoff.shop\/en\/product\/cloth-480g-rm-summer-brisbreeze-blue\/#primaryimage\"},\"thumbnailUrl\":\"https:\/\/tuchundstoff.shop\/wp-content\/uploads\/2020\/03\/DSC_0432_4364-0280.jpg\",\"datePublished\":\"2020-04-14T16:25:07+00:00\",\"dateModified\":\"2025-05-06T12:27:37+00:00\",\"description\":\"Cloth 480g\/rm summer brise blue - Price advantage from 5 running meters! 100% virgin wool, medium light, web width 150cm\",\"breadcrumb\":{\"@id\":\"https:\/\/tuchundstoff.shop\/en\/product\/cloth-480g-rm-summer-brisbreeze-blue\/#breadcrumb\"},\"inLanguage\":\"en-US\",\"potentialAction\":[{\"@type\":\"ReadAction\",\"target\":[\"https:\/\/tuchundstoff.shop\/en\/product\/cloth-480g-rm-summer-brisbreeze-blue\/\"]}]},{\"@type\":\"ImageObject\",\"inLanguage\":\"en-US\",\"@id\":\"https:\/\/tuchundstoff.shop\/en\/product\/cloth-480g-rm-summer-brisbreeze-blue\/#primaryimage\",\"url\":\"https:\/\/tuchundstoff.shop\/wp-content\/uploads\/2020\/03\/DSC_0432_4364-0280.jpg\",\"contentUrl\":\"https:\/\/tuchundstoff.shop\/wp-content\/uploads\/2020\/03\/DSC_0432_4364-0280.jpg\",\"width\":1200,\"height\":1200},{\"@type\":\"BreadcrumbList\",\"@id\":\"https:\/\/tuchundstoff.shop\/en\/product\/cloth-480g-rm-summer-brisbreeze-blue\/#breadcrumb\",\"itemListElement\":[{\"@type\":\"ListItem\",\"position\":1,\"name\":\"Startseite\",\"item\":\"https:\/\/tuchundstoff.shop\/en\/\"},{\"@type\":\"ListItem\",\"position\":2,\"name\":\"Quality fabrics for contemporary fashion and living history &#8211; 100% natural\",\"item\":\"https:\/\/tuchundstoff.shop\/en\/shop\/\"},{\"@type\":\"ListItem\",\"position\":3,\"name\":\"Cloth 480g\/rm summer brise blue\"}]},{\"@type\":\"WebSite\",\"@id\":\"https:\/\/tuchundstoff.shop\/#website\",\"url\":\"https:\/\/tuchundstoff.shop\/\",\"name\":\"TuchundStoff\",\"description\":\"Qualit\u00e4tsstoffe f\u00fcr zeitgen\u00f6ssische Mode und gelebte Geschichte \u2013 100% Natur\",\"publisher\":{\"@id\":\"https:\/\/tuchundstoff.shop\/#organization\"},\"potentialAction\":[{\"@type\":\"SearchAction\",\"target\":{\"@type\":\"EntryPoint\",\"urlTemplate\":\"https:\/\/tuchundstoff.shop\/?s={search_term_string}\"},\"query-input\":{\"@type\":\"PropertyValueSpecification\",\"valueRequired\":true,\"valueName\":\"search_term_string\"}}],\"inLanguage\":\"en-US\"},{\"@type\":\"Organization\",\"@id\":\"https:\/\/tuchundstoff.shop\/#organization\",\"name\":\"TuchundStoff\",\"url\":\"https:\/\/tuchundstoff.shop\/\",\"logo\":{\"@type\":\"ImageObject\",\"inLanguage\":\"en-US\",\"@id\":\"https:\/\/tuchundstoff.shop\/#\/schema\/logo\/image\/\",\"url\":\"https:\/\/tuchundstoff.shop\/wp-content\/uploads\/2021\/11\/Tus-Logo22-QfA-shop-V2-1.png\",\"contentUrl\":\"https:\/\/tuchundstoff.shop\/wp-content\/uploads\/2021\/11\/Tus-Logo22-QfA-shop-V2-1.png\",\"width\":485,\"height\":110,\"caption\":\"TuchundStoff\"},\"image\":{\"@id\":\"https:\/\/tuchundstoff.shop\/#\/schema\/logo\/image\/\"}}]}<\/script>\n<!-- \/ Yoast SEO plugin. -->","yoast_head_json":{"title":"Cloth 480g\/rm summer brise blue - TuchundStoff","description":"Cloth 480g\/rm summer brise blue - Price advantage from 5 running meters! 100% virgin wool, medium light, web width 150cm","robots":{"index":"index","follow":"follow","max-snippet":"max-snippet:-1","max-image-preview":"max-image-preview:large","max-video-preview":"max-video-preview:-1"},"canonical":"https:\/\/tuchundstoff.shop\/en\/product\/cloth-480g-rm-summer-brisbreeze-blue\/","og_locale":"en_US","og_type":"article","og_title":"Cloth 480g\/rm summer brise blue - TuchundStoff","og_description":"Cloth 480g\/rm summer brise blue - Price advantage from 5 running meters! 100% virgin wool, medium light, web width 150cm","og_url":"https:\/\/tuchundstoff.shop\/en\/product\/cloth-480g-rm-summer-brisbreeze-blue\/","og_site_name":"TuchundStoff","article_modified_time":"2025-05-06T12:27:37+00:00","og_image":[{"width":1200,"height":1200,"url":"https:\/\/tuchundstoff.shop\/wp-content\/uploads\/2020\/03\/DSC_0432_4364-0280.jpg","type":"image\/jpeg"}],"schema":{"@context":"https:\/\/schema.org","@graph":[{"@type":"WebPage","@id":"https:\/\/tuchundstoff.shop\/en\/product\/cloth-480g-rm-summer-brisbreeze-blue\/","url":"https:\/\/tuchundstoff.shop\/en\/product\/cloth-480g-rm-summer-brisbreeze-blue\/","name":"Cloth 480g\/rm summer brise blue - TuchundStoff","isPartOf":{"@id":"https:\/\/tuchundstoff.shop\/#website"},"primaryImageOfPage":{"@id":"https:\/\/tuchundstoff.shop\/en\/product\/cloth-480g-rm-summer-brisbreeze-blue\/#primaryimage"},"image":{"@id":"https:\/\/tuchundstoff.shop\/en\/product\/cloth-480g-rm-summer-brisbreeze-blue\/#primaryimage"},"thumbnailUrl":"https:\/\/tuchundstoff.shop\/wp-content\/uploads\/2020\/03\/DSC_0432_4364-0280.jpg","datePublished":"2020-04-14T16:25:07+00:00","dateModified":"2025-05-06T12:27:37+00:00","description":"Cloth 480g\/rm summer brise blue - Price advantage from 5 running meters! 100% virgin wool, medium light, web width 150cm","breadcrumb":{"@id":"https:\/\/tuchundstoff.shop\/en\/product\/cloth-480g-rm-summer-brisbreeze-blue\/#breadcrumb"},"inLanguage":"en-US","potentialAction":[{"@type":"ReadAction","target":["https:\/\/tuchundstoff.shop\/en\/product\/cloth-480g-rm-summer-brisbreeze-blue\/"]}]},{"@type":"ImageObject","inLanguage":"en-US","@id":"https:\/\/tuchundstoff.shop\/en\/product\/cloth-480g-rm-summer-brisbreeze-blue\/#primaryimage","url":"https:\/\/tuchundstoff.shop\/wp-content\/uploads\/2020\/03\/DSC_0432_4364-0280.jpg","contentUrl":"https:\/\/tuchundstoff.shop\/wp-content\/uploads\/2020\/03\/DSC_0432_4364-0280.jpg","width":1200,"height":1200},{"@type":"BreadcrumbList","@id":"https:\/\/tuchundstoff.shop\/en\/product\/cloth-480g-rm-summer-brisbreeze-blue\/#breadcrumb","itemListElement":[{"@type":"ListItem","position":1,"name":"Startseite","item":"https:\/\/tuchundstoff.shop\/en\/"},{"@type":"ListItem","position":2,"name":"Quality fabrics for contemporary fashion and living history &#8211; 100% natural","item":"https:\/\/tuchundstoff.shop\/en\/shop\/"},{"@type":"ListItem","position":3,"name":"Cloth 480g\/rm summer brise blue"}]},{"@type":"WebSite","@id":"https:\/\/tuchundstoff.shop\/#website","url":"https:\/\/tuchundstoff.shop\/","name":"TuchundStoff","description":"Qualit\u00e4tsstoffe f\u00fcr zeitgen\u00f6ssische Mode und gelebte Geschichte \u2013 100% Natur","publisher":{"@id":"https:\/\/tuchundstoff.shop\/#organization"},"potentialAction":[{"@type":"SearchAction","target":{"@type":"EntryPoint","urlTemplate":"https:\/\/tuchundstoff.shop\/?s={search_term_string}"},"query-input":{"@type":"PropertyValueSpecification","valueRequired":true,"valueName":"search_term_string"}}],"inLanguage":"en-US"},{"@type":"Organization","@id":"https:\/\/tuchundstoff.shop\/#organization","name":"TuchundStoff","url":"https:\/\/tuchundstoff.shop\/","logo":{"@type":"ImageObject","inLanguage":"en-US","@id":"https:\/\/tuchundstoff.shop\/#\/schema\/logo\/image\/","url":"https:\/\/tuchundstoff.shop\/wp-content\/uploads\/2021\/11\/Tus-Logo22-QfA-shop-V2-1.png","contentUrl":"https:\/\/tuchundstoff.shop\/wp-content\/uploads\/2021\/11\/Tus-Logo22-QfA-shop-V2-1.png","width":485,"height":110,"caption":"TuchundStoff"},"image":{"@id":"https:\/\/tuchundstoff.shop\/#\/schema\/logo\/image\/"}}]}},"_links":{"self":[{"href":"https:\/\/tuchundstoff.shop\/en\/wp-json\/wp\/v2\/product\/8233","targetHints":{"allow":["GET"]}}],"collection":[{"href":"https:\/\/tuchundstoff.shop\/en\/wp-json\/wp\/v2\/product"}],"about":[{"href":"https:\/\/tuchundstoff.shop\/en\/wp-json\/wp\/v2\/types\/product"}],"replies":[{"embeddable":true,"href":"https:\/\/tuchundstoff.shop\/en\/wp-json\/wp\/v2\/comments?post=8233"}],"wp:featuredmedia":[{"embeddable":true,"href":"https:\/\/tuchundstoff.shop\/en\/wp-json\/wp\/v2\/media\/7525"}],"wp:attachment":[{"href":"https:\/\/tuchundstoff.shop\/en\/wp-json\/wp\/v2\/media?parent=8233"}],"wp:term":[{"taxonomy":"product_brand","embeddable":true,"href":"https:\/\/tuchundstoff.shop\/en\/wp-json\/wp\/v2\/product_brand?post=8233"},{"taxonomy":"product_cat","embeddable":true,"href":"https:\/\/tuchundstoff.shop\/en\/wp-json\/wp\/v2\/product_cat?post=8233"},{"taxonomy":"product_tag","embeddable":true,"href":"https:\/\/tuchundstoff.shop\/en\/wp-json\/wp\/v2\/product_tag?post=8233"}],"curies":[{"name":"wp","href":"https:\/\/api.w.org\/{rel}","templated":true}]}}