{"id":8204,"date":"2020-10-21T17:00:59","date_gmt":"2020-10-21T15:00:59","guid":{"rendered":"https:\/\/tuchundstoff.de\/produkt\/remnants-leftovers-only-until-30-11\/"},"modified":"2026-04-12T02:05:08","modified_gmt":"2026-04-12T00:05:08","slug":"remnants-leftovers","status":"publish","type":"product","link":"https:\/\/tuchundstoff.shop\/en\/product\/remnants-leftovers\/","title":{"rendered":"remnants of wool"},"content":{"rendered":"<div dir=\"auto\">No matter how much effort you put in, you always end up with leftover pieces. Cloth, cloth loden, diagonal, diamond or herringbone twill. The individual pieces are between approx. 50cm and max. approx. 140cm long, with a web width of 150cm.   <\/div>\n<div dir=\"auto\"><strong>We sell them at a price per kilo of \u20ac45,&#8211;, which is about 50% off our normal prices. Depending on the fabric weight (approx. 300-700g\/lfm), this is about two to three meters of fabric per kilo.<\/strong><\/div>\n<div dir=\"auto\">Minimum order is 1 kilo, you can choose one main colour (black, white, grey, blue, green, red, brown), the rest will be put together according to stock (surprise!). Black and white (e.g. for dyeing) may also be requested as the only color!<\/div>\n<div dir=\"auto\">The quality of all fabric scraps is the same as usual. A great opportunity to stock up on materials for upcoming projects at a great price!<\/div>\n","protected":false},"excerpt":{"rendered":"<p>Remaining pieces 100% wool\/virgin wool, light to heavy, web width 150cm<br \/>\nOnly available while stocks last!<\/p>\n","protected":false},"featured_media":9592,"comment_status":"open","ping_status":"closed","template":"","meta":{"ngg_post_thumbnail":0},"product_brand":[],"product_cat":[698,716,722,723,724,1713,725],"product_tag":[859,1456,1470,1605],"class_list":{"0":"post-8204","1":"product","2":"type-product","3":"status-publish","4":"has-post-thumbnail","6":"product_cat-wool","7":"product_cat-cloth-loden","8":"product_cat-lightweight","9":"product_cat-medium-lightweight","10":"product_cat-medium-heavyweight","11":"product_cat-on-sale","12":"product_cat-heavyweight","13":"product_tag-wool","14":"product_tag-leftovers-en","15":"product_tag-leftovers-en-2","16":"product_tag-remnants-en","17":"pa_gewicht-ca-300-500g-rm","18":"resize-featured-image","19":"sales-flash-overlay","20":"woocommerce-text-align-center","21":"woocommerce-image-align-center","22":"do-quantity-buttons","24":"first","25":"instock","26":"featured","27":"taxable","28":"shipping-taxable","29":"purchasable","30":"product-type-simple"},"yoast_head":"<!-- This site is optimized with the Yoast SEO plugin v27.2 - https:\/\/yoast.com\/product\/yoast-seo-wordpress\/ -->\n<title>remnants of wool - TuchundStoff<\/title>\n<meta name=\"description\" content=\"remnants of wool - Remaining pieces 100% wool\/virgin wool, light to heavy, web width 150cm Only available while stocks last!\" \/>\n<meta name=\"robots\" content=\"index, follow, max-snippet:-1, max-image-preview:large, max-video-preview:-1\" \/>\n<link rel=\"canonical\" href=\"https:\/\/tuchundstoff.shop\/en\/produkt\/remnants-leftovers\/\" \/>\n<meta property=\"og:locale\" content=\"en_US\" \/>\n<meta property=\"og:type\" content=\"article\" \/>\n<meta property=\"og:title\" content=\"remnants of wool - TuchundStoff\" \/>\n<meta property=\"og:description\" content=\"remnants of wool - Remaining pieces 100% wool\/virgin wool, light to heavy, web width 150cm Only available while stocks last!\" \/>\n<meta property=\"og:url\" content=\"https:\/\/tuchundstoff.shop\/en\/produkt\/remnants-leftovers\/\" \/>\n<meta property=\"og:site_name\" content=\"TuchundStoff\" \/>\n<meta property=\"article:modified_time\" content=\"2026-04-12T00:05:08+00:00\" \/>\n<meta property=\"og:image\" content=\"https:\/\/tuchundstoff.shop\/wp-content\/uploads\/2021\/09\/Remnants.jpg\" \/>\n\t<meta property=\"og:image:width\" content=\"1200\" \/>\n\t<meta property=\"og:image:height\" content=\"1200\" \/>\n\t<meta property=\"og:image:type\" content=\"image\/jpeg\" \/>\n<script type=\"application\/ld+json\" class=\"yoast-schema-graph\">{\"@context\":\"https:\/\/schema.org\",\"@graph\":[{\"@type\":\"WebPage\",\"@id\":\"https:\/\/tuchundstoff.shop\/en\/produkt\/remnants-leftovers\/\",\"url\":\"https:\/\/tuchundstoff.shop\/en\/produkt\/remnants-leftovers\/\",\"name\":\"remnants of wool - TuchundStoff\",\"isPartOf\":{\"@id\":\"https:\/\/tuchundstoff.shop\/#website\"},\"primaryImageOfPage\":{\"@id\":\"https:\/\/tuchundstoff.shop\/en\/produkt\/remnants-leftovers\/#primaryimage\"},\"image\":{\"@id\":\"https:\/\/tuchundstoff.shop\/en\/produkt\/remnants-leftovers\/#primaryimage\"},\"thumbnailUrl\":\"https:\/\/tuchundstoff.shop\/wp-content\/uploads\/2021\/09\/Remnants.jpg\",\"datePublished\":\"2020-10-21T15:00:59+00:00\",\"dateModified\":\"2026-04-12T00:05:08+00:00\",\"description\":\"remnants of wool - Remaining pieces 100% wool\/virgin wool, light to heavy, web width 150cm Only available while stocks last!\",\"breadcrumb\":{\"@id\":\"https:\/\/tuchundstoff.shop\/en\/produkt\/remnants-leftovers\/#breadcrumb\"},\"inLanguage\":\"en-US\",\"potentialAction\":[{\"@type\":\"ReadAction\",\"target\":[\"https:\/\/tuchundstoff.shop\/en\/produkt\/remnants-leftovers\/\"]}]},{\"@type\":\"ImageObject\",\"inLanguage\":\"en-US\",\"@id\":\"https:\/\/tuchundstoff.shop\/en\/produkt\/remnants-leftovers\/#primaryimage\",\"url\":\"https:\/\/tuchundstoff.shop\/wp-content\/uploads\/2021\/09\/Remnants.jpg\",\"contentUrl\":\"https:\/\/tuchundstoff.shop\/wp-content\/uploads\/2021\/09\/Remnants.jpg\",\"width\":1200,\"height\":1200,\"caption\":\"Remnants\"},{\"@type\":\"BreadcrumbList\",\"@id\":\"https:\/\/tuchundstoff.shop\/en\/produkt\/remnants-leftovers\/#breadcrumb\",\"itemListElement\":[{\"@type\":\"ListItem\",\"position\":1,\"name\":\"Startseite\",\"item\":\"https:\/\/tuchundstoff.shop\/en\/\"},{\"@type\":\"ListItem\",\"position\":2,\"name\":\"Quality fabrics for contemporary fashion and living history &#8211; 100% natural\",\"item\":\"https:\/\/tuchundstoff.shop\/en\/shop\/\"},{\"@type\":\"ListItem\",\"position\":3,\"name\":\"remnants of wool\"}]},{\"@type\":\"WebSite\",\"@id\":\"https:\/\/tuchundstoff.shop\/#website\",\"url\":\"https:\/\/tuchundstoff.shop\/\",\"name\":\"TuchundStoff\",\"description\":\"Qualit\u00e4tsstoffe f\u00fcr zeitgen\u00f6ssische Mode und gelebte Geschichte \u2013 100% Natur\",\"publisher\":{\"@id\":\"https:\/\/tuchundstoff.shop\/#organization\"},\"potentialAction\":[{\"@type\":\"SearchAction\",\"target\":{\"@type\":\"EntryPoint\",\"urlTemplate\":\"https:\/\/tuchundstoff.shop\/?s={search_term_string}\"},\"query-input\":{\"@type\":\"PropertyValueSpecification\",\"valueRequired\":true,\"valueName\":\"search_term_string\"}}],\"inLanguage\":\"en-US\"},{\"@type\":\"Organization\",\"@id\":\"https:\/\/tuchundstoff.shop\/#organization\",\"name\":\"TuchundStoff\",\"url\":\"https:\/\/tuchundstoff.shop\/\",\"logo\":{\"@type\":\"ImageObject\",\"inLanguage\":\"en-US\",\"@id\":\"https:\/\/tuchundstoff.shop\/#\/schema\/logo\/image\/\",\"url\":\"https:\/\/tuchundstoff.shop\/wp-content\/uploads\/2021\/11\/Tus-Logo22-QfA-shop-V2-1.png\",\"contentUrl\":\"https:\/\/tuchundstoff.shop\/wp-content\/uploads\/2021\/11\/Tus-Logo22-QfA-shop-V2-1.png\",\"width\":485,\"height\":110,\"caption\":\"TuchundStoff\"},\"image\":{\"@id\":\"https:\/\/tuchundstoff.shop\/#\/schema\/logo\/image\/\"}}]}<\/script>\n<!-- \/ Yoast SEO plugin. -->","yoast_head_json":{"title":"remnants of wool - TuchundStoff","description":"remnants of wool - Remaining pieces 100% wool\/virgin wool, light to heavy, web width 150cm Only available while stocks last!","robots":{"index":"index","follow":"follow","max-snippet":"max-snippet:-1","max-image-preview":"max-image-preview:large","max-video-preview":"max-video-preview:-1"},"canonical":"https:\/\/tuchundstoff.shop\/en\/produkt\/remnants-leftovers\/","og_locale":"en_US","og_type":"article","og_title":"remnants of wool - TuchundStoff","og_description":"remnants of wool - Remaining pieces 100% wool\/virgin wool, light to heavy, web width 150cm Only available while stocks last!","og_url":"https:\/\/tuchundstoff.shop\/en\/produkt\/remnants-leftovers\/","og_site_name":"TuchundStoff","article_modified_time":"2026-04-12T00:05:08+00:00","og_image":[{"width":1200,"height":1200,"url":"https:\/\/tuchundstoff.shop\/wp-content\/uploads\/2021\/09\/Remnants.jpg","type":"image\/jpeg"}],"schema":{"@context":"https:\/\/schema.org","@graph":[{"@type":"WebPage","@id":"https:\/\/tuchundstoff.shop\/en\/produkt\/remnants-leftovers\/","url":"https:\/\/tuchundstoff.shop\/en\/produkt\/remnants-leftovers\/","name":"remnants of wool - TuchundStoff","isPartOf":{"@id":"https:\/\/tuchundstoff.shop\/#website"},"primaryImageOfPage":{"@id":"https:\/\/tuchundstoff.shop\/en\/produkt\/remnants-leftovers\/#primaryimage"},"image":{"@id":"https:\/\/tuchundstoff.shop\/en\/produkt\/remnants-leftovers\/#primaryimage"},"thumbnailUrl":"https:\/\/tuchundstoff.shop\/wp-content\/uploads\/2021\/09\/Remnants.jpg","datePublished":"2020-10-21T15:00:59+00:00","dateModified":"2026-04-12T00:05:08+00:00","description":"remnants of wool - Remaining pieces 100% wool\/virgin wool, light to heavy, web width 150cm Only available while stocks last!","breadcrumb":{"@id":"https:\/\/tuchundstoff.shop\/en\/produkt\/remnants-leftovers\/#breadcrumb"},"inLanguage":"en-US","potentialAction":[{"@type":"ReadAction","target":["https:\/\/tuchundstoff.shop\/en\/produkt\/remnants-leftovers\/"]}]},{"@type":"ImageObject","inLanguage":"en-US","@id":"https:\/\/tuchundstoff.shop\/en\/produkt\/remnants-leftovers\/#primaryimage","url":"https:\/\/tuchundstoff.shop\/wp-content\/uploads\/2021\/09\/Remnants.jpg","contentUrl":"https:\/\/tuchundstoff.shop\/wp-content\/uploads\/2021\/09\/Remnants.jpg","width":1200,"height":1200,"caption":"Remnants"},{"@type":"BreadcrumbList","@id":"https:\/\/tuchundstoff.shop\/en\/produkt\/remnants-leftovers\/#breadcrumb","itemListElement":[{"@type":"ListItem","position":1,"name":"Startseite","item":"https:\/\/tuchundstoff.shop\/en\/"},{"@type":"ListItem","position":2,"name":"Quality fabrics for contemporary fashion and living history &#8211; 100% natural","item":"https:\/\/tuchundstoff.shop\/en\/shop\/"},{"@type":"ListItem","position":3,"name":"remnants of wool"}]},{"@type":"WebSite","@id":"https:\/\/tuchundstoff.shop\/#website","url":"https:\/\/tuchundstoff.shop\/","name":"TuchundStoff","description":"Qualit\u00e4tsstoffe f\u00fcr zeitgen\u00f6ssische Mode und gelebte Geschichte \u2013 100% Natur","publisher":{"@id":"https:\/\/tuchundstoff.shop\/#organization"},"potentialAction":[{"@type":"SearchAction","target":{"@type":"EntryPoint","urlTemplate":"https:\/\/tuchundstoff.shop\/?s={search_term_string}"},"query-input":{"@type":"PropertyValueSpecification","valueRequired":true,"valueName":"search_term_string"}}],"inLanguage":"en-US"},{"@type":"Organization","@id":"https:\/\/tuchundstoff.shop\/#organization","name":"TuchundStoff","url":"https:\/\/tuchundstoff.shop\/","logo":{"@type":"ImageObject","inLanguage":"en-US","@id":"https:\/\/tuchundstoff.shop\/#\/schema\/logo\/image\/","url":"https:\/\/tuchundstoff.shop\/wp-content\/uploads\/2021\/11\/Tus-Logo22-QfA-shop-V2-1.png","contentUrl":"https:\/\/tuchundstoff.shop\/wp-content\/uploads\/2021\/11\/Tus-Logo22-QfA-shop-V2-1.png","width":485,"height":110,"caption":"TuchundStoff"},"image":{"@id":"https:\/\/tuchundstoff.shop\/#\/schema\/logo\/image\/"}}]}},"_links":{"self":[{"href":"https:\/\/tuchundstoff.shop\/en\/wp-json\/wp\/v2\/product\/8204","targetHints":{"allow":["GET"]}}],"collection":[{"href":"https:\/\/tuchundstoff.shop\/en\/wp-json\/wp\/v2\/product"}],"about":[{"href":"https:\/\/tuchundstoff.shop\/en\/wp-json\/wp\/v2\/types\/product"}],"replies":[{"embeddable":true,"href":"https:\/\/tuchundstoff.shop\/en\/wp-json\/wp\/v2\/comments?post=8204"}],"wp:featuredmedia":[{"embeddable":true,"href":"https:\/\/tuchundstoff.shop\/en\/wp-json\/wp\/v2\/media\/9592"}],"wp:attachment":[{"href":"https:\/\/tuchundstoff.shop\/en\/wp-json\/wp\/v2\/media?parent=8204"}],"wp:term":[{"taxonomy":"product_brand","embeddable":true,"href":"https:\/\/tuchundstoff.shop\/en\/wp-json\/wp\/v2\/product_brand?post=8204"},{"taxonomy":"product_cat","embeddable":true,"href":"https:\/\/tuchundstoff.shop\/en\/wp-json\/wp\/v2\/product_cat?post=8204"},{"taxonomy":"product_tag","embeddable":true,"href":"https:\/\/tuchundstoff.shop\/en\/wp-json\/wp\/v2\/product_tag?post=8204"}],"curies":[{"name":"wp","href":"https:\/\/api.w.org\/{rel}","templated":true}]}}