{"id":8135,"date":"2020-03-30T18:41:31","date_gmt":"2020-03-30T16:41:31","guid":{"rendered":"https:\/\/tuchundstoff.de\/produkt\/wool-silk-grey-pitch-green-260g-rm\/"},"modified":"2026-04-12T02:06:49","modified_gmt":"2026-04-12T00:06:49","slug":"canvas-binding-wool-silk-grey-pitch-green-260g-rm","status":"publish","type":"product","link":"https:\/\/tuchundstoff.shop\/en\/product\/canvas-binding-wool-silk-grey-pitch-green-260g-rm\/","title":{"rendered":"Wool mix with silk, grey pitch green, 260g\/running meter"},"content":{"rendered":"<p>Plain weave wool mix with silk, undergarment, light overdress, tunic<\/p>\n","protected":false},"excerpt":{"rendered":"<p>Price advantage from 5 running meters!<\/p>\n<p>Wool mix with silk, very nice light fall, pleasant on the skin, cooling in summer, warming in winter<\/p>\n","protected":false},"featured_media":7593,"comment_status":"open","ping_status":"closed","template":"","meta":{"ngg_post_thumbnail":0},"product_brand":[],"product_cat":[698,1573],"product_tag":[827,831,833,834,1175],"class_list":{"0":"post-8135","1":"product","2":"type-product","3":"status-publish","4":"has-post-thumbnail","6":"product_cat-wool","7":"product_cat-fiber-blends","8":"product_tag-underdress","9":"product_tag-trousers","10":"product_tag-light-tunic","11":"product_tag-strap-dress","12":"product_tag-wool-silk","13":"pa_gewicht-260-g-lfm-173-g-m-en","14":"resize-featured-image","15":"sales-flash-overlay","16":"woocommerce-text-align-center","17":"woocommerce-image-align-center","18":"do-quantity-buttons","20":"first","21":"outofstock","22":"taxable","23":"shipping-taxable","24":"purchasable","25":"product-type-simple"},"yoast_head":"<!-- This site is optimized with the Yoast SEO plugin v27.2 - https:\/\/yoast.com\/product\/yoast-seo-wordpress\/ -->\n<title>Wool mix with silk, grey pitch green, 260g\/running meter - TuchundStoff<\/title>\n<meta name=\"description\" content=\"Wool mix with silk, grey pitch green, 260g\/running meter - Price advantage from 5 running meters! Wool mix with silk, very nice light fall, pleasant on the skin, cooling in summer, warming in winter\" \/>\n<meta name=\"robots\" content=\"index, follow, max-snippet:-1, max-image-preview:large, max-video-preview:-1\" \/>\n<link rel=\"canonical\" href=\"https:\/\/tuchundstoff.shop\/en\/product\/canvas-binding-wool-silk-grey-pitch-green-260g-rm\/\" \/>\n<meta property=\"og:locale\" content=\"en_US\" \/>\n<meta property=\"og:type\" content=\"article\" \/>\n<meta property=\"og:title\" content=\"Wool mix with silk, grey pitch green, 260g\/running meter - TuchundStoff\" \/>\n<meta property=\"og:description\" content=\"Wool mix with silk, grey pitch green, 260g\/running meter - Price advantage from 5 running meters! Wool mix with silk, very nice light fall, pleasant on the skin, cooling in summer, warming in winter\" \/>\n<meta property=\"og:url\" content=\"https:\/\/tuchundstoff.shop\/en\/product\/canvas-binding-wool-silk-grey-pitch-green-260g-rm\/\" \/>\n<meta property=\"og:site_name\" content=\"TuchundStoff\" \/>\n<meta property=\"article:modified_time\" content=\"2026-04-12T00:06:49+00:00\" \/>\n<meta property=\"og:image\" content=\"https:\/\/tuchundstoff.shop\/wp-content\/uploads\/2020\/03\/DSC_0518_S5043-1.jpg\" \/>\n\t<meta property=\"og:image:width\" content=\"1200\" \/>\n\t<meta property=\"og:image:height\" content=\"1200\" \/>\n\t<meta property=\"og:image:type\" content=\"image\/jpeg\" \/>\n<script type=\"application\/ld+json\" class=\"yoast-schema-graph\">{\"@context\":\"https:\/\/schema.org\",\"@graph\":[{\"@type\":\"WebPage\",\"@id\":\"https:\/\/tuchundstoff.shop\/en\/product\/canvas-binding-wool-silk-grey-pitch-green-260g-rm\/\",\"url\":\"https:\/\/tuchundstoff.shop\/en\/product\/canvas-binding-wool-silk-grey-pitch-green-260g-rm\/\",\"name\":\"Wool mix with silk, grey pitch green, 260g\/running meter - TuchundStoff\",\"isPartOf\":{\"@id\":\"https:\/\/tuchundstoff.shop\/#website\"},\"primaryImageOfPage\":{\"@id\":\"https:\/\/tuchundstoff.shop\/en\/product\/canvas-binding-wool-silk-grey-pitch-green-260g-rm\/#primaryimage\"},\"image\":{\"@id\":\"https:\/\/tuchundstoff.shop\/en\/product\/canvas-binding-wool-silk-grey-pitch-green-260g-rm\/#primaryimage\"},\"thumbnailUrl\":\"https:\/\/tuchundstoff.shop\/wp-content\/uploads\/2020\/03\/DSC_0518_S5043-1.jpg\",\"datePublished\":\"2020-03-30T16:41:31+00:00\",\"dateModified\":\"2026-04-12T00:06:49+00:00\",\"description\":\"Wool mix with silk, grey pitch green, 260g\/running meter - Price advantage from 5 running meters! Wool mix with silk, very nice light fall, pleasant on the skin, cooling in summer, warming in winter\",\"breadcrumb\":{\"@id\":\"https:\/\/tuchundstoff.shop\/en\/product\/canvas-binding-wool-silk-grey-pitch-green-260g-rm\/#breadcrumb\"},\"inLanguage\":\"en-US\",\"potentialAction\":[{\"@type\":\"ReadAction\",\"target\":[\"https:\/\/tuchundstoff.shop\/en\/product\/canvas-binding-wool-silk-grey-pitch-green-260g-rm\/\"]}]},{\"@type\":\"ImageObject\",\"inLanguage\":\"en-US\",\"@id\":\"https:\/\/tuchundstoff.shop\/en\/product\/canvas-binding-wool-silk-grey-pitch-green-260g-rm\/#primaryimage\",\"url\":\"https:\/\/tuchundstoff.shop\/wp-content\/uploads\/2020\/03\/DSC_0518_S5043-1.jpg\",\"contentUrl\":\"https:\/\/tuchundstoff.shop\/wp-content\/uploads\/2020\/03\/DSC_0518_S5043-1.jpg\",\"width\":1200,\"height\":1200},{\"@type\":\"BreadcrumbList\",\"@id\":\"https:\/\/tuchundstoff.shop\/en\/product\/canvas-binding-wool-silk-grey-pitch-green-260g-rm\/#breadcrumb\",\"itemListElement\":[{\"@type\":\"ListItem\",\"position\":1,\"name\":\"Startseite\",\"item\":\"https:\/\/tuchundstoff.shop\/en\/\"},{\"@type\":\"ListItem\",\"position\":2,\"name\":\"Quality fabrics for contemporary fashion and living history &#8211; 100% natural\",\"item\":\"https:\/\/tuchundstoff.shop\/en\/shop\/\"},{\"@type\":\"ListItem\",\"position\":3,\"name\":\"Wool mix with silk, grey pitch green, 260g\/running meter\"}]},{\"@type\":\"WebSite\",\"@id\":\"https:\/\/tuchundstoff.shop\/#website\",\"url\":\"https:\/\/tuchundstoff.shop\/\",\"name\":\"TuchundStoff\",\"description\":\"Qualit\u00e4tsstoffe f\u00fcr zeitgen\u00f6ssische Mode und gelebte Geschichte \u2013 100% Natur\",\"publisher\":{\"@id\":\"https:\/\/tuchundstoff.shop\/#organization\"},\"potentialAction\":[{\"@type\":\"SearchAction\",\"target\":{\"@type\":\"EntryPoint\",\"urlTemplate\":\"https:\/\/tuchundstoff.shop\/?s={search_term_string}\"},\"query-input\":{\"@type\":\"PropertyValueSpecification\",\"valueRequired\":true,\"valueName\":\"search_term_string\"}}],\"inLanguage\":\"en-US\"},{\"@type\":\"Organization\",\"@id\":\"https:\/\/tuchundstoff.shop\/#organization\",\"name\":\"TuchundStoff\",\"url\":\"https:\/\/tuchundstoff.shop\/\",\"logo\":{\"@type\":\"ImageObject\",\"inLanguage\":\"en-US\",\"@id\":\"https:\/\/tuchundstoff.shop\/#\/schema\/logo\/image\/\",\"url\":\"https:\/\/tuchundstoff.shop\/wp-content\/uploads\/2021\/11\/Tus-Logo22-QfA-shop-V2-1.png\",\"contentUrl\":\"https:\/\/tuchundstoff.shop\/wp-content\/uploads\/2021\/11\/Tus-Logo22-QfA-shop-V2-1.png\",\"width\":485,\"height\":110,\"caption\":\"TuchundStoff\"},\"image\":{\"@id\":\"https:\/\/tuchundstoff.shop\/#\/schema\/logo\/image\/\"}}]}<\/script>\n<!-- \/ Yoast SEO plugin. -->","yoast_head_json":{"title":"Wool mix with silk, grey pitch green, 260g\/running meter - TuchundStoff","description":"Wool mix with silk, grey pitch green, 260g\/running meter - Price advantage from 5 running meters! Wool mix with silk, very nice light fall, pleasant on the skin, cooling in summer, warming in winter","robots":{"index":"index","follow":"follow","max-snippet":"max-snippet:-1","max-image-preview":"max-image-preview:large","max-video-preview":"max-video-preview:-1"},"canonical":"https:\/\/tuchundstoff.shop\/en\/product\/canvas-binding-wool-silk-grey-pitch-green-260g-rm\/","og_locale":"en_US","og_type":"article","og_title":"Wool mix with silk, grey pitch green, 260g\/running meter - TuchundStoff","og_description":"Wool mix with silk, grey pitch green, 260g\/running meter - Price advantage from 5 running meters! Wool mix with silk, very nice light fall, pleasant on the skin, cooling in summer, warming in winter","og_url":"https:\/\/tuchundstoff.shop\/en\/product\/canvas-binding-wool-silk-grey-pitch-green-260g-rm\/","og_site_name":"TuchundStoff","article_modified_time":"2026-04-12T00:06:49+00:00","og_image":[{"width":1200,"height":1200,"url":"https:\/\/tuchundstoff.shop\/wp-content\/uploads\/2020\/03\/DSC_0518_S5043-1.jpg","type":"image\/jpeg"}],"schema":{"@context":"https:\/\/schema.org","@graph":[{"@type":"WebPage","@id":"https:\/\/tuchundstoff.shop\/en\/product\/canvas-binding-wool-silk-grey-pitch-green-260g-rm\/","url":"https:\/\/tuchundstoff.shop\/en\/product\/canvas-binding-wool-silk-grey-pitch-green-260g-rm\/","name":"Wool mix with silk, grey pitch green, 260g\/running meter - TuchundStoff","isPartOf":{"@id":"https:\/\/tuchundstoff.shop\/#website"},"primaryImageOfPage":{"@id":"https:\/\/tuchundstoff.shop\/en\/product\/canvas-binding-wool-silk-grey-pitch-green-260g-rm\/#primaryimage"},"image":{"@id":"https:\/\/tuchundstoff.shop\/en\/product\/canvas-binding-wool-silk-grey-pitch-green-260g-rm\/#primaryimage"},"thumbnailUrl":"https:\/\/tuchundstoff.shop\/wp-content\/uploads\/2020\/03\/DSC_0518_S5043-1.jpg","datePublished":"2020-03-30T16:41:31+00:00","dateModified":"2026-04-12T00:06:49+00:00","description":"Wool mix with silk, grey pitch green, 260g\/running meter - Price advantage from 5 running meters! Wool mix with silk, very nice light fall, pleasant on the skin, cooling in summer, warming in winter","breadcrumb":{"@id":"https:\/\/tuchundstoff.shop\/en\/product\/canvas-binding-wool-silk-grey-pitch-green-260g-rm\/#breadcrumb"},"inLanguage":"en-US","potentialAction":[{"@type":"ReadAction","target":["https:\/\/tuchundstoff.shop\/en\/product\/canvas-binding-wool-silk-grey-pitch-green-260g-rm\/"]}]},{"@type":"ImageObject","inLanguage":"en-US","@id":"https:\/\/tuchundstoff.shop\/en\/product\/canvas-binding-wool-silk-grey-pitch-green-260g-rm\/#primaryimage","url":"https:\/\/tuchundstoff.shop\/wp-content\/uploads\/2020\/03\/DSC_0518_S5043-1.jpg","contentUrl":"https:\/\/tuchundstoff.shop\/wp-content\/uploads\/2020\/03\/DSC_0518_S5043-1.jpg","width":1200,"height":1200},{"@type":"BreadcrumbList","@id":"https:\/\/tuchundstoff.shop\/en\/product\/canvas-binding-wool-silk-grey-pitch-green-260g-rm\/#breadcrumb","itemListElement":[{"@type":"ListItem","position":1,"name":"Startseite","item":"https:\/\/tuchundstoff.shop\/en\/"},{"@type":"ListItem","position":2,"name":"Quality fabrics for contemporary fashion and living history &#8211; 100% natural","item":"https:\/\/tuchundstoff.shop\/en\/shop\/"},{"@type":"ListItem","position":3,"name":"Wool mix with silk, grey pitch green, 260g\/running meter"}]},{"@type":"WebSite","@id":"https:\/\/tuchundstoff.shop\/#website","url":"https:\/\/tuchundstoff.shop\/","name":"TuchundStoff","description":"Qualit\u00e4tsstoffe f\u00fcr zeitgen\u00f6ssische Mode und gelebte Geschichte \u2013 100% Natur","publisher":{"@id":"https:\/\/tuchundstoff.shop\/#organization"},"potentialAction":[{"@type":"SearchAction","target":{"@type":"EntryPoint","urlTemplate":"https:\/\/tuchundstoff.shop\/?s={search_term_string}"},"query-input":{"@type":"PropertyValueSpecification","valueRequired":true,"valueName":"search_term_string"}}],"inLanguage":"en-US"},{"@type":"Organization","@id":"https:\/\/tuchundstoff.shop\/#organization","name":"TuchundStoff","url":"https:\/\/tuchundstoff.shop\/","logo":{"@type":"ImageObject","inLanguage":"en-US","@id":"https:\/\/tuchundstoff.shop\/#\/schema\/logo\/image\/","url":"https:\/\/tuchundstoff.shop\/wp-content\/uploads\/2021\/11\/Tus-Logo22-QfA-shop-V2-1.png","contentUrl":"https:\/\/tuchundstoff.shop\/wp-content\/uploads\/2021\/11\/Tus-Logo22-QfA-shop-V2-1.png","width":485,"height":110,"caption":"TuchundStoff"},"image":{"@id":"https:\/\/tuchundstoff.shop\/#\/schema\/logo\/image\/"}}]}},"_links":{"self":[{"href":"https:\/\/tuchundstoff.shop\/en\/wp-json\/wp\/v2\/product\/8135","targetHints":{"allow":["GET"]}}],"collection":[{"href":"https:\/\/tuchundstoff.shop\/en\/wp-json\/wp\/v2\/product"}],"about":[{"href":"https:\/\/tuchundstoff.shop\/en\/wp-json\/wp\/v2\/types\/product"}],"replies":[{"embeddable":true,"href":"https:\/\/tuchundstoff.shop\/en\/wp-json\/wp\/v2\/comments?post=8135"}],"wp:featuredmedia":[{"embeddable":true,"href":"https:\/\/tuchundstoff.shop\/en\/wp-json\/wp\/v2\/media\/7593"}],"wp:attachment":[{"href":"https:\/\/tuchundstoff.shop\/en\/wp-json\/wp\/v2\/media?parent=8135"}],"wp:term":[{"taxonomy":"product_brand","embeddable":true,"href":"https:\/\/tuchundstoff.shop\/en\/wp-json\/wp\/v2\/product_brand?post=8135"},{"taxonomy":"product_cat","embeddable":true,"href":"https:\/\/tuchundstoff.shop\/en\/wp-json\/wp\/v2\/product_cat?post=8135"},{"taxonomy":"product_tag","embeddable":true,"href":"https:\/\/tuchundstoff.shop\/en\/wp-json\/wp\/v2\/product_tag?post=8135"}],"curies":[{"name":"wp","href":"https:\/\/api.w.org\/{rel}","templated":true}]}}