{"id":8096,"date":"2020-07-13T15:59:38","date_gmt":"2020-07-13T13:59:38","guid":{"rendered":"https:\/\/tuchundstoff.de\/produkt\/doubleface-560g-rm-100-cashmere-copper-grey\/"},"modified":"2025-02-04T20:59:29","modified_gmt":"2025-02-04T19:59:29","slug":"doubleface-560g-rm-100-cashmere-copper-grey","status":"publish","type":"product","link":"https:\/\/tuchundstoff.shop\/en\/product\/doubleface-560g-rm-100-cashmere-copper-grey\/","title":{"rendered":"Doubleface 560g\/rm 100% cashmere copper\/grey"},"content":{"rendered":"<p>Two-sided, pure new wool, 100% cashmere, copper\/grey<\/p>\n<p>Very elegant &#8211; ideal for coats, capes, cloaks, jackets &#8211; reversible seams are two in one<\/p>\n","protected":false},"excerpt":{"rendered":"<p>Doubleface 560g\/rm copper\/grey<\/p>\n","protected":false},"featured_media":7765,"comment_status":"open","ping_status":"closed","template":"","meta":{"ngg_post_thumbnail":0},"product_brand":[],"product_cat":[698,1713,707,1779],"product_tag":[1202,1162,1194],"class_list":{"0":"post-8096","1":"product","2":"type-product","3":"status-publish","4":"has-post-thumbnail","6":"product_cat-wool","7":"product_cat-on-sale","8":"product_cat-doubleface-en","9":"product_cat-even-more-fabrics","10":"product_tag-cashmere","11":"product_tag-virgin-wool","12":"product_tag-doubleface-en-2","13":"pa_gewicht-560g-rm-375g-m","14":"resize-featured-image","15":"sales-flash-overlay","16":"woocommerce-text-align-center","17":"woocommerce-image-align-center","18":"do-quantity-buttons","19":"wc-has-gallery","21":"first","22":"instock","23":"taxable","24":"shipping-taxable","25":"purchasable","26":"product-type-simple"},"yoast_head":"<!-- This site is optimized with the Yoast SEO plugin v27.2 - https:\/\/yoast.com\/product\/yoast-seo-wordpress\/ -->\n<title>Doubleface 560g\/rm 100% cashmere copper\/grey - TuchundStoff<\/title>\n<meta name=\"description\" content=\"Doubleface 560g\/rm 100% cashmere copper\/grey - Doubleface 560g\/rm copper\/grey\" \/>\n<meta name=\"robots\" content=\"index, follow, max-snippet:-1, max-image-preview:large, max-video-preview:-1\" \/>\n<link rel=\"canonical\" href=\"https:\/\/tuchundstoff.shop\/en\/product\/doubleface-560g-rm-100-cashmere-copper-grey\/\" \/>\n<meta property=\"og:locale\" content=\"en_US\" \/>\n<meta property=\"og:type\" content=\"article\" \/>\n<meta property=\"og:title\" content=\"Doubleface 560g\/rm 100% cashmere copper\/grey - TuchundStoff\" \/>\n<meta property=\"og:description\" content=\"Doubleface 560g\/rm 100% cashmere copper\/grey - Doubleface 560g\/rm copper\/grey\" \/>\n<meta property=\"og:url\" content=\"https:\/\/tuchundstoff.shop\/en\/product\/doubleface-560g-rm-100-cashmere-copper-grey\/\" \/>\n<meta property=\"og:site_name\" content=\"TuchundStoff\" \/>\n<meta property=\"article:modified_time\" content=\"2025-02-04T19:59:29+00:00\" \/>\n<meta property=\"og:image\" content=\"https:\/\/tuchundstoff.shop\/wp-content\/uploads\/2020\/07\/DSC_1243_DF-grau-kupfer-falten.jpg\" \/>\n\t<meta property=\"og:image:width\" content=\"1200\" \/>\n\t<meta property=\"og:image:height\" content=\"1200\" \/>\n\t<meta property=\"og:image:type\" content=\"image\/jpeg\" \/>\n<script type=\"application\/ld+json\" class=\"yoast-schema-graph\">{\"@context\":\"https:\/\/schema.org\",\"@graph\":[{\"@type\":\"WebPage\",\"@id\":\"https:\/\/tuchundstoff.shop\/en\/product\/doubleface-560g-rm-100-cashmere-copper-grey\/\",\"url\":\"https:\/\/tuchundstoff.shop\/en\/product\/doubleface-560g-rm-100-cashmere-copper-grey\/\",\"name\":\"Doubleface 560g\/rm 100% cashmere copper\/grey - TuchundStoff\",\"isPartOf\":{\"@id\":\"https:\/\/tuchundstoff.shop\/#website\"},\"primaryImageOfPage\":{\"@id\":\"https:\/\/tuchundstoff.shop\/en\/product\/doubleface-560g-rm-100-cashmere-copper-grey\/#primaryimage\"},\"image\":{\"@id\":\"https:\/\/tuchundstoff.shop\/en\/product\/doubleface-560g-rm-100-cashmere-copper-grey\/#primaryimage\"},\"thumbnailUrl\":\"https:\/\/tuchundstoff.shop\/wp-content\/uploads\/2020\/07\/DSC_1243_DF-grau-kupfer-falten.jpg\",\"datePublished\":\"2020-07-13T13:59:38+00:00\",\"dateModified\":\"2025-02-04T19:59:29+00:00\",\"description\":\"Doubleface 560g\/rm 100% cashmere copper\/grey - Doubleface 560g\/rm copper\/grey\",\"breadcrumb\":{\"@id\":\"https:\/\/tuchundstoff.shop\/en\/product\/doubleface-560g-rm-100-cashmere-copper-grey\/#breadcrumb\"},\"inLanguage\":\"en-US\",\"potentialAction\":[{\"@type\":\"ReadAction\",\"target\":[\"https:\/\/tuchundstoff.shop\/en\/product\/doubleface-560g-rm-100-cashmere-copper-grey\/\"]}]},{\"@type\":\"ImageObject\",\"inLanguage\":\"en-US\",\"@id\":\"https:\/\/tuchundstoff.shop\/en\/product\/doubleface-560g-rm-100-cashmere-copper-grey\/#primaryimage\",\"url\":\"https:\/\/tuchundstoff.shop\/wp-content\/uploads\/2020\/07\/DSC_1243_DF-grau-kupfer-falten.jpg\",\"contentUrl\":\"https:\/\/tuchundstoff.shop\/wp-content\/uploads\/2020\/07\/DSC_1243_DF-grau-kupfer-falten.jpg\",\"width\":1200,\"height\":1200,\"caption\":\"DF grey copper in folds\"},{\"@type\":\"BreadcrumbList\",\"@id\":\"https:\/\/tuchundstoff.shop\/en\/product\/doubleface-560g-rm-100-cashmere-copper-grey\/#breadcrumb\",\"itemListElement\":[{\"@type\":\"ListItem\",\"position\":1,\"name\":\"Startseite\",\"item\":\"https:\/\/tuchundstoff.shop\/en\/\"},{\"@type\":\"ListItem\",\"position\":2,\"name\":\"Quality fabrics for contemporary fashion and living history &#8211; 100% natural\",\"item\":\"https:\/\/tuchundstoff.shop\/en\/shop\/\"},{\"@type\":\"ListItem\",\"position\":3,\"name\":\"Doubleface 560g\/rm 100% cashmere copper\/grey\"}]},{\"@type\":\"WebSite\",\"@id\":\"https:\/\/tuchundstoff.shop\/#website\",\"url\":\"https:\/\/tuchundstoff.shop\/\",\"name\":\"TuchundStoff\",\"description\":\"Qualit\u00e4tsstoffe f\u00fcr zeitgen\u00f6ssische Mode und gelebte Geschichte \u2013 100% Natur\",\"publisher\":{\"@id\":\"https:\/\/tuchundstoff.shop\/#organization\"},\"potentialAction\":[{\"@type\":\"SearchAction\",\"target\":{\"@type\":\"EntryPoint\",\"urlTemplate\":\"https:\/\/tuchundstoff.shop\/?s={search_term_string}\"},\"query-input\":{\"@type\":\"PropertyValueSpecification\",\"valueRequired\":true,\"valueName\":\"search_term_string\"}}],\"inLanguage\":\"en-US\"},{\"@type\":\"Organization\",\"@id\":\"https:\/\/tuchundstoff.shop\/#organization\",\"name\":\"TuchundStoff\",\"url\":\"https:\/\/tuchundstoff.shop\/\",\"logo\":{\"@type\":\"ImageObject\",\"inLanguage\":\"en-US\",\"@id\":\"https:\/\/tuchundstoff.shop\/#\/schema\/logo\/image\/\",\"url\":\"https:\/\/tuchundstoff.shop\/wp-content\/uploads\/2021\/11\/Tus-Logo22-QfA-shop-V2-1.png\",\"contentUrl\":\"https:\/\/tuchundstoff.shop\/wp-content\/uploads\/2021\/11\/Tus-Logo22-QfA-shop-V2-1.png\",\"width\":485,\"height\":110,\"caption\":\"TuchundStoff\"},\"image\":{\"@id\":\"https:\/\/tuchundstoff.shop\/#\/schema\/logo\/image\/\"}}]}<\/script>\n<!-- \/ Yoast SEO plugin. -->","yoast_head_json":{"title":"Doubleface 560g\/rm 100% cashmere copper\/grey - TuchundStoff","description":"Doubleface 560g\/rm 100% cashmere copper\/grey - Doubleface 560g\/rm copper\/grey","robots":{"index":"index","follow":"follow","max-snippet":"max-snippet:-1","max-image-preview":"max-image-preview:large","max-video-preview":"max-video-preview:-1"},"canonical":"https:\/\/tuchundstoff.shop\/en\/product\/doubleface-560g-rm-100-cashmere-copper-grey\/","og_locale":"en_US","og_type":"article","og_title":"Doubleface 560g\/rm 100% cashmere copper\/grey - TuchundStoff","og_description":"Doubleface 560g\/rm 100% cashmere copper\/grey - Doubleface 560g\/rm copper\/grey","og_url":"https:\/\/tuchundstoff.shop\/en\/product\/doubleface-560g-rm-100-cashmere-copper-grey\/","og_site_name":"TuchundStoff","article_modified_time":"2025-02-04T19:59:29+00:00","og_image":[{"width":1200,"height":1200,"url":"https:\/\/tuchundstoff.shop\/wp-content\/uploads\/2020\/07\/DSC_1243_DF-grau-kupfer-falten.jpg","type":"image\/jpeg"}],"schema":{"@context":"https:\/\/schema.org","@graph":[{"@type":"WebPage","@id":"https:\/\/tuchundstoff.shop\/en\/product\/doubleface-560g-rm-100-cashmere-copper-grey\/","url":"https:\/\/tuchundstoff.shop\/en\/product\/doubleface-560g-rm-100-cashmere-copper-grey\/","name":"Doubleface 560g\/rm 100% cashmere copper\/grey - TuchundStoff","isPartOf":{"@id":"https:\/\/tuchundstoff.shop\/#website"},"primaryImageOfPage":{"@id":"https:\/\/tuchundstoff.shop\/en\/product\/doubleface-560g-rm-100-cashmere-copper-grey\/#primaryimage"},"image":{"@id":"https:\/\/tuchundstoff.shop\/en\/product\/doubleface-560g-rm-100-cashmere-copper-grey\/#primaryimage"},"thumbnailUrl":"https:\/\/tuchundstoff.shop\/wp-content\/uploads\/2020\/07\/DSC_1243_DF-grau-kupfer-falten.jpg","datePublished":"2020-07-13T13:59:38+00:00","dateModified":"2025-02-04T19:59:29+00:00","description":"Doubleface 560g\/rm 100% cashmere copper\/grey - Doubleface 560g\/rm copper\/grey","breadcrumb":{"@id":"https:\/\/tuchundstoff.shop\/en\/product\/doubleface-560g-rm-100-cashmere-copper-grey\/#breadcrumb"},"inLanguage":"en-US","potentialAction":[{"@type":"ReadAction","target":["https:\/\/tuchundstoff.shop\/en\/product\/doubleface-560g-rm-100-cashmere-copper-grey\/"]}]},{"@type":"ImageObject","inLanguage":"en-US","@id":"https:\/\/tuchundstoff.shop\/en\/product\/doubleface-560g-rm-100-cashmere-copper-grey\/#primaryimage","url":"https:\/\/tuchundstoff.shop\/wp-content\/uploads\/2020\/07\/DSC_1243_DF-grau-kupfer-falten.jpg","contentUrl":"https:\/\/tuchundstoff.shop\/wp-content\/uploads\/2020\/07\/DSC_1243_DF-grau-kupfer-falten.jpg","width":1200,"height":1200,"caption":"DF grey copper in folds"},{"@type":"BreadcrumbList","@id":"https:\/\/tuchundstoff.shop\/en\/product\/doubleface-560g-rm-100-cashmere-copper-grey\/#breadcrumb","itemListElement":[{"@type":"ListItem","position":1,"name":"Startseite","item":"https:\/\/tuchundstoff.shop\/en\/"},{"@type":"ListItem","position":2,"name":"Quality fabrics for contemporary fashion and living history &#8211; 100% natural","item":"https:\/\/tuchundstoff.shop\/en\/shop\/"},{"@type":"ListItem","position":3,"name":"Doubleface 560g\/rm 100% cashmere copper\/grey"}]},{"@type":"WebSite","@id":"https:\/\/tuchundstoff.shop\/#website","url":"https:\/\/tuchundstoff.shop\/","name":"TuchundStoff","description":"Qualit\u00e4tsstoffe f\u00fcr zeitgen\u00f6ssische Mode und gelebte Geschichte \u2013 100% Natur","publisher":{"@id":"https:\/\/tuchundstoff.shop\/#organization"},"potentialAction":[{"@type":"SearchAction","target":{"@type":"EntryPoint","urlTemplate":"https:\/\/tuchundstoff.shop\/?s={search_term_string}"},"query-input":{"@type":"PropertyValueSpecification","valueRequired":true,"valueName":"search_term_string"}}],"inLanguage":"en-US"},{"@type":"Organization","@id":"https:\/\/tuchundstoff.shop\/#organization","name":"TuchundStoff","url":"https:\/\/tuchundstoff.shop\/","logo":{"@type":"ImageObject","inLanguage":"en-US","@id":"https:\/\/tuchundstoff.shop\/#\/schema\/logo\/image\/","url":"https:\/\/tuchundstoff.shop\/wp-content\/uploads\/2021\/11\/Tus-Logo22-QfA-shop-V2-1.png","contentUrl":"https:\/\/tuchundstoff.shop\/wp-content\/uploads\/2021\/11\/Tus-Logo22-QfA-shop-V2-1.png","width":485,"height":110,"caption":"TuchundStoff"},"image":{"@id":"https:\/\/tuchundstoff.shop\/#\/schema\/logo\/image\/"}}]}},"_links":{"self":[{"href":"https:\/\/tuchundstoff.shop\/en\/wp-json\/wp\/v2\/product\/8096","targetHints":{"allow":["GET"]}}],"collection":[{"href":"https:\/\/tuchundstoff.shop\/en\/wp-json\/wp\/v2\/product"}],"about":[{"href":"https:\/\/tuchundstoff.shop\/en\/wp-json\/wp\/v2\/types\/product"}],"replies":[{"embeddable":true,"href":"https:\/\/tuchundstoff.shop\/en\/wp-json\/wp\/v2\/comments?post=8096"}],"wp:featuredmedia":[{"embeddable":true,"href":"https:\/\/tuchundstoff.shop\/en\/wp-json\/wp\/v2\/media\/7765"}],"wp:attachment":[{"href":"https:\/\/tuchundstoff.shop\/en\/wp-json\/wp\/v2\/media?parent=8096"}],"wp:term":[{"taxonomy":"product_brand","embeddable":true,"href":"https:\/\/tuchundstoff.shop\/en\/wp-json\/wp\/v2\/product_brand?post=8096"},{"taxonomy":"product_cat","embeddable":true,"href":"https:\/\/tuchundstoff.shop\/en\/wp-json\/wp\/v2\/product_cat?post=8096"},{"taxonomy":"product_tag","embeddable":true,"href":"https:\/\/tuchundstoff.shop\/en\/wp-json\/wp\/v2\/product_tag?post=8096"}],"curies":[{"name":"wp","href":"https:\/\/api.w.org\/{rel}","templated":true}]}}