{"id":6389,"date":"2020-04-13T23:35:26","date_gmt":"2020-04-13T21:35:26","guid":{"rendered":"https:\/\/tuchundstoff.de\/produkt\/linen-360g-lfm-smoked-oak-brown\/"},"modified":"2021-02-27T17:57:54","modified_gmt":"2021-02-27T16:57:54","slug":"linen-360g-rm-smoke-oak-brown","status":"publish","type":"product","link":"https:\/\/tuchundstoff.shop\/en\/product\/linen-360g-rm-smoke-oak-brown\/","title":{"rendered":"Linen 360g\/rm smoked oak brown"},"content":{"rendered":"<p>100% linen width 140cm<\/p>\n","protected":false},"excerpt":{"rendered":"<p>100% linen web width 140cm<\/p>\n","protected":false},"featured_media":6390,"comment_status":"open","ping_status":"closed","template":"","meta":{"ngg_post_thumbnail":0},"product_brand":[],"product_cat":[690],"product_tag":[832,833,834,835,822,823,831],"class_list":{"0":"post-6389","1":"product","2":"type-product","3":"status-publish","4":"has-post-thumbnail","6":"product_cat-linen","7":"product_tag-jacket","8":"product_tag-light-tunic","9":"product_tag-strap-dress","10":"product_tag-tunika-en","11":"product_tag-dress","12":"product_tag-headscarf","13":"product_tag-trousers","14":"pa_gewicht-360g-lfm-257g-m-en","15":"resize-featured-image","16":"sales-flash-overlay","17":"woocommerce-text-align-center","18":"woocommerce-image-align-center","19":"do-quantity-buttons","21":"first","22":"outofstock","23":"sale","24":"taxable","25":"shipping-taxable","26":"purchasable","27":"product-type-simple"},"yoast_head":"<!-- This site is optimized with the Yoast SEO plugin v27.2 - https:\/\/yoast.com\/product\/yoast-seo-wordpress\/ -->\n<title>Linen 360g\/rm smoked oak brown - TuchundStoff<\/title>\n<meta name=\"description\" content=\"Linen 360g\/rm smoked oak brown - 100% linen web width 140cm\" \/>\n<meta name=\"robots\" content=\"index, follow, max-snippet:-1, max-image-preview:large, max-video-preview:-1\" \/>\n<link rel=\"canonical\" href=\"https:\/\/tuchundstoff.shop\/product\/leinen-360g-lfm-raucheichenbraun\/\" \/>\n<meta property=\"og:locale\" content=\"en_US\" \/>\n<meta property=\"og:type\" content=\"article\" \/>\n<meta property=\"og:title\" content=\"Linen 360g\/rm smoked oak brown - TuchundStoff\" \/>\n<meta property=\"og:description\" content=\"Linen 360g\/rm smoked oak brown - 100% linen web width 140cm\" \/>\n<meta property=\"og:url\" content=\"https:\/\/tuchundstoff.shop\/product\/leinen-360g-lfm-raucheichenbraun\/\" \/>\n<meta property=\"og:site_name\" content=\"TuchundStoff\" \/>\n<meta property=\"article:modified_time\" content=\"2021-02-27T16:57:54+00:00\" \/>\n<meta property=\"og:image\" content=\"https:\/\/tuchundstoff.shop\/wp-content\/uploads\/2020\/04\/DSC_0905_lw110.jpg\" \/>\n\t<meta property=\"og:image:width\" content=\"1200\" \/>\n\t<meta property=\"og:image:height\" content=\"1200\" \/>\n\t<meta property=\"og:image:type\" content=\"image\/jpeg\" \/>\n<script type=\"application\/ld+json\" class=\"yoast-schema-graph\">{\"@context\":\"https:\/\/schema.org\",\"@graph\":[{\"@type\":\"WebPage\",\"@id\":\"https:\/\/tuchundstoff.shop\/product\/leinen-360g-lfm-raucheichenbraun\/\",\"url\":\"https:\/\/tuchundstoff.shop\/product\/leinen-360g-lfm-raucheichenbraun\/\",\"name\":\"Linen 360g\/rm smoked oak brown - TuchundStoff\",\"isPartOf\":{\"@id\":\"https:\/\/tuchundstoff.shop\/#website\"},\"primaryImageOfPage\":{\"@id\":\"https:\/\/tuchundstoff.shop\/product\/leinen-360g-lfm-raucheichenbraun\/#primaryimage\"},\"image\":{\"@id\":\"https:\/\/tuchundstoff.shop\/product\/leinen-360g-lfm-raucheichenbraun\/#primaryimage\"},\"thumbnailUrl\":\"https:\/\/tuchundstoff.shop\/wp-content\/uploads\/2020\/04\/DSC_0905_lw110.jpg\",\"datePublished\":\"2020-04-13T21:35:26+00:00\",\"dateModified\":\"2021-02-27T16:57:54+00:00\",\"description\":\"Linen 360g\/rm smoked oak brown - 100% linen web width 140cm\",\"breadcrumb\":{\"@id\":\"https:\/\/tuchundstoff.shop\/product\/leinen-360g-lfm-raucheichenbraun\/#breadcrumb\"},\"inLanguage\":\"en-US\",\"potentialAction\":[{\"@type\":\"ReadAction\",\"target\":[\"https:\/\/tuchundstoff.shop\/product\/leinen-360g-lfm-raucheichenbraun\/\"]}]},{\"@type\":\"ImageObject\",\"inLanguage\":\"en-US\",\"@id\":\"https:\/\/tuchundstoff.shop\/product\/leinen-360g-lfm-raucheichenbraun\/#primaryimage\",\"url\":\"https:\/\/tuchundstoff.shop\/wp-content\/uploads\/2020\/04\/DSC_0905_lw110.jpg\",\"contentUrl\":\"https:\/\/tuchundstoff.shop\/wp-content\/uploads\/2020\/04\/DSC_0905_lw110.jpg\",\"width\":1200,\"height\":1200,\"caption\":\"lw110\"},{\"@type\":\"BreadcrumbList\",\"@id\":\"https:\/\/tuchundstoff.shop\/product\/leinen-360g-lfm-raucheichenbraun\/#breadcrumb\",\"itemListElement\":[{\"@type\":\"ListItem\",\"position\":1,\"name\":\"Startseite\",\"item\":\"https:\/\/tuchundstoff.shop\/en\/\"},{\"@type\":\"ListItem\",\"position\":2,\"name\":\"Quality fabrics for contemporary fashion and living history &#8211; 100% natural\",\"item\":\"https:\/\/tuchundstoff.shop\/en\/shop\/\"},{\"@type\":\"ListItem\",\"position\":3,\"name\":\"Linen 360g\/rm smoked oak brown\"}]},{\"@type\":\"WebSite\",\"@id\":\"https:\/\/tuchundstoff.shop\/#website\",\"url\":\"https:\/\/tuchundstoff.shop\/\",\"name\":\"TuchundStoff\",\"description\":\"Qualit\u00e4tsstoffe f\u00fcr zeitgen\u00f6ssische Mode und gelebte Geschichte \u2013 100% Natur\",\"publisher\":{\"@id\":\"https:\/\/tuchundstoff.shop\/#organization\"},\"potentialAction\":[{\"@type\":\"SearchAction\",\"target\":{\"@type\":\"EntryPoint\",\"urlTemplate\":\"https:\/\/tuchundstoff.shop\/?s={search_term_string}\"},\"query-input\":{\"@type\":\"PropertyValueSpecification\",\"valueRequired\":true,\"valueName\":\"search_term_string\"}}],\"inLanguage\":\"en-US\"},{\"@type\":\"Organization\",\"@id\":\"https:\/\/tuchundstoff.shop\/#organization\",\"name\":\"TuchundStoff\",\"url\":\"https:\/\/tuchundstoff.shop\/\",\"logo\":{\"@type\":\"ImageObject\",\"inLanguage\":\"en-US\",\"@id\":\"https:\/\/tuchundstoff.shop\/#\/schema\/logo\/image\/\",\"url\":\"https:\/\/tuchundstoff.shop\/wp-content\/uploads\/2021\/11\/Tus-Logo22-QfA-shop-V2-1.png\",\"contentUrl\":\"https:\/\/tuchundstoff.shop\/wp-content\/uploads\/2021\/11\/Tus-Logo22-QfA-shop-V2-1.png\",\"width\":485,\"height\":110,\"caption\":\"TuchundStoff\"},\"image\":{\"@id\":\"https:\/\/tuchundstoff.shop\/#\/schema\/logo\/image\/\"}}]}<\/script>\n<!-- \/ Yoast SEO plugin. -->","yoast_head_json":{"title":"Linen 360g\/rm smoked oak brown - TuchundStoff","description":"Linen 360g\/rm smoked oak brown - 100% linen web width 140cm","robots":{"index":"index","follow":"follow","max-snippet":"max-snippet:-1","max-image-preview":"max-image-preview:large","max-video-preview":"max-video-preview:-1"},"canonical":"https:\/\/tuchundstoff.shop\/product\/leinen-360g-lfm-raucheichenbraun\/","og_locale":"en_US","og_type":"article","og_title":"Linen 360g\/rm smoked oak brown - TuchundStoff","og_description":"Linen 360g\/rm smoked oak brown - 100% linen web width 140cm","og_url":"https:\/\/tuchundstoff.shop\/product\/leinen-360g-lfm-raucheichenbraun\/","og_site_name":"TuchundStoff","article_modified_time":"2021-02-27T16:57:54+00:00","og_image":[{"width":1200,"height":1200,"url":"https:\/\/tuchundstoff.shop\/wp-content\/uploads\/2020\/04\/DSC_0905_lw110.jpg","type":"image\/jpeg"}],"schema":{"@context":"https:\/\/schema.org","@graph":[{"@type":"WebPage","@id":"https:\/\/tuchundstoff.shop\/product\/leinen-360g-lfm-raucheichenbraun\/","url":"https:\/\/tuchundstoff.shop\/product\/leinen-360g-lfm-raucheichenbraun\/","name":"Linen 360g\/rm smoked oak brown - TuchundStoff","isPartOf":{"@id":"https:\/\/tuchundstoff.shop\/#website"},"primaryImageOfPage":{"@id":"https:\/\/tuchundstoff.shop\/product\/leinen-360g-lfm-raucheichenbraun\/#primaryimage"},"image":{"@id":"https:\/\/tuchundstoff.shop\/product\/leinen-360g-lfm-raucheichenbraun\/#primaryimage"},"thumbnailUrl":"https:\/\/tuchundstoff.shop\/wp-content\/uploads\/2020\/04\/DSC_0905_lw110.jpg","datePublished":"2020-04-13T21:35:26+00:00","dateModified":"2021-02-27T16:57:54+00:00","description":"Linen 360g\/rm smoked oak brown - 100% linen web width 140cm","breadcrumb":{"@id":"https:\/\/tuchundstoff.shop\/product\/leinen-360g-lfm-raucheichenbraun\/#breadcrumb"},"inLanguage":"en-US","potentialAction":[{"@type":"ReadAction","target":["https:\/\/tuchundstoff.shop\/product\/leinen-360g-lfm-raucheichenbraun\/"]}]},{"@type":"ImageObject","inLanguage":"en-US","@id":"https:\/\/tuchundstoff.shop\/product\/leinen-360g-lfm-raucheichenbraun\/#primaryimage","url":"https:\/\/tuchundstoff.shop\/wp-content\/uploads\/2020\/04\/DSC_0905_lw110.jpg","contentUrl":"https:\/\/tuchundstoff.shop\/wp-content\/uploads\/2020\/04\/DSC_0905_lw110.jpg","width":1200,"height":1200,"caption":"lw110"},{"@type":"BreadcrumbList","@id":"https:\/\/tuchundstoff.shop\/product\/leinen-360g-lfm-raucheichenbraun\/#breadcrumb","itemListElement":[{"@type":"ListItem","position":1,"name":"Startseite","item":"https:\/\/tuchundstoff.shop\/en\/"},{"@type":"ListItem","position":2,"name":"Quality fabrics for contemporary fashion and living history &#8211; 100% natural","item":"https:\/\/tuchundstoff.shop\/en\/shop\/"},{"@type":"ListItem","position":3,"name":"Linen 360g\/rm smoked oak brown"}]},{"@type":"WebSite","@id":"https:\/\/tuchundstoff.shop\/#website","url":"https:\/\/tuchundstoff.shop\/","name":"TuchundStoff","description":"Qualit\u00e4tsstoffe f\u00fcr zeitgen\u00f6ssische Mode und gelebte Geschichte \u2013 100% Natur","publisher":{"@id":"https:\/\/tuchundstoff.shop\/#organization"},"potentialAction":[{"@type":"SearchAction","target":{"@type":"EntryPoint","urlTemplate":"https:\/\/tuchundstoff.shop\/?s={search_term_string}"},"query-input":{"@type":"PropertyValueSpecification","valueRequired":true,"valueName":"search_term_string"}}],"inLanguage":"en-US"},{"@type":"Organization","@id":"https:\/\/tuchundstoff.shop\/#organization","name":"TuchundStoff","url":"https:\/\/tuchundstoff.shop\/","logo":{"@type":"ImageObject","inLanguage":"en-US","@id":"https:\/\/tuchundstoff.shop\/#\/schema\/logo\/image\/","url":"https:\/\/tuchundstoff.shop\/wp-content\/uploads\/2021\/11\/Tus-Logo22-QfA-shop-V2-1.png","contentUrl":"https:\/\/tuchundstoff.shop\/wp-content\/uploads\/2021\/11\/Tus-Logo22-QfA-shop-V2-1.png","width":485,"height":110,"caption":"TuchundStoff"},"image":{"@id":"https:\/\/tuchundstoff.shop\/#\/schema\/logo\/image\/"}}]}},"_links":{"self":[{"href":"https:\/\/tuchundstoff.shop\/en\/wp-json\/wp\/v2\/product\/6389","targetHints":{"allow":["GET"]}}],"collection":[{"href":"https:\/\/tuchundstoff.shop\/en\/wp-json\/wp\/v2\/product"}],"about":[{"href":"https:\/\/tuchundstoff.shop\/en\/wp-json\/wp\/v2\/types\/product"}],"replies":[{"embeddable":true,"href":"https:\/\/tuchundstoff.shop\/en\/wp-json\/wp\/v2\/comments?post=6389"}],"wp:featuredmedia":[{"embeddable":true,"href":"https:\/\/tuchundstoff.shop\/en\/wp-json\/wp\/v2\/media\/6390"}],"wp:attachment":[{"href":"https:\/\/tuchundstoff.shop\/en\/wp-json\/wp\/v2\/media?parent=6389"}],"wp:term":[{"taxonomy":"product_brand","embeddable":true,"href":"https:\/\/tuchundstoff.shop\/en\/wp-json\/wp\/v2\/product_brand?post=6389"},{"taxonomy":"product_cat","embeddable":true,"href":"https:\/\/tuchundstoff.shop\/en\/wp-json\/wp\/v2\/product_cat?post=6389"},{"taxonomy":"product_tag","embeddable":true,"href":"https:\/\/tuchundstoff.shop\/en\/wp-json\/wp\/v2\/product_tag?post=6389"}],"curies":[{"name":"wp","href":"https:\/\/api.w.org\/{rel}","templated":true}]}}