{"id":18733,"date":"2026-03-07T07:39:36","date_gmt":"2026-03-07T06:39:36","guid":{"rendered":"https:\/\/tuchundstoff.shop\/?post_type=product&#038;p=18733"},"modified":"2026-04-02T19:27:17","modified_gmt":"2026-04-02T17:27:17","slug":"wool-diamond-twill-yellow-gold-cardinal-red-kopie-2","status":"publish","type":"product","link":"https:\/\/tuchundstoff.shop\/en\/product\/wool-diamond-twill-yellow-gold-cardinal-red-kopie-2\/","title":{"rendered":"Wool diamond twill golden yellow \/ brick"},"content":{"rendered":"<p>Diamond twill, 100% sheep&#8217;s wool carded yarn, approx. 360g\/rm, width 150cm,&nbsp;<br \/>\nMedium weight&nbsp;<\/p>\n<p>Ideal for tunics, trousers, skirts and dresses. As well as curtains or dividers <\/p>\n<p>&nbsp;<\/p>\n<p>While stocks last!<\/p>\n","protected":false},"excerpt":{"rendered":"<p>Diamond twill, 100% sheep&#8217;s wool carded yarn,<br \/>\nWeight approx. 360\/rm, width 150cm<\/p>\n","protected":false},"featured_media":18739,"comment_status":"open","ping_status":"closed","template":"","meta":{"ngg_post_thumbnail":0},"product_brand":[],"product_cat":[698,705],"product_tag":[2224,831,835,859,1173,1191,1193],"class_list":{"0":"post-18733","1":"product","2":"type-product","3":"status-publish","4":"has-post-thumbnail","6":"product_cat-wool","7":"product_cat-diamond-twill","8":"product_tag-curtain-2","9":"product_tag-trousers","10":"product_tag-tunika-en","11":"product_tag-wool","12":"product_tag-diamond-twill","13":"product_tag-trim","14":"product_tag-diamond-twill-en","15":"pa_gewicht-360g-lfm-240g-m-en","16":"resize-featured-image","17":"sales-flash-overlay","18":"woocommerce-text-align-center","19":"woocommerce-image-align-center","20":"do-quantity-buttons","21":"wc-has-gallery","23":"first","24":"instock","25":"taxable","26":"shipping-taxable","27":"purchasable","28":"product-type-simple"},"yoast_head":"<!-- This site is optimized with the Yoast SEO plugin v27.2 - https:\/\/yoast.com\/product\/yoast-seo-wordpress\/ -->\n<title>Wool diamond twill golden yellow \/ brick - TuchundStoff<\/title>\n<meta name=\"description\" content=\"Wool diamond twill golden yellow \/ brick - Diamond twill, 100% sheep&#039;s wool carded yarn, Weight approx. 360\/rm, width 150cm\" \/>\n<meta name=\"robots\" content=\"index, follow, max-snippet:-1, max-image-preview:large, max-video-preview:-1\" \/>\n<link rel=\"canonical\" href=\"https:\/\/tuchundstoff.shop\/en\/product\/wool-diamond-twill-yellow-gold-cardinal-red-kopie-2\/\" \/>\n<meta property=\"og:locale\" content=\"en_US\" \/>\n<meta property=\"og:type\" content=\"article\" \/>\n<meta property=\"og:title\" content=\"Wool diamond twill golden yellow \/ brick - TuchundStoff\" \/>\n<meta property=\"og:description\" content=\"Wool diamond twill golden yellow \/ brick - Diamond twill, 100% sheep&#039;s wool carded yarn, Weight approx. 360\/rm, width 150cm\" \/>\n<meta property=\"og:url\" content=\"https:\/\/tuchundstoff.shop\/en\/product\/wool-diamond-twill-yellow-gold-cardinal-red-kopie-2\/\" \/>\n<meta property=\"og:site_name\" content=\"TuchundStoff\" \/>\n<meta property=\"article:modified_time\" content=\"2026-04-02T17:27:17+00:00\" \/>\n<meta property=\"og:image\" content=\"https:\/\/tuchundstoff.shop\/wp-content\/uploads\/2026\/03\/Goldgelb-Brick-4486-08-F300-1.jpeg\" \/>\n\t<meta property=\"og:image:width\" content=\"1200\" \/>\n\t<meta property=\"og:image:height\" content=\"1600\" \/>\n\t<meta property=\"og:image:type\" content=\"image\/jpeg\" \/>\n<script type=\"application\/ld+json\" class=\"yoast-schema-graph\">{\"@context\":\"https:\/\/schema.org\",\"@graph\":[{\"@type\":\"WebPage\",\"@id\":\"https:\/\/tuchundstoff.shop\/en\/product\/wool-diamond-twill-yellow-gold-cardinal-red-kopie-2\/\",\"url\":\"https:\/\/tuchundstoff.shop\/en\/product\/wool-diamond-twill-yellow-gold-cardinal-red-kopie-2\/\",\"name\":\"Wool diamond twill golden yellow \/ brick - TuchundStoff\",\"isPartOf\":{\"@id\":\"https:\/\/tuchundstoff.shop\/#website\"},\"primaryImageOfPage\":{\"@id\":\"https:\/\/tuchundstoff.shop\/en\/product\/wool-diamond-twill-yellow-gold-cardinal-red-kopie-2\/#primaryimage\"},\"image\":{\"@id\":\"https:\/\/tuchundstoff.shop\/en\/product\/wool-diamond-twill-yellow-gold-cardinal-red-kopie-2\/#primaryimage\"},\"thumbnailUrl\":\"https:\/\/tuchundstoff.shop\/wp-content\/uploads\/2026\/03\/Goldgelb-Brick-4486-08-F300-1.jpeg\",\"datePublished\":\"2026-03-07T06:39:36+00:00\",\"dateModified\":\"2026-04-02T17:27:17+00:00\",\"description\":\"Wool diamond twill golden yellow \/ brick - Diamond twill, 100% sheep's wool carded yarn, Weight approx. 360\/rm, width 150cm\",\"breadcrumb\":{\"@id\":\"https:\/\/tuchundstoff.shop\/en\/product\/wool-diamond-twill-yellow-gold-cardinal-red-kopie-2\/#breadcrumb\"},\"inLanguage\":\"en-US\",\"potentialAction\":[{\"@type\":\"ReadAction\",\"target\":[\"https:\/\/tuchundstoff.shop\/en\/product\/wool-diamond-twill-yellow-gold-cardinal-red-kopie-2\/\"]}]},{\"@type\":\"ImageObject\",\"inLanguage\":\"en-US\",\"@id\":\"https:\/\/tuchundstoff.shop\/en\/product\/wool-diamond-twill-yellow-gold-cardinal-red-kopie-2\/#primaryimage\",\"url\":\"https:\/\/tuchundstoff.shop\/wp-content\/uploads\/2026\/03\/Goldgelb-Brick-4486-08-F300-1.jpeg\",\"contentUrl\":\"https:\/\/tuchundstoff.shop\/wp-content\/uploads\/2026\/03\/Goldgelb-Brick-4486-08-F300-1.jpeg\",\"width\":1200,\"height\":1600},{\"@type\":\"BreadcrumbList\",\"@id\":\"https:\/\/tuchundstoff.shop\/en\/product\/wool-diamond-twill-yellow-gold-cardinal-red-kopie-2\/#breadcrumb\",\"itemListElement\":[{\"@type\":\"ListItem\",\"position\":1,\"name\":\"Startseite\",\"item\":\"https:\/\/tuchundstoff.shop\/en\/\"},{\"@type\":\"ListItem\",\"position\":2,\"name\":\"Quality fabrics for contemporary fashion and living history &#8211; 100% natural\",\"item\":\"https:\/\/tuchundstoff.shop\/en\/shop\/\"},{\"@type\":\"ListItem\",\"position\":3,\"name\":\"Wool diamond twill golden yellow \/ brick\"}]},{\"@type\":\"WebSite\",\"@id\":\"https:\/\/tuchundstoff.shop\/#website\",\"url\":\"https:\/\/tuchundstoff.shop\/\",\"name\":\"TuchundStoff\",\"description\":\"Qualit\u00e4tsstoffe f\u00fcr zeitgen\u00f6ssische Mode und gelebte Geschichte \u2013 100% Natur\",\"publisher\":{\"@id\":\"https:\/\/tuchundstoff.shop\/#organization\"},\"potentialAction\":[{\"@type\":\"SearchAction\",\"target\":{\"@type\":\"EntryPoint\",\"urlTemplate\":\"https:\/\/tuchundstoff.shop\/?s={search_term_string}\"},\"query-input\":{\"@type\":\"PropertyValueSpecification\",\"valueRequired\":true,\"valueName\":\"search_term_string\"}}],\"inLanguage\":\"en-US\"},{\"@type\":\"Organization\",\"@id\":\"https:\/\/tuchundstoff.shop\/#organization\",\"name\":\"TuchundStoff\",\"url\":\"https:\/\/tuchundstoff.shop\/\",\"logo\":{\"@type\":\"ImageObject\",\"inLanguage\":\"en-US\",\"@id\":\"https:\/\/tuchundstoff.shop\/#\/schema\/logo\/image\/\",\"url\":\"https:\/\/tuchundstoff.shop\/wp-content\/uploads\/2021\/11\/Tus-Logo22-QfA-shop-V2-1.png\",\"contentUrl\":\"https:\/\/tuchundstoff.shop\/wp-content\/uploads\/2021\/11\/Tus-Logo22-QfA-shop-V2-1.png\",\"width\":485,\"height\":110,\"caption\":\"TuchundStoff\"},\"image\":{\"@id\":\"https:\/\/tuchundstoff.shop\/#\/schema\/logo\/image\/\"}}]}<\/script>\n<!-- \/ Yoast SEO plugin. -->","yoast_head_json":{"title":"Wool diamond twill golden yellow \/ brick - TuchundStoff","description":"Wool diamond twill golden yellow \/ brick - Diamond twill, 100% sheep's wool carded yarn, Weight approx. 360\/rm, width 150cm","robots":{"index":"index","follow":"follow","max-snippet":"max-snippet:-1","max-image-preview":"max-image-preview:large","max-video-preview":"max-video-preview:-1"},"canonical":"https:\/\/tuchundstoff.shop\/en\/product\/wool-diamond-twill-yellow-gold-cardinal-red-kopie-2\/","og_locale":"en_US","og_type":"article","og_title":"Wool diamond twill golden yellow \/ brick - TuchundStoff","og_description":"Wool diamond twill golden yellow \/ brick - Diamond twill, 100% sheep's wool carded yarn, Weight approx. 360\/rm, width 150cm","og_url":"https:\/\/tuchundstoff.shop\/en\/product\/wool-diamond-twill-yellow-gold-cardinal-red-kopie-2\/","og_site_name":"TuchundStoff","article_modified_time":"2026-04-02T17:27:17+00:00","og_image":[{"width":1200,"height":1600,"url":"https:\/\/tuchundstoff.shop\/wp-content\/uploads\/2026\/03\/Goldgelb-Brick-4486-08-F300-1.jpeg","type":"image\/jpeg"}],"schema":{"@context":"https:\/\/schema.org","@graph":[{"@type":"WebPage","@id":"https:\/\/tuchundstoff.shop\/en\/product\/wool-diamond-twill-yellow-gold-cardinal-red-kopie-2\/","url":"https:\/\/tuchundstoff.shop\/en\/product\/wool-diamond-twill-yellow-gold-cardinal-red-kopie-2\/","name":"Wool diamond twill golden yellow \/ brick - TuchundStoff","isPartOf":{"@id":"https:\/\/tuchundstoff.shop\/#website"},"primaryImageOfPage":{"@id":"https:\/\/tuchundstoff.shop\/en\/product\/wool-diamond-twill-yellow-gold-cardinal-red-kopie-2\/#primaryimage"},"image":{"@id":"https:\/\/tuchundstoff.shop\/en\/product\/wool-diamond-twill-yellow-gold-cardinal-red-kopie-2\/#primaryimage"},"thumbnailUrl":"https:\/\/tuchundstoff.shop\/wp-content\/uploads\/2026\/03\/Goldgelb-Brick-4486-08-F300-1.jpeg","datePublished":"2026-03-07T06:39:36+00:00","dateModified":"2026-04-02T17:27:17+00:00","description":"Wool diamond twill golden yellow \/ brick - Diamond twill, 100% sheep's wool carded yarn, Weight approx. 360\/rm, width 150cm","breadcrumb":{"@id":"https:\/\/tuchundstoff.shop\/en\/product\/wool-diamond-twill-yellow-gold-cardinal-red-kopie-2\/#breadcrumb"},"inLanguage":"en-US","potentialAction":[{"@type":"ReadAction","target":["https:\/\/tuchundstoff.shop\/en\/product\/wool-diamond-twill-yellow-gold-cardinal-red-kopie-2\/"]}]},{"@type":"ImageObject","inLanguage":"en-US","@id":"https:\/\/tuchundstoff.shop\/en\/product\/wool-diamond-twill-yellow-gold-cardinal-red-kopie-2\/#primaryimage","url":"https:\/\/tuchundstoff.shop\/wp-content\/uploads\/2026\/03\/Goldgelb-Brick-4486-08-F300-1.jpeg","contentUrl":"https:\/\/tuchundstoff.shop\/wp-content\/uploads\/2026\/03\/Goldgelb-Brick-4486-08-F300-1.jpeg","width":1200,"height":1600},{"@type":"BreadcrumbList","@id":"https:\/\/tuchundstoff.shop\/en\/product\/wool-diamond-twill-yellow-gold-cardinal-red-kopie-2\/#breadcrumb","itemListElement":[{"@type":"ListItem","position":1,"name":"Startseite","item":"https:\/\/tuchundstoff.shop\/en\/"},{"@type":"ListItem","position":2,"name":"Quality fabrics for contemporary fashion and living history &#8211; 100% natural","item":"https:\/\/tuchundstoff.shop\/en\/shop\/"},{"@type":"ListItem","position":3,"name":"Wool diamond twill golden yellow \/ brick"}]},{"@type":"WebSite","@id":"https:\/\/tuchundstoff.shop\/#website","url":"https:\/\/tuchundstoff.shop\/","name":"TuchundStoff","description":"Qualit\u00e4tsstoffe f\u00fcr zeitgen\u00f6ssische Mode und gelebte Geschichte \u2013 100% Natur","publisher":{"@id":"https:\/\/tuchundstoff.shop\/#organization"},"potentialAction":[{"@type":"SearchAction","target":{"@type":"EntryPoint","urlTemplate":"https:\/\/tuchundstoff.shop\/?s={search_term_string}"},"query-input":{"@type":"PropertyValueSpecification","valueRequired":true,"valueName":"search_term_string"}}],"inLanguage":"en-US"},{"@type":"Organization","@id":"https:\/\/tuchundstoff.shop\/#organization","name":"TuchundStoff","url":"https:\/\/tuchundstoff.shop\/","logo":{"@type":"ImageObject","inLanguage":"en-US","@id":"https:\/\/tuchundstoff.shop\/#\/schema\/logo\/image\/","url":"https:\/\/tuchundstoff.shop\/wp-content\/uploads\/2021\/11\/Tus-Logo22-QfA-shop-V2-1.png","contentUrl":"https:\/\/tuchundstoff.shop\/wp-content\/uploads\/2021\/11\/Tus-Logo22-QfA-shop-V2-1.png","width":485,"height":110,"caption":"TuchundStoff"},"image":{"@id":"https:\/\/tuchundstoff.shop\/#\/schema\/logo\/image\/"}}]}},"_links":{"self":[{"href":"https:\/\/tuchundstoff.shop\/en\/wp-json\/wp\/v2\/product\/18733","targetHints":{"allow":["GET"]}}],"collection":[{"href":"https:\/\/tuchundstoff.shop\/en\/wp-json\/wp\/v2\/product"}],"about":[{"href":"https:\/\/tuchundstoff.shop\/en\/wp-json\/wp\/v2\/types\/product"}],"replies":[{"embeddable":true,"href":"https:\/\/tuchundstoff.shop\/en\/wp-json\/wp\/v2\/comments?post=18733"}],"wp:featuredmedia":[{"embeddable":true,"href":"https:\/\/tuchundstoff.shop\/en\/wp-json\/wp\/v2\/media\/18739"}],"wp:attachment":[{"href":"https:\/\/tuchundstoff.shop\/en\/wp-json\/wp\/v2\/media?parent=18733"}],"wp:term":[{"taxonomy":"product_brand","embeddable":true,"href":"https:\/\/tuchundstoff.shop\/en\/wp-json\/wp\/v2\/product_brand?post=18733"},{"taxonomy":"product_cat","embeddable":true,"href":"https:\/\/tuchundstoff.shop\/en\/wp-json\/wp\/v2\/product_cat?post=18733"},{"taxonomy":"product_tag","embeddable":true,"href":"https:\/\/tuchundstoff.shop\/en\/wp-json\/wp\/v2\/product_tag?post=18733"}],"curies":[{"name":"wp","href":"https:\/\/api.w.org\/{rel}","templated":true}]}}