{"id":18626,"date":"2026-03-01T10:00:32","date_gmt":"2026-03-01T09:00:32","guid":{"rendered":"https:\/\/tuchundstoff.shop\/?post_type=product&#038;p=18626"},"modified":"2026-04-02T19:18:26","modified_gmt":"2026-04-02T17:18:26","slug":"wool-mix-with-silk-dry-floral-purple-260g-rm-kopie-2","status":"publish","type":"product","link":"https:\/\/tuchundstoff.shop\/en\/product\/wool-mix-with-silk-dry-floral-purple-260g-rm-kopie-2\/","title":{"rendered":"Wool mix with silk, Aubergine Bordaux, 260g\/rm"},"content":{"rendered":"<p>Wool mix with silk in plain weave, very nice light drape, pleasant on the skin. Cooling in summer, warming in winter. For underdress, light overdress, tunic or as lining fabric<\/p>\n","protected":false},"excerpt":{"rendered":"<p>Price advantage from 5 running meters!<\/p>\n<p>Wool mix with silk in plain weave, very nice light drape, pleasant on the skin. Cooling in summer, warming in winter. For underdress, light overdress, tunic or as lining fabric<\/p>\n","protected":false},"featured_media":18629,"comment_status":"open","ping_status":"closed","template":"","meta":{"ngg_post_thumbnail":0},"product_brand":[],"product_cat":[1573,698],"product_tag":[827,831,833,834,1175],"class_list":{"0":"post-18626","1":"product","2":"type-product","3":"status-publish","4":"has-post-thumbnail","6":"product_cat-fiber-blends","7":"product_cat-wool","8":"product_tag-underdress","9":"product_tag-trousers","10":"product_tag-light-tunic","11":"product_tag-strap-dress","12":"product_tag-wool-silk","13":"pa_gewicht-260-g-lfm-173-g-m-en","14":"resize-featured-image","15":"sales-flash-overlay","16":"woocommerce-text-align-center","17":"woocommerce-image-align-center","18":"do-quantity-buttons","19":"wc-has-gallery","21":"first","22":"instock","23":"taxable","24":"shipping-taxable","25":"purchasable","26":"product-type-simple"},"yoast_head":"<!-- This site is optimized with the Yoast SEO plugin v27.2 - https:\/\/yoast.com\/product\/yoast-seo-wordpress\/ -->\n<title>Wool mix with silk, Aubergine Bordaux, 260g\/rm - TuchundStoff<\/title>\n<meta name=\"description\" content=\"Wool mix with silk, Aubergine Bordaux, 260g\/rm - Price advantage from 5 running meters! Wool mix with silk in plain weave, very nice light drape, pleasant on the skin. Cooling in summer, warming in winter. For underdress, light overdress, tunic or as lining fabric\" \/>\n<meta name=\"robots\" content=\"index, follow, max-snippet:-1, max-image-preview:large, max-video-preview:-1\" \/>\n<link rel=\"canonical\" href=\"https:\/\/tuchundstoff.shop\/en\/product\/wool-mix-with-silk-dry-floral-purple-260g-rm-kopie-2\/\" \/>\n<meta property=\"og:locale\" content=\"en_US\" \/>\n<meta property=\"og:type\" content=\"article\" \/>\n<meta property=\"og:title\" content=\"Wool mix with silk, Aubergine Bordaux, 260g\/rm - TuchundStoff\" \/>\n<meta property=\"og:description\" content=\"Wool mix with silk, Aubergine Bordaux, 260g\/rm - Price advantage from 5 running meters! Wool mix with silk in plain weave, very nice light drape, pleasant on the skin. Cooling in summer, warming in winter. For underdress, light overdress, tunic or as lining fabric\" \/>\n<meta property=\"og:url\" content=\"https:\/\/tuchundstoff.shop\/en\/product\/wool-mix-with-silk-dry-floral-purple-260g-rm-kopie-2\/\" \/>\n<meta property=\"og:site_name\" content=\"TuchundStoff\" \/>\n<meta property=\"article:modified_time\" content=\"2026-04-02T17:18:26+00:00\" \/>\n<meta property=\"og:image\" content=\"https:\/\/tuchundstoff.shop\/wp-content\/uploads\/2026\/03\/5043U625-1-.png\" \/>\n\t<meta property=\"og:image:width\" content=\"1200\" \/>\n\t<meta property=\"og:image:height\" content=\"1200\" \/>\n\t<meta property=\"og:image:type\" content=\"image\/png\" \/>\n<script type=\"application\/ld+json\" class=\"yoast-schema-graph\">{\"@context\":\"https:\/\/schema.org\",\"@graph\":[{\"@type\":\"WebPage\",\"@id\":\"https:\/\/tuchundstoff.shop\/en\/product\/wool-mix-with-silk-dry-floral-purple-260g-rm-kopie-2\/\",\"url\":\"https:\/\/tuchundstoff.shop\/en\/product\/wool-mix-with-silk-dry-floral-purple-260g-rm-kopie-2\/\",\"name\":\"Wool mix with silk, Aubergine Bordaux, 260g\/rm - TuchundStoff\",\"isPartOf\":{\"@id\":\"https:\/\/tuchundstoff.shop\/#website\"},\"primaryImageOfPage\":{\"@id\":\"https:\/\/tuchundstoff.shop\/en\/product\/wool-mix-with-silk-dry-floral-purple-260g-rm-kopie-2\/#primaryimage\"},\"image\":{\"@id\":\"https:\/\/tuchundstoff.shop\/en\/product\/wool-mix-with-silk-dry-floral-purple-260g-rm-kopie-2\/#primaryimage\"},\"thumbnailUrl\":\"https:\/\/tuchundstoff.shop\/wp-content\/uploads\/2026\/03\/5043U625-1-.png\",\"datePublished\":\"2026-03-01T09:00:32+00:00\",\"dateModified\":\"2026-04-02T17:18:26+00:00\",\"description\":\"Wool mix with silk, Aubergine Bordaux, 260g\/rm - Price advantage from 5 running meters! Wool mix with silk in plain weave, very nice light drape, pleasant on the skin. Cooling in summer, warming in winter. For underdress, light overdress, tunic or as lining fabric\",\"breadcrumb\":{\"@id\":\"https:\/\/tuchundstoff.shop\/en\/product\/wool-mix-with-silk-dry-floral-purple-260g-rm-kopie-2\/#breadcrumb\"},\"inLanguage\":\"en-US\",\"potentialAction\":[{\"@type\":\"ReadAction\",\"target\":[\"https:\/\/tuchundstoff.shop\/en\/product\/wool-mix-with-silk-dry-floral-purple-260g-rm-kopie-2\/\"]}]},{\"@type\":\"ImageObject\",\"inLanguage\":\"en-US\",\"@id\":\"https:\/\/tuchundstoff.shop\/en\/product\/wool-mix-with-silk-dry-floral-purple-260g-rm-kopie-2\/#primaryimage\",\"url\":\"https:\/\/tuchundstoff.shop\/wp-content\/uploads\/2026\/03\/5043U625-1-.png\",\"contentUrl\":\"https:\/\/tuchundstoff.shop\/wp-content\/uploads\/2026\/03\/5043U625-1-.png\",\"width\":1200,\"height\":1200},{\"@type\":\"BreadcrumbList\",\"@id\":\"https:\/\/tuchundstoff.shop\/en\/product\/wool-mix-with-silk-dry-floral-purple-260g-rm-kopie-2\/#breadcrumb\",\"itemListElement\":[{\"@type\":\"ListItem\",\"position\":1,\"name\":\"Startseite\",\"item\":\"https:\/\/tuchundstoff.shop\/en\/\"},{\"@type\":\"ListItem\",\"position\":2,\"name\":\"Quality fabrics for contemporary fashion and living history &#8211; 100% natural\",\"item\":\"https:\/\/tuchundstoff.shop\/en\/shop\/\"},{\"@type\":\"ListItem\",\"position\":3,\"name\":\"Wool mix with silk, Aubergine Bordaux, 260g\/rm\"}]},{\"@type\":\"WebSite\",\"@id\":\"https:\/\/tuchundstoff.shop\/#website\",\"url\":\"https:\/\/tuchundstoff.shop\/\",\"name\":\"TuchundStoff\",\"description\":\"Qualit\u00e4tsstoffe f\u00fcr zeitgen\u00f6ssische Mode und gelebte Geschichte \u2013 100% Natur\",\"publisher\":{\"@id\":\"https:\/\/tuchundstoff.shop\/#organization\"},\"potentialAction\":[{\"@type\":\"SearchAction\",\"target\":{\"@type\":\"EntryPoint\",\"urlTemplate\":\"https:\/\/tuchundstoff.shop\/?s={search_term_string}\"},\"query-input\":{\"@type\":\"PropertyValueSpecification\",\"valueRequired\":true,\"valueName\":\"search_term_string\"}}],\"inLanguage\":\"en-US\"},{\"@type\":\"Organization\",\"@id\":\"https:\/\/tuchundstoff.shop\/#organization\",\"name\":\"TuchundStoff\",\"url\":\"https:\/\/tuchundstoff.shop\/\",\"logo\":{\"@type\":\"ImageObject\",\"inLanguage\":\"en-US\",\"@id\":\"https:\/\/tuchundstoff.shop\/#\/schema\/logo\/image\/\",\"url\":\"https:\/\/tuchundstoff.shop\/wp-content\/uploads\/2021\/11\/Tus-Logo22-QfA-shop-V2-1.png\",\"contentUrl\":\"https:\/\/tuchundstoff.shop\/wp-content\/uploads\/2021\/11\/Tus-Logo22-QfA-shop-V2-1.png\",\"width\":485,\"height\":110,\"caption\":\"TuchundStoff\"},\"image\":{\"@id\":\"https:\/\/tuchundstoff.shop\/#\/schema\/logo\/image\/\"}}]}<\/script>\n<!-- \/ Yoast SEO plugin. -->","yoast_head_json":{"title":"Wool mix with silk, Aubergine Bordaux, 260g\/rm - TuchundStoff","description":"Wool mix with silk, Aubergine Bordaux, 260g\/rm - Price advantage from 5 running meters! Wool mix with silk in plain weave, very nice light drape, pleasant on the skin. Cooling in summer, warming in winter. For underdress, light overdress, tunic or as lining fabric","robots":{"index":"index","follow":"follow","max-snippet":"max-snippet:-1","max-image-preview":"max-image-preview:large","max-video-preview":"max-video-preview:-1"},"canonical":"https:\/\/tuchundstoff.shop\/en\/product\/wool-mix-with-silk-dry-floral-purple-260g-rm-kopie-2\/","og_locale":"en_US","og_type":"article","og_title":"Wool mix with silk, Aubergine Bordaux, 260g\/rm - TuchundStoff","og_description":"Wool mix with silk, Aubergine Bordaux, 260g\/rm - Price advantage from 5 running meters! Wool mix with silk in plain weave, very nice light drape, pleasant on the skin. Cooling in summer, warming in winter. For underdress, light overdress, tunic or as lining fabric","og_url":"https:\/\/tuchundstoff.shop\/en\/product\/wool-mix-with-silk-dry-floral-purple-260g-rm-kopie-2\/","og_site_name":"TuchundStoff","article_modified_time":"2026-04-02T17:18:26+00:00","og_image":[{"width":1200,"height":1200,"url":"https:\/\/tuchundstoff.shop\/wp-content\/uploads\/2026\/03\/5043U625-1-.png","type":"image\/png"}],"schema":{"@context":"https:\/\/schema.org","@graph":[{"@type":"WebPage","@id":"https:\/\/tuchundstoff.shop\/en\/product\/wool-mix-with-silk-dry-floral-purple-260g-rm-kopie-2\/","url":"https:\/\/tuchundstoff.shop\/en\/product\/wool-mix-with-silk-dry-floral-purple-260g-rm-kopie-2\/","name":"Wool mix with silk, Aubergine Bordaux, 260g\/rm - TuchundStoff","isPartOf":{"@id":"https:\/\/tuchundstoff.shop\/#website"},"primaryImageOfPage":{"@id":"https:\/\/tuchundstoff.shop\/en\/product\/wool-mix-with-silk-dry-floral-purple-260g-rm-kopie-2\/#primaryimage"},"image":{"@id":"https:\/\/tuchundstoff.shop\/en\/product\/wool-mix-with-silk-dry-floral-purple-260g-rm-kopie-2\/#primaryimage"},"thumbnailUrl":"https:\/\/tuchundstoff.shop\/wp-content\/uploads\/2026\/03\/5043U625-1-.png","datePublished":"2026-03-01T09:00:32+00:00","dateModified":"2026-04-02T17:18:26+00:00","description":"Wool mix with silk, Aubergine Bordaux, 260g\/rm - Price advantage from 5 running meters! Wool mix with silk in plain weave, very nice light drape, pleasant on the skin. Cooling in summer, warming in winter. For underdress, light overdress, tunic or as lining fabric","breadcrumb":{"@id":"https:\/\/tuchundstoff.shop\/en\/product\/wool-mix-with-silk-dry-floral-purple-260g-rm-kopie-2\/#breadcrumb"},"inLanguage":"en-US","potentialAction":[{"@type":"ReadAction","target":["https:\/\/tuchundstoff.shop\/en\/product\/wool-mix-with-silk-dry-floral-purple-260g-rm-kopie-2\/"]}]},{"@type":"ImageObject","inLanguage":"en-US","@id":"https:\/\/tuchundstoff.shop\/en\/product\/wool-mix-with-silk-dry-floral-purple-260g-rm-kopie-2\/#primaryimage","url":"https:\/\/tuchundstoff.shop\/wp-content\/uploads\/2026\/03\/5043U625-1-.png","contentUrl":"https:\/\/tuchundstoff.shop\/wp-content\/uploads\/2026\/03\/5043U625-1-.png","width":1200,"height":1200},{"@type":"BreadcrumbList","@id":"https:\/\/tuchundstoff.shop\/en\/product\/wool-mix-with-silk-dry-floral-purple-260g-rm-kopie-2\/#breadcrumb","itemListElement":[{"@type":"ListItem","position":1,"name":"Startseite","item":"https:\/\/tuchundstoff.shop\/en\/"},{"@type":"ListItem","position":2,"name":"Quality fabrics for contemporary fashion and living history &#8211; 100% natural","item":"https:\/\/tuchundstoff.shop\/en\/shop\/"},{"@type":"ListItem","position":3,"name":"Wool mix with silk, Aubergine Bordaux, 260g\/rm"}]},{"@type":"WebSite","@id":"https:\/\/tuchundstoff.shop\/#website","url":"https:\/\/tuchundstoff.shop\/","name":"TuchundStoff","description":"Qualit\u00e4tsstoffe f\u00fcr zeitgen\u00f6ssische Mode und gelebte Geschichte \u2013 100% Natur","publisher":{"@id":"https:\/\/tuchundstoff.shop\/#organization"},"potentialAction":[{"@type":"SearchAction","target":{"@type":"EntryPoint","urlTemplate":"https:\/\/tuchundstoff.shop\/?s={search_term_string}"},"query-input":{"@type":"PropertyValueSpecification","valueRequired":true,"valueName":"search_term_string"}}],"inLanguage":"en-US"},{"@type":"Organization","@id":"https:\/\/tuchundstoff.shop\/#organization","name":"TuchundStoff","url":"https:\/\/tuchundstoff.shop\/","logo":{"@type":"ImageObject","inLanguage":"en-US","@id":"https:\/\/tuchundstoff.shop\/#\/schema\/logo\/image\/","url":"https:\/\/tuchundstoff.shop\/wp-content\/uploads\/2021\/11\/Tus-Logo22-QfA-shop-V2-1.png","contentUrl":"https:\/\/tuchundstoff.shop\/wp-content\/uploads\/2021\/11\/Tus-Logo22-QfA-shop-V2-1.png","width":485,"height":110,"caption":"TuchundStoff"},"image":{"@id":"https:\/\/tuchundstoff.shop\/#\/schema\/logo\/image\/"}}]}},"_links":{"self":[{"href":"https:\/\/tuchundstoff.shop\/en\/wp-json\/wp\/v2\/product\/18626","targetHints":{"allow":["GET"]}}],"collection":[{"href":"https:\/\/tuchundstoff.shop\/en\/wp-json\/wp\/v2\/product"}],"about":[{"href":"https:\/\/tuchundstoff.shop\/en\/wp-json\/wp\/v2\/types\/product"}],"replies":[{"embeddable":true,"href":"https:\/\/tuchundstoff.shop\/en\/wp-json\/wp\/v2\/comments?post=18626"}],"wp:featuredmedia":[{"embeddable":true,"href":"https:\/\/tuchundstoff.shop\/en\/wp-json\/wp\/v2\/media\/18629"}],"wp:attachment":[{"href":"https:\/\/tuchundstoff.shop\/en\/wp-json\/wp\/v2\/media?parent=18626"}],"wp:term":[{"taxonomy":"product_brand","embeddable":true,"href":"https:\/\/tuchundstoff.shop\/en\/wp-json\/wp\/v2\/product_brand?post=18626"},{"taxonomy":"product_cat","embeddable":true,"href":"https:\/\/tuchundstoff.shop\/en\/wp-json\/wp\/v2\/product_cat?post=18626"},{"taxonomy":"product_tag","embeddable":true,"href":"https:\/\/tuchundstoff.shop\/en\/wp-json\/wp\/v2\/product_tag?post=18626"}],"curies":[{"name":"wp","href":"https:\/\/api.w.org\/{rel}","templated":true}]}}