{"id":17545,"date":"2025-07-30T11:01:33","date_gmt":"2025-07-30T09:01:33","guid":{"rendered":"https:\/\/tuchundstoff.shop\/?post_type=product&#038;p=17545"},"modified":"2026-04-02T19:37:55","modified_gmt":"2026-04-02T17:37:55","slug":"cloth-loden-580g-lfm-natural-brown-mottled-kopie","status":"publish","type":"product","link":"https:\/\/tuchundstoff.shop\/en\/product\/cloth-loden-580g-lfm-natural-brown-mottled-kopie\/","title":{"rendered":"Cloth loden 680g\/m bark mottled Serge woven"},"content":{"rendered":"<p>Serge woven medium-weight cloth, breathable, windproof, dirt and water repellent<br \/>\nFor uniforms, coat, cape or blankets. As seat covers and other home decor covers.<\/p>\n","protected":false},"excerpt":{"rendered":"<p>Price advantage from 5 running meters!<\/p>\n<p>100% Virgin wool, heavy, web width 150cm<\/p>\n","protected":false},"featured_media":17558,"comment_status":"open","ping_status":"closed","template":"","meta":{"ngg_post_thumbnail":0},"product_brand":[],"product_cat":[716,724,1779,2118,698],"product_tag":[1172,1178,1179,1180,859,885,2116,886,887,1170,1171],"class_list":{"0":"post-17545","1":"product","2":"type-product","3":"status-publish","4":"has-post-thumbnail","6":"product_cat-cloth-loden","7":"product_cat-medium-heavyweight","8":"product_cat-even-more-fabrics","9":"product_cat-uniform-en","10":"product_cat-wool","11":"product_tag-uniform-en","12":"product_tag-reference","13":"product_tag-rectangular-jacket","14":"product_tag-seat-cover","15":"product_tag-wool","16":"product_tag-coat","17":"product_tag-ww1-en","18":"product_tag-cover","19":"product_tag-cape","20":"product_tag-loden-en-2","21":"product_tag-plain-weave","22":"pa_gewicht-680g-rm-450g-m2","23":"resize-featured-image","24":"sales-flash-overlay","25":"woocommerce-text-align-center","26":"woocommerce-image-align-center","27":"do-quantity-buttons","28":"wc-has-gallery","30":"first","31":"instock","32":"taxable","33":"shipping-taxable","34":"purchasable","35":"product-type-simple"},"yoast_head":"<!-- This site is optimized with the Yoast SEO plugin v27.2 - https:\/\/yoast.com\/product\/yoast-seo-wordpress\/ -->\n<title>Cloth loden 680g\/m bark mottled Serge woven - TuchundStoff<\/title>\n<meta name=\"description\" content=\"Cloth loden 680g\/m bark mottled Serge woven - Price advantage from 5 running meters! 100% Virgin wool, heavy, web width 150cm\" \/>\n<meta name=\"robots\" content=\"index, follow, max-snippet:-1, max-image-preview:large, max-video-preview:-1\" \/>\n<link rel=\"canonical\" href=\"https:\/\/tuchundstoff.shop\/en\/product\/cloth-loden-580g-lfm-natural-brown-mottled-kopie\/\" \/>\n<meta property=\"og:locale\" content=\"en_US\" \/>\n<meta property=\"og:type\" content=\"article\" \/>\n<meta property=\"og:title\" content=\"Cloth loden 680g\/m bark mottled Serge woven - TuchundStoff\" \/>\n<meta property=\"og:description\" content=\"Cloth loden 680g\/m bark mottled Serge woven - Price advantage from 5 running meters! 100% Virgin wool, heavy, web width 150cm\" \/>\n<meta property=\"og:url\" content=\"https:\/\/tuchundstoff.shop\/en\/product\/cloth-loden-580g-lfm-natural-brown-mottled-kopie\/\" \/>\n<meta property=\"og:site_name\" content=\"TuchundStoff\" \/>\n<meta property=\"article:modified_time\" content=\"2026-04-02T17:37:55+00:00\" \/>\n<meta property=\"og:image\" content=\"https:\/\/tuchundstoff.shop\/wp-content\/uploads\/2025\/07\/2963-M382.jpg\" \/>\n\t<meta property=\"og:image:width\" content=\"1300\" \/>\n\t<meta property=\"og:image:height\" content=\"1300\" \/>\n\t<meta property=\"og:image:type\" content=\"image\/jpeg\" \/>\n<script type=\"application\/ld+json\" class=\"yoast-schema-graph\">{\"@context\":\"https:\/\/schema.org\",\"@graph\":[{\"@type\":\"WebPage\",\"@id\":\"https:\/\/tuchundstoff.shop\/en\/product\/cloth-loden-580g-lfm-natural-brown-mottled-kopie\/\",\"url\":\"https:\/\/tuchundstoff.shop\/en\/product\/cloth-loden-580g-lfm-natural-brown-mottled-kopie\/\",\"name\":\"Cloth loden 680g\/m bark mottled Serge woven - TuchundStoff\",\"isPartOf\":{\"@id\":\"https:\/\/tuchundstoff.shop\/#website\"},\"primaryImageOfPage\":{\"@id\":\"https:\/\/tuchundstoff.shop\/en\/product\/cloth-loden-580g-lfm-natural-brown-mottled-kopie\/#primaryimage\"},\"image\":{\"@id\":\"https:\/\/tuchundstoff.shop\/en\/product\/cloth-loden-580g-lfm-natural-brown-mottled-kopie\/#primaryimage\"},\"thumbnailUrl\":\"https:\/\/tuchundstoff.shop\/wp-content\/uploads\/2025\/07\/2963-M382.jpg\",\"datePublished\":\"2025-07-30T09:01:33+00:00\",\"dateModified\":\"2026-04-02T17:37:55+00:00\",\"description\":\"Cloth loden 680g\/m bark mottled Serge woven - Price advantage from 5 running meters! 100% Virgin wool, heavy, web width 150cm\",\"breadcrumb\":{\"@id\":\"https:\/\/tuchundstoff.shop\/en\/product\/cloth-loden-580g-lfm-natural-brown-mottled-kopie\/#breadcrumb\"},\"inLanguage\":\"en-US\",\"potentialAction\":[{\"@type\":\"ReadAction\",\"target\":[\"https:\/\/tuchundstoff.shop\/en\/product\/cloth-loden-580g-lfm-natural-brown-mottled-kopie\/\"]}]},{\"@type\":\"ImageObject\",\"inLanguage\":\"en-US\",\"@id\":\"https:\/\/tuchundstoff.shop\/en\/product\/cloth-loden-580g-lfm-natural-brown-mottled-kopie\/#primaryimage\",\"url\":\"https:\/\/tuchundstoff.shop\/wp-content\/uploads\/2025\/07\/2963-M382.jpg\",\"contentUrl\":\"https:\/\/tuchundstoff.shop\/wp-content\/uploads\/2025\/07\/2963-M382.jpg\",\"width\":1300,\"height\":1300},{\"@type\":\"BreadcrumbList\",\"@id\":\"https:\/\/tuchundstoff.shop\/en\/product\/cloth-loden-580g-lfm-natural-brown-mottled-kopie\/#breadcrumb\",\"itemListElement\":[{\"@type\":\"ListItem\",\"position\":1,\"name\":\"Startseite\",\"item\":\"https:\/\/tuchundstoff.shop\/en\/\"},{\"@type\":\"ListItem\",\"position\":2,\"name\":\"Quality fabrics for contemporary fashion and living history &#8211; 100% natural\",\"item\":\"https:\/\/tuchundstoff.shop\/en\/shop\/\"},{\"@type\":\"ListItem\",\"position\":3,\"name\":\"Cloth loden 680g\/m bark mottled Serge woven\"}]},{\"@type\":\"WebSite\",\"@id\":\"https:\/\/tuchundstoff.shop\/#website\",\"url\":\"https:\/\/tuchundstoff.shop\/\",\"name\":\"TuchundStoff\",\"description\":\"Qualit\u00e4tsstoffe f\u00fcr zeitgen\u00f6ssische Mode und gelebte Geschichte \u2013 100% Natur\",\"publisher\":{\"@id\":\"https:\/\/tuchundstoff.shop\/#organization\"},\"potentialAction\":[{\"@type\":\"SearchAction\",\"target\":{\"@type\":\"EntryPoint\",\"urlTemplate\":\"https:\/\/tuchundstoff.shop\/?s={search_term_string}\"},\"query-input\":{\"@type\":\"PropertyValueSpecification\",\"valueRequired\":true,\"valueName\":\"search_term_string\"}}],\"inLanguage\":\"en-US\"},{\"@type\":\"Organization\",\"@id\":\"https:\/\/tuchundstoff.shop\/#organization\",\"name\":\"TuchundStoff\",\"url\":\"https:\/\/tuchundstoff.shop\/\",\"logo\":{\"@type\":\"ImageObject\",\"inLanguage\":\"en-US\",\"@id\":\"https:\/\/tuchundstoff.shop\/#\/schema\/logo\/image\/\",\"url\":\"https:\/\/tuchundstoff.shop\/wp-content\/uploads\/2021\/11\/Tus-Logo22-QfA-shop-V2-1.png\",\"contentUrl\":\"https:\/\/tuchundstoff.shop\/wp-content\/uploads\/2021\/11\/Tus-Logo22-QfA-shop-V2-1.png\",\"width\":485,\"height\":110,\"caption\":\"TuchundStoff\"},\"image\":{\"@id\":\"https:\/\/tuchundstoff.shop\/#\/schema\/logo\/image\/\"}}]}<\/script>\n<!-- \/ Yoast SEO plugin. -->","yoast_head_json":{"title":"Cloth loden 680g\/m bark mottled Serge woven - TuchundStoff","description":"Cloth loden 680g\/m bark mottled Serge woven - Price advantage from 5 running meters! 100% Virgin wool, heavy, web width 150cm","robots":{"index":"index","follow":"follow","max-snippet":"max-snippet:-1","max-image-preview":"max-image-preview:large","max-video-preview":"max-video-preview:-1"},"canonical":"https:\/\/tuchundstoff.shop\/en\/product\/cloth-loden-580g-lfm-natural-brown-mottled-kopie\/","og_locale":"en_US","og_type":"article","og_title":"Cloth loden 680g\/m bark mottled Serge woven - TuchundStoff","og_description":"Cloth loden 680g\/m bark mottled Serge woven - Price advantage from 5 running meters! 100% Virgin wool, heavy, web width 150cm","og_url":"https:\/\/tuchundstoff.shop\/en\/product\/cloth-loden-580g-lfm-natural-brown-mottled-kopie\/","og_site_name":"TuchundStoff","article_modified_time":"2026-04-02T17:37:55+00:00","og_image":[{"width":1300,"height":1300,"url":"https:\/\/tuchundstoff.shop\/wp-content\/uploads\/2025\/07\/2963-M382.jpg","type":"image\/jpeg"}],"schema":{"@context":"https:\/\/schema.org","@graph":[{"@type":"WebPage","@id":"https:\/\/tuchundstoff.shop\/en\/product\/cloth-loden-580g-lfm-natural-brown-mottled-kopie\/","url":"https:\/\/tuchundstoff.shop\/en\/product\/cloth-loden-580g-lfm-natural-brown-mottled-kopie\/","name":"Cloth loden 680g\/m bark mottled Serge woven - TuchundStoff","isPartOf":{"@id":"https:\/\/tuchundstoff.shop\/#website"},"primaryImageOfPage":{"@id":"https:\/\/tuchundstoff.shop\/en\/product\/cloth-loden-580g-lfm-natural-brown-mottled-kopie\/#primaryimage"},"image":{"@id":"https:\/\/tuchundstoff.shop\/en\/product\/cloth-loden-580g-lfm-natural-brown-mottled-kopie\/#primaryimage"},"thumbnailUrl":"https:\/\/tuchundstoff.shop\/wp-content\/uploads\/2025\/07\/2963-M382.jpg","datePublished":"2025-07-30T09:01:33+00:00","dateModified":"2026-04-02T17:37:55+00:00","description":"Cloth loden 680g\/m bark mottled Serge woven - Price advantage from 5 running meters! 100% Virgin wool, heavy, web width 150cm","breadcrumb":{"@id":"https:\/\/tuchundstoff.shop\/en\/product\/cloth-loden-580g-lfm-natural-brown-mottled-kopie\/#breadcrumb"},"inLanguage":"en-US","potentialAction":[{"@type":"ReadAction","target":["https:\/\/tuchundstoff.shop\/en\/product\/cloth-loden-580g-lfm-natural-brown-mottled-kopie\/"]}]},{"@type":"ImageObject","inLanguage":"en-US","@id":"https:\/\/tuchundstoff.shop\/en\/product\/cloth-loden-580g-lfm-natural-brown-mottled-kopie\/#primaryimage","url":"https:\/\/tuchundstoff.shop\/wp-content\/uploads\/2025\/07\/2963-M382.jpg","contentUrl":"https:\/\/tuchundstoff.shop\/wp-content\/uploads\/2025\/07\/2963-M382.jpg","width":1300,"height":1300},{"@type":"BreadcrumbList","@id":"https:\/\/tuchundstoff.shop\/en\/product\/cloth-loden-580g-lfm-natural-brown-mottled-kopie\/#breadcrumb","itemListElement":[{"@type":"ListItem","position":1,"name":"Startseite","item":"https:\/\/tuchundstoff.shop\/en\/"},{"@type":"ListItem","position":2,"name":"Quality fabrics for contemporary fashion and living history &#8211; 100% natural","item":"https:\/\/tuchundstoff.shop\/en\/shop\/"},{"@type":"ListItem","position":3,"name":"Cloth loden 680g\/m bark mottled Serge woven"}]},{"@type":"WebSite","@id":"https:\/\/tuchundstoff.shop\/#website","url":"https:\/\/tuchundstoff.shop\/","name":"TuchundStoff","description":"Qualit\u00e4tsstoffe f\u00fcr zeitgen\u00f6ssische Mode und gelebte Geschichte \u2013 100% Natur","publisher":{"@id":"https:\/\/tuchundstoff.shop\/#organization"},"potentialAction":[{"@type":"SearchAction","target":{"@type":"EntryPoint","urlTemplate":"https:\/\/tuchundstoff.shop\/?s={search_term_string}"},"query-input":{"@type":"PropertyValueSpecification","valueRequired":true,"valueName":"search_term_string"}}],"inLanguage":"en-US"},{"@type":"Organization","@id":"https:\/\/tuchundstoff.shop\/#organization","name":"TuchundStoff","url":"https:\/\/tuchundstoff.shop\/","logo":{"@type":"ImageObject","inLanguage":"en-US","@id":"https:\/\/tuchundstoff.shop\/#\/schema\/logo\/image\/","url":"https:\/\/tuchundstoff.shop\/wp-content\/uploads\/2021\/11\/Tus-Logo22-QfA-shop-V2-1.png","contentUrl":"https:\/\/tuchundstoff.shop\/wp-content\/uploads\/2021\/11\/Tus-Logo22-QfA-shop-V2-1.png","width":485,"height":110,"caption":"TuchundStoff"},"image":{"@id":"https:\/\/tuchundstoff.shop\/#\/schema\/logo\/image\/"}}]}},"_links":{"self":[{"href":"https:\/\/tuchundstoff.shop\/en\/wp-json\/wp\/v2\/product\/17545","targetHints":{"allow":["GET"]}}],"collection":[{"href":"https:\/\/tuchundstoff.shop\/en\/wp-json\/wp\/v2\/product"}],"about":[{"href":"https:\/\/tuchundstoff.shop\/en\/wp-json\/wp\/v2\/types\/product"}],"replies":[{"embeddable":true,"href":"https:\/\/tuchundstoff.shop\/en\/wp-json\/wp\/v2\/comments?post=17545"}],"wp:featuredmedia":[{"embeddable":true,"href":"https:\/\/tuchundstoff.shop\/en\/wp-json\/wp\/v2\/media\/17558"}],"wp:attachment":[{"href":"https:\/\/tuchundstoff.shop\/en\/wp-json\/wp\/v2\/media?parent=17545"}],"wp:term":[{"taxonomy":"product_brand","embeddable":true,"href":"https:\/\/tuchundstoff.shop\/en\/wp-json\/wp\/v2\/product_brand?post=17545"},{"taxonomy":"product_cat","embeddable":true,"href":"https:\/\/tuchundstoff.shop\/en\/wp-json\/wp\/v2\/product_cat?post=17545"},{"taxonomy":"product_tag","embeddable":true,"href":"https:\/\/tuchundstoff.shop\/en\/wp-json\/wp\/v2\/product_tag?post=17545"}],"curies":[{"name":"wp","href":"https:\/\/api.w.org\/{rel}","templated":true}]}}