{"id":15452,"date":"2024-10-22T18:51:19","date_gmt":"2024-10-22T16:51:19","guid":{"rendered":"https:\/\/tuchundstoff.shop\/?post_type=product&#038;p=15452"},"modified":"2026-04-02T19:08:21","modified_gmt":"2026-04-02T17:08:21","slug":"wool-muslin-120g-rm-wool-white-kopie-kopie","status":"publish","type":"product","link":"https:\/\/tuchundstoff.shop\/en\/product\/wool-muslin-120g-rm-wool-white-kopie-kopie\/","title":{"rendered":"Wool muslin 180g\/lfm Aubergine Bordaux"},"content":{"rendered":"<p>100% pure new wool in plain weave. At 180g\/rm, this muslin is wonderful for very light summer clothing or underwear. Slightly transparent in white. Also popular as a Bonnet, headscarf or turban. Cooling in summer as sweat is absorbed, warming in winter.<\/p>\n","protected":false},"excerpt":{"rendered":"<p>Price advantage from 5 running meters!<\/p>\n<p>100% pure new wool muslin 180 g\/rm<\/p>\n","protected":false},"featured_media":18633,"comment_status":"open","ping_status":"closed","template":"","meta":{"ngg_post_thumbnail":0},"product_brand":[],"product_cat":[698,713],"product_tag":[1162,1167,1168,1169,1795,819,823,827],"class_list":{"0":"post-15452","1":"product","2":"type-product","3":"status-publish","4":"has-post-thumbnail","6":"product_cat-wool","7":"product_cat-muslin","8":"product_tag-virgin-wool","9":"product_tag-muslin","10":"product_tag-veil","11":"product_tag-turban-en","12":"product_tag-toga-en","13":"product_tag-bonnet","14":"product_tag-headscarf","15":"product_tag-underdress","16":"pa_gewicht-180g-rm-120g-m","17":"resize-featured-image","18":"sales-flash-overlay","19":"woocommerce-text-align-center","20":"woocommerce-image-align-center","21":"do-quantity-buttons","22":"wc-has-gallery","24":"first","25":"instock","26":"taxable","27":"shipping-taxable","28":"purchasable","29":"product-type-simple"},"yoast_head":"<!-- This site is optimized with the Yoast SEO plugin v27.2 - https:\/\/yoast.com\/product\/yoast-seo-wordpress\/ -->\n<title>Wool muslin 180g\/lfm Aubergine Bordaux - TuchundStoff<\/title>\n<meta name=\"description\" content=\"Wool muslin 180g\/lfm Aubergine Bordaux - Price advantage from 5 running meters! 100% pure new wool muslin 180 g\/rm\" \/>\n<meta name=\"robots\" content=\"index, follow, max-snippet:-1, max-image-preview:large, max-video-preview:-1\" \/>\n<link rel=\"canonical\" href=\"https:\/\/tuchundstoff.shop\/en\/product\/wool-muslin-120g-rm-wool-white-kopie-kopie\/\" \/>\n<meta property=\"og:locale\" content=\"en_US\" \/>\n<meta property=\"og:type\" content=\"article\" \/>\n<meta property=\"og:title\" content=\"Wool muslin 180g\/lfm Aubergine Bordaux - TuchundStoff\" \/>\n<meta property=\"og:description\" content=\"Wool muslin 180g\/lfm Aubergine Bordaux - Price advantage from 5 running meters! 100% pure new wool muslin 180 g\/rm\" \/>\n<meta property=\"og:url\" content=\"https:\/\/tuchundstoff.shop\/en\/product\/wool-muslin-120g-rm-wool-white-kopie-kopie\/\" \/>\n<meta property=\"og:site_name\" content=\"TuchundStoff\" \/>\n<meta property=\"article:modified_time\" content=\"2026-04-02T17:08:21+00:00\" \/>\n<meta property=\"og:image\" content=\"https:\/\/tuchundstoff.shop\/wp-content\/uploads\/2024\/10\/1230U625.png\" \/>\n\t<meta property=\"og:image:width\" content=\"1200\" \/>\n\t<meta property=\"og:image:height\" content=\"1200\" \/>\n\t<meta property=\"og:image:type\" content=\"image\/png\" \/>\n<script type=\"application\/ld+json\" class=\"yoast-schema-graph\">{\"@context\":\"https:\/\/schema.org\",\"@graph\":[{\"@type\":\"WebPage\",\"@id\":\"https:\/\/tuchundstoff.shop\/en\/product\/wool-muslin-120g-rm-wool-white-kopie-kopie\/\",\"url\":\"https:\/\/tuchundstoff.shop\/en\/product\/wool-muslin-120g-rm-wool-white-kopie-kopie\/\",\"name\":\"Wool muslin 180g\/lfm Aubergine Bordaux - TuchundStoff\",\"isPartOf\":{\"@id\":\"https:\/\/tuchundstoff.shop\/#website\"},\"primaryImageOfPage\":{\"@id\":\"https:\/\/tuchundstoff.shop\/en\/product\/wool-muslin-120g-rm-wool-white-kopie-kopie\/#primaryimage\"},\"image\":{\"@id\":\"https:\/\/tuchundstoff.shop\/en\/product\/wool-muslin-120g-rm-wool-white-kopie-kopie\/#primaryimage\"},\"thumbnailUrl\":\"https:\/\/tuchundstoff.shop\/wp-content\/uploads\/2024\/10\/1230U625.png\",\"datePublished\":\"2024-10-22T16:51:19+00:00\",\"dateModified\":\"2026-04-02T17:08:21+00:00\",\"description\":\"Wool muslin 180g\/lfm Aubergine Bordaux - Price advantage from 5 running meters! 100% pure new wool muslin 180 g\/rm\",\"breadcrumb\":{\"@id\":\"https:\/\/tuchundstoff.shop\/en\/product\/wool-muslin-120g-rm-wool-white-kopie-kopie\/#breadcrumb\"},\"inLanguage\":\"en-US\",\"potentialAction\":[{\"@type\":\"ReadAction\",\"target\":[\"https:\/\/tuchundstoff.shop\/en\/product\/wool-muslin-120g-rm-wool-white-kopie-kopie\/\"]}]},{\"@type\":\"ImageObject\",\"inLanguage\":\"en-US\",\"@id\":\"https:\/\/tuchundstoff.shop\/en\/product\/wool-muslin-120g-rm-wool-white-kopie-kopie\/#primaryimage\",\"url\":\"https:\/\/tuchundstoff.shop\/wp-content\/uploads\/2024\/10\/1230U625.png\",\"contentUrl\":\"https:\/\/tuchundstoff.shop\/wp-content\/uploads\/2024\/10\/1230U625.png\",\"width\":1200,\"height\":1200},{\"@type\":\"BreadcrumbList\",\"@id\":\"https:\/\/tuchundstoff.shop\/en\/product\/wool-muslin-120g-rm-wool-white-kopie-kopie\/#breadcrumb\",\"itemListElement\":[{\"@type\":\"ListItem\",\"position\":1,\"name\":\"Startseite\",\"item\":\"https:\/\/tuchundstoff.shop\/en\/\"},{\"@type\":\"ListItem\",\"position\":2,\"name\":\"Quality fabrics for contemporary fashion and living history &#8211; 100% natural\",\"item\":\"https:\/\/tuchundstoff.shop\/en\/shop\/\"},{\"@type\":\"ListItem\",\"position\":3,\"name\":\"Wool muslin 180g\/lfm Aubergine Bordaux\"}]},{\"@type\":\"WebSite\",\"@id\":\"https:\/\/tuchundstoff.shop\/#website\",\"url\":\"https:\/\/tuchundstoff.shop\/\",\"name\":\"TuchundStoff\",\"description\":\"Qualit\u00e4tsstoffe f\u00fcr zeitgen\u00f6ssische Mode und gelebte Geschichte \u2013 100% Natur\",\"publisher\":{\"@id\":\"https:\/\/tuchundstoff.shop\/#organization\"},\"potentialAction\":[{\"@type\":\"SearchAction\",\"target\":{\"@type\":\"EntryPoint\",\"urlTemplate\":\"https:\/\/tuchundstoff.shop\/?s={search_term_string}\"},\"query-input\":{\"@type\":\"PropertyValueSpecification\",\"valueRequired\":true,\"valueName\":\"search_term_string\"}}],\"inLanguage\":\"en-US\"},{\"@type\":\"Organization\",\"@id\":\"https:\/\/tuchundstoff.shop\/#organization\",\"name\":\"TuchundStoff\",\"url\":\"https:\/\/tuchundstoff.shop\/\",\"logo\":{\"@type\":\"ImageObject\",\"inLanguage\":\"en-US\",\"@id\":\"https:\/\/tuchundstoff.shop\/#\/schema\/logo\/image\/\",\"url\":\"https:\/\/tuchundstoff.shop\/wp-content\/uploads\/2021\/11\/Tus-Logo22-QfA-shop-V2-1.png\",\"contentUrl\":\"https:\/\/tuchundstoff.shop\/wp-content\/uploads\/2021\/11\/Tus-Logo22-QfA-shop-V2-1.png\",\"width\":485,\"height\":110,\"caption\":\"TuchundStoff\"},\"image\":{\"@id\":\"https:\/\/tuchundstoff.shop\/#\/schema\/logo\/image\/\"}}]}<\/script>\n<!-- \/ Yoast SEO plugin. -->","yoast_head_json":{"title":"Wool muslin 180g\/lfm Aubergine Bordaux - TuchundStoff","description":"Wool muslin 180g\/lfm Aubergine Bordaux - Price advantage from 5 running meters! 100% pure new wool muslin 180 g\/rm","robots":{"index":"index","follow":"follow","max-snippet":"max-snippet:-1","max-image-preview":"max-image-preview:large","max-video-preview":"max-video-preview:-1"},"canonical":"https:\/\/tuchundstoff.shop\/en\/product\/wool-muslin-120g-rm-wool-white-kopie-kopie\/","og_locale":"en_US","og_type":"article","og_title":"Wool muslin 180g\/lfm Aubergine Bordaux - TuchundStoff","og_description":"Wool muslin 180g\/lfm Aubergine Bordaux - Price advantage from 5 running meters! 100% pure new wool muslin 180 g\/rm","og_url":"https:\/\/tuchundstoff.shop\/en\/product\/wool-muslin-120g-rm-wool-white-kopie-kopie\/","og_site_name":"TuchundStoff","article_modified_time":"2026-04-02T17:08:21+00:00","og_image":[{"width":1200,"height":1200,"url":"https:\/\/tuchundstoff.shop\/wp-content\/uploads\/2024\/10\/1230U625.png","type":"image\/png"}],"schema":{"@context":"https:\/\/schema.org","@graph":[{"@type":"WebPage","@id":"https:\/\/tuchundstoff.shop\/en\/product\/wool-muslin-120g-rm-wool-white-kopie-kopie\/","url":"https:\/\/tuchundstoff.shop\/en\/product\/wool-muslin-120g-rm-wool-white-kopie-kopie\/","name":"Wool muslin 180g\/lfm Aubergine Bordaux - TuchundStoff","isPartOf":{"@id":"https:\/\/tuchundstoff.shop\/#website"},"primaryImageOfPage":{"@id":"https:\/\/tuchundstoff.shop\/en\/product\/wool-muslin-120g-rm-wool-white-kopie-kopie\/#primaryimage"},"image":{"@id":"https:\/\/tuchundstoff.shop\/en\/product\/wool-muslin-120g-rm-wool-white-kopie-kopie\/#primaryimage"},"thumbnailUrl":"https:\/\/tuchundstoff.shop\/wp-content\/uploads\/2024\/10\/1230U625.png","datePublished":"2024-10-22T16:51:19+00:00","dateModified":"2026-04-02T17:08:21+00:00","description":"Wool muslin 180g\/lfm Aubergine Bordaux - Price advantage from 5 running meters! 100% pure new wool muslin 180 g\/rm","breadcrumb":{"@id":"https:\/\/tuchundstoff.shop\/en\/product\/wool-muslin-120g-rm-wool-white-kopie-kopie\/#breadcrumb"},"inLanguage":"en-US","potentialAction":[{"@type":"ReadAction","target":["https:\/\/tuchundstoff.shop\/en\/product\/wool-muslin-120g-rm-wool-white-kopie-kopie\/"]}]},{"@type":"ImageObject","inLanguage":"en-US","@id":"https:\/\/tuchundstoff.shop\/en\/product\/wool-muslin-120g-rm-wool-white-kopie-kopie\/#primaryimage","url":"https:\/\/tuchundstoff.shop\/wp-content\/uploads\/2024\/10\/1230U625.png","contentUrl":"https:\/\/tuchundstoff.shop\/wp-content\/uploads\/2024\/10\/1230U625.png","width":1200,"height":1200},{"@type":"BreadcrumbList","@id":"https:\/\/tuchundstoff.shop\/en\/product\/wool-muslin-120g-rm-wool-white-kopie-kopie\/#breadcrumb","itemListElement":[{"@type":"ListItem","position":1,"name":"Startseite","item":"https:\/\/tuchundstoff.shop\/en\/"},{"@type":"ListItem","position":2,"name":"Quality fabrics for contemporary fashion and living history &#8211; 100% natural","item":"https:\/\/tuchundstoff.shop\/en\/shop\/"},{"@type":"ListItem","position":3,"name":"Wool muslin 180g\/lfm Aubergine Bordaux"}]},{"@type":"WebSite","@id":"https:\/\/tuchundstoff.shop\/#website","url":"https:\/\/tuchundstoff.shop\/","name":"TuchundStoff","description":"Qualit\u00e4tsstoffe f\u00fcr zeitgen\u00f6ssische Mode und gelebte Geschichte \u2013 100% Natur","publisher":{"@id":"https:\/\/tuchundstoff.shop\/#organization"},"potentialAction":[{"@type":"SearchAction","target":{"@type":"EntryPoint","urlTemplate":"https:\/\/tuchundstoff.shop\/?s={search_term_string}"},"query-input":{"@type":"PropertyValueSpecification","valueRequired":true,"valueName":"search_term_string"}}],"inLanguage":"en-US"},{"@type":"Organization","@id":"https:\/\/tuchundstoff.shop\/#organization","name":"TuchundStoff","url":"https:\/\/tuchundstoff.shop\/","logo":{"@type":"ImageObject","inLanguage":"en-US","@id":"https:\/\/tuchundstoff.shop\/#\/schema\/logo\/image\/","url":"https:\/\/tuchundstoff.shop\/wp-content\/uploads\/2021\/11\/Tus-Logo22-QfA-shop-V2-1.png","contentUrl":"https:\/\/tuchundstoff.shop\/wp-content\/uploads\/2021\/11\/Tus-Logo22-QfA-shop-V2-1.png","width":485,"height":110,"caption":"TuchundStoff"},"image":{"@id":"https:\/\/tuchundstoff.shop\/#\/schema\/logo\/image\/"}}]}},"_links":{"self":[{"href":"https:\/\/tuchundstoff.shop\/en\/wp-json\/wp\/v2\/product\/15452","targetHints":{"allow":["GET"]}}],"collection":[{"href":"https:\/\/tuchundstoff.shop\/en\/wp-json\/wp\/v2\/product"}],"about":[{"href":"https:\/\/tuchundstoff.shop\/en\/wp-json\/wp\/v2\/types\/product"}],"replies":[{"embeddable":true,"href":"https:\/\/tuchundstoff.shop\/en\/wp-json\/wp\/v2\/comments?post=15452"}],"wp:featuredmedia":[{"embeddable":true,"href":"https:\/\/tuchundstoff.shop\/en\/wp-json\/wp\/v2\/media\/18633"}],"wp:attachment":[{"href":"https:\/\/tuchundstoff.shop\/en\/wp-json\/wp\/v2\/media?parent=15452"}],"wp:term":[{"taxonomy":"product_brand","embeddable":true,"href":"https:\/\/tuchundstoff.shop\/en\/wp-json\/wp\/v2\/product_brand?post=15452"},{"taxonomy":"product_cat","embeddable":true,"href":"https:\/\/tuchundstoff.shop\/en\/wp-json\/wp\/v2\/product_cat?post=15452"},{"taxonomy":"product_tag","embeddable":true,"href":"https:\/\/tuchundstoff.shop\/en\/wp-json\/wp\/v2\/product_tag?post=15452"}],"curies":[{"name":"wp","href":"https:\/\/api.w.org\/{rel}","templated":true}]}}