{"id":15002,"date":"2024-07-22T15:35:47","date_gmt":"2024-07-22T13:35:47","guid":{"rendered":"https:\/\/tuchundstoff.shop\/?post_type=product&#038;p=15002"},"modified":"2025-06-03T07:44:08","modified_gmt":"2025-06-03T05:44:08","slug":"wool-diamond-twill-wool-white-ocean-turquoise-kopie","status":"publish","type":"product","link":"https:\/\/tuchundstoff.shop\/en\/product\/wool-diamond-twill-wool-white-ocean-turquoise-kopie\/","title":{"rendered":"Wool diamond twill saffron yellow \/ lime blossom green"},"content":{"rendered":"<p>Diamond twill, 100% sheep&#8217;s wool carded yarn, approx. 450g\/rm, width 150cm, saffron yellow \/ lime blossom green<br \/>\nMedium weight, ideal for dyeing tunics and dresses etc.<\/p>\n","protected":false},"excerpt":{"rendered":"<p>Diamond twill, 100% sheep&#8217;s wool carded yarn,<br \/>\nWeight approx. 450g\/rm, width 150cm<br \/>\nPrice advantage from 5 running meters!<\/p>\n","protected":false},"featured_media":15005,"comment_status":"open","ping_status":"closed","template":"","meta":{"ngg_post_thumbnail":0},"product_brand":[],"product_cat":[698,705],"product_tag":[1173,1174,831,835,859,865],"class_list":{"0":"post-15002","1":"product","2":"type-product","3":"status-publish","4":"has-post-thumbnail","6":"product_cat-wool","7":"product_cat-diamond-twill","8":"product_tag-diamond-twill","9":"product_tag-dye","10":"product_tag-trousers","11":"product_tag-tunika-en","12":"product_tag-wool","13":"product_tag-twill-tweed","14":"pa_gewicht-450g-lfm-300g-m-en","15":"resize-featured-image","16":"sales-flash-overlay","17":"woocommerce-text-align-center","18":"woocommerce-image-align-center","19":"do-quantity-buttons","20":"wc-has-gallery","22":"first","23":"outofstock","24":"taxable","25":"shipping-taxable","26":"purchasable","27":"product-type-simple"},"yoast_head":"<!-- This site is optimized with the Yoast SEO plugin v27.2 - https:\/\/yoast.com\/product\/yoast-seo-wordpress\/ -->\n<title>Wool diamond twill saffron yellow \/ lime blossom green - TuchundStoff<\/title>\n<meta name=\"description\" content=\"Wool diamond twill saffron yellow \/ lime blossom green - Diamond twill, 100% sheep&#039;s wool carded yarn, Weight approx. 450g\/rm, width 150cm Price advantage from 5 running meters!\" \/>\n<meta name=\"robots\" content=\"index, follow, max-snippet:-1, max-image-preview:large, max-video-preview:-1\" \/>\n<link rel=\"canonical\" href=\"https:\/\/tuchundstoff.shop\/en\/?post_type=product&p=15002\" \/>\n<meta property=\"og:locale\" content=\"en_US\" \/>\n<meta property=\"og:type\" content=\"article\" \/>\n<meta property=\"og:title\" content=\"Wool diamond twill saffron yellow \/ lime blossom green - TuchundStoff\" \/>\n<meta property=\"og:description\" content=\"Wool diamond twill saffron yellow \/ lime blossom green - Diamond twill, 100% sheep&#039;s wool carded yarn, Weight approx. 450g\/rm, width 150cm Price advantage from 5 running meters!\" \/>\n<meta property=\"og:url\" content=\"https:\/\/tuchundstoff.shop\/en\/?post_type=product&amp;p=15002\" \/>\n<meta property=\"og:site_name\" content=\"TuchundStoff\" \/>\n<meta property=\"article:modified_time\" content=\"2025-06-03T05:44:08+00:00\" \/>\n<meta property=\"og:image\" content=\"https:\/\/tuchundstoff.shop\/wp-content\/uploads\/2024\/07\/IMG_49661-scaled-e1721655520274.jpg\" \/>\n\t<meta property=\"og:image:width\" content=\"2560\" \/>\n\t<meta property=\"og:image:height\" content=\"1920\" \/>\n\t<meta property=\"og:image:type\" content=\"image\/jpeg\" \/>\n<script type=\"application\/ld+json\" class=\"yoast-schema-graph\">{\"@context\":\"https:\/\/schema.org\",\"@graph\":[{\"@type\":\"WebPage\",\"@id\":\"https:\/\/tuchundstoff.shop\/en\/?post_type=product&p=15002\",\"url\":\"https:\/\/tuchundstoff.shop\/en\/?post_type=product&p=15002\",\"name\":\"Wool diamond twill saffron yellow \/ lime blossom green - TuchundStoff\",\"isPartOf\":{\"@id\":\"https:\/\/tuchundstoff.shop\/#website\"},\"primaryImageOfPage\":{\"@id\":\"https:\/\/tuchundstoff.shop\/en\/?post_type=product&p=15002#primaryimage\"},\"image\":{\"@id\":\"https:\/\/tuchundstoff.shop\/en\/?post_type=product&p=15002#primaryimage\"},\"thumbnailUrl\":\"https:\/\/tuchundstoff.shop\/wp-content\/uploads\/2024\/07\/IMG_49661-scaled-e1721655520274.jpg\",\"datePublished\":\"2024-07-22T13:35:47+00:00\",\"dateModified\":\"2025-06-03T05:44:08+00:00\",\"description\":\"Wool diamond twill saffron yellow \/ lime blossom green - Diamond twill, 100% sheep's wool carded yarn, Weight approx. 450g\/rm, width 150cm Price advantage from 5 running meters!\",\"breadcrumb\":{\"@id\":\"https:\/\/tuchundstoff.shop\/en\/?post_type=product&p=15002#breadcrumb\"},\"inLanguage\":\"en-US\",\"potentialAction\":[{\"@type\":\"ReadAction\",\"target\":[\"https:\/\/tuchundstoff.shop\/en\/?post_type=product&p=15002\"]}]},{\"@type\":\"ImageObject\",\"inLanguage\":\"en-US\",\"@id\":\"https:\/\/tuchundstoff.shop\/en\/?post_type=product&p=15002#primaryimage\",\"url\":\"https:\/\/tuchundstoff.shop\/wp-content\/uploads\/2024\/07\/IMG_49661-scaled-e1721655520274.jpg\",\"contentUrl\":\"https:\/\/tuchundstoff.shop\/wp-content\/uploads\/2024\/07\/IMG_49661-scaled-e1721655520274.jpg\",\"width\":2560,\"height\":1920,\"caption\":\"Safrangold \/ Lindenbl\u00fctengr\u00fcn\"},{\"@type\":\"BreadcrumbList\",\"@id\":\"https:\/\/tuchundstoff.shop\/en\/?post_type=product&p=15002#breadcrumb\",\"itemListElement\":[{\"@type\":\"ListItem\",\"position\":1,\"name\":\"Startseite\",\"item\":\"https:\/\/tuchundstoff.shop\/en\/\"},{\"@type\":\"ListItem\",\"position\":2,\"name\":\"Quality fabrics for contemporary fashion and living history &#8211; 100% natural\",\"item\":\"https:\/\/tuchundstoff.shop\/en\/shop\/\"},{\"@type\":\"ListItem\",\"position\":3,\"name\":\"Wool diamond twill saffron yellow \/ lime blossom green\"}]},{\"@type\":\"WebSite\",\"@id\":\"https:\/\/tuchundstoff.shop\/#website\",\"url\":\"https:\/\/tuchundstoff.shop\/\",\"name\":\"TuchundStoff\",\"description\":\"Qualit\u00e4tsstoffe f\u00fcr zeitgen\u00f6ssische Mode und gelebte Geschichte \u2013 100% Natur\",\"publisher\":{\"@id\":\"https:\/\/tuchundstoff.shop\/#organization\"},\"potentialAction\":[{\"@type\":\"SearchAction\",\"target\":{\"@type\":\"EntryPoint\",\"urlTemplate\":\"https:\/\/tuchundstoff.shop\/?s={search_term_string}\"},\"query-input\":{\"@type\":\"PropertyValueSpecification\",\"valueRequired\":true,\"valueName\":\"search_term_string\"}}],\"inLanguage\":\"en-US\"},{\"@type\":\"Organization\",\"@id\":\"https:\/\/tuchundstoff.shop\/#organization\",\"name\":\"TuchundStoff\",\"url\":\"https:\/\/tuchundstoff.shop\/\",\"logo\":{\"@type\":\"ImageObject\",\"inLanguage\":\"en-US\",\"@id\":\"https:\/\/tuchundstoff.shop\/#\/schema\/logo\/image\/\",\"url\":\"https:\/\/tuchundstoff.shop\/wp-content\/uploads\/2021\/11\/Tus-Logo22-QfA-shop-V2-1.png\",\"contentUrl\":\"https:\/\/tuchundstoff.shop\/wp-content\/uploads\/2021\/11\/Tus-Logo22-QfA-shop-V2-1.png\",\"width\":485,\"height\":110,\"caption\":\"TuchundStoff\"},\"image\":{\"@id\":\"https:\/\/tuchundstoff.shop\/#\/schema\/logo\/image\/\"}}]}<\/script>\n<!-- \/ Yoast SEO plugin. -->","yoast_head_json":{"title":"Wool diamond twill saffron yellow \/ lime blossom green - TuchundStoff","description":"Wool diamond twill saffron yellow \/ lime blossom green - Diamond twill, 100% sheep's wool carded yarn, Weight approx. 450g\/rm, width 150cm Price advantage from 5 running meters!","robots":{"index":"index","follow":"follow","max-snippet":"max-snippet:-1","max-image-preview":"max-image-preview:large","max-video-preview":"max-video-preview:-1"},"canonical":"https:\/\/tuchundstoff.shop\/en\/?post_type=product&p=15002","og_locale":"en_US","og_type":"article","og_title":"Wool diamond twill saffron yellow \/ lime blossom green - TuchundStoff","og_description":"Wool diamond twill saffron yellow \/ lime blossom green - Diamond twill, 100% sheep's wool carded yarn, Weight approx. 450g\/rm, width 150cm Price advantage from 5 running meters!","og_url":"https:\/\/tuchundstoff.shop\/en\/?post_type=product&p=15002","og_site_name":"TuchundStoff","article_modified_time":"2025-06-03T05:44:08+00:00","og_image":[{"width":2560,"height":1920,"url":"https:\/\/tuchundstoff.shop\/wp-content\/uploads\/2024\/07\/IMG_49661-scaled-e1721655520274.jpg","type":"image\/jpeg"}],"schema":{"@context":"https:\/\/schema.org","@graph":[{"@type":"WebPage","@id":"https:\/\/tuchundstoff.shop\/en\/?post_type=product&p=15002","url":"https:\/\/tuchundstoff.shop\/en\/?post_type=product&p=15002","name":"Wool diamond twill saffron yellow \/ lime blossom green - TuchundStoff","isPartOf":{"@id":"https:\/\/tuchundstoff.shop\/#website"},"primaryImageOfPage":{"@id":"https:\/\/tuchundstoff.shop\/en\/?post_type=product&p=15002#primaryimage"},"image":{"@id":"https:\/\/tuchundstoff.shop\/en\/?post_type=product&p=15002#primaryimage"},"thumbnailUrl":"https:\/\/tuchundstoff.shop\/wp-content\/uploads\/2024\/07\/IMG_49661-scaled-e1721655520274.jpg","datePublished":"2024-07-22T13:35:47+00:00","dateModified":"2025-06-03T05:44:08+00:00","description":"Wool diamond twill saffron yellow \/ lime blossom green - Diamond twill, 100% sheep's wool carded yarn, Weight approx. 450g\/rm, width 150cm Price advantage from 5 running meters!","breadcrumb":{"@id":"https:\/\/tuchundstoff.shop\/en\/?post_type=product&p=15002#breadcrumb"},"inLanguage":"en-US","potentialAction":[{"@type":"ReadAction","target":["https:\/\/tuchundstoff.shop\/en\/?post_type=product&p=15002"]}]},{"@type":"ImageObject","inLanguage":"en-US","@id":"https:\/\/tuchundstoff.shop\/en\/?post_type=product&p=15002#primaryimage","url":"https:\/\/tuchundstoff.shop\/wp-content\/uploads\/2024\/07\/IMG_49661-scaled-e1721655520274.jpg","contentUrl":"https:\/\/tuchundstoff.shop\/wp-content\/uploads\/2024\/07\/IMG_49661-scaled-e1721655520274.jpg","width":2560,"height":1920,"caption":"Safrangold \/ Lindenbl\u00fctengr\u00fcn"},{"@type":"BreadcrumbList","@id":"https:\/\/tuchundstoff.shop\/en\/?post_type=product&p=15002#breadcrumb","itemListElement":[{"@type":"ListItem","position":1,"name":"Startseite","item":"https:\/\/tuchundstoff.shop\/en\/"},{"@type":"ListItem","position":2,"name":"Quality fabrics for contemporary fashion and living history &#8211; 100% natural","item":"https:\/\/tuchundstoff.shop\/en\/shop\/"},{"@type":"ListItem","position":3,"name":"Wool diamond twill saffron yellow \/ lime blossom green"}]},{"@type":"WebSite","@id":"https:\/\/tuchundstoff.shop\/#website","url":"https:\/\/tuchundstoff.shop\/","name":"TuchundStoff","description":"Qualit\u00e4tsstoffe f\u00fcr zeitgen\u00f6ssische Mode und gelebte Geschichte \u2013 100% Natur","publisher":{"@id":"https:\/\/tuchundstoff.shop\/#organization"},"potentialAction":[{"@type":"SearchAction","target":{"@type":"EntryPoint","urlTemplate":"https:\/\/tuchundstoff.shop\/?s={search_term_string}"},"query-input":{"@type":"PropertyValueSpecification","valueRequired":true,"valueName":"search_term_string"}}],"inLanguage":"en-US"},{"@type":"Organization","@id":"https:\/\/tuchundstoff.shop\/#organization","name":"TuchundStoff","url":"https:\/\/tuchundstoff.shop\/","logo":{"@type":"ImageObject","inLanguage":"en-US","@id":"https:\/\/tuchundstoff.shop\/#\/schema\/logo\/image\/","url":"https:\/\/tuchundstoff.shop\/wp-content\/uploads\/2021\/11\/Tus-Logo22-QfA-shop-V2-1.png","contentUrl":"https:\/\/tuchundstoff.shop\/wp-content\/uploads\/2021\/11\/Tus-Logo22-QfA-shop-V2-1.png","width":485,"height":110,"caption":"TuchundStoff"},"image":{"@id":"https:\/\/tuchundstoff.shop\/#\/schema\/logo\/image\/"}}]}},"_links":{"self":[{"href":"https:\/\/tuchundstoff.shop\/en\/wp-json\/wp\/v2\/product\/15002","targetHints":{"allow":["GET"]}}],"collection":[{"href":"https:\/\/tuchundstoff.shop\/en\/wp-json\/wp\/v2\/product"}],"about":[{"href":"https:\/\/tuchundstoff.shop\/en\/wp-json\/wp\/v2\/types\/product"}],"replies":[{"embeddable":true,"href":"https:\/\/tuchundstoff.shop\/en\/wp-json\/wp\/v2\/comments?post=15002"}],"wp:featuredmedia":[{"embeddable":true,"href":"https:\/\/tuchundstoff.shop\/en\/wp-json\/wp\/v2\/media\/15005"}],"wp:attachment":[{"href":"https:\/\/tuchundstoff.shop\/en\/wp-json\/wp\/v2\/media?parent=15002"}],"wp:term":[{"taxonomy":"product_brand","embeddable":true,"href":"https:\/\/tuchundstoff.shop\/en\/wp-json\/wp\/v2\/product_brand?post=15002"},{"taxonomy":"product_cat","embeddable":true,"href":"https:\/\/tuchundstoff.shop\/en\/wp-json\/wp\/v2\/product_cat?post=15002"},{"taxonomy":"product_tag","embeddable":true,"href":"https:\/\/tuchundstoff.shop\/en\/wp-json\/wp\/v2\/product_tag?post=15002"}],"curies":[{"name":"wp","href":"https:\/\/api.w.org\/{rel}","templated":true}]}}