{"id":13673,"date":"2023-08-14T17:27:24","date_gmt":"2023-08-14T15:27:24","guid":{"rendered":"https:\/\/tuchundstoff.shop\/?post_type=product&#038;p=13673"},"modified":"2026-04-12T02:21:16","modified_gmt":"2026-04-12T00:21:16","slug":"diagonal-koeper-450g-lfm-pure-red","status":"publish","type":"product","link":"https:\/\/tuchundstoff.shop\/en\/product\/diagonal-koeper-450g-lfm-pure-red\/","title":{"rendered":"Diagonal twill 450g\/lfm Pure red"},"content":{"rendered":"<p>Robust diagonal twill, approx. 450g\/rm, width 150cm<br \/>\nMedium-light weight for warm tunics and many uniforms.<br \/>\nIdeal for all eras of the European Middle Ages.<\/p>\n","protected":false},"excerpt":{"rendered":"<p>Price advantage from 5 running meters!<\/p>\n<p>Medium-light, robust diagonal twill, 100% virgin wool<br \/>\n450g\/lfm, width 150cm<\/p>\n","protected":false},"featured_media":13660,"comment_status":"open","ping_status":"closed","template":"","meta":{"ngg_post_thumbnail":0},"product_brand":[],"product_cat":[698,702],"product_tag":[867,868,1833,831,835,859,860,865],"class_list":{"0":"post-13673","1":"product","2":"type-product","3":"status-publish","4":"has-post-thumbnail","6":"product_cat-wool","7":"product_cat-diagonal-twill","8":"product_tag-k2-2-en","9":"product_tag-2-2-en","10":"product_tag-viking-en","11":"product_tag-trousers","12":"product_tag-tunika-en","13":"product_tag-wool","14":"product_tag-diagonal-twill-tweed","15":"product_tag-twill-tweed","16":"resize-featured-image","17":"sales-flash-overlay","18":"woocommerce-text-align-center","19":"woocommerce-image-align-center","20":"do-quantity-buttons","21":"wc-has-gallery","23":"first","24":"instock","25":"sale","26":"taxable","27":"shipping-taxable","28":"purchasable","29":"product-type-simple"},"yoast_head":"<!-- This site is optimized with the Yoast SEO plugin v27.2 - https:\/\/yoast.com\/product\/yoast-seo-wordpress\/ -->\n<title>Diagonal twill 450g\/lfm Pure red - TuchundStoff<\/title>\n<meta name=\"description\" content=\"Diagonal twill 450g\/lfm Pure red - Price advantage from 5 running meters! Medium-light, robust diagonal twill, 100% virgin wool 450g\/lfm, width 150cm\" \/>\n<meta name=\"robots\" content=\"index, follow, max-snippet:-1, max-image-preview:large, max-video-preview:-1\" \/>\n<link rel=\"canonical\" href=\"https:\/\/tuchundstoff.shop\/en\/produkt\/diagonal-koeper-450g-lfm-pure-red\/\" \/>\n<meta property=\"og:locale\" content=\"en_US\" \/>\n<meta property=\"og:type\" content=\"article\" \/>\n<meta property=\"og:title\" content=\"Diagonal twill 450g\/lfm Pure red - TuchundStoff\" \/>\n<meta property=\"og:description\" content=\"Diagonal twill 450g\/lfm Pure red - Price advantage from 5 running meters! Medium-light, robust diagonal twill, 100% virgin wool 450g\/lfm, width 150cm\" \/>\n<meta property=\"og:url\" content=\"https:\/\/tuchundstoff.shop\/en\/produkt\/diagonal-koeper-450g-lfm-pure-red\/\" \/>\n<meta property=\"og:site_name\" content=\"TuchundStoff\" \/>\n<meta property=\"article:modified_time\" content=\"2026-04-12T00:21:16+00:00\" \/>\n<meta property=\"og:image\" content=\"https:\/\/tuchundstoff.shop\/wp-content\/uploads\/2023\/08\/U-Dgk-2308-Reinrot-1.jpg\" \/>\n\t<meta property=\"og:image:width\" content=\"1200\" \/>\n\t<meta property=\"og:image:height\" content=\"1200\" \/>\n\t<meta property=\"og:image:type\" content=\"image\/jpeg\" \/>\n<script type=\"application\/ld+json\" class=\"yoast-schema-graph\">{\"@context\":\"https:\/\/schema.org\",\"@graph\":[{\"@type\":\"WebPage\",\"@id\":\"https:\/\/tuchundstoff.shop\/en\/produkt\/diagonal-koeper-450g-lfm-pure-red\/\",\"url\":\"https:\/\/tuchundstoff.shop\/en\/produkt\/diagonal-koeper-450g-lfm-pure-red\/\",\"name\":\"Diagonal twill 450g\/lfm Pure red - TuchundStoff\",\"isPartOf\":{\"@id\":\"https:\/\/tuchundstoff.shop\/#website\"},\"primaryImageOfPage\":{\"@id\":\"https:\/\/tuchundstoff.shop\/en\/produkt\/diagonal-koeper-450g-lfm-pure-red\/#primaryimage\"},\"image\":{\"@id\":\"https:\/\/tuchundstoff.shop\/en\/produkt\/diagonal-koeper-450g-lfm-pure-red\/#primaryimage\"},\"thumbnailUrl\":\"https:\/\/tuchundstoff.shop\/wp-content\/uploads\/2023\/08\/U-Dgk-2308-Reinrot-1.jpg\",\"datePublished\":\"2023-08-14T15:27:24+00:00\",\"dateModified\":\"2026-04-12T00:21:16+00:00\",\"description\":\"Diagonal twill 450g\/lfm Pure red - Price advantage from 5 running meters! Medium-light, robust diagonal twill, 100% virgin wool 450g\/lfm, width 150cm\",\"breadcrumb\":{\"@id\":\"https:\/\/tuchundstoff.shop\/en\/produkt\/diagonal-koeper-450g-lfm-pure-red\/#breadcrumb\"},\"inLanguage\":\"en-US\",\"potentialAction\":[{\"@type\":\"ReadAction\",\"target\":[\"https:\/\/tuchundstoff.shop\/en\/produkt\/diagonal-koeper-450g-lfm-pure-red\/\"]}]},{\"@type\":\"ImageObject\",\"inLanguage\":\"en-US\",\"@id\":\"https:\/\/tuchundstoff.shop\/en\/produkt\/diagonal-koeper-450g-lfm-pure-red\/#primaryimage\",\"url\":\"https:\/\/tuchundstoff.shop\/wp-content\/uploads\/2023\/08\/U-Dgk-2308-Reinrot-1.jpg\",\"contentUrl\":\"https:\/\/tuchundstoff.shop\/wp-content\/uploads\/2023\/08\/U-Dgk-2308-Reinrot-1.jpg\",\"width\":1200,\"height\":1200},{\"@type\":\"BreadcrumbList\",\"@id\":\"https:\/\/tuchundstoff.shop\/en\/produkt\/diagonal-koeper-450g-lfm-pure-red\/#breadcrumb\",\"itemListElement\":[{\"@type\":\"ListItem\",\"position\":1,\"name\":\"Startseite\",\"item\":\"https:\/\/tuchundstoff.shop\/en\/\"},{\"@type\":\"ListItem\",\"position\":2,\"name\":\"Quality fabrics for contemporary fashion and living history &#8211; 100% natural\",\"item\":\"https:\/\/tuchundstoff.shop\/en\/shop\/\"},{\"@type\":\"ListItem\",\"position\":3,\"name\":\"Diagonal twill 450g\/lfm Pure red\"}]},{\"@type\":\"WebSite\",\"@id\":\"https:\/\/tuchundstoff.shop\/#website\",\"url\":\"https:\/\/tuchundstoff.shop\/\",\"name\":\"TuchundStoff\",\"description\":\"Qualit\u00e4tsstoffe f\u00fcr zeitgen\u00f6ssische Mode und gelebte Geschichte \u2013 100% Natur\",\"publisher\":{\"@id\":\"https:\/\/tuchundstoff.shop\/#organization\"},\"potentialAction\":[{\"@type\":\"SearchAction\",\"target\":{\"@type\":\"EntryPoint\",\"urlTemplate\":\"https:\/\/tuchundstoff.shop\/?s={search_term_string}\"},\"query-input\":{\"@type\":\"PropertyValueSpecification\",\"valueRequired\":true,\"valueName\":\"search_term_string\"}}],\"inLanguage\":\"en-US\"},{\"@type\":\"Organization\",\"@id\":\"https:\/\/tuchundstoff.shop\/#organization\",\"name\":\"TuchundStoff\",\"url\":\"https:\/\/tuchundstoff.shop\/\",\"logo\":{\"@type\":\"ImageObject\",\"inLanguage\":\"en-US\",\"@id\":\"https:\/\/tuchundstoff.shop\/#\/schema\/logo\/image\/\",\"url\":\"https:\/\/tuchundstoff.shop\/wp-content\/uploads\/2021\/11\/Tus-Logo22-QfA-shop-V2-1.png\",\"contentUrl\":\"https:\/\/tuchundstoff.shop\/wp-content\/uploads\/2021\/11\/Tus-Logo22-QfA-shop-V2-1.png\",\"width\":485,\"height\":110,\"caption\":\"TuchundStoff\"},\"image\":{\"@id\":\"https:\/\/tuchundstoff.shop\/#\/schema\/logo\/image\/\"}}]}<\/script>\n<!-- \/ Yoast SEO plugin. -->","yoast_head_json":{"title":"Diagonal twill 450g\/lfm Pure red - TuchundStoff","description":"Diagonal twill 450g\/lfm Pure red - Price advantage from 5 running meters! Medium-light, robust diagonal twill, 100% virgin wool 450g\/lfm, width 150cm","robots":{"index":"index","follow":"follow","max-snippet":"max-snippet:-1","max-image-preview":"max-image-preview:large","max-video-preview":"max-video-preview:-1"},"canonical":"https:\/\/tuchundstoff.shop\/en\/produkt\/diagonal-koeper-450g-lfm-pure-red\/","og_locale":"en_US","og_type":"article","og_title":"Diagonal twill 450g\/lfm Pure red - TuchundStoff","og_description":"Diagonal twill 450g\/lfm Pure red - Price advantage from 5 running meters! Medium-light, robust diagonal twill, 100% virgin wool 450g\/lfm, width 150cm","og_url":"https:\/\/tuchundstoff.shop\/en\/produkt\/diagonal-koeper-450g-lfm-pure-red\/","og_site_name":"TuchundStoff","article_modified_time":"2026-04-12T00:21:16+00:00","og_image":[{"width":1200,"height":1200,"url":"https:\/\/tuchundstoff.shop\/wp-content\/uploads\/2023\/08\/U-Dgk-2308-Reinrot-1.jpg","type":"image\/jpeg"}],"schema":{"@context":"https:\/\/schema.org","@graph":[{"@type":"WebPage","@id":"https:\/\/tuchundstoff.shop\/en\/produkt\/diagonal-koeper-450g-lfm-pure-red\/","url":"https:\/\/tuchundstoff.shop\/en\/produkt\/diagonal-koeper-450g-lfm-pure-red\/","name":"Diagonal twill 450g\/lfm Pure red - TuchundStoff","isPartOf":{"@id":"https:\/\/tuchundstoff.shop\/#website"},"primaryImageOfPage":{"@id":"https:\/\/tuchundstoff.shop\/en\/produkt\/diagonal-koeper-450g-lfm-pure-red\/#primaryimage"},"image":{"@id":"https:\/\/tuchundstoff.shop\/en\/produkt\/diagonal-koeper-450g-lfm-pure-red\/#primaryimage"},"thumbnailUrl":"https:\/\/tuchundstoff.shop\/wp-content\/uploads\/2023\/08\/U-Dgk-2308-Reinrot-1.jpg","datePublished":"2023-08-14T15:27:24+00:00","dateModified":"2026-04-12T00:21:16+00:00","description":"Diagonal twill 450g\/lfm Pure red - Price advantage from 5 running meters! Medium-light, robust diagonal twill, 100% virgin wool 450g\/lfm, width 150cm","breadcrumb":{"@id":"https:\/\/tuchundstoff.shop\/en\/produkt\/diagonal-koeper-450g-lfm-pure-red\/#breadcrumb"},"inLanguage":"en-US","potentialAction":[{"@type":"ReadAction","target":["https:\/\/tuchundstoff.shop\/en\/produkt\/diagonal-koeper-450g-lfm-pure-red\/"]}]},{"@type":"ImageObject","inLanguage":"en-US","@id":"https:\/\/tuchundstoff.shop\/en\/produkt\/diagonal-koeper-450g-lfm-pure-red\/#primaryimage","url":"https:\/\/tuchundstoff.shop\/wp-content\/uploads\/2023\/08\/U-Dgk-2308-Reinrot-1.jpg","contentUrl":"https:\/\/tuchundstoff.shop\/wp-content\/uploads\/2023\/08\/U-Dgk-2308-Reinrot-1.jpg","width":1200,"height":1200},{"@type":"BreadcrumbList","@id":"https:\/\/tuchundstoff.shop\/en\/produkt\/diagonal-koeper-450g-lfm-pure-red\/#breadcrumb","itemListElement":[{"@type":"ListItem","position":1,"name":"Startseite","item":"https:\/\/tuchundstoff.shop\/en\/"},{"@type":"ListItem","position":2,"name":"Quality fabrics for contemporary fashion and living history &#8211; 100% natural","item":"https:\/\/tuchundstoff.shop\/en\/shop\/"},{"@type":"ListItem","position":3,"name":"Diagonal twill 450g\/lfm Pure red"}]},{"@type":"WebSite","@id":"https:\/\/tuchundstoff.shop\/#website","url":"https:\/\/tuchundstoff.shop\/","name":"TuchundStoff","description":"Qualit\u00e4tsstoffe f\u00fcr zeitgen\u00f6ssische Mode und gelebte Geschichte \u2013 100% Natur","publisher":{"@id":"https:\/\/tuchundstoff.shop\/#organization"},"potentialAction":[{"@type":"SearchAction","target":{"@type":"EntryPoint","urlTemplate":"https:\/\/tuchundstoff.shop\/?s={search_term_string}"},"query-input":{"@type":"PropertyValueSpecification","valueRequired":true,"valueName":"search_term_string"}}],"inLanguage":"en-US"},{"@type":"Organization","@id":"https:\/\/tuchundstoff.shop\/#organization","name":"TuchundStoff","url":"https:\/\/tuchundstoff.shop\/","logo":{"@type":"ImageObject","inLanguage":"en-US","@id":"https:\/\/tuchundstoff.shop\/#\/schema\/logo\/image\/","url":"https:\/\/tuchundstoff.shop\/wp-content\/uploads\/2021\/11\/Tus-Logo22-QfA-shop-V2-1.png","contentUrl":"https:\/\/tuchundstoff.shop\/wp-content\/uploads\/2021\/11\/Tus-Logo22-QfA-shop-V2-1.png","width":485,"height":110,"caption":"TuchundStoff"},"image":{"@id":"https:\/\/tuchundstoff.shop\/#\/schema\/logo\/image\/"}}]}},"_links":{"self":[{"href":"https:\/\/tuchundstoff.shop\/en\/wp-json\/wp\/v2\/product\/13673","targetHints":{"allow":["GET"]}}],"collection":[{"href":"https:\/\/tuchundstoff.shop\/en\/wp-json\/wp\/v2\/product"}],"about":[{"href":"https:\/\/tuchundstoff.shop\/en\/wp-json\/wp\/v2\/types\/product"}],"replies":[{"embeddable":true,"href":"https:\/\/tuchundstoff.shop\/en\/wp-json\/wp\/v2\/comments?post=13673"}],"wp:featuredmedia":[{"embeddable":true,"href":"https:\/\/tuchundstoff.shop\/en\/wp-json\/wp\/v2\/media\/13660"}],"wp:attachment":[{"href":"https:\/\/tuchundstoff.shop\/en\/wp-json\/wp\/v2\/media?parent=13673"}],"wp:term":[{"taxonomy":"product_brand","embeddable":true,"href":"https:\/\/tuchundstoff.shop\/en\/wp-json\/wp\/v2\/product_brand?post=13673"},{"taxonomy":"product_cat","embeddable":true,"href":"https:\/\/tuchundstoff.shop\/en\/wp-json\/wp\/v2\/product_cat?post=13673"},{"taxonomy":"product_tag","embeddable":true,"href":"https:\/\/tuchundstoff.shop\/en\/wp-json\/wp\/v2\/product_tag?post=13673"}],"curies":[{"name":"wp","href":"https:\/\/api.w.org\/{rel}","templated":true}]}}