{"id":11853,"date":"2022-09-26T20:45:08","date_gmt":"2022-09-26T18:45:08","guid":{"rendered":"https:\/\/tuchundstoff.shop\/?post_type=product&#038;p=11853"},"modified":"2023-01-19T16:16:11","modified_gmt":"2023-01-19T15:16:11","slug":"linen-320g-lfm-black","status":"publish","type":"product","link":"https:\/\/tuchundstoff.shop\/en\/product\/linen-320g-lfm-black\/","title":{"rendered":"Linen 320g\/lfm friendly black"},"content":{"rendered":"<p>100% linen web width 140cm<br \/>\n&nbsp;Comfortable to wear, durable linen. Versatile.<\/p>\n","protected":false},"excerpt":{"rendered":"<p>100% linen web width 140cm<br \/>\nPrice advantage from 2.5 running meters!<\/p>\n","protected":false},"featured_media":11856,"comment_status":"open","ping_status":"closed","template":"","meta":{"ngg_post_thumbnail":0},"product_brand":[],"product_cat":[690],"product_tag":[823,824,831,832,833,834,835,822],"class_list":{"0":"post-11853","1":"product","2":"type-product","3":"status-publish","4":"has-post-thumbnail","6":"product_cat-linen","7":"product_tag-headscarf","8":"product_tag-linen","9":"product_tag-trousers","10":"product_tag-jacket","11":"product_tag-light-tunic","12":"product_tag-strap-dress","13":"product_tag-tunika-en","14":"product_tag-dress","15":"pa_gewicht-320g-lfm-230g-m-en","16":"resize-featured-image","17":"sales-flash-overlay","18":"woocommerce-text-align-center","19":"woocommerce-image-align-center","20":"do-quantity-buttons","21":"wc-has-gallery","23":"first","24":"instock","25":"taxable","26":"shipping-taxable","27":"purchasable","28":"product-type-simple"},"yoast_head":"<!-- This site is optimized with the Yoast SEO plugin v27.2 - https:\/\/yoast.com\/product\/yoast-seo-wordpress\/ -->\n<title>Linen 320g\/lfm friendly black - TuchundStoff<\/title>\n<meta name=\"description\" content=\"Linen 320g\/lfm friendly black - 100% linen web width 140cm Price advantage from 2.5 running meters!\" \/>\n<meta name=\"robots\" content=\"index, follow, max-snippet:-1, max-image-preview:large, max-video-preview:-1\" \/>\n<link rel=\"canonical\" href=\"https:\/\/tuchundstoff.shop\/product\/leinen-320g-lfm-schwarz\/\" \/>\n<meta property=\"og:locale\" content=\"en_US\" \/>\n<meta property=\"og:type\" content=\"article\" \/>\n<meta property=\"og:title\" content=\"Linen 320g\/lfm friendly black - TuchundStoff\" \/>\n<meta property=\"og:description\" content=\"Linen 320g\/lfm friendly black - 100% linen web width 140cm Price advantage from 2.5 running meters!\" \/>\n<meta property=\"og:url\" content=\"https:\/\/tuchundstoff.shop\/product\/leinen-320g-lfm-schwarz\/\" \/>\n<meta property=\"og:site_name\" content=\"TuchundStoff\" \/>\n<meta property=\"article:modified_time\" content=\"2023-01-19T15:16:11+00:00\" \/>\n<meta property=\"og:image\" content=\"https:\/\/tuchundstoff.shop\/wp-content\/uploads\/2022\/09\/DSC_2073-001.jpg\" \/>\n\t<meta property=\"og:image:width\" content=\"1200\" \/>\n\t<meta property=\"og:image:height\" content=\"1200\" \/>\n\t<meta property=\"og:image:type\" content=\"image\/jpeg\" \/>\n<script type=\"application\/ld+json\" class=\"yoast-schema-graph\">{\"@context\":\"https:\/\/schema.org\",\"@graph\":[{\"@type\":\"WebPage\",\"@id\":\"https:\/\/tuchundstoff.shop\/product\/leinen-320g-lfm-schwarz\/\",\"url\":\"https:\/\/tuchundstoff.shop\/product\/leinen-320g-lfm-schwarz\/\",\"name\":\"Linen 320g\/lfm friendly black - TuchundStoff\",\"isPartOf\":{\"@id\":\"https:\/\/tuchundstoff.shop\/#website\"},\"primaryImageOfPage\":{\"@id\":\"https:\/\/tuchundstoff.shop\/product\/leinen-320g-lfm-schwarz\/#primaryimage\"},\"image\":{\"@id\":\"https:\/\/tuchundstoff.shop\/product\/leinen-320g-lfm-schwarz\/#primaryimage\"},\"thumbnailUrl\":\"https:\/\/tuchundstoff.shop\/wp-content\/uploads\/2022\/09\/DSC_2073-001.jpg\",\"datePublished\":\"2022-09-26T18:45:08+00:00\",\"dateModified\":\"2023-01-19T15:16:11+00:00\",\"description\":\"Linen 320g\/lfm friendly black - 100% linen web width 140cm Price advantage from 2.5 running meters!\",\"breadcrumb\":{\"@id\":\"https:\/\/tuchundstoff.shop\/product\/leinen-320g-lfm-schwarz\/#breadcrumb\"},\"inLanguage\":\"en-US\",\"potentialAction\":[{\"@type\":\"ReadAction\",\"target\":[\"https:\/\/tuchundstoff.shop\/product\/leinen-320g-lfm-schwarz\/\"]}]},{\"@type\":\"ImageObject\",\"inLanguage\":\"en-US\",\"@id\":\"https:\/\/tuchundstoff.shop\/product\/leinen-320g-lfm-schwarz\/#primaryimage\",\"url\":\"https:\/\/tuchundstoff.shop\/wp-content\/uploads\/2022\/09\/DSC_2073-001.jpg\",\"contentUrl\":\"https:\/\/tuchundstoff.shop\/wp-content\/uploads\/2022\/09\/DSC_2073-001.jpg\",\"width\":1200,\"height\":1200},{\"@type\":\"BreadcrumbList\",\"@id\":\"https:\/\/tuchundstoff.shop\/product\/leinen-320g-lfm-schwarz\/#breadcrumb\",\"itemListElement\":[{\"@type\":\"ListItem\",\"position\":1,\"name\":\"Startseite\",\"item\":\"https:\/\/tuchundstoff.shop\/en\/\"},{\"@type\":\"ListItem\",\"position\":2,\"name\":\"Quality fabrics for contemporary fashion and living history &#8211; 100% natural\",\"item\":\"https:\/\/tuchundstoff.shop\/en\/shop\/\"},{\"@type\":\"ListItem\",\"position\":3,\"name\":\"Linen 320g\/lfm friendly black\"}]},{\"@type\":\"WebSite\",\"@id\":\"https:\/\/tuchundstoff.shop\/#website\",\"url\":\"https:\/\/tuchundstoff.shop\/\",\"name\":\"TuchundStoff\",\"description\":\"Qualit\u00e4tsstoffe f\u00fcr zeitgen\u00f6ssische Mode und gelebte Geschichte \u2013 100% Natur\",\"publisher\":{\"@id\":\"https:\/\/tuchundstoff.shop\/#organization\"},\"potentialAction\":[{\"@type\":\"SearchAction\",\"target\":{\"@type\":\"EntryPoint\",\"urlTemplate\":\"https:\/\/tuchundstoff.shop\/?s={search_term_string}\"},\"query-input\":{\"@type\":\"PropertyValueSpecification\",\"valueRequired\":true,\"valueName\":\"search_term_string\"}}],\"inLanguage\":\"en-US\"},{\"@type\":\"Organization\",\"@id\":\"https:\/\/tuchundstoff.shop\/#organization\",\"name\":\"TuchundStoff\",\"url\":\"https:\/\/tuchundstoff.shop\/\",\"logo\":{\"@type\":\"ImageObject\",\"inLanguage\":\"en-US\",\"@id\":\"https:\/\/tuchundstoff.shop\/#\/schema\/logo\/image\/\",\"url\":\"https:\/\/tuchundstoff.shop\/wp-content\/uploads\/2021\/11\/Tus-Logo22-QfA-shop-V2-1.png\",\"contentUrl\":\"https:\/\/tuchundstoff.shop\/wp-content\/uploads\/2021\/11\/Tus-Logo22-QfA-shop-V2-1.png\",\"width\":485,\"height\":110,\"caption\":\"TuchundStoff\"},\"image\":{\"@id\":\"https:\/\/tuchundstoff.shop\/#\/schema\/logo\/image\/\"}}]}<\/script>\n<!-- \/ Yoast SEO plugin. -->","yoast_head_json":{"title":"Linen 320g\/lfm friendly black - TuchundStoff","description":"Linen 320g\/lfm friendly black - 100% linen web width 140cm Price advantage from 2.5 running meters!","robots":{"index":"index","follow":"follow","max-snippet":"max-snippet:-1","max-image-preview":"max-image-preview:large","max-video-preview":"max-video-preview:-1"},"canonical":"https:\/\/tuchundstoff.shop\/product\/leinen-320g-lfm-schwarz\/","og_locale":"en_US","og_type":"article","og_title":"Linen 320g\/lfm friendly black - TuchundStoff","og_description":"Linen 320g\/lfm friendly black - 100% linen web width 140cm Price advantage from 2.5 running meters!","og_url":"https:\/\/tuchundstoff.shop\/product\/leinen-320g-lfm-schwarz\/","og_site_name":"TuchundStoff","article_modified_time":"2023-01-19T15:16:11+00:00","og_image":[{"width":1200,"height":1200,"url":"https:\/\/tuchundstoff.shop\/wp-content\/uploads\/2022\/09\/DSC_2073-001.jpg","type":"image\/jpeg"}],"schema":{"@context":"https:\/\/schema.org","@graph":[{"@type":"WebPage","@id":"https:\/\/tuchundstoff.shop\/product\/leinen-320g-lfm-schwarz\/","url":"https:\/\/tuchundstoff.shop\/product\/leinen-320g-lfm-schwarz\/","name":"Linen 320g\/lfm friendly black - TuchundStoff","isPartOf":{"@id":"https:\/\/tuchundstoff.shop\/#website"},"primaryImageOfPage":{"@id":"https:\/\/tuchundstoff.shop\/product\/leinen-320g-lfm-schwarz\/#primaryimage"},"image":{"@id":"https:\/\/tuchundstoff.shop\/product\/leinen-320g-lfm-schwarz\/#primaryimage"},"thumbnailUrl":"https:\/\/tuchundstoff.shop\/wp-content\/uploads\/2022\/09\/DSC_2073-001.jpg","datePublished":"2022-09-26T18:45:08+00:00","dateModified":"2023-01-19T15:16:11+00:00","description":"Linen 320g\/lfm friendly black - 100% linen web width 140cm Price advantage from 2.5 running meters!","breadcrumb":{"@id":"https:\/\/tuchundstoff.shop\/product\/leinen-320g-lfm-schwarz\/#breadcrumb"},"inLanguage":"en-US","potentialAction":[{"@type":"ReadAction","target":["https:\/\/tuchundstoff.shop\/product\/leinen-320g-lfm-schwarz\/"]}]},{"@type":"ImageObject","inLanguage":"en-US","@id":"https:\/\/tuchundstoff.shop\/product\/leinen-320g-lfm-schwarz\/#primaryimage","url":"https:\/\/tuchundstoff.shop\/wp-content\/uploads\/2022\/09\/DSC_2073-001.jpg","contentUrl":"https:\/\/tuchundstoff.shop\/wp-content\/uploads\/2022\/09\/DSC_2073-001.jpg","width":1200,"height":1200},{"@type":"BreadcrumbList","@id":"https:\/\/tuchundstoff.shop\/product\/leinen-320g-lfm-schwarz\/#breadcrumb","itemListElement":[{"@type":"ListItem","position":1,"name":"Startseite","item":"https:\/\/tuchundstoff.shop\/en\/"},{"@type":"ListItem","position":2,"name":"Quality fabrics for contemporary fashion and living history &#8211; 100% natural","item":"https:\/\/tuchundstoff.shop\/en\/shop\/"},{"@type":"ListItem","position":3,"name":"Linen 320g\/lfm friendly black"}]},{"@type":"WebSite","@id":"https:\/\/tuchundstoff.shop\/#website","url":"https:\/\/tuchundstoff.shop\/","name":"TuchundStoff","description":"Qualit\u00e4tsstoffe f\u00fcr zeitgen\u00f6ssische Mode und gelebte Geschichte \u2013 100% Natur","publisher":{"@id":"https:\/\/tuchundstoff.shop\/#organization"},"potentialAction":[{"@type":"SearchAction","target":{"@type":"EntryPoint","urlTemplate":"https:\/\/tuchundstoff.shop\/?s={search_term_string}"},"query-input":{"@type":"PropertyValueSpecification","valueRequired":true,"valueName":"search_term_string"}}],"inLanguage":"en-US"},{"@type":"Organization","@id":"https:\/\/tuchundstoff.shop\/#organization","name":"TuchundStoff","url":"https:\/\/tuchundstoff.shop\/","logo":{"@type":"ImageObject","inLanguage":"en-US","@id":"https:\/\/tuchundstoff.shop\/#\/schema\/logo\/image\/","url":"https:\/\/tuchundstoff.shop\/wp-content\/uploads\/2021\/11\/Tus-Logo22-QfA-shop-V2-1.png","contentUrl":"https:\/\/tuchundstoff.shop\/wp-content\/uploads\/2021\/11\/Tus-Logo22-QfA-shop-V2-1.png","width":485,"height":110,"caption":"TuchundStoff"},"image":{"@id":"https:\/\/tuchundstoff.shop\/#\/schema\/logo\/image\/"}}]}},"_links":{"self":[{"href":"https:\/\/tuchundstoff.shop\/en\/wp-json\/wp\/v2\/product\/11853","targetHints":{"allow":["GET"]}}],"collection":[{"href":"https:\/\/tuchundstoff.shop\/en\/wp-json\/wp\/v2\/product"}],"about":[{"href":"https:\/\/tuchundstoff.shop\/en\/wp-json\/wp\/v2\/types\/product"}],"replies":[{"embeddable":true,"href":"https:\/\/tuchundstoff.shop\/en\/wp-json\/wp\/v2\/comments?post=11853"}],"wp:featuredmedia":[{"embeddable":true,"href":"https:\/\/tuchundstoff.shop\/en\/wp-json\/wp\/v2\/media\/11856"}],"wp:attachment":[{"href":"https:\/\/tuchundstoff.shop\/en\/wp-json\/wp\/v2\/media?parent=11853"}],"wp:term":[{"taxonomy":"product_brand","embeddable":true,"href":"https:\/\/tuchundstoff.shop\/en\/wp-json\/wp\/v2\/product_brand?post=11853"},{"taxonomy":"product_cat","embeddable":true,"href":"https:\/\/tuchundstoff.shop\/en\/wp-json\/wp\/v2\/product_cat?post=11853"},{"taxonomy":"product_tag","embeddable":true,"href":"https:\/\/tuchundstoff.shop\/en\/wp-json\/wp\/v2\/product_tag?post=11853"}],"curies":[{"name":"wp","href":"https:\/\/api.w.org\/{rel}","templated":true}]}}