{"id":11835,"date":"2022-09-23T18:06:21","date_gmt":"2022-09-23T16:06:21","guid":{"rendered":"https:\/\/tuchundstoff.shop\/?post_type=product&#038;p=11835"},"modified":"2023-01-19T16:16:18","modified_gmt":"2023-01-19T15:16:18","slug":"warm-wool-natural-brown-540-g-lfm","status":"publish","type":"product","link":"https:\/\/tuchundstoff.shop\/en\/product\/warm-wool-natural-brown-540-g-lfm\/","title":{"rendered":"Warmth wool natural brown 540 g \/ rm"},"content":{"rendered":"<p>100% wool brown undyed<br \/>\nIdeal for hanging drafty doors and windows! As a heat-insulating curtain or draught-stopping blanket. Also for all who prefer thick, fluffy wool fabrics for coats or capes.<br \/>\nSpecial item, available only while stocks last!<\/p>\n<p>&nbsp;<\/p>\n","protected":false},"excerpt":{"rendered":"<p>Ideal for hanging draughty doors and windows and for those who prefer thick, fluffy wool fabrics for coats or capes.<\/p>\n","protected":false},"featured_media":11832,"comment_status":"open","ping_status":"closed","template":"","meta":{"ngg_post_thumbnail":0},"product_brand":[],"product_cat":[1779,698],"product_tag":[1720,859,885,887,1171],"class_list":{"0":"post-11835","1":"product","2":"type-product","3":"status-publish","4":"has-post-thumbnail","6":"product_cat-even-more-fabrics","7":"product_cat-wool","8":"product_tag-hang-out","9":"product_tag-wool","10":"product_tag-coat","11":"product_tag-cape","12":"product_tag-plain-weave","13":"pa_gewicht-540-g-lfm-360-g-m-en","14":"resize-featured-image","15":"sales-flash-overlay","16":"woocommerce-text-align-center","17":"woocommerce-image-align-center","18":"do-quantity-buttons","19":"wc-has-gallery","21":"first","22":"outofstock","23":"taxable","24":"shipping-taxable","25":"purchasable","26":"product-type-simple"},"yoast_head":"<!-- This site is optimized with the Yoast SEO plugin v27.2 - https:\/\/yoast.com\/product\/yoast-seo-wordpress\/ -->\n<title>Warmth wool natural brown 540 g \/ rm - TuchundStoff<\/title>\n<meta name=\"description\" content=\"Warmth wool natural brown 540 g \/ rm - Ideal for hanging draughty doors and windows and for those who prefer thick, fluffy wool fabrics for coats or capes.\" \/>\n<meta name=\"robots\" content=\"index, follow, max-snippet:-1, max-image-preview:large, max-video-preview:-1\" \/>\n<link rel=\"canonical\" href=\"https:\/\/tuchundstoff.shop\/product\/mittelschwerer-wollstoff-naturbraun-540-g-lfm\/\" \/>\n<meta property=\"og:locale\" content=\"en_US\" \/>\n<meta property=\"og:type\" content=\"article\" \/>\n<meta property=\"og:title\" content=\"Warmth wool natural brown 540 g \/ rm - TuchundStoff\" \/>\n<meta property=\"og:description\" content=\"Warmth wool natural brown 540 g \/ rm - Ideal for hanging draughty doors and windows and for those who prefer thick, fluffy wool fabrics for coats or capes.\" \/>\n<meta property=\"og:url\" content=\"https:\/\/tuchundstoff.shop\/product\/mittelschwerer-wollstoff-naturbraun-540-g-lfm\/\" \/>\n<meta property=\"og:site_name\" content=\"TuchundStoff\" \/>\n<meta property=\"article:modified_time\" content=\"2023-01-19T15:16:18+00:00\" \/>\n<meta property=\"og:image\" content=\"https:\/\/tuchundstoff.shop\/wp-content\/uploads\/2022\/09\/DSC_2015-5002-DG-M709.jpg\" \/>\n\t<meta property=\"og:image:width\" content=\"1200\" \/>\n\t<meta property=\"og:image:height\" content=\"1200\" \/>\n\t<meta property=\"og:image:type\" content=\"image\/jpeg\" \/>\n<script type=\"application\/ld+json\" class=\"yoast-schema-graph\">{\"@context\":\"https:\/\/schema.org\",\"@graph\":[{\"@type\":\"WebPage\",\"@id\":\"https:\/\/tuchundstoff.shop\/product\/mittelschwerer-wollstoff-naturbraun-540-g-lfm\/\",\"url\":\"https:\/\/tuchundstoff.shop\/product\/mittelschwerer-wollstoff-naturbraun-540-g-lfm\/\",\"name\":\"Warmth wool natural brown 540 g \/ rm - TuchundStoff\",\"isPartOf\":{\"@id\":\"https:\/\/tuchundstoff.shop\/#website\"},\"primaryImageOfPage\":{\"@id\":\"https:\/\/tuchundstoff.shop\/product\/mittelschwerer-wollstoff-naturbraun-540-g-lfm\/#primaryimage\"},\"image\":{\"@id\":\"https:\/\/tuchundstoff.shop\/product\/mittelschwerer-wollstoff-naturbraun-540-g-lfm\/#primaryimage\"},\"thumbnailUrl\":\"https:\/\/tuchundstoff.shop\/wp-content\/uploads\/2022\/09\/DSC_2015-5002-DG-M709.jpg\",\"datePublished\":\"2022-09-23T16:06:21+00:00\",\"dateModified\":\"2023-01-19T15:16:18+00:00\",\"description\":\"Warmth wool natural brown 540 g \/ rm - Ideal for hanging draughty doors and windows and for those who prefer thick, fluffy wool fabrics for coats or capes.\",\"breadcrumb\":{\"@id\":\"https:\/\/tuchundstoff.shop\/product\/mittelschwerer-wollstoff-naturbraun-540-g-lfm\/#breadcrumb\"},\"inLanguage\":\"en-US\",\"potentialAction\":[{\"@type\":\"ReadAction\",\"target\":[\"https:\/\/tuchundstoff.shop\/product\/mittelschwerer-wollstoff-naturbraun-540-g-lfm\/\"]}]},{\"@type\":\"ImageObject\",\"inLanguage\":\"en-US\",\"@id\":\"https:\/\/tuchundstoff.shop\/product\/mittelschwerer-wollstoff-naturbraun-540-g-lfm\/#primaryimage\",\"url\":\"https:\/\/tuchundstoff.shop\/wp-content\/uploads\/2022\/09\/DSC_2015-5002-DG-M709.jpg\",\"contentUrl\":\"https:\/\/tuchundstoff.shop\/wp-content\/uploads\/2022\/09\/DSC_2015-5002-DG-M709.jpg\",\"width\":1200,\"height\":1200},{\"@type\":\"BreadcrumbList\",\"@id\":\"https:\/\/tuchundstoff.shop\/product\/mittelschwerer-wollstoff-naturbraun-540-g-lfm\/#breadcrumb\",\"itemListElement\":[{\"@type\":\"ListItem\",\"position\":1,\"name\":\"Startseite\",\"item\":\"https:\/\/tuchundstoff.shop\/en\/\"},{\"@type\":\"ListItem\",\"position\":2,\"name\":\"Quality fabrics for contemporary fashion and living history &#8211; 100% natural\",\"item\":\"https:\/\/tuchundstoff.shop\/en\/shop\/\"},{\"@type\":\"ListItem\",\"position\":3,\"name\":\"Warmth wool natural brown 540 g \/ rm\"}]},{\"@type\":\"WebSite\",\"@id\":\"https:\/\/tuchundstoff.shop\/#website\",\"url\":\"https:\/\/tuchundstoff.shop\/\",\"name\":\"TuchundStoff\",\"description\":\"Qualit\u00e4tsstoffe f\u00fcr zeitgen\u00f6ssische Mode und gelebte Geschichte \u2013 100% Natur\",\"publisher\":{\"@id\":\"https:\/\/tuchundstoff.shop\/#organization\"},\"potentialAction\":[{\"@type\":\"SearchAction\",\"target\":{\"@type\":\"EntryPoint\",\"urlTemplate\":\"https:\/\/tuchundstoff.shop\/?s={search_term_string}\"},\"query-input\":{\"@type\":\"PropertyValueSpecification\",\"valueRequired\":true,\"valueName\":\"search_term_string\"}}],\"inLanguage\":\"en-US\"},{\"@type\":\"Organization\",\"@id\":\"https:\/\/tuchundstoff.shop\/#organization\",\"name\":\"TuchundStoff\",\"url\":\"https:\/\/tuchundstoff.shop\/\",\"logo\":{\"@type\":\"ImageObject\",\"inLanguage\":\"en-US\",\"@id\":\"https:\/\/tuchundstoff.shop\/#\/schema\/logo\/image\/\",\"url\":\"https:\/\/tuchundstoff.shop\/wp-content\/uploads\/2021\/11\/Tus-Logo22-QfA-shop-V2-1.png\",\"contentUrl\":\"https:\/\/tuchundstoff.shop\/wp-content\/uploads\/2021\/11\/Tus-Logo22-QfA-shop-V2-1.png\",\"width\":485,\"height\":110,\"caption\":\"TuchundStoff\"},\"image\":{\"@id\":\"https:\/\/tuchundstoff.shop\/#\/schema\/logo\/image\/\"}}]}<\/script>\n<!-- \/ Yoast SEO plugin. -->","yoast_head_json":{"title":"Warmth wool natural brown 540 g \/ rm - TuchundStoff","description":"Warmth wool natural brown 540 g \/ rm - Ideal for hanging draughty doors and windows and for those who prefer thick, fluffy wool fabrics for coats or capes.","robots":{"index":"index","follow":"follow","max-snippet":"max-snippet:-1","max-image-preview":"max-image-preview:large","max-video-preview":"max-video-preview:-1"},"canonical":"https:\/\/tuchundstoff.shop\/product\/mittelschwerer-wollstoff-naturbraun-540-g-lfm\/","og_locale":"en_US","og_type":"article","og_title":"Warmth wool natural brown 540 g \/ rm - TuchundStoff","og_description":"Warmth wool natural brown 540 g \/ rm - Ideal for hanging draughty doors and windows and for those who prefer thick, fluffy wool fabrics for coats or capes.","og_url":"https:\/\/tuchundstoff.shop\/product\/mittelschwerer-wollstoff-naturbraun-540-g-lfm\/","og_site_name":"TuchundStoff","article_modified_time":"2023-01-19T15:16:18+00:00","og_image":[{"width":1200,"height":1200,"url":"https:\/\/tuchundstoff.shop\/wp-content\/uploads\/2022\/09\/DSC_2015-5002-DG-M709.jpg","type":"image\/jpeg"}],"schema":{"@context":"https:\/\/schema.org","@graph":[{"@type":"WebPage","@id":"https:\/\/tuchundstoff.shop\/product\/mittelschwerer-wollstoff-naturbraun-540-g-lfm\/","url":"https:\/\/tuchundstoff.shop\/product\/mittelschwerer-wollstoff-naturbraun-540-g-lfm\/","name":"Warmth wool natural brown 540 g \/ rm - TuchundStoff","isPartOf":{"@id":"https:\/\/tuchundstoff.shop\/#website"},"primaryImageOfPage":{"@id":"https:\/\/tuchundstoff.shop\/product\/mittelschwerer-wollstoff-naturbraun-540-g-lfm\/#primaryimage"},"image":{"@id":"https:\/\/tuchundstoff.shop\/product\/mittelschwerer-wollstoff-naturbraun-540-g-lfm\/#primaryimage"},"thumbnailUrl":"https:\/\/tuchundstoff.shop\/wp-content\/uploads\/2022\/09\/DSC_2015-5002-DG-M709.jpg","datePublished":"2022-09-23T16:06:21+00:00","dateModified":"2023-01-19T15:16:18+00:00","description":"Warmth wool natural brown 540 g \/ rm - Ideal for hanging draughty doors and windows and for those who prefer thick, fluffy wool fabrics for coats or capes.","breadcrumb":{"@id":"https:\/\/tuchundstoff.shop\/product\/mittelschwerer-wollstoff-naturbraun-540-g-lfm\/#breadcrumb"},"inLanguage":"en-US","potentialAction":[{"@type":"ReadAction","target":["https:\/\/tuchundstoff.shop\/product\/mittelschwerer-wollstoff-naturbraun-540-g-lfm\/"]}]},{"@type":"ImageObject","inLanguage":"en-US","@id":"https:\/\/tuchundstoff.shop\/product\/mittelschwerer-wollstoff-naturbraun-540-g-lfm\/#primaryimage","url":"https:\/\/tuchundstoff.shop\/wp-content\/uploads\/2022\/09\/DSC_2015-5002-DG-M709.jpg","contentUrl":"https:\/\/tuchundstoff.shop\/wp-content\/uploads\/2022\/09\/DSC_2015-5002-DG-M709.jpg","width":1200,"height":1200},{"@type":"BreadcrumbList","@id":"https:\/\/tuchundstoff.shop\/product\/mittelschwerer-wollstoff-naturbraun-540-g-lfm\/#breadcrumb","itemListElement":[{"@type":"ListItem","position":1,"name":"Startseite","item":"https:\/\/tuchundstoff.shop\/en\/"},{"@type":"ListItem","position":2,"name":"Quality fabrics for contemporary fashion and living history &#8211; 100% natural","item":"https:\/\/tuchundstoff.shop\/en\/shop\/"},{"@type":"ListItem","position":3,"name":"Warmth wool natural brown 540 g \/ rm"}]},{"@type":"WebSite","@id":"https:\/\/tuchundstoff.shop\/#website","url":"https:\/\/tuchundstoff.shop\/","name":"TuchundStoff","description":"Qualit\u00e4tsstoffe f\u00fcr zeitgen\u00f6ssische Mode und gelebte Geschichte \u2013 100% Natur","publisher":{"@id":"https:\/\/tuchundstoff.shop\/#organization"},"potentialAction":[{"@type":"SearchAction","target":{"@type":"EntryPoint","urlTemplate":"https:\/\/tuchundstoff.shop\/?s={search_term_string}"},"query-input":{"@type":"PropertyValueSpecification","valueRequired":true,"valueName":"search_term_string"}}],"inLanguage":"en-US"},{"@type":"Organization","@id":"https:\/\/tuchundstoff.shop\/#organization","name":"TuchundStoff","url":"https:\/\/tuchundstoff.shop\/","logo":{"@type":"ImageObject","inLanguage":"en-US","@id":"https:\/\/tuchundstoff.shop\/#\/schema\/logo\/image\/","url":"https:\/\/tuchundstoff.shop\/wp-content\/uploads\/2021\/11\/Tus-Logo22-QfA-shop-V2-1.png","contentUrl":"https:\/\/tuchundstoff.shop\/wp-content\/uploads\/2021\/11\/Tus-Logo22-QfA-shop-V2-1.png","width":485,"height":110,"caption":"TuchundStoff"},"image":{"@id":"https:\/\/tuchundstoff.shop\/#\/schema\/logo\/image\/"}}]}},"_links":{"self":[{"href":"https:\/\/tuchundstoff.shop\/en\/wp-json\/wp\/v2\/product\/11835","targetHints":{"allow":["GET"]}}],"collection":[{"href":"https:\/\/tuchundstoff.shop\/en\/wp-json\/wp\/v2\/product"}],"about":[{"href":"https:\/\/tuchundstoff.shop\/en\/wp-json\/wp\/v2\/types\/product"}],"replies":[{"embeddable":true,"href":"https:\/\/tuchundstoff.shop\/en\/wp-json\/wp\/v2\/comments?post=11835"}],"wp:featuredmedia":[{"embeddable":true,"href":"https:\/\/tuchundstoff.shop\/en\/wp-json\/wp\/v2\/media\/11832"}],"wp:attachment":[{"href":"https:\/\/tuchundstoff.shop\/en\/wp-json\/wp\/v2\/media?parent=11835"}],"wp:term":[{"taxonomy":"product_brand","embeddable":true,"href":"https:\/\/tuchundstoff.shop\/en\/wp-json\/wp\/v2\/product_brand?post=11835"},{"taxonomy":"product_cat","embeddable":true,"href":"https:\/\/tuchundstoff.shop\/en\/wp-json\/wp\/v2\/product_cat?post=11835"},{"taxonomy":"product_tag","embeddable":true,"href":"https:\/\/tuchundstoff.shop\/en\/wp-json\/wp\/v2\/product_tag?post=11835"}],"curies":[{"name":"wp","href":"https:\/\/api.w.org\/{rel}","templated":true}]}}