{"id":8276,"date":"2019-04-08T15:40:38","date_gmt":"2019-04-08T13:40:38","guid":{"rendered":"https:\/\/tuchundstoff.de\/cancellation-policy\/"},"modified":"2026-02-05T15:31:42","modified_gmt":"2026-02-05T14:31:42","slug":"cancellation-policy","status":"publish","type":"page","link":"https:\/\/tuchundstoff.shop\/en\/cancellation-policy\/","title":{"rendered":"Cancellation policy"},"content":{"rendered":"\n<p>You have the right to cancel this contract within fourteen days without giving any reason. The revocation period is fourteen days from the day on which you or a third party named by you, who is not the carrier, has or has taken possession of the goods.<\/p>\n\n<p>To exercise your right of withdrawal, you must contact us:<\/p>\n\n<p><strong>TuchundStoff<\/strong><strong><br\/><\/strong><strong>Lucia Hohl<\/strong><strong><br\/><\/strong><strong>Am Hegbach 22<\/strong><strong><br\/><\/strong><strong>64546 Moerfelden-Walldorf<\/strong><strong><br\/><\/strong><strong>Phone: +49 (0) 6105 21466<\/strong><strong><br\/><\/strong><strong>Email: kurier@tuchundstoff.de<\/strong><\/p>\n\n<p>of your decision to withdraw from this contract by an unequivocal statement (e.g. a letter sent by post or e-mail). You can use the attached sample withdrawal form, but this is not mandatory. In order to comply with the cancellation period, it is sufficient that you send the notification of the exercise of the right of cancellation before the expiry of the cancellation period.<\/p>\n\n<h2 class=\"wp-block-heading\">Consequences of revocation<\/h2>\n\n<p>If you withdraw from this contract, we must refund all payments we have received from you, including delivery costs (with the exception of additional costs resulting from the fact that you have chosen a type of delivery other than the cheapest standard delivery offered by us), without delay and at the latest within fourteen days of the day on which we received notification of your withdrawal from this contract.<\/p>\n\n<p>For this repayment, we use the same means of payment that you used for the original transaction, unless expressly agreed otherwise with you; in no case will you be charged for this repayment. We may refuse repayment until we have received the goods back or until you have provided proof that you have returned the goods, whichever is the earlier.<\/p>\n\n<p>You must return or hand over the goods to us immediately and in any case no later than fourteen days from the day on which you notify us of the cancellation of this contract. The deadline is met if you send the goods before the expiry of the period of fourteen days. You shall bear the direct costs of returning the goods. You only have to pay for any loss in value of the goods if this loss in value is due to handling of the goods that is not necessary for testing the quality, characteristics and functioning of the goods.<\/p>\n\n<h2 class=\"wp-block-heading\">Reasons for exclusion or expiry<\/h2>\n\n<p>The right of withdrawal does not apply to contracts for the delivery of goods which are not prefabricated and for the manufacture of which an individual selection or determination by the consumer is decisive or which are clearly tailored to the personal needs of the consumer (e.g. yard goods, made-to-measure fabrics).<\/p>\n\n<hr class=\"wp-block-separator has-alpha-channel-opacity\"\/>\n\n<h2 class=\"wp-block-heading\">Sample cancellation form<\/h2>\n\n<p>(If you want to cancel the contract, please fill out this form and send it to us:)<\/p>\n\n<p>To<strong>:TuchundStoff, Lucia Hohl, Am Hegbach 22, 64546 M\u00f6rfelden-WalldorfE-Mail: kurier@tuchundstoff.de<\/strong><\/p>\n\n<p>I\/we (<em>)<\/em> hereby revoke<em> the<\/em> contract concluded<em> by me\/us (<\/em>) for the purchase of the following goods (<em>)\/the provision of the following service (<\/em>)<\/p>\n\n<p>Ordered on (<em>)\/received on (<\/em>) Name of the consumer(s) Address of the consumer(s) Signature of the consumer(s) (only for paper notification) Date<\/p>\n","protected":false},"excerpt":{"rendered":"<p>You have the right to cancel this contract within fourteen days without giving any reason. The revocation period is fourteen days from the day on which you or a third party named by you, who is not the carrier, has or has taken possession of the goods. To exercise your right of withdrawal, you must contact us: TuchundStoffLucia HohlAm Hegbach 2264546 Moerfelden-WalldorfPhone: +49 (0) 6105 21466Email: kurier@tuchundstoff.de of your decision &#8230; <\/p>\n<p class=\"read-more-container\"><a title=\"Cancellation policy\" class=\"read-more button\" href=\"https:\/\/tuchundstoff.shop\/en\/cancellation-policy\/#more-8276\" aria-label=\"Read more about Cancellation policy\">Weiterlesen<\/a><\/p>\n","protected":false},"author":1,"featured_media":0,"parent":0,"menu_order":0,"comment_status":"closed","ping_status":"closed","template":"","meta":{"ngg_post_thumbnail":0,"footnotes":""},"class_list":["post-8276","page","type-page","status-publish"],"yoast_head":"<!-- This site is optimized with the Yoast SEO plugin v27.2 - https:\/\/yoast.com\/product\/yoast-seo-wordpress\/ -->\n<title>Cancellation policy - TuchundStoff<\/title>\n<meta name=\"robots\" content=\"index, follow, max-snippet:-1, max-image-preview:large, max-video-preview:-1\" \/>\n<link rel=\"canonical\" href=\"https:\/\/tuchundstoff.shop\/en\/cancellation-policy\/\" \/>\n<meta property=\"og:locale\" content=\"en_US\" \/>\n<meta property=\"og:type\" content=\"article\" \/>\n<meta property=\"og:title\" content=\"Cancellation policy - TuchundStoff\" \/>\n<meta property=\"og:description\" content=\"You have the right to cancel this contract within fourteen days without giving any reason. The revocation period is fourteen days from the day on which you or a third party named by you, who is not the carrier, has or has taken possession of the goods. To exercise your right of withdrawal, you must contact us: TuchundStoffLucia HohlAm Hegbach 2264546 Moerfelden-WalldorfPhone: +49 (0) 6105 21466Email: kurier@tuchundstoff.de of your decision ... Weiterlesen\" \/>\n<meta property=\"og:url\" content=\"https:\/\/tuchundstoff.shop\/en\/cancellation-policy\/\" \/>\n<meta property=\"og:site_name\" content=\"TuchundStoff\" \/>\n<meta property=\"article:modified_time\" content=\"2026-02-05T14:31:42+00:00\" \/>\n<script type=\"application\/ld+json\" class=\"yoast-schema-graph\">{\"@context\":\"https:\/\/schema.org\",\"@graph\":[{\"@type\":\"WebPage\",\"@id\":\"https:\/\/tuchundstoff.shop\/en\/cancellation-policy\/\",\"url\":\"https:\/\/tuchundstoff.shop\/en\/cancellation-policy\/\",\"name\":\"Cancellation policy - TuchundStoff\",\"isPartOf\":{\"@id\":\"https:\/\/tuchundstoff.shop\/#website\"},\"datePublished\":\"2019-04-08T13:40:38+00:00\",\"dateModified\":\"2026-02-05T14:31:42+00:00\",\"breadcrumb\":{\"@id\":\"https:\/\/tuchundstoff.shop\/en\/cancellation-policy\/#breadcrumb\"},\"inLanguage\":\"en-US\",\"potentialAction\":[{\"@type\":\"ReadAction\",\"target\":[\"https:\/\/tuchundstoff.shop\/en\/cancellation-policy\/\"]}]},{\"@type\":\"BreadcrumbList\",\"@id\":\"https:\/\/tuchundstoff.shop\/en\/cancellation-policy\/#breadcrumb\",\"itemListElement\":[{\"@type\":\"ListItem\",\"position\":1,\"name\":\"Startseite\",\"item\":\"https:\/\/tuchundstoff.shop\/en\/\"},{\"@type\":\"ListItem\",\"position\":2,\"name\":\"Cancellation policy\"}]},{\"@type\":\"WebSite\",\"@id\":\"https:\/\/tuchundstoff.shop\/#website\",\"url\":\"https:\/\/tuchundstoff.shop\/\",\"name\":\"TuchundStoff\",\"description\":\"Qualit\u00e4tsstoffe f\u00fcr zeitgen\u00f6ssische Mode und gelebte Geschichte \u2013 100% Natur\",\"publisher\":{\"@id\":\"https:\/\/tuchundstoff.shop\/#organization\"},\"potentialAction\":[{\"@type\":\"SearchAction\",\"target\":{\"@type\":\"EntryPoint\",\"urlTemplate\":\"https:\/\/tuchundstoff.shop\/?s={search_term_string}\"},\"query-input\":{\"@type\":\"PropertyValueSpecification\",\"valueRequired\":true,\"valueName\":\"search_term_string\"}}],\"inLanguage\":\"en-US\"},{\"@type\":\"Organization\",\"@id\":\"https:\/\/tuchundstoff.shop\/#organization\",\"name\":\"TuchundStoff\",\"url\":\"https:\/\/tuchundstoff.shop\/\",\"logo\":{\"@type\":\"ImageObject\",\"inLanguage\":\"en-US\",\"@id\":\"https:\/\/tuchundstoff.shop\/#\/schema\/logo\/image\/\",\"url\":\"https:\/\/tuchundstoff.shop\/wp-content\/uploads\/2021\/11\/Tus-Logo22-QfA-shop-V2-1.png\",\"contentUrl\":\"https:\/\/tuchundstoff.shop\/wp-content\/uploads\/2021\/11\/Tus-Logo22-QfA-shop-V2-1.png\",\"width\":485,\"height\":110,\"caption\":\"TuchundStoff\"},\"image\":{\"@id\":\"https:\/\/tuchundstoff.shop\/#\/schema\/logo\/image\/\"}}]}<\/script>\n<!-- \/ Yoast SEO plugin. -->","yoast_head_json":{"title":"Cancellation policy - TuchundStoff","robots":{"index":"index","follow":"follow","max-snippet":"max-snippet:-1","max-image-preview":"max-image-preview:large","max-video-preview":"max-video-preview:-1"},"canonical":"https:\/\/tuchundstoff.shop\/en\/cancellation-policy\/","og_locale":"en_US","og_type":"article","og_title":"Cancellation policy - TuchundStoff","og_description":"You have the right to cancel this contract within fourteen days without giving any reason. The revocation period is fourteen days from the day on which you or a third party named by you, who is not the carrier, has or has taken possession of the goods. To exercise your right of withdrawal, you must contact us: TuchundStoffLucia HohlAm Hegbach 2264546 Moerfelden-WalldorfPhone: +49 (0) 6105 21466Email: kurier@tuchundstoff.de of your decision ... Weiterlesen","og_url":"https:\/\/tuchundstoff.shop\/en\/cancellation-policy\/","og_site_name":"TuchundStoff","article_modified_time":"2026-02-05T14:31:42+00:00","schema":{"@context":"https:\/\/schema.org","@graph":[{"@type":"WebPage","@id":"https:\/\/tuchundstoff.shop\/en\/cancellation-policy\/","url":"https:\/\/tuchundstoff.shop\/en\/cancellation-policy\/","name":"Cancellation policy - TuchundStoff","isPartOf":{"@id":"https:\/\/tuchundstoff.shop\/#website"},"datePublished":"2019-04-08T13:40:38+00:00","dateModified":"2026-02-05T14:31:42+00:00","breadcrumb":{"@id":"https:\/\/tuchundstoff.shop\/en\/cancellation-policy\/#breadcrumb"},"inLanguage":"en-US","potentialAction":[{"@type":"ReadAction","target":["https:\/\/tuchundstoff.shop\/en\/cancellation-policy\/"]}]},{"@type":"BreadcrumbList","@id":"https:\/\/tuchundstoff.shop\/en\/cancellation-policy\/#breadcrumb","itemListElement":[{"@type":"ListItem","position":1,"name":"Startseite","item":"https:\/\/tuchundstoff.shop\/en\/"},{"@type":"ListItem","position":2,"name":"Cancellation policy"}]},{"@type":"WebSite","@id":"https:\/\/tuchundstoff.shop\/#website","url":"https:\/\/tuchundstoff.shop\/","name":"TuchundStoff","description":"Qualit\u00e4tsstoffe f\u00fcr zeitgen\u00f6ssische Mode und gelebte Geschichte \u2013 100% Natur","publisher":{"@id":"https:\/\/tuchundstoff.shop\/#organization"},"potentialAction":[{"@type":"SearchAction","target":{"@type":"EntryPoint","urlTemplate":"https:\/\/tuchundstoff.shop\/?s={search_term_string}"},"query-input":{"@type":"PropertyValueSpecification","valueRequired":true,"valueName":"search_term_string"}}],"inLanguage":"en-US"},{"@type":"Organization","@id":"https:\/\/tuchundstoff.shop\/#organization","name":"TuchundStoff","url":"https:\/\/tuchundstoff.shop\/","logo":{"@type":"ImageObject","inLanguage":"en-US","@id":"https:\/\/tuchundstoff.shop\/#\/schema\/logo\/image\/","url":"https:\/\/tuchundstoff.shop\/wp-content\/uploads\/2021\/11\/Tus-Logo22-QfA-shop-V2-1.png","contentUrl":"https:\/\/tuchundstoff.shop\/wp-content\/uploads\/2021\/11\/Tus-Logo22-QfA-shop-V2-1.png","width":485,"height":110,"caption":"TuchundStoff"},"image":{"@id":"https:\/\/tuchundstoff.shop\/#\/schema\/logo\/image\/"}}]}},"_links":{"self":[{"href":"https:\/\/tuchundstoff.shop\/en\/wp-json\/wp\/v2\/pages\/8276","targetHints":{"allow":["GET"]}}],"collection":[{"href":"https:\/\/tuchundstoff.shop\/en\/wp-json\/wp\/v2\/pages"}],"about":[{"href":"https:\/\/tuchundstoff.shop\/en\/wp-json\/wp\/v2\/types\/page"}],"author":[{"embeddable":true,"href":"https:\/\/tuchundstoff.shop\/en\/wp-json\/wp\/v2\/users\/1"}],"replies":[{"embeddable":true,"href":"https:\/\/tuchundstoff.shop\/en\/wp-json\/wp\/v2\/comments?post=8276"}],"version-history":[{"count":2,"href":"https:\/\/tuchundstoff.shop\/en\/wp-json\/wp\/v2\/pages\/8276\/revisions"}],"predecessor-version":[{"id":18302,"href":"https:\/\/tuchundstoff.shop\/en\/wp-json\/wp\/v2\/pages\/8276\/revisions\/18302"}],"wp:attachment":[{"href":"https:\/\/tuchundstoff.shop\/en\/wp-json\/wp\/v2\/media?parent=8276"}],"curies":[{"name":"wp","href":"https:\/\/api.w.org\/{rel}","templated":true}]}}