{"id":8081,"date":"2019-04-08T15:40:38","date_gmt":"2019-04-08T13:40:38","guid":{"rendered":"https:\/\/tuchundstoff.de\/shipping-costs\/"},"modified":"2026-04-22T00:16:56","modified_gmt":"2026-04-21T22:16:56","slug":"shipping-costs","status":"publish","type":"page","link":"https:\/\/tuchundstoff.shop\/en\/shipping-costs\/","title":{"rendered":"Shipping costs"},"content":{"rendered":"\n<p><strong><em><a href=\"https:\/\/www.dhl.de\/aktuelles\" target=\"_blank\" rel=\"noopener\">Current information<\/a> on the impact of national and international events on shipping<\/em><\/strong><\/p>\n\n<p><strong>Our flat rates for shipping and handling include shipping and packaging costs.<\/strong><\/p>\n\n<p>Unless expressly requested otherwise, we ship with Deutsche Post \/ DHL.<br\/>For weights over 10kg or bulky goods, we reserve the right to charge the actual costs.<\/p>\n\n<ul class=\"wp-block-list\">\n<li><strong>Germany \u2013 Flat rate shipping \u20ac 5.80 plus 19% VAT = \u20ac 7.50 <\/strong><\/li>\n\n\n\n<li><strong>Europe<\/strong> \u2013  <strong>Flat rate shipping \u20ac 16,00 &#8211; \u20ac19,00 plus shipping VAT. (VAT)<\/strong><\/li>\n\n\n\n<li><strong>North America; USA &#8211; Flat rate shipping \u20ac 45.00 + current surcharges \u20ac 20.00<br\/><\/strong><\/li>\n<\/ul>\n\n<p>Other countries on request.<\/p>\n\n<p><a href=\"http:\/\/www.deutschepost.de\/preise\" target=\"_blank\" rel=\"noreferrer noopener\" aria-label=\"HIER (&#xF6;ffnet in neuem Tab)\">DHL price list<\/a><\/p>\n\n<h2 class=\"wp-block-heading\"><strong>Important change from 31.03.2026: Fair, weight-based shipping costs<\/strong><\/h2>\n\n<p>In order to make shipping fairer and more transparent for you, we will switch from fixed shipping costs to an exact calculation according to actual weight from 31.03.2026.<\/p>\n\n<ul class=\"wp-block-list\">\n<li><strong>You only pay for what it really weighs:<\/strong> Instead of a rigid flat rate, we now charge exactly the postage that DHL charges for the total weight of your ordered fabrics (incl. cardboard 600g). Small orders remain cheap, larger orders are calculated fairly and automatically according to the official DHL rates. <\/li>\n\n\n\n<li><strong>Always the best rate:<\/strong> Our system weighs your order virtually in the background and automatically selects the appropriate package for your destination country.<\/li>\n\n\n\n<li><strong>Full transparency:<\/strong> You don&#8217;t have to calculate anything yourself. The exact shipping costs for your individual order are always displayed transparently in the shopping cart before you proceed to checkout. <\/li>\n<\/ul>\n\n<p><em>This regulation applies to all shipments within Germany as well as to worldwide shipping.<\/em><\/p>\n\n<p><\/p>\n","protected":false},"excerpt":{"rendered":"<p>Current information on the impact of national and international events on shipping Our flat rates for shipping and handling include shipping and packaging costs. Unless expressly requested otherwise, we ship with Deutsche Post \/ DHL.For weights over 10kg or bulky goods, we reserve the right to charge the actual costs. Other countries on request. DHL price list Important change from 31.03.2026: Fair, weight-based shipping costs In order to make shipping &#8230; <\/p>\n<p class=\"read-more-container\"><a title=\"Shipping costs\" class=\"read-more button\" href=\"https:\/\/tuchundstoff.shop\/en\/shipping-costs\/#more-8081\" aria-label=\"Read more about Shipping costs\">Weiterlesen<\/a><\/p>\n","protected":false},"author":1,"featured_media":0,"parent":0,"menu_order":0,"comment_status":"closed","ping_status":"closed","template":"","meta":{"ngg_post_thumbnail":0,"footnotes":""},"class_list":["post-8081","page","type-page","status-publish"],"yoast_head":"<!-- This site is optimized with the Yoast SEO plugin v27.2 - https:\/\/yoast.com\/product\/yoast-seo-wordpress\/ -->\n<title>Shipping costs - TuchundStoff<\/title>\n<meta name=\"robots\" content=\"index, follow, max-snippet:-1, max-image-preview:large, max-video-preview:-1\" \/>\n<link rel=\"canonical\" href=\"https:\/\/tuchundstoff.shop\/en\/shipping-costs\/\" \/>\n<meta property=\"og:locale\" content=\"en_US\" \/>\n<meta property=\"og:type\" content=\"article\" \/>\n<meta property=\"og:title\" content=\"Shipping costs - TuchundStoff\" \/>\n<meta property=\"og:description\" content=\"Current information on the impact of national and international events on shipping Our flat rates for shipping and handling include shipping and packaging costs. Unless expressly requested otherwise, we ship with Deutsche Post \/ DHL.For weights over 10kg or bulky goods, we reserve the right to charge the actual costs. Other countries on request. DHL price list Important change from 31.03.2026: Fair, weight-based shipping costs In order to make shipping ... Weiterlesen\" \/>\n<meta property=\"og:url\" content=\"https:\/\/tuchundstoff.shop\/en\/shipping-costs\/\" \/>\n<meta property=\"og:site_name\" content=\"TuchundStoff\" \/>\n<meta property=\"article:modified_time\" content=\"2026-04-21T22:16:56+00:00\" \/>\n<script type=\"application\/ld+json\" class=\"yoast-schema-graph\">{\"@context\":\"https:\/\/schema.org\",\"@graph\":[{\"@type\":\"WebPage\",\"@id\":\"https:\/\/tuchundstoff.shop\/en\/shipping-costs\/\",\"url\":\"https:\/\/tuchundstoff.shop\/en\/shipping-costs\/\",\"name\":\"Shipping costs - TuchundStoff\",\"isPartOf\":{\"@id\":\"https:\/\/tuchundstoff.shop\/#website\"},\"datePublished\":\"2019-04-08T13:40:38+00:00\",\"dateModified\":\"2026-04-21T22:16:56+00:00\",\"breadcrumb\":{\"@id\":\"https:\/\/tuchundstoff.shop\/en\/shipping-costs\/#breadcrumb\"},\"inLanguage\":\"en-US\",\"potentialAction\":[{\"@type\":\"ReadAction\",\"target\":[\"https:\/\/tuchundstoff.shop\/en\/shipping-costs\/\"]}]},{\"@type\":\"BreadcrumbList\",\"@id\":\"https:\/\/tuchundstoff.shop\/en\/shipping-costs\/#breadcrumb\",\"itemListElement\":[{\"@type\":\"ListItem\",\"position\":1,\"name\":\"Startseite\",\"item\":\"https:\/\/tuchundstoff.shop\/en\/\"},{\"@type\":\"ListItem\",\"position\":2,\"name\":\"Shipping costs\"}]},{\"@type\":\"WebSite\",\"@id\":\"https:\/\/tuchundstoff.shop\/#website\",\"url\":\"https:\/\/tuchundstoff.shop\/\",\"name\":\"TuchundStoff\",\"description\":\"Qualit\u00e4tsstoffe f\u00fcr zeitgen\u00f6ssische Mode und gelebte Geschichte \u2013 100% Natur\",\"publisher\":{\"@id\":\"https:\/\/tuchundstoff.shop\/#organization\"},\"potentialAction\":[{\"@type\":\"SearchAction\",\"target\":{\"@type\":\"EntryPoint\",\"urlTemplate\":\"https:\/\/tuchundstoff.shop\/?s={search_term_string}\"},\"query-input\":{\"@type\":\"PropertyValueSpecification\",\"valueRequired\":true,\"valueName\":\"search_term_string\"}}],\"inLanguage\":\"en-US\"},{\"@type\":\"Organization\",\"@id\":\"https:\/\/tuchundstoff.shop\/#organization\",\"name\":\"TuchundStoff\",\"url\":\"https:\/\/tuchundstoff.shop\/\",\"logo\":{\"@type\":\"ImageObject\",\"inLanguage\":\"en-US\",\"@id\":\"https:\/\/tuchundstoff.shop\/#\/schema\/logo\/image\/\",\"url\":\"https:\/\/tuchundstoff.shop\/wp-content\/uploads\/2021\/11\/Tus-Logo22-QfA-shop-V2-1.png\",\"contentUrl\":\"https:\/\/tuchundstoff.shop\/wp-content\/uploads\/2021\/11\/Tus-Logo22-QfA-shop-V2-1.png\",\"width\":485,\"height\":110,\"caption\":\"TuchundStoff\"},\"image\":{\"@id\":\"https:\/\/tuchundstoff.shop\/#\/schema\/logo\/image\/\"}}]}<\/script>\n<!-- \/ Yoast SEO plugin. -->","yoast_head_json":{"title":"Shipping costs - TuchundStoff","robots":{"index":"index","follow":"follow","max-snippet":"max-snippet:-1","max-image-preview":"max-image-preview:large","max-video-preview":"max-video-preview:-1"},"canonical":"https:\/\/tuchundstoff.shop\/en\/shipping-costs\/","og_locale":"en_US","og_type":"article","og_title":"Shipping costs - TuchundStoff","og_description":"Current information on the impact of national and international events on shipping Our flat rates for shipping and handling include shipping and packaging costs. Unless expressly requested otherwise, we ship with Deutsche Post \/ DHL.For weights over 10kg or bulky goods, we reserve the right to charge the actual costs. Other countries on request. DHL price list Important change from 31.03.2026: Fair, weight-based shipping costs In order to make shipping ... Weiterlesen","og_url":"https:\/\/tuchundstoff.shop\/en\/shipping-costs\/","og_site_name":"TuchundStoff","article_modified_time":"2026-04-21T22:16:56+00:00","schema":{"@context":"https:\/\/schema.org","@graph":[{"@type":"WebPage","@id":"https:\/\/tuchundstoff.shop\/en\/shipping-costs\/","url":"https:\/\/tuchundstoff.shop\/en\/shipping-costs\/","name":"Shipping costs - TuchundStoff","isPartOf":{"@id":"https:\/\/tuchundstoff.shop\/#website"},"datePublished":"2019-04-08T13:40:38+00:00","dateModified":"2026-04-21T22:16:56+00:00","breadcrumb":{"@id":"https:\/\/tuchundstoff.shop\/en\/shipping-costs\/#breadcrumb"},"inLanguage":"en-US","potentialAction":[{"@type":"ReadAction","target":["https:\/\/tuchundstoff.shop\/en\/shipping-costs\/"]}]},{"@type":"BreadcrumbList","@id":"https:\/\/tuchundstoff.shop\/en\/shipping-costs\/#breadcrumb","itemListElement":[{"@type":"ListItem","position":1,"name":"Startseite","item":"https:\/\/tuchundstoff.shop\/en\/"},{"@type":"ListItem","position":2,"name":"Shipping costs"}]},{"@type":"WebSite","@id":"https:\/\/tuchundstoff.shop\/#website","url":"https:\/\/tuchundstoff.shop\/","name":"TuchundStoff","description":"Qualit\u00e4tsstoffe f\u00fcr zeitgen\u00f6ssische Mode und gelebte Geschichte \u2013 100% Natur","publisher":{"@id":"https:\/\/tuchundstoff.shop\/#organization"},"potentialAction":[{"@type":"SearchAction","target":{"@type":"EntryPoint","urlTemplate":"https:\/\/tuchundstoff.shop\/?s={search_term_string}"},"query-input":{"@type":"PropertyValueSpecification","valueRequired":true,"valueName":"search_term_string"}}],"inLanguage":"en-US"},{"@type":"Organization","@id":"https:\/\/tuchundstoff.shop\/#organization","name":"TuchundStoff","url":"https:\/\/tuchundstoff.shop\/","logo":{"@type":"ImageObject","inLanguage":"en-US","@id":"https:\/\/tuchundstoff.shop\/#\/schema\/logo\/image\/","url":"https:\/\/tuchundstoff.shop\/wp-content\/uploads\/2021\/11\/Tus-Logo22-QfA-shop-V2-1.png","contentUrl":"https:\/\/tuchundstoff.shop\/wp-content\/uploads\/2021\/11\/Tus-Logo22-QfA-shop-V2-1.png","width":485,"height":110,"caption":"TuchundStoff"},"image":{"@id":"https:\/\/tuchundstoff.shop\/#\/schema\/logo\/image\/"}}]}},"_links":{"self":[{"href":"https:\/\/tuchundstoff.shop\/en\/wp-json\/wp\/v2\/pages\/8081","targetHints":{"allow":["GET"]}}],"collection":[{"href":"https:\/\/tuchundstoff.shop\/en\/wp-json\/wp\/v2\/pages"}],"about":[{"href":"https:\/\/tuchundstoff.shop\/en\/wp-json\/wp\/v2\/types\/page"}],"author":[{"embeddable":true,"href":"https:\/\/tuchundstoff.shop\/en\/wp-json\/wp\/v2\/users\/1"}],"replies":[{"embeddable":true,"href":"https:\/\/tuchundstoff.shop\/en\/wp-json\/wp\/v2\/comments?post=8081"}],"version-history":[{"count":3,"href":"https:\/\/tuchundstoff.shop\/en\/wp-json\/wp\/v2\/pages\/8081\/revisions"}],"predecessor-version":[{"id":19109,"href":"https:\/\/tuchundstoff.shop\/en\/wp-json\/wp\/v2\/pages\/8081\/revisions\/19109"}],"wp:attachment":[{"href":"https:\/\/tuchundstoff.shop\/en\/wp-json\/wp\/v2\/media?parent=8081"}],"curies":[{"name":"wp","href":"https:\/\/api.w.org\/{rel}","templated":true}]}}