{"id":6637,"date":"2018-11-27T16:51:00","date_gmt":"2018-11-27T15:51:00","guid":{"rendered":"https:\/\/tuchundstoff.de\/information\/literature-tips\/"},"modified":"2025-03-23T10:53:11","modified_gmt":"2025-03-23T09:53:11","slug":"literature-tips","status":"publish","type":"page","link":"https:\/\/tuchundstoff.shop\/en\/literature-tips\/","title":{"rendered":"Literature tips"},"content":{"rendered":"\n<p>Tailoring a historical garment is not that difficult! Simple patterns to get you started are available from Burda, for example. You can find books with detailed information about the garments of your chosen class in your era and region in this list. You can order them in any good local bookshop (it doesn&#8217;t have to be the big internet retailer! )<\/p>\n\n\n\n<h2 class=\"wp-block-heading\">German<\/h2>\n\n\n\n<p>Bunte Tuche &#8211; glei\u00dfendes Metall: Fr\u00fche Kelten der Hallstattzeit by Heuneburg Museum (publisher)<\/p>\n\n\n\n<p>Making your own medieval clothing &#8211; Viking garments by Carola Adler<\/p>\n\n\n\n<p>Making your own medieval clothing &#8211; basic outfits for men by Zerkowski\/Fuhrmann<\/p>\n\n\n\n<p>Making your own medieval clothing &#8211; basic outfits for women by Zerkowski\/Fuhrmann<\/p>\n\n\n\n<p>Making your own medieval clothing &#8211; headgear for men and women by Susanne Leuner<\/p>\n\n\n\n<p>Clothing in the Middle Ages: Materials &#8211; Construction &#8211; Sewing Technique by Katrin Kania<\/p>\n\n\n\n<p>Early and High Gothic clothing and weapons 1150 &#8211; 1320 by Ulrich Lehnart<\/p>\n\n\n\n<p>Late Gothic clothing and weapons: 1370-1420 by Ulrich Lehnart<\/p>\n\n\n\n<h2 class=\"wp-block-heading\">English<\/h2>\n\n\n\n<p>Medieval Garments Reconstructed by Else \u00d8sterg\u00e5rd<\/p>\n\n\n\n<p>Textiles and Clothing 1150-1450 by Elisabeth Crowfoot u.a.<\/p>\n\n\n\n<p>The Medieval Tailor\u2019s Assistant: Common Garments 1100-1480 by&nbsp;Sarah Thursfield<\/p>\n\n\n\n<p>Viking: Dress Clothing Garment by Nille Glaesel<\/p>\n\n\n\n<p>Woven into the Earth by Else \u00d8sterg\u00e5rd<\/p>\n\n\n\n<p>Patterns for Theatrical Costumes:&nbsp;Garments: Trims, and Accessories from Ancient Egypt to 1915<br>by&nbsp;Katherine Strand Holkeboer,&nbsp;Katherine Strand-Evans<\/p>\n\n\n\n<div style=\"height:100px\" aria-hidden=\"true\" class=\"wp-block-spacer\"><\/div>\n\n\n\n<p><strong>Unterst\u00fctzt den lokalen Buchhandel:&nbsp;<\/strong><a href=\"https:\/\/www.buchhandlung-finden.de\/\" target=\"_blank\" rel=\"noreferrer noopener\"><strong>Buchhandlung finden<\/strong><\/a><\/p>\n\n\n\n<p>We look forward to further recommendations!<\/p>\n\n\n\n<p>We look forward to further recommendations!<\/p>\n","protected":false},"excerpt":{"rendered":"<p>Tailoring a historical garment is not that difficult! Simple patterns to get you started are available from Burda, for example. You can find books with detailed information about the garments of your chosen class in your era and region in this list. You can order them in any good local bookshop (it doesn&#8217;t have to be the big internet retailer! ) German Bunte Tuche &#8211; glei\u00dfendes Metall: Fr\u00fche Kelten der &#8230; <\/p>\n<p class=\"read-more-container\"><a title=\"Literature tips\" class=\"read-more button\" href=\"https:\/\/tuchundstoff.shop\/en\/literature-tips\/#more-6637\" aria-label=\"Read more about Literature tips\">Weiterlesen<\/a><\/p>\n","protected":false},"author":1,"featured_media":6640,"parent":0,"menu_order":3,"comment_status":"open","ping_status":"closed","template":"","meta":{"ngg_post_thumbnail":0,"footnotes":""},"class_list":{"0":"post-6637","1":"page","2":"type-page","3":"status-publish","4":"has-post-thumbnail","6":"resize-featured-image"},"yoast_head":"<!-- This site is optimized with the Yoast SEO plugin v27.2 - https:\/\/yoast.com\/product\/yoast-seo-wordpress\/ -->\n<title>Literature tips - TuchundStoff<\/title>\n<meta name=\"robots\" content=\"index, follow, max-snippet:-1, max-image-preview:large, max-video-preview:-1\" \/>\n<link rel=\"canonical\" href=\"https:\/\/tuchundstoff.shop\/en\/literature-tips\/\" \/>\n<meta property=\"og:locale\" content=\"en_US\" \/>\n<meta property=\"og:type\" content=\"article\" \/>\n<meta property=\"og:title\" content=\"Literature tips - TuchundStoff\" \/>\n<meta property=\"og:description\" content=\"Tailoring a historical garment is not that difficult! Simple patterns to get you started are available from Burda, for example. You can find books with detailed information about the garments of your chosen class in your era and region in this list. You can order them in any good local bookshop (it doesn&#8217;t have to be the big internet retailer! ) German Bunte Tuche &#8211; glei\u00dfendes Metall: Fr\u00fche Kelten der ... Weiterlesen\" \/>\n<meta property=\"og:url\" content=\"https:\/\/tuchundstoff.shop\/en\/literature-tips\/\" \/>\n<meta property=\"og:site_name\" content=\"TuchundStoff\" \/>\n<meta property=\"article:modified_time\" content=\"2025-03-23T09:53:11+00:00\" \/>\n<meta property=\"og:image\" content=\"https:\/\/tuchundstoff.shop\/wp-content\/uploads\/2019\/12\/Literaturtipps-scaled-e1576749312738.jpg\" \/>\n\t<meta property=\"og:image:width\" content=\"1200\" \/>\n\t<meta property=\"og:image:height\" content=\"900\" \/>\n\t<meta property=\"og:image:type\" content=\"image\/jpeg\" \/>\n<script type=\"application\/ld+json\" class=\"yoast-schema-graph\">{\"@context\":\"https:\/\/schema.org\",\"@graph\":[{\"@type\":\"WebPage\",\"@id\":\"https:\/\/tuchundstoff.shop\/en\/literature-tips\/\",\"url\":\"https:\/\/tuchundstoff.shop\/en\/literature-tips\/\",\"name\":\"Literature tips - TuchundStoff\",\"isPartOf\":{\"@id\":\"https:\/\/tuchundstoff.shop\/#website\"},\"primaryImageOfPage\":{\"@id\":\"https:\/\/tuchundstoff.shop\/en\/literature-tips\/#primaryimage\"},\"image\":{\"@id\":\"https:\/\/tuchundstoff.shop\/en\/literature-tips\/#primaryimage\"},\"thumbnailUrl\":\"https:\/\/tuchundstoff.shop\/wp-content\/uploads\/2019\/12\/Literaturtipps-scaled-e1576749312738.jpg\",\"datePublished\":\"2018-11-27T15:51:00+00:00\",\"dateModified\":\"2025-03-23T09:53:11+00:00\",\"breadcrumb\":{\"@id\":\"https:\/\/tuchundstoff.shop\/en\/literature-tips\/#breadcrumb\"},\"inLanguage\":\"en-US\",\"potentialAction\":[{\"@type\":\"ReadAction\",\"target\":[\"https:\/\/tuchundstoff.shop\/en\/literature-tips\/\"]}]},{\"@type\":\"ImageObject\",\"inLanguage\":\"en-US\",\"@id\":\"https:\/\/tuchundstoff.shop\/en\/literature-tips\/#primaryimage\",\"url\":\"https:\/\/tuchundstoff.shop\/wp-content\/uploads\/2019\/12\/Literaturtipps-scaled-e1576749312738.jpg\",\"contentUrl\":\"https:\/\/tuchundstoff.shop\/wp-content\/uploads\/2019\/12\/Literaturtipps-scaled-e1576749312738.jpg\",\"width\":1200,\"height\":900},{\"@type\":\"BreadcrumbList\",\"@id\":\"https:\/\/tuchundstoff.shop\/en\/literature-tips\/#breadcrumb\",\"itemListElement\":[{\"@type\":\"ListItem\",\"position\":1,\"name\":\"Startseite\",\"item\":\"https:\/\/tuchundstoff.shop\/en\/\"},{\"@type\":\"ListItem\",\"position\":2,\"name\":\"Literature tips\"}]},{\"@type\":\"WebSite\",\"@id\":\"https:\/\/tuchundstoff.shop\/#website\",\"url\":\"https:\/\/tuchundstoff.shop\/\",\"name\":\"TuchundStoff\",\"description\":\"Qualit\u00e4tsstoffe f\u00fcr zeitgen\u00f6ssische Mode und gelebte Geschichte \u2013 100% Natur\",\"publisher\":{\"@id\":\"https:\/\/tuchundstoff.shop\/#organization\"},\"potentialAction\":[{\"@type\":\"SearchAction\",\"target\":{\"@type\":\"EntryPoint\",\"urlTemplate\":\"https:\/\/tuchundstoff.shop\/?s={search_term_string}\"},\"query-input\":{\"@type\":\"PropertyValueSpecification\",\"valueRequired\":true,\"valueName\":\"search_term_string\"}}],\"inLanguage\":\"en-US\"},{\"@type\":\"Organization\",\"@id\":\"https:\/\/tuchundstoff.shop\/#organization\",\"name\":\"TuchundStoff\",\"url\":\"https:\/\/tuchundstoff.shop\/\",\"logo\":{\"@type\":\"ImageObject\",\"inLanguage\":\"en-US\",\"@id\":\"https:\/\/tuchundstoff.shop\/#\/schema\/logo\/image\/\",\"url\":\"https:\/\/tuchundstoff.shop\/wp-content\/uploads\/2021\/11\/Tus-Logo22-QfA-shop-V2-1.png\",\"contentUrl\":\"https:\/\/tuchundstoff.shop\/wp-content\/uploads\/2021\/11\/Tus-Logo22-QfA-shop-V2-1.png\",\"width\":485,\"height\":110,\"caption\":\"TuchundStoff\"},\"image\":{\"@id\":\"https:\/\/tuchundstoff.shop\/#\/schema\/logo\/image\/\"}}]}<\/script>\n<!-- \/ Yoast SEO plugin. -->","yoast_head_json":{"title":"Literature tips - TuchundStoff","robots":{"index":"index","follow":"follow","max-snippet":"max-snippet:-1","max-image-preview":"max-image-preview:large","max-video-preview":"max-video-preview:-1"},"canonical":"https:\/\/tuchundstoff.shop\/en\/literature-tips\/","og_locale":"en_US","og_type":"article","og_title":"Literature tips - TuchundStoff","og_description":"Tailoring a historical garment is not that difficult! Simple patterns to get you started are available from Burda, for example. You can find books with detailed information about the garments of your chosen class in your era and region in this list. You can order them in any good local bookshop (it doesn&#8217;t have to be the big internet retailer! ) German Bunte Tuche &#8211; glei\u00dfendes Metall: Fr\u00fche Kelten der ... Weiterlesen","og_url":"https:\/\/tuchundstoff.shop\/en\/literature-tips\/","og_site_name":"TuchundStoff","article_modified_time":"2025-03-23T09:53:11+00:00","og_image":[{"width":1200,"height":900,"url":"https:\/\/tuchundstoff.shop\/wp-content\/uploads\/2019\/12\/Literaturtipps-scaled-e1576749312738.jpg","type":"image\/jpeg"}],"schema":{"@context":"https:\/\/schema.org","@graph":[{"@type":"WebPage","@id":"https:\/\/tuchundstoff.shop\/en\/literature-tips\/","url":"https:\/\/tuchundstoff.shop\/en\/literature-tips\/","name":"Literature tips - TuchundStoff","isPartOf":{"@id":"https:\/\/tuchundstoff.shop\/#website"},"primaryImageOfPage":{"@id":"https:\/\/tuchundstoff.shop\/en\/literature-tips\/#primaryimage"},"image":{"@id":"https:\/\/tuchundstoff.shop\/en\/literature-tips\/#primaryimage"},"thumbnailUrl":"https:\/\/tuchundstoff.shop\/wp-content\/uploads\/2019\/12\/Literaturtipps-scaled-e1576749312738.jpg","datePublished":"2018-11-27T15:51:00+00:00","dateModified":"2025-03-23T09:53:11+00:00","breadcrumb":{"@id":"https:\/\/tuchundstoff.shop\/en\/literature-tips\/#breadcrumb"},"inLanguage":"en-US","potentialAction":[{"@type":"ReadAction","target":["https:\/\/tuchundstoff.shop\/en\/literature-tips\/"]}]},{"@type":"ImageObject","inLanguage":"en-US","@id":"https:\/\/tuchundstoff.shop\/en\/literature-tips\/#primaryimage","url":"https:\/\/tuchundstoff.shop\/wp-content\/uploads\/2019\/12\/Literaturtipps-scaled-e1576749312738.jpg","contentUrl":"https:\/\/tuchundstoff.shop\/wp-content\/uploads\/2019\/12\/Literaturtipps-scaled-e1576749312738.jpg","width":1200,"height":900},{"@type":"BreadcrumbList","@id":"https:\/\/tuchundstoff.shop\/en\/literature-tips\/#breadcrumb","itemListElement":[{"@type":"ListItem","position":1,"name":"Startseite","item":"https:\/\/tuchundstoff.shop\/en\/"},{"@type":"ListItem","position":2,"name":"Literature tips"}]},{"@type":"WebSite","@id":"https:\/\/tuchundstoff.shop\/#website","url":"https:\/\/tuchundstoff.shop\/","name":"TuchundStoff","description":"Qualit\u00e4tsstoffe f\u00fcr zeitgen\u00f6ssische Mode und gelebte Geschichte \u2013 100% Natur","publisher":{"@id":"https:\/\/tuchundstoff.shop\/#organization"},"potentialAction":[{"@type":"SearchAction","target":{"@type":"EntryPoint","urlTemplate":"https:\/\/tuchundstoff.shop\/?s={search_term_string}"},"query-input":{"@type":"PropertyValueSpecification","valueRequired":true,"valueName":"search_term_string"}}],"inLanguage":"en-US"},{"@type":"Organization","@id":"https:\/\/tuchundstoff.shop\/#organization","name":"TuchundStoff","url":"https:\/\/tuchundstoff.shop\/","logo":{"@type":"ImageObject","inLanguage":"en-US","@id":"https:\/\/tuchundstoff.shop\/#\/schema\/logo\/image\/","url":"https:\/\/tuchundstoff.shop\/wp-content\/uploads\/2021\/11\/Tus-Logo22-QfA-shop-V2-1.png","contentUrl":"https:\/\/tuchundstoff.shop\/wp-content\/uploads\/2021\/11\/Tus-Logo22-QfA-shop-V2-1.png","width":485,"height":110,"caption":"TuchundStoff"},"image":{"@id":"https:\/\/tuchundstoff.shop\/#\/schema\/logo\/image\/"}}]}},"_links":{"self":[{"href":"https:\/\/tuchundstoff.shop\/en\/wp-json\/wp\/v2\/pages\/6637","targetHints":{"allow":["GET"]}}],"collection":[{"href":"https:\/\/tuchundstoff.shop\/en\/wp-json\/wp\/v2\/pages"}],"about":[{"href":"https:\/\/tuchundstoff.shop\/en\/wp-json\/wp\/v2\/types\/page"}],"author":[{"embeddable":true,"href":"https:\/\/tuchundstoff.shop\/en\/wp-json\/wp\/v2\/users\/1"}],"replies":[{"embeddable":true,"href":"https:\/\/tuchundstoff.shop\/en\/wp-json\/wp\/v2\/comments?post=6637"}],"version-history":[{"count":0,"href":"https:\/\/tuchundstoff.shop\/en\/wp-json\/wp\/v2\/pages\/6637\/revisions"}],"wp:featuredmedia":[{"embeddable":true,"href":"https:\/\/tuchundstoff.shop\/en\/wp-json\/wp\/v2\/media\/6640"}],"wp:attachment":[{"href":"https:\/\/tuchundstoff.shop\/en\/wp-json\/wp\/v2\/media?parent=6637"}],"curies":[{"name":"wp","href":"https:\/\/api.w.org\/{rel}","templated":true}]}}