{"id":6592,"date":"2018-04-04T15:06:37","date_gmt":"2018-04-04T13:06:37","guid":{"rendered":"https:\/\/tuchundstoff.de\/news-2\/for-event-organizers\/"},"modified":"2025-03-22T21:05:37","modified_gmt":"2025-03-22T20:05:37","slug":"for-event-organizers","status":"publish","type":"page","link":"https:\/\/tuchundstoff.shop\/en\/about-us\/for-event-organizers\/","title":{"rendered":"For Event Organizers"},"content":{"rendered":"\n<h2 class=\"wp-block-heading\">As professionals, we welcome invitations to events all over Europe!<\/h2>\n\n\n\n<p>The chances of finding a date in our tour calendar increase with the number of visitors from our main target group: historically robed, larpers or reenactors who have an advanced claim to their representation.<\/p>\n\n\n\n<p><strong>Our range of goods<br>cloth<\/strong>and fabric for robe, costume and uniform made of pure natural fibers in the best quality at affordable prices.<\/p>\n\n\n\n<p><strong>Stand<\/strong><br>We&#8217;d rather be near the camp than near the stage. The place must be accessible directly with a transporter and must not be near a blacksmith or the like because of the soot. Since linen fades easily, we prefer stands mostly away from the sun.<\/p>\n\n\n\n<p><strong>Electricity \/ water<br><\/strong>Electricity is nice to have, but not a must. We don&#8217;t need a water connection.<\/p>\n\n\n\n<p><strong>Area<br><\/strong>We have various, free-standing stands that we use to suit the event:<\/p>\n\n\n\n<p><strong>Our medieval tent<\/strong> stand (picture above) <strong>needs a<\/strong> <strong>total of&nbsp; <\/strong> <strong>8m x 3m&nbsp; <\/strong> (WxD) = 24sqm area.<br>The tent measures 6m x 3m x 3.5m (WxDxH) incl. Bracing. There is also an action table measuring 2m x 3m. The stand is open at the front by default, so if another side can be opened all the better. The surface does not matter, it should only be as flat as possible.<\/p>\n\n\n\n<p><strong>Our Viking tent stand<\/strong> (picture below) <strong>measures 4m x 4m x 2.5m<\/strong> including bracing, i.e. 16sqm. This stand needs a surface into which pegs can be hammered.<\/p>\n\n\n\n<figure class=\"wp-block-image alignnone wp-image-6598 size-full\"><img loading=\"lazy\" decoding=\"async\" width=\"599\" height=\"449\" src=\"https:\/\/tuchundstoff.shop\/wp-content\/uploads\/2019\/10\/IMG_5432.jpg\" alt=\"\" class=\"wp-image-6598\" srcset=\"https:\/\/tuchundstoff.shop\/wp-content\/uploads\/2019\/10\/IMG_5432.jpg 599w, https:\/\/tuchundstoff.shop\/wp-content\/uploads\/2019\/10\/IMG_5432-240x180.jpg 240w, https:\/\/tuchundstoff.shop\/wp-content\/uploads\/2019\/10\/IMG_5432-416x312.jpg 416w\" sizes=\"auto, (max-width: 599px) 100vw, 599px\" \/><figcaption class=\"wp-element-caption\">Viking Stand<\/figcaption><\/figure>\n\n\n\n<p><strong><br><\/strong> Our exhibition stand is ideally a bright stand with daylight, 7 x 3 m<\/p>\n\n\n<div class=\"wp-block-image wp-image-10124 size-full\">\n<figure class=\"alignleft\"><img loading=\"lazy\" decoding=\"async\" width=\"600\" height=\"450\" src=\"https:\/\/tuchundstoff.shop\/wp-content\/uploads\/2021\/12\/Messestand_7x3m.jpg\" alt=\"\" class=\"wp-image-10124\" srcset=\"https:\/\/tuchundstoff.shop\/wp-content\/uploads\/2021\/12\/Messestand_7x3m.jpg 600w, https:\/\/tuchundstoff.shop\/wp-content\/uploads\/2021\/12\/Messestand_7x3m-240x180.jpg 240w, https:\/\/tuchundstoff.shop\/wp-content\/uploads\/2021\/12\/Messestand_7x3m-416x312.jpg 416w\" sizes=\"auto, (max-width: 600px) 100vw, 600px\" \/><figcaption class=\"wp-element-caption\">TuchundStoff exhibition stand 7x3m<\/figcaption><\/figure>\n<\/div>\n\n\n<p>&nbsp;<\/p>\n\n\n\n<p>&nbsp;<\/p>\n\n\n\n<p>&nbsp;<\/p>\n\n\n\n<p>&nbsp;<\/p>\n\n\n\n<p>&nbsp;<\/p>\n\n\n\n<p>&nbsp;<\/p>\n\n\n\n<p>&nbsp;<\/p>\n\n\n\n<p>&nbsp;<\/p>\n\n\n\n<p>&nbsp;<\/p>\n\n\n\n<p>&nbsp;<\/p>\n\n\n\n<figure class=\"wp-block-image alignnone wp-image-2163 size-medium\"><img loading=\"lazy\" decoding=\"async\" width=\"400\" height=\"300\" src=\"https:\/\/tuchundstoff.de\/wp-content\/uploads\/2018\/04\/Gesucht-400x300.jpg\" alt=\"\" class=\"wp-image-6604\" srcset=\"https:\/\/tuchundstoff.shop\/wp-content\/uploads\/2018\/04\/Gesucht.jpg 400w, https:\/\/tuchundstoff.shop\/wp-content\/uploads\/2018\/04\/Gesucht-150x113.jpg 150w\" sizes=\"auto, (max-width: 400px) 100vw, 400px\" \/><figcaption class=\"wp-element-caption\">Historical flat loom<\/figcaption><\/figure>\n\n\n\n<p><strong>We can demonstrate the handicraft of<\/strong> the cloth weaver on true-to-original medieval looms if requested by the organizer. This requires&nbsp; Approx. 2 x 2 meters of additional space.<\/p>\n","protected":false},"excerpt":{"rendered":"<p>As professionals, we welcome invitations to events all over Europe! The chances of finding a date in our tour calendar increase with the number of visitors from our main target group: historically robed, larpers or reenactors who have an advanced claim to their representation. Our range of goodsclothand fabric for robe, costume and uniform made of pure natural fibers in the best quality at affordable prices. StandWe&#8217;d rather be near &#8230; <\/p>\n<p class=\"read-more-container\"><a title=\"For Event Organizers\" class=\"read-more button\" href=\"https:\/\/tuchundstoff.shop\/en\/about-us\/for-event-organizers\/#more-6592\" aria-label=\"Read more about For Event Organizers\">Weiterlesen<\/a><\/p>\n","protected":false},"author":1,"featured_media":10127,"parent":6223,"menu_order":1,"comment_status":"closed","ping_status":"closed","template":"","meta":{"ngg_post_thumbnail":0,"footnotes":""},"class_list":{"0":"post-6592","1":"page","2":"type-page","3":"status-publish","4":"has-post-thumbnail","6":"resize-featured-image"},"yoast_head":"<!-- This site is optimized with the Yoast SEO plugin v27.2 - https:\/\/yoast.com\/product\/yoast-seo-wordpress\/ -->\n<title>For Event Organizers - TuchundStoff<\/title>\n<meta name=\"robots\" content=\"index, follow, max-snippet:-1, max-image-preview:large, max-video-preview:-1\" \/>\n<link rel=\"canonical\" href=\"https:\/\/tuchundstoff.shop\/en\/about-us\/for-event-organizers\/\" \/>\n<meta property=\"og:locale\" content=\"en_US\" \/>\n<meta property=\"og:type\" content=\"article\" \/>\n<meta property=\"og:title\" content=\"For Event Organizers - TuchundStoff\" \/>\n<meta property=\"og:description\" content=\"As professionals, we welcome invitations to events all over Europe! The chances of finding a date in our tour calendar increase with the number of visitors from our main target group: historically robed, larpers or reenactors who have an advanced claim to their representation. Our range of goodsclothand fabric for robe, costume and uniform made of pure natural fibers in the best quality at affordable prices. StandWe&#8217;d rather be near ... Weiterlesen\" \/>\n<meta property=\"og:url\" content=\"https:\/\/tuchundstoff.shop\/en\/about-us\/for-event-organizers\/\" \/>\n<meta property=\"og:site_name\" content=\"TuchundStoff\" \/>\n<meta property=\"article:modified_time\" content=\"2025-03-22T20:05:37+00:00\" \/>\n<meta property=\"og:image\" content=\"https:\/\/tuchundstoff.shop\/wp-content\/uploads\/2021\/12\/hm2-scaled-e1638367583209.jpg\" \/>\n\t<meta property=\"og:image:width\" content=\"600\" \/>\n\t<meta property=\"og:image:height\" content=\"600\" \/>\n\t<meta property=\"og:image:type\" content=\"image\/jpeg\" \/>\n<script type=\"application\/ld+json\" class=\"yoast-schema-graph\">{\"@context\":\"https:\/\/schema.org\",\"@graph\":[{\"@type\":\"WebPage\",\"@id\":\"https:\/\/tuchundstoff.shop\/en\/about-us\/for-event-organizers\/\",\"url\":\"https:\/\/tuchundstoff.shop\/en\/about-us\/for-event-organizers\/\",\"name\":\"For Event Organizers - TuchundStoff\",\"isPartOf\":{\"@id\":\"https:\/\/tuchundstoff.shop\/#website\"},\"primaryImageOfPage\":{\"@id\":\"https:\/\/tuchundstoff.shop\/en\/about-us\/for-event-organizers\/#primaryimage\"},\"image\":{\"@id\":\"https:\/\/tuchundstoff.shop\/en\/about-us\/for-event-organizers\/#primaryimage\"},\"thumbnailUrl\":\"https:\/\/tuchundstoff.shop\/wp-content\/uploads\/2021\/12\/hm2-scaled-e1638367583209.jpg\",\"datePublished\":\"2018-04-04T13:06:37+00:00\",\"dateModified\":\"2025-03-22T20:05:37+00:00\",\"breadcrumb\":{\"@id\":\"https:\/\/tuchundstoff.shop\/en\/about-us\/for-event-organizers\/#breadcrumb\"},\"inLanguage\":\"en-US\",\"potentialAction\":[{\"@type\":\"ReadAction\",\"target\":[\"https:\/\/tuchundstoff.shop\/en\/about-us\/for-event-organizers\/\"]}]},{\"@type\":\"ImageObject\",\"inLanguage\":\"en-US\",\"@id\":\"https:\/\/tuchundstoff.shop\/en\/about-us\/for-event-organizers\/#primaryimage\",\"url\":\"https:\/\/tuchundstoff.shop\/wp-content\/uploads\/2021\/12\/hm2-scaled-e1638367583209.jpg\",\"contentUrl\":\"https:\/\/tuchundstoff.shop\/wp-content\/uploads\/2021\/12\/hm2-scaled-e1638367583209.jpg\",\"width\":600,\"height\":600,\"caption\":\"TuchundStoff Sales tent\"},{\"@type\":\"BreadcrumbList\",\"@id\":\"https:\/\/tuchundstoff.shop\/en\/about-us\/for-event-organizers\/#breadcrumb\",\"itemListElement\":[{\"@type\":\"ListItem\",\"position\":1,\"name\":\"Startseite\",\"item\":\"https:\/\/tuchundstoff.shop\/en\/\"},{\"@type\":\"ListItem\",\"position\":2,\"name\":\"About us\",\"item\":\"https:\/\/tuchundstoff.shop\/en\/about-us\/\"},{\"@type\":\"ListItem\",\"position\":3,\"name\":\"For Event Organizers\"}]},{\"@type\":\"WebSite\",\"@id\":\"https:\/\/tuchundstoff.shop\/#website\",\"url\":\"https:\/\/tuchundstoff.shop\/\",\"name\":\"TuchundStoff\",\"description\":\"Qualit\u00e4tsstoffe f\u00fcr zeitgen\u00f6ssische Mode und gelebte Geschichte \u2013 100% Natur\",\"publisher\":{\"@id\":\"https:\/\/tuchundstoff.shop\/#organization\"},\"potentialAction\":[{\"@type\":\"SearchAction\",\"target\":{\"@type\":\"EntryPoint\",\"urlTemplate\":\"https:\/\/tuchundstoff.shop\/?s={search_term_string}\"},\"query-input\":{\"@type\":\"PropertyValueSpecification\",\"valueRequired\":true,\"valueName\":\"search_term_string\"}}],\"inLanguage\":\"en-US\"},{\"@type\":\"Organization\",\"@id\":\"https:\/\/tuchundstoff.shop\/#organization\",\"name\":\"TuchundStoff\",\"url\":\"https:\/\/tuchundstoff.shop\/\",\"logo\":{\"@type\":\"ImageObject\",\"inLanguage\":\"en-US\",\"@id\":\"https:\/\/tuchundstoff.shop\/#\/schema\/logo\/image\/\",\"url\":\"https:\/\/tuchundstoff.shop\/wp-content\/uploads\/2021\/11\/Tus-Logo22-QfA-shop-V2-1.png\",\"contentUrl\":\"https:\/\/tuchundstoff.shop\/wp-content\/uploads\/2021\/11\/Tus-Logo22-QfA-shop-V2-1.png\",\"width\":485,\"height\":110,\"caption\":\"TuchundStoff\"},\"image\":{\"@id\":\"https:\/\/tuchundstoff.shop\/#\/schema\/logo\/image\/\"}}]}<\/script>\n<!-- \/ Yoast SEO plugin. -->","yoast_head_json":{"title":"For Event Organizers - TuchundStoff","robots":{"index":"index","follow":"follow","max-snippet":"max-snippet:-1","max-image-preview":"max-image-preview:large","max-video-preview":"max-video-preview:-1"},"canonical":"https:\/\/tuchundstoff.shop\/en\/about-us\/for-event-organizers\/","og_locale":"en_US","og_type":"article","og_title":"For Event Organizers - TuchundStoff","og_description":"As professionals, we welcome invitations to events all over Europe! The chances of finding a date in our tour calendar increase with the number of visitors from our main target group: historically robed, larpers or reenactors who have an advanced claim to their representation. Our range of goodsclothand fabric for robe, costume and uniform made of pure natural fibers in the best quality at affordable prices. StandWe&#8217;d rather be near ... Weiterlesen","og_url":"https:\/\/tuchundstoff.shop\/en\/about-us\/for-event-organizers\/","og_site_name":"TuchundStoff","article_modified_time":"2025-03-22T20:05:37+00:00","og_image":[{"width":600,"height":600,"url":"https:\/\/tuchundstoff.shop\/wp-content\/uploads\/2021\/12\/hm2-scaled-e1638367583209.jpg","type":"image\/jpeg"}],"schema":{"@context":"https:\/\/schema.org","@graph":[{"@type":"WebPage","@id":"https:\/\/tuchundstoff.shop\/en\/about-us\/for-event-organizers\/","url":"https:\/\/tuchundstoff.shop\/en\/about-us\/for-event-organizers\/","name":"For Event Organizers - TuchundStoff","isPartOf":{"@id":"https:\/\/tuchundstoff.shop\/#website"},"primaryImageOfPage":{"@id":"https:\/\/tuchundstoff.shop\/en\/about-us\/for-event-organizers\/#primaryimage"},"image":{"@id":"https:\/\/tuchundstoff.shop\/en\/about-us\/for-event-organizers\/#primaryimage"},"thumbnailUrl":"https:\/\/tuchundstoff.shop\/wp-content\/uploads\/2021\/12\/hm2-scaled-e1638367583209.jpg","datePublished":"2018-04-04T13:06:37+00:00","dateModified":"2025-03-22T20:05:37+00:00","breadcrumb":{"@id":"https:\/\/tuchundstoff.shop\/en\/about-us\/for-event-organizers\/#breadcrumb"},"inLanguage":"en-US","potentialAction":[{"@type":"ReadAction","target":["https:\/\/tuchundstoff.shop\/en\/about-us\/for-event-organizers\/"]}]},{"@type":"ImageObject","inLanguage":"en-US","@id":"https:\/\/tuchundstoff.shop\/en\/about-us\/for-event-organizers\/#primaryimage","url":"https:\/\/tuchundstoff.shop\/wp-content\/uploads\/2021\/12\/hm2-scaled-e1638367583209.jpg","contentUrl":"https:\/\/tuchundstoff.shop\/wp-content\/uploads\/2021\/12\/hm2-scaled-e1638367583209.jpg","width":600,"height":600,"caption":"TuchundStoff Sales tent"},{"@type":"BreadcrumbList","@id":"https:\/\/tuchundstoff.shop\/en\/about-us\/for-event-organizers\/#breadcrumb","itemListElement":[{"@type":"ListItem","position":1,"name":"Startseite","item":"https:\/\/tuchundstoff.shop\/en\/"},{"@type":"ListItem","position":2,"name":"About us","item":"https:\/\/tuchundstoff.shop\/en\/about-us\/"},{"@type":"ListItem","position":3,"name":"For Event Organizers"}]},{"@type":"WebSite","@id":"https:\/\/tuchundstoff.shop\/#website","url":"https:\/\/tuchundstoff.shop\/","name":"TuchundStoff","description":"Qualit\u00e4tsstoffe f\u00fcr zeitgen\u00f6ssische Mode und gelebte Geschichte \u2013 100% Natur","publisher":{"@id":"https:\/\/tuchundstoff.shop\/#organization"},"potentialAction":[{"@type":"SearchAction","target":{"@type":"EntryPoint","urlTemplate":"https:\/\/tuchundstoff.shop\/?s={search_term_string}"},"query-input":{"@type":"PropertyValueSpecification","valueRequired":true,"valueName":"search_term_string"}}],"inLanguage":"en-US"},{"@type":"Organization","@id":"https:\/\/tuchundstoff.shop\/#organization","name":"TuchundStoff","url":"https:\/\/tuchundstoff.shop\/","logo":{"@type":"ImageObject","inLanguage":"en-US","@id":"https:\/\/tuchundstoff.shop\/#\/schema\/logo\/image\/","url":"https:\/\/tuchundstoff.shop\/wp-content\/uploads\/2021\/11\/Tus-Logo22-QfA-shop-V2-1.png","contentUrl":"https:\/\/tuchundstoff.shop\/wp-content\/uploads\/2021\/11\/Tus-Logo22-QfA-shop-V2-1.png","width":485,"height":110,"caption":"TuchundStoff"},"image":{"@id":"https:\/\/tuchundstoff.shop\/#\/schema\/logo\/image\/"}}]}},"_links":{"self":[{"href":"https:\/\/tuchundstoff.shop\/en\/wp-json\/wp\/v2\/pages\/6592","targetHints":{"allow":["GET"]}}],"collection":[{"href":"https:\/\/tuchundstoff.shop\/en\/wp-json\/wp\/v2\/pages"}],"about":[{"href":"https:\/\/tuchundstoff.shop\/en\/wp-json\/wp\/v2\/types\/page"}],"author":[{"embeddable":true,"href":"https:\/\/tuchundstoff.shop\/en\/wp-json\/wp\/v2\/users\/1"}],"replies":[{"embeddable":true,"href":"https:\/\/tuchundstoff.shop\/en\/wp-json\/wp\/v2\/comments?post=6592"}],"version-history":[{"count":0,"href":"https:\/\/tuchundstoff.shop\/en\/wp-json\/wp\/v2\/pages\/6592\/revisions"}],"up":[{"embeddable":true,"href":"https:\/\/tuchundstoff.shop\/en\/wp-json\/wp\/v2\/pages\/6223"}],"wp:featuredmedia":[{"embeddable":true,"href":"https:\/\/tuchundstoff.shop\/en\/wp-json\/wp\/v2\/media\/10127"}],"wp:attachment":[{"href":"https:\/\/tuchundstoff.shop\/en\/wp-json\/wp\/v2\/media?parent=6592"}],"curies":[{"name":"wp","href":"https:\/\/api.w.org\/{rel}","templated":true}]}}