{"id":6551,"date":"2018-03-12T17:45:12","date_gmt":"2018-03-12T16:45:12","guid":{"rendered":"https:\/\/tuchundstoff.de\/news-2\/stock-sale\/"},"modified":"2026-03-25T17:47:26","modified_gmt":"2026-03-25T16:47:26","slug":"stock-sale","status":"publish","type":"page","link":"https:\/\/tuchundstoff.shop\/en\/stock-sale\/","title":{"rendered":"Warehouse sale"},"content":{"rendered":"\n<p><strong>Our petting zoo welcomes visitors!<\/strong><\/p>\n\n\n\n<p>Beyond the products in the WebShop <strong>, new fabrics, special items and remnants at reduced prices<\/strong> are waiting to be discovered! Refreshments are always provided. Access is barrier-free.<\/p>\n\n\n\n<p><span style=\"color: #993300;\">For individual stock sale appointments, please call 06105-21466.<\/span><\/p>\n\n\n\n<p><strong>Our address is: <\/strong><br>Am Hegbach 22, 64546 M\u00f6rfelden-Walldorf (The yellow house)<\/p>\n\n\n\n<p><strong>By car:<\/strong><br>A few minutes from Frankfurt Airport, via the A3, A5 or A67 motorways, exit M\u00f6rfelden-Walldorf.<br>Parking is possible in the courtyard or in the side streets.<\/p>\n\n\n\n<p><strong>Arrival by public transport:<br><\/strong>Bahn\/S-Bahn to M\u00f6rfelden station (S7 from Ffm-Hbf), then bus 751 to Dieselstra\u00dfe or 10 min walk.<br>From Darmstadt Mathildenplatz bus 751&nbsp; to M\u00f6rfelden Dieselstra\u00dfe, then walk 2 min.<\/p>\n\n\n<div class=\"wp-block-image\">\n<figure class=\"alignleft\"><a href=\"https:\/\/tuchundstoff.shop\/wp-content\/downloadable\/TuchundStoff-Lager.vcf\"><img loading=\"lazy\" decoding=\"async\" width=\"150\" height=\"150\" src=\"https:\/\/tuchundstoff.shop\/wp-content\/uploads\/2021\/05\/qrcode-lager.png\" alt=\"Warehouse sale\" class=\"wp-image-9076\" srcset=\"https:\/\/tuchundstoff.shop\/wp-content\/uploads\/2021\/05\/qrcode-lager.png 150w, https:\/\/tuchundstoff.shop\/wp-content\/uploads\/2021\/05\/qrcode-lager-100x100.png 100w\" sizes=\"auto, (max-width: 150px) 100vw, 150px\" \/><\/a><figcaption class=\"wp-element-caption\">Add contact<\/figcaption><\/figure>\n<\/div>\n\n\n<p>&nbsp;<\/p>\n","protected":false},"excerpt":{"rendered":"<p>Our petting zoo welcomes visitors! Beyond the products in the WebShop , new fabrics, special items and remnants at reduced prices are waiting to be discovered! Refreshments are always provided. Access is barrier-free. For individual stock sale appointments, please call 06105-21466. Our address is: Am Hegbach 22, 64546 M\u00f6rfelden-Walldorf (The yellow house) By car:A few minutes from Frankfurt Airport, via the A3, A5 or A67 motorways, exit M\u00f6rfelden-Walldorf.Parking is possible &#8230; <\/p>\n<p class=\"read-more-container\"><a title=\"Warehouse sale\" class=\"read-more button\" href=\"https:\/\/tuchundstoff.shop\/en\/stock-sale\/#more-6551\" aria-label=\"Read more about Warehouse sale\">Weiterlesen<\/a><\/p>\n","protected":false},"author":1,"featured_media":12264,"parent":0,"menu_order":0,"comment_status":"closed","ping_status":"closed","template":"","meta":{"ngg_post_thumbnail":0,"footnotes":""},"class_list":{"0":"post-6551","1":"page","2":"type-page","3":"status-publish","4":"has-post-thumbnail","6":"resize-featured-image"},"yoast_head":"<!-- This site is optimized with the Yoast SEO plugin v27.2 - https:\/\/yoast.com\/product\/yoast-seo-wordpress\/ -->\n<title>Warehouse sale - TuchundStoff<\/title>\n<meta name=\"robots\" content=\"index, follow, max-snippet:-1, max-image-preview:large, max-video-preview:-1\" \/>\n<link rel=\"canonical\" href=\"https:\/\/tuchundstoff.shop\/en\/stock-sale\/\" \/>\n<meta property=\"og:locale\" content=\"en_US\" \/>\n<meta property=\"og:type\" content=\"article\" \/>\n<meta property=\"og:title\" content=\"Warehouse sale - TuchundStoff\" \/>\n<meta property=\"og:description\" content=\"Our petting zoo welcomes visitors! Beyond the products in the WebShop , new fabrics, special items and remnants at reduced prices are waiting to be discovered! Refreshments are always provided. Access is barrier-free. For individual stock sale appointments, please call 06105-21466. Our address is: Am Hegbach 22, 64546 M\u00f6rfelden-Walldorf (The yellow house) By car:A few minutes from Frankfurt Airport, via the A3, A5 or A67 motorways, exit M\u00f6rfelden-Walldorf.Parking is possible ... Weiterlesen\" \/>\n<meta property=\"og:url\" content=\"https:\/\/tuchundstoff.shop\/en\/stock-sale\/\" \/>\n<meta property=\"og:site_name\" content=\"TuchundStoff\" \/>\n<meta property=\"article:modified_time\" content=\"2026-03-25T16:47:26+00:00\" \/>\n<meta property=\"og:image\" content=\"https:\/\/tuchundstoff.shop\/wp-content\/uploads\/2022\/11\/LVK11-12-2022-e1692020887981.jpg\" \/>\n\t<meta property=\"og:image:width\" content=\"400\" \/>\n\t<meta property=\"og:image:height\" content=\"300\" \/>\n\t<meta property=\"og:image:type\" content=\"image\/jpeg\" \/>\n<script type=\"application\/ld+json\" class=\"yoast-schema-graph\">{\"@context\":\"https:\/\/schema.org\",\"@graph\":[{\"@type\":\"WebPage\",\"@id\":\"https:\/\/tuchundstoff.shop\/en\/stock-sale\/\",\"url\":\"https:\/\/tuchundstoff.shop\/en\/stock-sale\/\",\"name\":\"Warehouse sale - TuchundStoff\",\"isPartOf\":{\"@id\":\"https:\/\/tuchundstoff.shop\/#website\"},\"primaryImageOfPage\":{\"@id\":\"https:\/\/tuchundstoff.shop\/en\/stock-sale\/#primaryimage\"},\"image\":{\"@id\":\"https:\/\/tuchundstoff.shop\/en\/stock-sale\/#primaryimage\"},\"thumbnailUrl\":\"https:\/\/tuchundstoff.shop\/wp-content\/uploads\/2022\/11\/LVK11-12-2022-e1692020887981.jpg\",\"datePublished\":\"2018-03-12T16:45:12+00:00\",\"dateModified\":\"2026-03-25T16:47:26+00:00\",\"breadcrumb\":{\"@id\":\"https:\/\/tuchundstoff.shop\/en\/stock-sale\/#breadcrumb\"},\"inLanguage\":\"en-US\",\"potentialAction\":[{\"@type\":\"ReadAction\",\"target\":[\"https:\/\/tuchundstoff.shop\/en\/stock-sale\/\"]}]},{\"@type\":\"ImageObject\",\"inLanguage\":\"en-US\",\"@id\":\"https:\/\/tuchundstoff.shop\/en\/stock-sale\/#primaryimage\",\"url\":\"https:\/\/tuchundstoff.shop\/wp-content\/uploads\/2022\/11\/LVK11-12-2022-e1692020887981.jpg\",\"contentUrl\":\"https:\/\/tuchundstoff.shop\/wp-content\/uploads\/2022\/11\/LVK11-12-2022-e1692020887981.jpg\",\"width\":400,\"height\":300},{\"@type\":\"BreadcrumbList\",\"@id\":\"https:\/\/tuchundstoff.shop\/en\/stock-sale\/#breadcrumb\",\"itemListElement\":[{\"@type\":\"ListItem\",\"position\":1,\"name\":\"Startseite\",\"item\":\"https:\/\/tuchundstoff.shop\/en\/\"},{\"@type\":\"ListItem\",\"position\":2,\"name\":\"Warehouse sale\"}]},{\"@type\":\"WebSite\",\"@id\":\"https:\/\/tuchundstoff.shop\/#website\",\"url\":\"https:\/\/tuchundstoff.shop\/\",\"name\":\"TuchundStoff\",\"description\":\"Qualit\u00e4tsstoffe f\u00fcr zeitgen\u00f6ssische Mode und gelebte Geschichte \u2013 100% Natur\",\"publisher\":{\"@id\":\"https:\/\/tuchundstoff.shop\/#organization\"},\"potentialAction\":[{\"@type\":\"SearchAction\",\"target\":{\"@type\":\"EntryPoint\",\"urlTemplate\":\"https:\/\/tuchundstoff.shop\/?s={search_term_string}\"},\"query-input\":{\"@type\":\"PropertyValueSpecification\",\"valueRequired\":true,\"valueName\":\"search_term_string\"}}],\"inLanguage\":\"en-US\"},{\"@type\":\"Organization\",\"@id\":\"https:\/\/tuchundstoff.shop\/#organization\",\"name\":\"TuchundStoff\",\"url\":\"https:\/\/tuchundstoff.shop\/\",\"logo\":{\"@type\":\"ImageObject\",\"inLanguage\":\"en-US\",\"@id\":\"https:\/\/tuchundstoff.shop\/#\/schema\/logo\/image\/\",\"url\":\"https:\/\/tuchundstoff.shop\/wp-content\/uploads\/2021\/11\/Tus-Logo22-QfA-shop-V2-1.png\",\"contentUrl\":\"https:\/\/tuchundstoff.shop\/wp-content\/uploads\/2021\/11\/Tus-Logo22-QfA-shop-V2-1.png\",\"width\":485,\"height\":110,\"caption\":\"TuchundStoff\"},\"image\":{\"@id\":\"https:\/\/tuchundstoff.shop\/#\/schema\/logo\/image\/\"}}]}<\/script>\n<!-- \/ Yoast SEO plugin. -->","yoast_head_json":{"title":"Warehouse sale - TuchundStoff","robots":{"index":"index","follow":"follow","max-snippet":"max-snippet:-1","max-image-preview":"max-image-preview:large","max-video-preview":"max-video-preview:-1"},"canonical":"https:\/\/tuchundstoff.shop\/en\/stock-sale\/","og_locale":"en_US","og_type":"article","og_title":"Warehouse sale - TuchundStoff","og_description":"Our petting zoo welcomes visitors! Beyond the products in the WebShop , new fabrics, special items and remnants at reduced prices are waiting to be discovered! Refreshments are always provided. Access is barrier-free. For individual stock sale appointments, please call 06105-21466. Our address is: Am Hegbach 22, 64546 M\u00f6rfelden-Walldorf (The yellow house) By car:A few minutes from Frankfurt Airport, via the A3, A5 or A67 motorways, exit M\u00f6rfelden-Walldorf.Parking is possible ... Weiterlesen","og_url":"https:\/\/tuchundstoff.shop\/en\/stock-sale\/","og_site_name":"TuchundStoff","article_modified_time":"2026-03-25T16:47:26+00:00","og_image":[{"width":400,"height":300,"url":"https:\/\/tuchundstoff.shop\/wp-content\/uploads\/2022\/11\/LVK11-12-2022-e1692020887981.jpg","type":"image\/jpeg"}],"schema":{"@context":"https:\/\/schema.org","@graph":[{"@type":"WebPage","@id":"https:\/\/tuchundstoff.shop\/en\/stock-sale\/","url":"https:\/\/tuchundstoff.shop\/en\/stock-sale\/","name":"Warehouse sale - TuchundStoff","isPartOf":{"@id":"https:\/\/tuchundstoff.shop\/#website"},"primaryImageOfPage":{"@id":"https:\/\/tuchundstoff.shop\/en\/stock-sale\/#primaryimage"},"image":{"@id":"https:\/\/tuchundstoff.shop\/en\/stock-sale\/#primaryimage"},"thumbnailUrl":"https:\/\/tuchundstoff.shop\/wp-content\/uploads\/2022\/11\/LVK11-12-2022-e1692020887981.jpg","datePublished":"2018-03-12T16:45:12+00:00","dateModified":"2026-03-25T16:47:26+00:00","breadcrumb":{"@id":"https:\/\/tuchundstoff.shop\/en\/stock-sale\/#breadcrumb"},"inLanguage":"en-US","potentialAction":[{"@type":"ReadAction","target":["https:\/\/tuchundstoff.shop\/en\/stock-sale\/"]}]},{"@type":"ImageObject","inLanguage":"en-US","@id":"https:\/\/tuchundstoff.shop\/en\/stock-sale\/#primaryimage","url":"https:\/\/tuchundstoff.shop\/wp-content\/uploads\/2022\/11\/LVK11-12-2022-e1692020887981.jpg","contentUrl":"https:\/\/tuchundstoff.shop\/wp-content\/uploads\/2022\/11\/LVK11-12-2022-e1692020887981.jpg","width":400,"height":300},{"@type":"BreadcrumbList","@id":"https:\/\/tuchundstoff.shop\/en\/stock-sale\/#breadcrumb","itemListElement":[{"@type":"ListItem","position":1,"name":"Startseite","item":"https:\/\/tuchundstoff.shop\/en\/"},{"@type":"ListItem","position":2,"name":"Warehouse sale"}]},{"@type":"WebSite","@id":"https:\/\/tuchundstoff.shop\/#website","url":"https:\/\/tuchundstoff.shop\/","name":"TuchundStoff","description":"Qualit\u00e4tsstoffe f\u00fcr zeitgen\u00f6ssische Mode und gelebte Geschichte \u2013 100% Natur","publisher":{"@id":"https:\/\/tuchundstoff.shop\/#organization"},"potentialAction":[{"@type":"SearchAction","target":{"@type":"EntryPoint","urlTemplate":"https:\/\/tuchundstoff.shop\/?s={search_term_string}"},"query-input":{"@type":"PropertyValueSpecification","valueRequired":true,"valueName":"search_term_string"}}],"inLanguage":"en-US"},{"@type":"Organization","@id":"https:\/\/tuchundstoff.shop\/#organization","name":"TuchundStoff","url":"https:\/\/tuchundstoff.shop\/","logo":{"@type":"ImageObject","inLanguage":"en-US","@id":"https:\/\/tuchundstoff.shop\/#\/schema\/logo\/image\/","url":"https:\/\/tuchundstoff.shop\/wp-content\/uploads\/2021\/11\/Tus-Logo22-QfA-shop-V2-1.png","contentUrl":"https:\/\/tuchundstoff.shop\/wp-content\/uploads\/2021\/11\/Tus-Logo22-QfA-shop-V2-1.png","width":485,"height":110,"caption":"TuchundStoff"},"image":{"@id":"https:\/\/tuchundstoff.shop\/#\/schema\/logo\/image\/"}}]}},"_links":{"self":[{"href":"https:\/\/tuchundstoff.shop\/en\/wp-json\/wp\/v2\/pages\/6551","targetHints":{"allow":["GET"]}}],"collection":[{"href":"https:\/\/tuchundstoff.shop\/en\/wp-json\/wp\/v2\/pages"}],"about":[{"href":"https:\/\/tuchundstoff.shop\/en\/wp-json\/wp\/v2\/types\/page"}],"author":[{"embeddable":true,"href":"https:\/\/tuchundstoff.shop\/en\/wp-json\/wp\/v2\/users\/1"}],"replies":[{"embeddable":true,"href":"https:\/\/tuchundstoff.shop\/en\/wp-json\/wp\/v2\/comments?post=6551"}],"version-history":[{"count":1,"href":"https:\/\/tuchundstoff.shop\/en\/wp-json\/wp\/v2\/pages\/6551\/revisions"}],"predecessor-version":[{"id":19021,"href":"https:\/\/tuchundstoff.shop\/en\/wp-json\/wp\/v2\/pages\/6551\/revisions\/19021"}],"wp:featuredmedia":[{"embeddable":true,"href":"https:\/\/tuchundstoff.shop\/en\/wp-json\/wp\/v2\/media\/12264"}],"wp:attachment":[{"href":"https:\/\/tuchundstoff.shop\/en\/wp-json\/wp\/v2\/media?parent=6551"}],"curies":[{"name":"wp","href":"https:\/\/api.w.org\/{rel}","templated":true}]}}