{"id":6524,"date":"2018-04-23T17:52:59","date_gmt":"2018-04-23T15:52:59","guid":{"rendered":"https:\/\/tuchundstoff.de\/information\/gallery\/"},"modified":"2026-03-25T13:33:00","modified_gmt":"2026-03-25T12:33:00","slug":"gallery","status":"publish","type":"page","link":"https:\/\/tuchundstoff.shop\/en\/gallery\/","title":{"rendered":"Gallery"},"content":{"rendered":"\n<p>Customers and friends of our company present themselves here. It is always great to see what great robes, costumes and uniforms are tailored from our fabrics! If you would like to present your work here as well, you can upload a picture of it here:<\/p>\n\n<p>Format jpg or png, we will add it to the gallery. You agree that we may use your photo on our website and our social media pages without restriction and free of charge. If your picture should be removed, a short <a href=\"https:\/\/tuchundstoff.shop\/en\/contact\/\">message<\/a> is sufficient! <\/p>\n\n<div class=\"wpcf7 no-js\" id=\"wpcf7-f18931-o1\" lang=\"en-US\" dir=\"ltr\" data-wpcf7-id=\"18931\">\n<div class=\"screen-reader-response\"><p role=\"status\" aria-live=\"polite\" aria-atomic=\"true\"><\/p> <ul><\/ul><\/div>\n<form action=\"\/en\/wp-json\/wp\/v2\/pages\/6524#wpcf7-f18931-o1\" method=\"post\" class=\"wpcf7-form init\" aria-label=\"Contact form\" enctype=\"multipart\/form-data\" novalidate=\"novalidate\" data-status=\"init\">\n<fieldset class=\"hidden-fields-container\"><input type=\"hidden\" name=\"_wpcf7\" value=\"18931\" \/><input type=\"hidden\" name=\"_wpcf7_version\" value=\"6.1.5\" \/><input type=\"hidden\" name=\"_wpcf7_locale\" value=\"en_US\" \/><input type=\"hidden\" name=\"_wpcf7_unit_tag\" value=\"wpcf7-f18931-o1\" \/><input type=\"hidden\" name=\"_wpcf7_container_post\" value=\"0\" \/><input type=\"hidden\" name=\"_wpcf7_posted_data_hash\" value=\"\" \/>\n<\/fieldset>\n<p><label> Your message to us<br \/>\n<span class=\"wpcf7-form-control-wrap\" data-name=\"your-message\"><textarea cols=\"40\" rows=\"4\" maxlength=\"2000\" class=\"wpcf7-form-control wpcf7-textarea\" aria-invalid=\"false\" name=\"your-message\">Hello dear Tuch &amp; Stoff team! Take a look at what I have sewn from your great fabrics. You are very welcome to show my picture in your customer gallery!<\/textarea><\/span> <\/label>\n<\/p>\n<p><label> Select your photo (JPG or PNG)<br \/>\n<span class=\"wpcf7-form-control-wrap\" data-name=\"your-picture\"><input size=\"40\" class=\"wpcf7-form-control wpcf7-file wpcf7-validates-as-required\" accept=\".jpg,.jpeg,.png\" aria-required=\"true\" aria-invalid=\"false\" type=\"file\" name=\"your-picture\" \/><\/span> <\/label>\n<\/p>\n<p><input class=\"wpcf7-form-control wpcf7-submit has-spinner\" type=\"submit\" value=\"Send photo and message\" \/>\n<\/p><input type='hidden' class='wpcf7-pum' value='{\"closepopup\":false,\"closedelay\":0,\"openpopup\":false,\"openpopup_id\":0}' \/><div class=\"wpcf7-response-output\" aria-hidden=\"true\"><\/div>\n<\/form>\n<\/div>\n\nngg_shortcode_0_placeholder\n\n<p>\u00a0<\/p>\n\n<h6 class=\"wp-block-heading\">We would like to express our sincere thanks to our highly valued clients and to <a href=\"http:\/\/michaelfrank-photography.com\/\" target=\"_blank\" rel=\"noopener noreferrer\">Michael Frank Fotografie Frankfurt<\/a>, <a href=\"http:\/\/www.mittelalter-paparazzi.de\" target=\"_blank\" rel=\"noopener noreferrer\">Mittelalter-Paparazzi<\/a> and <a href=\"https:\/\/www.silverdragon-pictures.com\/\" target=\"_blank\" rel=\"noopener noreferrer\">Silverdragon Pictures<\/a>.<\/h6>\n\n<p>\u00a0<\/p>\n","protected":false},"excerpt":{"rendered":"<p>Customers and friends of our company present themselves here. It is always great to see what great robes, costumes and uniforms are tailored from our fabrics! If you would like to present your work here as well, you can upload a picture of it here: Format jpg or png, we will add it to the gallery. You agree that we may use your photo on our website and our social &#8230; <\/p>\n<p class=\"read-more-container\"><a title=\"Gallery\" class=\"read-more button\" href=\"https:\/\/tuchundstoff.shop\/en\/gallery\/#more-6524\" aria-label=\"Read more about Gallery\">Weiterlesen<\/a><\/p>\n","protected":false},"author":1,"featured_media":0,"parent":0,"menu_order":3,"comment_status":"closed","ping_status":"closed","template":"","meta":{"ngg_post_thumbnail":0,"footnotes":""},"class_list":["post-6524","page","type-page","status-publish"],"yoast_head":"<!-- This site is optimized with the Yoast SEO plugin v27.2 - https:\/\/yoast.com\/product\/yoast-seo-wordpress\/ -->\n<title>Gallery - TuchundStoff<\/title>\n<meta name=\"robots\" content=\"index, follow, max-snippet:-1, max-image-preview:large, max-video-preview:-1\" \/>\n<link rel=\"canonical\" href=\"https:\/\/tuchundstoff.shop\/en\/gallery\/\" \/>\n<meta property=\"og:locale\" content=\"en_US\" \/>\n<meta property=\"og:type\" content=\"article\" \/>\n<meta property=\"og:title\" content=\"Gallery - TuchundStoff\" \/>\n<meta property=\"og:description\" content=\"Customers and friends of our company present themselves here. It is always great to see what great robes, costumes and uniforms are tailored from our fabrics! If you would like to present your work here as well, you can upload a picture of it here: Format jpg or png, we will add it to the gallery. You agree that we may use your photo on our website and our social ... Weiterlesen\" \/>\n<meta property=\"og:url\" content=\"https:\/\/tuchundstoff.shop\/en\/gallery\/\" \/>\n<meta property=\"og:site_name\" content=\"TuchundStoff\" \/>\n<meta property=\"article:modified_time\" content=\"2026-03-25T12:33:00+00:00\" \/>\n<script type=\"application\/ld+json\" class=\"yoast-schema-graph\">{\"@context\":\"https:\/\/schema.org\",\"@graph\":[{\"@type\":\"WebPage\",\"@id\":\"https:\/\/tuchundstoff.shop\/en\/gallery\/\",\"url\":\"https:\/\/tuchundstoff.shop\/en\/gallery\/\",\"name\":\"Gallery - TuchundStoff\",\"isPartOf\":{\"@id\":\"https:\/\/tuchundstoff.shop\/#website\"},\"datePublished\":\"2018-04-23T15:52:59+00:00\",\"dateModified\":\"2026-03-25T12:33:00+00:00\",\"breadcrumb\":{\"@id\":\"https:\/\/tuchundstoff.shop\/en\/gallery\/#breadcrumb\"},\"inLanguage\":\"en-US\",\"potentialAction\":[{\"@type\":\"ReadAction\",\"target\":[\"https:\/\/tuchundstoff.shop\/en\/gallery\/\"]}]},{\"@type\":\"BreadcrumbList\",\"@id\":\"https:\/\/tuchundstoff.shop\/en\/gallery\/#breadcrumb\",\"itemListElement\":[{\"@type\":\"ListItem\",\"position\":1,\"name\":\"Startseite\",\"item\":\"https:\/\/tuchundstoff.shop\/en\/\"},{\"@type\":\"ListItem\",\"position\":2,\"name\":\"Gallery\"}]},{\"@type\":\"WebSite\",\"@id\":\"https:\/\/tuchundstoff.shop\/#website\",\"url\":\"https:\/\/tuchundstoff.shop\/\",\"name\":\"TuchundStoff\",\"description\":\"Qualit\u00e4tsstoffe f\u00fcr zeitgen\u00f6ssische Mode und gelebte Geschichte \u2013 100% Natur\",\"publisher\":{\"@id\":\"https:\/\/tuchundstoff.shop\/#organization\"},\"potentialAction\":[{\"@type\":\"SearchAction\",\"target\":{\"@type\":\"EntryPoint\",\"urlTemplate\":\"https:\/\/tuchundstoff.shop\/?s={search_term_string}\"},\"query-input\":{\"@type\":\"PropertyValueSpecification\",\"valueRequired\":true,\"valueName\":\"search_term_string\"}}],\"inLanguage\":\"en-US\"},{\"@type\":\"Organization\",\"@id\":\"https:\/\/tuchundstoff.shop\/#organization\",\"name\":\"TuchundStoff\",\"url\":\"https:\/\/tuchundstoff.shop\/\",\"logo\":{\"@type\":\"ImageObject\",\"inLanguage\":\"en-US\",\"@id\":\"https:\/\/tuchundstoff.shop\/#\/schema\/logo\/image\/\",\"url\":\"https:\/\/tuchundstoff.shop\/wp-content\/uploads\/2021\/11\/Tus-Logo22-QfA-shop-V2-1.png\",\"contentUrl\":\"https:\/\/tuchundstoff.shop\/wp-content\/uploads\/2021\/11\/Tus-Logo22-QfA-shop-V2-1.png\",\"width\":485,\"height\":110,\"caption\":\"TuchundStoff\"},\"image\":{\"@id\":\"https:\/\/tuchundstoff.shop\/#\/schema\/logo\/image\/\"}}]}<\/script>\n<!-- \/ Yoast SEO plugin. -->","yoast_head_json":{"title":"Gallery - TuchundStoff","robots":{"index":"index","follow":"follow","max-snippet":"max-snippet:-1","max-image-preview":"max-image-preview:large","max-video-preview":"max-video-preview:-1"},"canonical":"https:\/\/tuchundstoff.shop\/en\/gallery\/","og_locale":"en_US","og_type":"article","og_title":"Gallery - TuchundStoff","og_description":"Customers and friends of our company present themselves here. It is always great to see what great robes, costumes and uniforms are tailored from our fabrics! If you would like to present your work here as well, you can upload a picture of it here: Format jpg or png, we will add it to the gallery. You agree that we may use your photo on our website and our social ... Weiterlesen","og_url":"https:\/\/tuchundstoff.shop\/en\/gallery\/","og_site_name":"TuchundStoff","article_modified_time":"2026-03-25T12:33:00+00:00","schema":{"@context":"https:\/\/schema.org","@graph":[{"@type":"WebPage","@id":"https:\/\/tuchundstoff.shop\/en\/gallery\/","url":"https:\/\/tuchundstoff.shop\/en\/gallery\/","name":"Gallery - TuchundStoff","isPartOf":{"@id":"https:\/\/tuchundstoff.shop\/#website"},"datePublished":"2018-04-23T15:52:59+00:00","dateModified":"2026-03-25T12:33:00+00:00","breadcrumb":{"@id":"https:\/\/tuchundstoff.shop\/en\/gallery\/#breadcrumb"},"inLanguage":"en-US","potentialAction":[{"@type":"ReadAction","target":["https:\/\/tuchundstoff.shop\/en\/gallery\/"]}]},{"@type":"BreadcrumbList","@id":"https:\/\/tuchundstoff.shop\/en\/gallery\/#breadcrumb","itemListElement":[{"@type":"ListItem","position":1,"name":"Startseite","item":"https:\/\/tuchundstoff.shop\/en\/"},{"@type":"ListItem","position":2,"name":"Gallery"}]},{"@type":"WebSite","@id":"https:\/\/tuchundstoff.shop\/#website","url":"https:\/\/tuchundstoff.shop\/","name":"TuchundStoff","description":"Qualit\u00e4tsstoffe f\u00fcr zeitgen\u00f6ssische Mode und gelebte Geschichte \u2013 100% Natur","publisher":{"@id":"https:\/\/tuchundstoff.shop\/#organization"},"potentialAction":[{"@type":"SearchAction","target":{"@type":"EntryPoint","urlTemplate":"https:\/\/tuchundstoff.shop\/?s={search_term_string}"},"query-input":{"@type":"PropertyValueSpecification","valueRequired":true,"valueName":"search_term_string"}}],"inLanguage":"en-US"},{"@type":"Organization","@id":"https:\/\/tuchundstoff.shop\/#organization","name":"TuchundStoff","url":"https:\/\/tuchundstoff.shop\/","logo":{"@type":"ImageObject","inLanguage":"en-US","@id":"https:\/\/tuchundstoff.shop\/#\/schema\/logo\/image\/","url":"https:\/\/tuchundstoff.shop\/wp-content\/uploads\/2021\/11\/Tus-Logo22-QfA-shop-V2-1.png","contentUrl":"https:\/\/tuchundstoff.shop\/wp-content\/uploads\/2021\/11\/Tus-Logo22-QfA-shop-V2-1.png","width":485,"height":110,"caption":"TuchundStoff"},"image":{"@id":"https:\/\/tuchundstoff.shop\/#\/schema\/logo\/image\/"}}]}},"_links":{"self":[{"href":"https:\/\/tuchundstoff.shop\/en\/wp-json\/wp\/v2\/pages\/6524","targetHints":{"allow":["GET"]}}],"collection":[{"href":"https:\/\/tuchundstoff.shop\/en\/wp-json\/wp\/v2\/pages"}],"about":[{"href":"https:\/\/tuchundstoff.shop\/en\/wp-json\/wp\/v2\/types\/page"}],"author":[{"embeddable":true,"href":"https:\/\/tuchundstoff.shop\/en\/wp-json\/wp\/v2\/users\/1"}],"replies":[{"embeddable":true,"href":"https:\/\/tuchundstoff.shop\/en\/wp-json\/wp\/v2\/comments?post=6524"}],"version-history":[{"count":3,"href":"https:\/\/tuchundstoff.shop\/en\/wp-json\/wp\/v2\/pages\/6524\/revisions"}],"predecessor-version":[{"id":18968,"href":"https:\/\/tuchundstoff.shop\/en\/wp-json\/wp\/v2\/pages\/6524\/revisions\/18968"}],"wp:attachment":[{"href":"https:\/\/tuchundstoff.shop\/en\/wp-json\/wp\/v2\/media?parent=6524"}],"curies":[{"name":"wp","href":"https:\/\/api.w.org\/{rel}","templated":true}]}}