{"id":10723,"date":"2022-03-02T17:04:45","date_gmt":"2022-03-02T16:04:45","guid":{"rendered":"https:\/\/tuchundstoff.shop\/information\/"},"modified":"2025-03-23T21:36:16","modified_gmt":"2025-03-23T20:36:16","slug":"information","status":"publish","type":"page","link":"https:\/\/tuchundstoff.shop\/en\/information\/","title":{"rendered":"Information"},"content":{"rendered":"\n<div class=\"wp-block-columns has-black-color has-text-color is-layout-flex wp-container-core-columns-is-layout-9d6595d7 wp-block-columns-is-layout-flex\">\n<div class=\"wp-block-column is-layout-flow wp-block-column-is-layout-flow\">\n<figure class=\"wp-block-image size-thumbnail is-resized is-style-default\"><a href=\"\/?page_id=75\"><img loading=\"lazy\" decoding=\"async\" src=\"https:\/\/tuchundstoff.shop\/wp-content\/uploads\/2022\/02\/TuS-AKTUELL-600-240x240.jpg\" alt=\"\" class=\"wp-image-10496\" width=\"240\" height=\"240\" srcset=\"https:\/\/tuchundstoff.shop\/wp-content\/uploads\/2022\/02\/TuS-AKTUELL-600-240x240.jpg 240w, https:\/\/tuchundstoff.shop\/wp-content\/uploads\/2022\/02\/TuS-AKTUELL-600-300x300.jpg 300w, https:\/\/tuchundstoff.shop\/wp-content\/uploads\/2022\/02\/TuS-AKTUELL-600-100x100.jpg 100w, https:\/\/tuchundstoff.shop\/wp-content\/uploads\/2022\/02\/TuS-AKTUELL-600.jpg 600w, https:\/\/tuchundstoff.shop\/wp-content\/uploads\/2022\/02\/TuS-AKTUELL-600-416x416.jpg 416w, https:\/\/tuchundstoff.shop\/wp-content\/uploads\/2022\/02\/TuS-AKTUELL-600-324x324.jpg 324w\" sizes=\"auto, (max-width: 240px) 100vw, 240px\" \/><\/a><figcaption class=\"wp-element-caption\">News<\/figcaption><\/figure>\n<\/div>\n\n\n\n<div class=\"wp-block-column is-layout-flow wp-block-column-is-layout-flow\">\n<figure class=\"wp-block-image size-thumbnail is-resized is-style-default\"><a href=\"\/?page_id=4939\"><img loading=\"lazy\" decoding=\"async\" src=\"https:\/\/tuchundstoff.shop\/wp-content\/uploads\/2022\/02\/emoticons-240x240.jpg\" alt=\"\" class=\"wp-image-10507\" width=\"240\" height=\"240\" srcset=\"https:\/\/tuchundstoff.shop\/wp-content\/uploads\/2022\/02\/emoticons-240x240.jpg 240w, https:\/\/tuchundstoff.shop\/wp-content\/uploads\/2022\/02\/emoticons-300x300.jpg 300w, https:\/\/tuchundstoff.shop\/wp-content\/uploads\/2022\/02\/emoticons-100x100.jpg 100w, https:\/\/tuchundstoff.shop\/wp-content\/uploads\/2022\/02\/emoticons.jpg 600w, https:\/\/tuchundstoff.shop\/wp-content\/uploads\/2022\/02\/emoticons-416x416.jpg 416w, https:\/\/tuchundstoff.shop\/wp-content\/uploads\/2022\/02\/emoticons-324x324.jpg 324w\" sizes=\"auto, (max-width: 240px) 100vw, 240px\" \/><\/a><figcaption class=\"wp-element-caption\">What customers say<\/figcaption><\/figure>\n<\/div>\n\n\n\n<div class=\"wp-block-column is-layout-flow wp-block-column-is-layout-flow\">\n<figure class=\"wp-block-image size-thumbnail is-resized is-style-default\"><a href=\"\/?page_id=2945\"><img loading=\"lazy\" decoding=\"async\" src=\"https:\/\/tuchundstoff.shop\/wp-content\/uploads\/2022\/02\/LH-Q600-240x240.jpg\" alt=\"\" class=\"wp-image-10499\" width=\"240\" height=\"240\" srcset=\"https:\/\/tuchundstoff.shop\/wp-content\/uploads\/2022\/02\/LH-Q600-240x240.jpg 240w, https:\/\/tuchundstoff.shop\/wp-content\/uploads\/2022\/02\/LH-Q600-300x300.jpg 300w, https:\/\/tuchundstoff.shop\/wp-content\/uploads\/2022\/02\/LH-Q600-100x100.jpg 100w, https:\/\/tuchundstoff.shop\/wp-content\/uploads\/2022\/02\/LH-Q600.jpg 600w, https:\/\/tuchundstoff.shop\/wp-content\/uploads\/2022\/02\/LH-Q600-416x416.jpg 416w, https:\/\/tuchundstoff.shop\/wp-content\/uploads\/2022\/02\/LH-Q600-324x324.jpg 324w\" sizes=\"auto, (max-width: 240px) 100vw, 240px\" \/><\/a><figcaption class=\"wp-element-caption\">About us<\/figcaption><\/figure>\n<\/div>\n\n\n\n<div class=\"wp-block-column is-layout-flow wp-block-column-is-layout-flow\">\n<figure class=\"wp-block-image size-thumbnail is-resized is-style-default\"><a href=\"https:\/\/tuchundstoff.shop\/gut-zu-wissen\/\"><img loading=\"lazy\" decoding=\"async\" src=\"https:\/\/tuchundstoff.shop\/wp-content\/uploads\/2022\/02\/wlecherfuerwas-240x240.jpg\" alt=\"\" class=\"wp-image-10542\" width=\"240\" height=\"240\" srcset=\"https:\/\/tuchundstoff.shop\/wp-content\/uploads\/2022\/02\/wlecherfuerwas-240x240.jpg 240w, https:\/\/tuchundstoff.shop\/wp-content\/uploads\/2022\/02\/wlecherfuerwas-300x300.jpg 300w, https:\/\/tuchundstoff.shop\/wp-content\/uploads\/2022\/02\/wlecherfuerwas-100x100.jpg 100w, https:\/\/tuchundstoff.shop\/wp-content\/uploads\/2022\/02\/wlecherfuerwas.jpg 600w, https:\/\/tuchundstoff.shop\/wp-content\/uploads\/2022\/02\/wlecherfuerwas-416x416.jpg 416w, https:\/\/tuchundstoff.shop\/wp-content\/uploads\/2022\/02\/wlecherfuerwas-324x324.jpg 324w\" sizes=\"auto, (max-width: 240px) 100vw, 240px\" \/><\/a><figcaption class=\"wp-element-caption\">Good to know<\/figcaption><\/figure>\n<\/div>\n<\/div>\n\n<div class=\"wp-block-columns are-vertically-aligned-center is-layout-flex wp-container-core-columns-is-layout-9d6595d7 wp-block-columns-is-layout-flex\">\n<div class=\"wp-block-column is-vertically-aligned-center is-layout-flow wp-block-column-is-layout-flow\">\n<figure class=\"wp-block-image size-thumbnail is-resized is-style-default\"><a href=\"https:\/\/tuchundstoff.shop\/en\/information\/galerie-2\/#main#main\"><img loading=\"lazy\" decoding=\"async\" src=\"https:\/\/tuchundstoff.shop\/wp-content\/uploads\/2022\/02\/Galerie-240x240.jpg\" alt=\"\" class=\"wp-image-10503\" width=\"240\" height=\"240\" srcset=\"https:\/\/tuchundstoff.shop\/wp-content\/uploads\/2022\/02\/Galerie-240x240.jpg 240w, https:\/\/tuchundstoff.shop\/wp-content\/uploads\/2022\/02\/Galerie-300x300.jpg 300w, https:\/\/tuchundstoff.shop\/wp-content\/uploads\/2022\/02\/Galerie-100x100.jpg 100w, https:\/\/tuchundstoff.shop\/wp-content\/uploads\/2022\/02\/Galerie.jpg 600w, https:\/\/tuchundstoff.shop\/wp-content\/uploads\/2022\/02\/Galerie-416x416.jpg 416w, https:\/\/tuchundstoff.shop\/wp-content\/uploads\/2022\/02\/Galerie-324x324.jpg 324w\" sizes=\"auto, (max-width: 240px) 100vw, 240px\" \/><\/a><figcaption class=\"wp-element-caption\">Gallery<\/figcaption><\/figure>\n<\/div>\n\n\n\n<div class=\"wp-block-column is-vertically-aligned-center is-layout-flow wp-block-column-is-layout-flow\">\n<figure class=\"wp-block-image size-thumbnail is-resized is-style-default\"><a href=\"https:\/\/tuchundstoff.shop\/informationen\/literaturtipps\/\"><img loading=\"lazy\" decoding=\"async\" src=\"https:\/\/tuchundstoff.shop\/wp-content\/uploads\/2022\/03\/Literatur-240x240.jpg\" alt=\"\" class=\"wp-image-10703\" width=\"240\" height=\"240\" srcset=\"https:\/\/tuchundstoff.shop\/wp-content\/uploads\/2022\/03\/Literatur-240x240.jpg 240w, https:\/\/tuchundstoff.shop\/wp-content\/uploads\/2022\/03\/Literatur-300x300.jpg 300w, https:\/\/tuchundstoff.shop\/wp-content\/uploads\/2022\/03\/Literatur-100x100.jpg 100w, https:\/\/tuchundstoff.shop\/wp-content\/uploads\/2022\/03\/Literatur.jpg 600w, https:\/\/tuchundstoff.shop\/wp-content\/uploads\/2022\/03\/Literatur-416x416.jpg 416w, https:\/\/tuchundstoff.shop\/wp-content\/uploads\/2022\/03\/Literatur-324x324.jpg 324w\" sizes=\"auto, (max-width: 240px) 100vw, 240px\" \/><\/a><figcaption class=\"wp-element-caption\">Literature tips<\/figcaption><\/figure>\n<\/div>\n\n\n\n<div class=\"wp-block-column is-vertically-aligned-center is-layout-flow wp-block-column-is-layout-flow\">\n<figure class=\"wp-block-image size-thumbnail is-resized is-style-default\"><a href=\"https:\/\/tuchundstoff.shop\/en\/information\/textilkuerzel-2\/#main#main\"><img loading=\"lazy\" decoding=\"async\" src=\"https:\/\/tuchundstoff.shop\/wp-content\/uploads\/2022\/02\/Textilkuerzel-240x240.jpg\" alt=\"\" class=\"wp-image-10535\" width=\"240\" height=\"240\" srcset=\"https:\/\/tuchundstoff.shop\/wp-content\/uploads\/2022\/02\/Textilkuerzel-240x240.jpg 240w, https:\/\/tuchundstoff.shop\/wp-content\/uploads\/2022\/02\/Textilkuerzel-300x300.jpg 300w, https:\/\/tuchundstoff.shop\/wp-content\/uploads\/2022\/02\/Textilkuerzel-100x100.jpg 100w, https:\/\/tuchundstoff.shop\/wp-content\/uploads\/2022\/02\/Textilkuerzel.jpg 600w, https:\/\/tuchundstoff.shop\/wp-content\/uploads\/2022\/02\/Textilkuerzel-416x416.jpg 416w, https:\/\/tuchundstoff.shop\/wp-content\/uploads\/2022\/02\/Textilkuerzel-324x324.jpg 324w\" sizes=\"auto, (max-width: 240px) 100vw, 240px\" \/><\/a><figcaption class=\"wp-element-caption\">Textile abbreviation<\/figcaption><\/figure>\n<\/div>\n\n\n\n<div class=\"wp-block-column is-vertically-aligned-center has-white-color has-text-color is-layout-flow wp-block-column-is-layout-flow\">\n<figure class=\"wp-block-image size-thumbnail is-resized is-style-default\"><a href=\"https:\/\/tuchundstoff.shop\/informationen\/pflegehinweise\/\"><img loading=\"lazy\" decoding=\"async\" src=\"https:\/\/tuchundstoff.shop\/wp-content\/uploads\/2022\/02\/waschsymbole_ueberblick-240x240.jpg\" alt=\"Care instructions\" class=\"wp-image-10483\" width=\"240\" height=\"240\" srcset=\"https:\/\/tuchundstoff.shop\/wp-content\/uploads\/2022\/02\/waschsymbole_ueberblick-240x240.jpg 240w, https:\/\/tuchundstoff.shop\/wp-content\/uploads\/2022\/02\/waschsymbole_ueberblick-100x100.jpg 100w, https:\/\/tuchundstoff.shop\/wp-content\/uploads\/2022\/02\/waschsymbole_ueberblick.jpg 300w\" sizes=\"auto, (max-width: 240px) 100vw, 240px\" \/><\/a><figcaption class=\"wp-element-caption\">Care instructions<\/figcaption><\/figure>\n<\/div>\n<\/div>\n\n<div class=\"wp-block-columns is-layout-flex wp-container-core-columns-is-layout-9d6595d7 wp-block-columns-is-layout-flex\">\n<div class=\"wp-block-column is-layout-flow wp-block-column-is-layout-flow\">\n<figure class=\"wp-block-image size-thumbnail is-resized is-style-default\"><a href=\"\/?page_id=2150\"><img loading=\"lazy\" decoding=\"async\" src=\"https:\/\/tuchundstoff.shop\/wp-content\/uploads\/2022\/03\/Zeltstand_1200x900-e1646236890108-240x240.jpg\" alt=\"\" class=\"wp-image-10708\" width=\"240\" height=\"240\"\/><\/a><figcaption class=\"wp-element-caption\">For organizer<\/figcaption><\/figure>\n<\/div>\n\n\n\n<div class=\"wp-block-column is-layout-flow wp-block-column-is-layout-flow\"><\/div>\n\n\n\n<div class=\"wp-block-column is-layout-flow wp-block-column-is-layout-flow\"><\/div>\n\n\n\n<div class=\"wp-block-column is-layout-flow wp-block-column-is-layout-flow\"><\/div>\n<\/div>\n","protected":false},"excerpt":{"rendered":"","protected":false},"author":1,"featured_media":0,"parent":0,"menu_order":0,"comment_status":"closed","ping_status":"closed","template":"","meta":{"ngg_post_thumbnail":0,"footnotes":""},"class_list":["post-10723","page","type-page","status-publish"],"yoast_head":"<!-- This site is optimized with the Yoast SEO plugin v27.2 - https:\/\/yoast.com\/product\/yoast-seo-wordpress\/ -->\n<title>Information - TuchundStoff<\/title>\n<meta name=\"robots\" content=\"index, follow, max-snippet:-1, max-image-preview:large, max-video-preview:-1\" \/>\n<link rel=\"canonical\" href=\"https:\/\/tuchundstoff.shop\/en\/information\/\" \/>\n<meta property=\"og:locale\" content=\"en_US\" \/>\n<meta property=\"og:type\" content=\"article\" \/>\n<meta property=\"og:title\" content=\"Information - TuchundStoff\" \/>\n<meta property=\"og:url\" content=\"https:\/\/tuchundstoff.shop\/en\/information\/\" \/>\n<meta property=\"og:site_name\" content=\"TuchundStoff\" \/>\n<meta property=\"article:modified_time\" content=\"2025-03-23T20:36:16+00:00\" \/>\n<meta property=\"og:image\" content=\"https:\/\/tuchundstoff.shop\/wp-content\/uploads\/2022\/02\/TuS-AKTUELL-600.jpg\" \/>\n\t<meta property=\"og:image:width\" content=\"600\" \/>\n\t<meta property=\"og:image:height\" content=\"600\" \/>\n\t<meta property=\"og:image:type\" content=\"image\/jpeg\" \/>\n<script type=\"application\/ld+json\" class=\"yoast-schema-graph\">{\"@context\":\"https:\/\/schema.org\",\"@graph\":[{\"@type\":\"WebPage\",\"@id\":\"https:\/\/tuchundstoff.shop\/en\/information\/\",\"url\":\"https:\/\/tuchundstoff.shop\/en\/information\/\",\"name\":\"Information - TuchundStoff\",\"isPartOf\":{\"@id\":\"https:\/\/tuchundstoff.shop\/#website\"},\"primaryImageOfPage\":{\"@id\":\"https:\/\/tuchundstoff.shop\/en\/information\/#primaryimage\"},\"image\":{\"@id\":\"https:\/\/tuchundstoff.shop\/en\/information\/#primaryimage\"},\"thumbnailUrl\":\"https:\/\/tuchundstoff.shop\/wp-content\/uploads\/2022\/02\/TuS-AKTUELL-600-240x240.jpg\",\"datePublished\":\"2022-03-02T16:04:45+00:00\",\"dateModified\":\"2025-03-23T20:36:16+00:00\",\"breadcrumb\":{\"@id\":\"https:\/\/tuchundstoff.shop\/en\/information\/#breadcrumb\"},\"inLanguage\":\"en-US\",\"potentialAction\":[{\"@type\":\"ReadAction\",\"target\":[\"https:\/\/tuchundstoff.shop\/en\/information\/\"]}]},{\"@type\":\"ImageObject\",\"inLanguage\":\"en-US\",\"@id\":\"https:\/\/tuchundstoff.shop\/en\/information\/#primaryimage\",\"url\":\"https:\/\/tuchundstoff.shop\/wp-content\/uploads\/2022\/02\/TuS-AKTUELL-600-240x240.jpg\",\"contentUrl\":\"https:\/\/tuchundstoff.shop\/wp-content\/uploads\/2022\/02\/TuS-AKTUELL-600-240x240.jpg\"},{\"@type\":\"BreadcrumbList\",\"@id\":\"https:\/\/tuchundstoff.shop\/en\/information\/#breadcrumb\",\"itemListElement\":[{\"@type\":\"ListItem\",\"position\":1,\"name\":\"Startseite\",\"item\":\"https:\/\/tuchundstoff.shop\/en\/\"},{\"@type\":\"ListItem\",\"position\":2,\"name\":\"Information\"}]},{\"@type\":\"WebSite\",\"@id\":\"https:\/\/tuchundstoff.shop\/#website\",\"url\":\"https:\/\/tuchundstoff.shop\/\",\"name\":\"TuchundStoff\",\"description\":\"Qualit\u00e4tsstoffe f\u00fcr zeitgen\u00f6ssische Mode und gelebte Geschichte \u2013 100% Natur\",\"publisher\":{\"@id\":\"https:\/\/tuchundstoff.shop\/#organization\"},\"potentialAction\":[{\"@type\":\"SearchAction\",\"target\":{\"@type\":\"EntryPoint\",\"urlTemplate\":\"https:\/\/tuchundstoff.shop\/?s={search_term_string}\"},\"query-input\":{\"@type\":\"PropertyValueSpecification\",\"valueRequired\":true,\"valueName\":\"search_term_string\"}}],\"inLanguage\":\"en-US\"},{\"@type\":\"Organization\",\"@id\":\"https:\/\/tuchundstoff.shop\/#organization\",\"name\":\"TuchundStoff\",\"url\":\"https:\/\/tuchundstoff.shop\/\",\"logo\":{\"@type\":\"ImageObject\",\"inLanguage\":\"en-US\",\"@id\":\"https:\/\/tuchundstoff.shop\/#\/schema\/logo\/image\/\",\"url\":\"https:\/\/tuchundstoff.shop\/wp-content\/uploads\/2021\/11\/Tus-Logo22-QfA-shop-V2-1.png\",\"contentUrl\":\"https:\/\/tuchundstoff.shop\/wp-content\/uploads\/2021\/11\/Tus-Logo22-QfA-shop-V2-1.png\",\"width\":485,\"height\":110,\"caption\":\"TuchundStoff\"},\"image\":{\"@id\":\"https:\/\/tuchundstoff.shop\/#\/schema\/logo\/image\/\"}}]}<\/script>\n<!-- \/ Yoast SEO plugin. -->","yoast_head_json":{"title":"Information - TuchundStoff","robots":{"index":"index","follow":"follow","max-snippet":"max-snippet:-1","max-image-preview":"max-image-preview:large","max-video-preview":"max-video-preview:-1"},"canonical":"https:\/\/tuchundstoff.shop\/en\/information\/","og_locale":"en_US","og_type":"article","og_title":"Information - TuchundStoff","og_url":"https:\/\/tuchundstoff.shop\/en\/information\/","og_site_name":"TuchundStoff","article_modified_time":"2025-03-23T20:36:16+00:00","og_image":[{"width":600,"height":600,"url":"https:\/\/tuchundstoff.shop\/wp-content\/uploads\/2022\/02\/TuS-AKTUELL-600.jpg","type":"image\/jpeg"}],"schema":{"@context":"https:\/\/schema.org","@graph":[{"@type":"WebPage","@id":"https:\/\/tuchundstoff.shop\/en\/information\/","url":"https:\/\/tuchundstoff.shop\/en\/information\/","name":"Information - TuchundStoff","isPartOf":{"@id":"https:\/\/tuchundstoff.shop\/#website"},"primaryImageOfPage":{"@id":"https:\/\/tuchundstoff.shop\/en\/information\/#primaryimage"},"image":{"@id":"https:\/\/tuchundstoff.shop\/en\/information\/#primaryimage"},"thumbnailUrl":"https:\/\/tuchundstoff.shop\/wp-content\/uploads\/2022\/02\/TuS-AKTUELL-600-240x240.jpg","datePublished":"2022-03-02T16:04:45+00:00","dateModified":"2025-03-23T20:36:16+00:00","breadcrumb":{"@id":"https:\/\/tuchundstoff.shop\/en\/information\/#breadcrumb"},"inLanguage":"en-US","potentialAction":[{"@type":"ReadAction","target":["https:\/\/tuchundstoff.shop\/en\/information\/"]}]},{"@type":"ImageObject","inLanguage":"en-US","@id":"https:\/\/tuchundstoff.shop\/en\/information\/#primaryimage","url":"https:\/\/tuchundstoff.shop\/wp-content\/uploads\/2022\/02\/TuS-AKTUELL-600-240x240.jpg","contentUrl":"https:\/\/tuchundstoff.shop\/wp-content\/uploads\/2022\/02\/TuS-AKTUELL-600-240x240.jpg"},{"@type":"BreadcrumbList","@id":"https:\/\/tuchundstoff.shop\/en\/information\/#breadcrumb","itemListElement":[{"@type":"ListItem","position":1,"name":"Startseite","item":"https:\/\/tuchundstoff.shop\/en\/"},{"@type":"ListItem","position":2,"name":"Information"}]},{"@type":"WebSite","@id":"https:\/\/tuchundstoff.shop\/#website","url":"https:\/\/tuchundstoff.shop\/","name":"TuchundStoff","description":"Qualit\u00e4tsstoffe f\u00fcr zeitgen\u00f6ssische Mode und gelebte Geschichte \u2013 100% Natur","publisher":{"@id":"https:\/\/tuchundstoff.shop\/#organization"},"potentialAction":[{"@type":"SearchAction","target":{"@type":"EntryPoint","urlTemplate":"https:\/\/tuchundstoff.shop\/?s={search_term_string}"},"query-input":{"@type":"PropertyValueSpecification","valueRequired":true,"valueName":"search_term_string"}}],"inLanguage":"en-US"},{"@type":"Organization","@id":"https:\/\/tuchundstoff.shop\/#organization","name":"TuchundStoff","url":"https:\/\/tuchundstoff.shop\/","logo":{"@type":"ImageObject","inLanguage":"en-US","@id":"https:\/\/tuchundstoff.shop\/#\/schema\/logo\/image\/","url":"https:\/\/tuchundstoff.shop\/wp-content\/uploads\/2021\/11\/Tus-Logo22-QfA-shop-V2-1.png","contentUrl":"https:\/\/tuchundstoff.shop\/wp-content\/uploads\/2021\/11\/Tus-Logo22-QfA-shop-V2-1.png","width":485,"height":110,"caption":"TuchundStoff"},"image":{"@id":"https:\/\/tuchundstoff.shop\/#\/schema\/logo\/image\/"}}]}},"_links":{"self":[{"href":"https:\/\/tuchundstoff.shop\/en\/wp-json\/wp\/v2\/pages\/10723","targetHints":{"allow":["GET"]}}],"collection":[{"href":"https:\/\/tuchundstoff.shop\/en\/wp-json\/wp\/v2\/pages"}],"about":[{"href":"https:\/\/tuchundstoff.shop\/en\/wp-json\/wp\/v2\/types\/page"}],"author":[{"embeddable":true,"href":"https:\/\/tuchundstoff.shop\/en\/wp-json\/wp\/v2\/users\/1"}],"replies":[{"embeddable":true,"href":"https:\/\/tuchundstoff.shop\/en\/wp-json\/wp\/v2\/comments?post=10723"}],"version-history":[{"count":0,"href":"https:\/\/tuchundstoff.shop\/en\/wp-json\/wp\/v2\/pages\/10723\/revisions"}],"wp:attachment":[{"href":"https:\/\/tuchundstoff.shop\/en\/wp-json\/wp\/v2\/media?parent=10723"}],"curies":[{"name":"wp","href":"https:\/\/api.w.org\/{rel}","templated":true}]}}